{"id":7805,"date":"2026-04-29T13:49:09","date_gmt":"2026-04-29T16:49:09","guid":{"rendered":"https:\/\/www.iea.com.ar\/?post_type=product&#038;p=7805"},"modified":"2026-04-29T13:49:09","modified_gmt":"2026-04-29T16:49:09","slug":"spc","status":"publish","type":"product","link":"https:\/\/www.iea.com.ar\/en\/product\/spc\/","title":{"rendered":"SPC"},"content":{"rendered":"<div class=\"producto-downloads\">\n<h6>Descargas<\/h6>\n<p><a title=\"Ver Manual de SI 2K7 FC\" href=\"https:\/\/manuales.iea.com.ar\/SPCII-PR-MP-Rev1.00-30032026%201.pdf\" target=\"_blank\" rel=\"noopener\"><strong>Manual del Producto<\/strong><\/a><\/p>\n<h6>Compartir<\/h6>\n<div class=\"heateor_sss_sharing_container heateor_sss_horizontal_sharing\" data-heateor-ss-offset=\"0\" data-heateor-sss-href='https:\/\/www.iea.com.ar\/en\/product\/spc\/'><div class=\"heateor_sss_sharing_ul\"><a aria-label=\"Whatsapp\" class=\"heateor_sss_whatsapp\" href=\"https:\/\/api.whatsapp.com\/send?text=SPC%20https%3A%2F%2Fwww.iea.com.ar%2Fen%2Fproduct%2Fspc%2F\" title=\"Whatsapp\" rel=\"nofollow noopener\" target=\"_blank\" style=\"font-size:32px!important;box-shadow:none;display:inline-block;vertical-align:middle\"><span class=\"heateor_sss_svg\" style=\"background-color:#55eb4c;width:35px;height:35px;border-radius:999px;display:inline-block;opacity:1;float:left;font-size:32px;box-shadow:none;display:inline-block;font-size:16px;padding:0 4px;vertical-align:middle;background-repeat:repeat;overflow:hidden;padding:0;cursor:pointer;box-sizing:content-box\"><svg style=\"display:block;border-radius:999px;\" focusable=\"false\" aria-hidden=\"true\" xmlns=\"http:\/\/www.w3.org\/2000\/svg\" width=\"100%\" height=\"100%\" viewbox=\"-6 -5 40 40\"><path class=\"heateor_sss_svg_stroke heateor_sss_no_fill\" stroke=\"#fff\" stroke-width=\"2\" fill=\"none\" d=\"M 11.579798566743314 24.396926207859085 A 10 10 0 1 0 6.808479557110079 20.73576436351046\"><\/path><path d=\"M 7 19 l -1 6 l 6 -1\" class=\"heateor_sss_no_fill heateor_sss_svg_stroke\" stroke=\"#fff\" stroke-width=\"2\" fill=\"none\"><\/path><path d=\"M 10 10 q -1 8 8 11 c 5 -1 0 -6 -1 -3 q -4 -3 -5 -5 c 4 -2 -1 -5 -1 -4\" fill=\"#fff\"><\/path><\/svg><\/span><\/a><\/div><div class=\"heateorSssClear\"><\/div><\/div>\n<\/div>","protected":false},"excerpt":{"rendered":"<p>El sensor de posici\u00f3n por cable, SPC, es un producto compacto que mide la posici\u00f3n exacta<br \/>\ndel objeto a controlar.<br \/>\nConsiste en un delgado cable de acero que se fija mec\u00e1nicamente a la pieza que se desee<br \/>\nconocer su posici\u00f3n, su valor de salida es proporcional al desplazamiento del cable.<br \/>\nOfrece distintas opciones de se\u00f1ales el\u00e9ctricas que indican en forma proporcional la posici\u00f3n.<br \/>\nEl equipo brinda de forma sencilla distintas posibilidades de montaje, es f\u00e1cilmente adaptable<br \/>\na distintos sectores de la industria.<br \/>\nAl ser un producto de fabricaci\u00f3n nacional se puede adaptar a especificaciones particulares<br \/>\npara cada proyecto<\/p>\n<ul>\n<li>Dise\u00f1ado para funcionar en ambientes industriales<\/li>\n<li>Precisi\u00f3n<\/li>\n<li>Repetibilidad en las mediciones<\/li>\n<li>La medici\u00f3n no se altera por variaciones por temperatura<\/li>\n<li>Largo de cable variable de 2, 5 y 10 metros<\/li>\n<li>Salida anal\u00f3gica en corriente o resistencia variable<\/li>\n<\/ul>","protected":false},"featured_media":7809,"comment_status":"closed","ping_status":"closed","template":"","meta":{"_et_pb_use_builder":"","_et_pb_old_content":"","_et_gb_content_width":""},"product_brand":[],"product_cat":[691,310],"product_tag":[],"class_list":{"0":"post-7805","1":"product","2":"type-product","3":"status-publish","4":"has-post-thumbnail","6":"product_cat-sensores","7":"product_cat-sensores-accesorios","9":"first","10":"instock","11":"shipping-taxable","12":"product-type-simple"},"_links":{"self":[{"href":"https:\/\/www.iea.com.ar\/en\/wp-json\/wp\/v2\/product\/7805","targetHints":{"allow":["GET"]}}],"collection":[{"href":"https:\/\/www.iea.com.ar\/en\/wp-json\/wp\/v2\/product"}],"about":[{"href":"https:\/\/www.iea.com.ar\/en\/wp-json\/wp\/v2\/types\/product"}],"replies":[{"embeddable":true,"href":"https:\/\/www.iea.com.ar\/en\/wp-json\/wp\/v2\/comments?post=7805"}],"wp:featuredmedia":[{"embeddable":true,"href":"https:\/\/www.iea.com.ar\/en\/wp-json\/wp\/v2\/media\/7809"}],"wp:attachment":[{"href":"https:\/\/www.iea.com.ar\/en\/wp-json\/wp\/v2\/media?parent=7805"}],"wp:term":[{"taxonomy":"product_brand","embeddable":true,"href":"https:\/\/www.iea.com.ar\/en\/wp-json\/wp\/v2\/product_brand?post=7805"},{"taxonomy":"product_cat","embeddable":true,"href":"https:\/\/www.iea.com.ar\/en\/wp-json\/wp\/v2\/product_cat?post=7805"},{"taxonomy":"product_tag","embeddable":true,"href":"https:\/\/www.iea.com.ar\/en\/wp-json\/wp\/v2\/product_tag?post=7805"}],"curies":[{"name":"wp","href":"https:\/\/api.w.org\/{rel}","templated":true}]}}