{"id":7717,"date":"2025-10-30T15:40:27","date_gmt":"2025-10-30T18:40:27","guid":{"rendered":"https:\/\/www.iea.com.ar\/?post_type=product&#038;p=7717"},"modified":"2025-10-30T15:43:01","modified_gmt":"2025-10-30T18:43:01","slug":"sup5063-4-t","status":"publish","type":"product","link":"https:\/\/www.iea.com.ar\/en\/product\/sup5063-4-t\/","title":{"rendered":"SUP5063-4-T"},"content":{"rendered":"","protected":false},"excerpt":{"rendered":"<p>El monitor de desbande SUP5063\/4-T permite monitorear desplazamientos de las bandas de los transportes sobre rolos y poleas y medir temperaturas que se generan por roce con las partes fijas del transporte. Consta de un sensor de RTD encapsulado en una vaina de acero inoxidable de 50 mm y un cable de tres hilos de 4 metros de largo. Este sensor es compatible con dispositivos que miden se\u00f1ales anal\u00f3gicas provenientes de una RTD. Su dise\u00f1o con terminaci\u00f3n en forma de ojal permite montarlo con un torillo en la superficie a medir su temperatura.<\/p>\n<p><a href=\"https:\/\/manuales.iea.com.ar\/sensores-accesorios\/SUP5063_4_T-HD-PR-Rev1.00-081025.pdf\"><img decoding=\"async\" class=\"alignnone wp-image-7702 lazyload\" data-src=\"https:\/\/www.iea.com.ar\/wp-content\/uploads\/2018\/04\/BOTON-Hoja-de-Datos-300x119.png\" alt=\"\" width=\"202\" height=\"80\" data-srcset=\"https:\/\/www.iea.com.ar\/wp-content\/uploads\/2018\/04\/BOTON-Hoja-de-Datos-300x119.png 300w, https:\/\/www.iea.com.ar\/wp-content\/uploads\/2018\/04\/BOTON-Hoja-de-Datos-18x7.png 18w, https:\/\/www.iea.com.ar\/wp-content\/uploads\/2018\/04\/BOTON-Hoja-de-Datos-64x25.png 64w, https:\/\/www.iea.com.ar\/wp-content\/uploads\/2018\/04\/BOTON-Hoja-de-Datos.png 358w\" data-sizes=\"(max-width: 202px) 100vw, 202px\" src=\"data:image\/svg+xml;base64,PHN2ZyB3aWR0aD0iMSIgaGVpZ2h0PSIxIiB4bWxucz0iaHR0cDovL3d3dy53My5vcmcvMjAwMC9zdmciPjwvc3ZnPg==\" style=\"--smush-placeholder-width: 202px; --smush-placeholder-aspect-ratio: 202\/80;\" \/>\u00a0\u00a0\u00a0\u00a0\u00a0 <\/a><a href=\"https:\/\/manuales.iea.com.ar\/sensores-accesorios\/DCS_Instalaci%C3%B3nSensoresyAccesorios-GR-FA-Rev1.00-280725.pdf\"><img decoding=\"async\" class=\"alignnone wp-image-7701 lazyload\" data-src=\"https:\/\/www.iea.com.ar\/wp-content\/uploads\/2018\/04\/BOTON-Guia-de-Instalacion-300x95.png\" alt=\"\" width=\"256\" height=\"81\" data-srcset=\"https:\/\/www.iea.com.ar\/wp-content\/uploads\/2018\/04\/BOTON-Guia-de-Instalacion-300x95.png 300w, https:\/\/www.iea.com.ar\/wp-content\/uploads\/2018\/04\/BOTON-Guia-de-Instalacion-18x6.png 18w, https:\/\/www.iea.com.ar\/wp-content\/uploads\/2018\/04\/BOTON-Guia-de-Instalacion-64x20.png 64w, https:\/\/www.iea.com.ar\/wp-content\/uploads\/2018\/04\/BOTON-Guia-de-Instalacion.png 448w\" data-sizes=\"(max-width: 256px) 100vw, 256px\" src=\"data:image\/svg+xml;base64,PHN2ZyB3aWR0aD0iMSIgaGVpZ2h0PSIxIiB4bWxucz0iaHR0cDovL3d3dy53My5vcmcvMjAwMC9zdmciPjwvc3ZnPg==\" style=\"--smush-placeholder-width: 256px; --smush-placeholder-aspect-ratio: 256\/81;\" \/><\/a><\/p>","protected":false},"featured_media":7713,"comment_status":"open","ping_status":"closed","template":"","meta":{"_et_pb_use_builder":"","_et_pb_old_content":"","_et_gb_content_width":""},"product_brand":[],"product_cat":[691,310],"product_tag":[],"class_list":{"0":"post-7717","1":"product","2":"type-product","3":"status-publish","4":"has-post-thumbnail","6":"product_cat-sensores","7":"product_cat-sensores-accesorios","9":"first","10":"instock","11":"shipping-taxable","12":"product-type-simple"},"_links":{"self":[{"href":"https:\/\/www.iea.com.ar\/en\/wp-json\/wp\/v2\/product\/7717","targetHints":{"allow":["GET"]}}],"collection":[{"href":"https:\/\/www.iea.com.ar\/en\/wp-json\/wp\/v2\/product"}],"about":[{"href":"https:\/\/www.iea.com.ar\/en\/wp-json\/wp\/v2\/types\/product"}],"replies":[{"embeddable":true,"href":"https:\/\/www.iea.com.ar\/en\/wp-json\/wp\/v2\/comments?post=7717"}],"wp:featuredmedia":[{"embeddable":true,"href":"https:\/\/www.iea.com.ar\/en\/wp-json\/wp\/v2\/media\/7713"}],"wp:attachment":[{"href":"https:\/\/www.iea.com.ar\/en\/wp-json\/wp\/v2\/media?parent=7717"}],"wp:term":[{"taxonomy":"product_brand","embeddable":true,"href":"https:\/\/www.iea.com.ar\/en\/wp-json\/wp\/v2\/product_brand?post=7717"},{"taxonomy":"product_cat","embeddable":true,"href":"https:\/\/www.iea.com.ar\/en\/wp-json\/wp\/v2\/product_cat?post=7717"},{"taxonomy":"product_tag","embeddable":true,"href":"https:\/\/www.iea.com.ar\/en\/wp-json\/wp\/v2\/product_tag?post=7717"}],"curies":[{"name":"wp","href":"https:\/\/api.w.org\/{rel}","templated":true}]}}