{"id":7584,"date":"2025-05-12T11:27:22","date_gmt":"2025-05-12T14:27:22","guid":{"rendered":"https:\/\/www.iea.com.ar\/?post_type=product&#038;p=7584"},"modified":"2025-11-20T07:51:53","modified_gmt":"2025-11-20T10:51:53","slug":"si-280-eth","status":"publish","type":"product","link":"https:\/\/www.iea.com.ar\/en\/product\/si-280-eth\/","title":{"rendered":"SI 280 ETH"},"content":{"rendered":"<div class=\"producto-downloads\">\n<h6>Descargas<\/h6>\n<p><a title=\"Ver Manual de SI 2K7 FC\" href=\"https:\/\/manuales.iea.com.ar\/SI280ETH-PR-MP-Rev1.1-060525.pdf\" target=\"_blank\" rel=\"noopener\"><strong>Manual del Producto<\/strong><\/a><\/p>\n<p><a title=\"Ver Manual de SI 2K7 FC\" href=\"https:\/\/manuales.iea.com.ar\/SI280ETH-PR-MI-Rev1.2-121125.pdf\" target=\"_blank\" rel=\"noopener\"><strong>Manual del Integrador<\/strong><\/a><\/p>\n<h6>Compartir<\/h6>\n<div class=\"heateor_sss_sharing_container heateor_sss_horizontal_sharing\" data-heateor-ss-offset=\"0\" data-heateor-sss-href='https:\/\/www.iea.com.ar\/en\/product\/si-280-eth\/'><div class=\"heateor_sss_sharing_ul\"><a aria-label=\"Whatsapp\" class=\"heateor_sss_whatsapp\" href=\"https:\/\/api.whatsapp.com\/send?text=SI%20280%20ETH%20https%3A%2F%2Fwww.iea.com.ar%2Fen%2Fproduct%2Fsi-280-eth%2F\" title=\"Whatsapp\" rel=\"nofollow noopener\" target=\"_blank\" style=\"font-size:32px!important;box-shadow:none;display:inline-block;vertical-align:middle\"><span class=\"heateor_sss_svg\" style=\"background-color:#55eb4c;width:35px;height:35px;border-radius:999px;display:inline-block;opacity:1;float:left;font-size:32px;box-shadow:none;display:inline-block;font-size:16px;padding:0 4px;vertical-align:middle;background-repeat:repeat;overflow:hidden;padding:0;cursor:pointer;box-sizing:content-box\"><svg style=\"display:block;border-radius:999px;\" focusable=\"false\" aria-hidden=\"true\" xmlns=\"http:\/\/www.w3.org\/2000\/svg\" width=\"100%\" height=\"100%\" viewbox=\"-6 -5 40 40\"><path class=\"heateor_sss_svg_stroke heateor_sss_no_fill\" stroke=\"#fff\" stroke-width=\"2\" fill=\"none\" d=\"M 11.579798566743314 24.396926207859085 A 10 10 0 1 0 6.808479557110079 20.73576436351046\"><\/path><path d=\"M 7 19 l -1 6 l 6 -1\" class=\"heateor_sss_no_fill heateor_sss_svg_stroke\" stroke=\"#fff\" stroke-width=\"2\" fill=\"none\"><\/path><path d=\"M 10 10 q -1 8 8 11 c 5 -1 0 -6 -1 -3 q -4 -3 -5 -5 c 4 -2 -1 -5 -1 -4\" fill=\"#fff\"><\/path><\/svg><\/span><\/a><\/div><div class=\"heateorSssClear\"><\/div><\/div>\n<\/div>","protected":false},"excerpt":{"rendered":"<h4>SISTEMA DE MONITOREO DE TEMPERATURAS DE GRANOS EN SILOS Y CELDAS<\/h4>\n<p>El SI 280 ETH es un equipo orientado al monitoreo de temperatura en silos y celdas en hasta 280 canales de temperaturas con una interfaz RS-485 y Ethernet. Este concepto incorpora una arquitectura de adquisidores de datos distribuidos a lo largo de la celda o sobre los silos a supervisar, haciendo uso de una red de comunicaciones tan simple como eficiente.<\/p>\n<p>El SI 280 ETH posee una p\u00e1gina web embebida que permite acceder a toda la configuraci\u00f3n del equipo.<\/p>\n<p>Este equipo se puede integrar con el Software GrainVision\u00ae y GrainVision\u00ae WEB.<\/p>\n<div class=\"adicional\">\n<div class=\"large-7 columns especificaciones\">\n<p><strong>Caracter\u00edsticas<\/strong><\/p>\n<ul>\n<li>Hasta 280 entradas de termocupla tipo T con compensaci\u00f3n de junta fria<\/li>\n<li>Alta inmunidad al ruido electromagn\u00e9tico<\/li>\n<li>Medici\u00f3n de resistencia de cable<\/li>\n<li>Diagn\u00f3stico de medici\u00f3n por canal<\/li>\n<li>P\u00e1gina web embebida<\/li>\n<\/ul>\n<p><strong>Interfaces de comunicaci\u00f3n<\/strong><\/p>\n<ul>\n<li>RS-485 Modbus RTU\/ASCII (puerto aislado)<\/li>\n<li>Ethernet Modbus TCP\/IP, HTTP<\/li>\n<\/ul>\n<h5><strong>Especificaciones generales<\/strong><\/h5>\n<ul>\n<li>Alimentaci\u00f3n 20 a 28 VDC \/ VAC \u00f3 90\u2026260 VAC (seleccionable)<\/li>\n<li>Temperatura de operaci\u00f3n hasta 65\u00baC<\/li>\n<li>Rango de medici\u00f3n de temperatura -50 a 400\u00baC<\/li>\n<li>LEDs de indicaci\u00f3n de comunicaci\u00f3n, alimentaci\u00f3n y estado general del equipo<\/li>\n<li>Peso aproximado (con todas las placas de canales) 4,9 kg<\/li>\n<\/ul>\n<\/div>\n<\/div>","protected":false},"featured_media":7597,"comment_status":"open","ping_status":"closed","template":"","meta":{"_et_pb_use_builder":"","_et_pb_old_content":"","_et_gb_content_width":""},"product_brand":[],"product_cat":[120,108],"product_tag":[],"class_list":{"0":"post-7584","1":"product","2":"type-product","3":"status-publish","4":"has-post-thumbnail","6":"product_cat-adquisidores-de-datos-perifericos","7":"product_cat-equipamiento-de-adquisicion-de-datos","9":"first","10":"instock","11":"shipping-taxable","12":"product-type-simple"},"_links":{"self":[{"href":"https:\/\/www.iea.com.ar\/en\/wp-json\/wp\/v2\/product\/7584","targetHints":{"allow":["GET"]}}],"collection":[{"href":"https:\/\/www.iea.com.ar\/en\/wp-json\/wp\/v2\/product"}],"about":[{"href":"https:\/\/www.iea.com.ar\/en\/wp-json\/wp\/v2\/types\/product"}],"replies":[{"embeddable":true,"href":"https:\/\/www.iea.com.ar\/en\/wp-json\/wp\/v2\/comments?post=7584"}],"wp:featuredmedia":[{"embeddable":true,"href":"https:\/\/www.iea.com.ar\/en\/wp-json\/wp\/v2\/media\/7597"}],"wp:attachment":[{"href":"https:\/\/www.iea.com.ar\/en\/wp-json\/wp\/v2\/media?parent=7584"}],"wp:term":[{"taxonomy":"product_brand","embeddable":true,"href":"https:\/\/www.iea.com.ar\/en\/wp-json\/wp\/v2\/product_brand?post=7584"},{"taxonomy":"product_cat","embeddable":true,"href":"https:\/\/www.iea.com.ar\/en\/wp-json\/wp\/v2\/product_cat?post=7584"},{"taxonomy":"product_tag","embeddable":true,"href":"https:\/\/www.iea.com.ar\/en\/wp-json\/wp\/v2\/product_tag?post=7584"}],"curies":[{"name":"wp","href":"https:\/\/api.w.org\/{rel}","templated":true}]}}