{"id":6543,"date":"2023-11-28T08:04:48","date_gmt":"2023-11-28T11:04:48","guid":{"rendered":"https:\/\/www.iea.com.ar\/?post_type=product&#038;p=6543"},"modified":"2023-11-28T08:26:07","modified_gmt":"2023-11-28T11:26:07","slug":"mtsi-sb-monitor-de-transportes-de-granos","status":"publish","type":"product","link":"https:\/\/www.iea.com.ar\/en\/product\/mtsi-sb-monitor-de-transportes-de-granos\/","title":{"rendered":"MTSI SB (Monitor de transportes de granos)"},"content":{"rendered":"<h6 class=\"producto-downloads\">Descargas<\/h6>\n<p><a href=\"https:\/\/manuales.iea.com.ar\/MTSI_SB.pdf\" target=\"_blank\" rel=\"noopener noreferrer\"><strong>Manual del usuario<\/strong><\/a><\/p>\n<h6 class=\"producto-downloads\">Compartir<\/h6>\n<div class=\"heateor_sss_sharing_container heateor_sss_horizontal_sharing\" data-heateor-ss-offset=\"0\" data-heateor-sss-href='https:\/\/www.iea.com.ar\/en\/product\/mtsi-sb-monitor-de-transportes-de-granos\/'><div class=\"heateor_sss_sharing_ul\"><a aria-label=\"Whatsapp\" class=\"heateor_sss_whatsapp\" href=\"https:\/\/api.whatsapp.com\/send?text=MTSI%20SB%20%28Monitor%20de%20transportes%20de%20granos%29%20https%3A%2F%2Fwww.iea.com.ar%2Fen%2Fproduct%2Fmtsi-sb-monitor-de-transportes-de-granos%2F\" title=\"Whatsapp\" rel=\"nofollow noopener\" target=\"_blank\" style=\"font-size:32px!important;box-shadow:none;display:inline-block;vertical-align:middle\"><span class=\"heateor_sss_svg\" style=\"background-color:#55eb4c;width:35px;height:35px;border-radius:999px;display:inline-block;opacity:1;float:left;font-size:32px;box-shadow:none;display:inline-block;font-size:16px;padding:0 4px;vertical-align:middle;background-repeat:repeat;overflow:hidden;padding:0;cursor:pointer;box-sizing:content-box\"><svg style=\"display:block;border-radius:999px;\" focusable=\"false\" aria-hidden=\"true\" xmlns=\"http:\/\/www.w3.org\/2000\/svg\" width=\"100%\" height=\"100%\" viewbox=\"-6 -5 40 40\"><path class=\"heateor_sss_svg_stroke heateor_sss_no_fill\" stroke=\"#fff\" stroke-width=\"2\" fill=\"none\" d=\"M 11.579798566743314 24.396926207859085 A 10 10 0 1 0 6.808479557110079 20.73576436351046\"><\/path><path d=\"M 7 19 l -1 6 l 6 -1\" class=\"heateor_sss_no_fill heateor_sss_svg_stroke\" stroke=\"#fff\" stroke-width=\"2\" fill=\"none\"><\/path><path d=\"M 10 10 q -1 8 8 11 c 5 -1 0 -6 -1 -3 q -4 -3 -5 -5 c 4 -2 -1 -5 -1 -4\" fill=\"#fff\"><\/path><\/svg><\/span><\/a><\/div><div class=\"heateorSssClear\"><\/div><\/div>","protected":false},"excerpt":{"rendered":"<h4>MONITOR DE TRANSPORTES CON UNIDADES REMOTAS INTELIGENTES<\/h4>\n<p>El <strong>MTSI SB<\/strong> es un sistema integral de protecci\u00f3n de transportadores de granos que monitorea en forma continua y protege de sobre temperaturas en rodamientos y desv\u00edos de bandas, as\u00ed como deslizamientos de banda sobre rolos conducidos de elevadores, cintas y dem\u00e1s equipos de transporte de granos.<\/p>\n<p>Monitorea hasta 24 canales de medici\u00f3n de temperatura provenientes de una red de sensores inteligentes dotando al sistema de alta inmunidad al ruido y robustez de medici\u00f3n.<\/p>\n<p>El <strong>MTSI SB<\/strong> recibe los pulsos provenientes del sensor de rotaci\u00f3n y confirmaci\u00f3n de marcha del motor para monitorear la velocidad asociada de cada transporte y de la generaci\u00f3n de alarmas y paradas del equipo.<\/p>\n<p>Posee un puerto de comunicaci\u00f3n RS-485 esclavo con protocolo MODBUS y una interfaz Ethernet con protocolo MODBUS TCP \/IP. A trav\u00e9s de la p\u00e1gina web embebida, es posible leer el estado de los registros de temperatura y velocidad y configurar el equipo.<\/p>\n<p>Este equipo es un UP-GRADE del equipo MTSI 516<\/p>\n<p>&nbsp;<\/p>\n<div class=\"adicional\">\n<div class=\"large-5 columns\">\n<p><strong>Especificaciones generales<\/strong><\/p>\n<ul>\n<li>Alimentaci\u00f3n 24 VCC+\/- 20% o 24 VCA +\/- 15%.<\/li>\n<li>Temperatura de operaci\u00f3n 0 a 50 \u00baC.<\/li>\n<li>Temperatura de almacenamiento \u201320 a 60 \u00baC.<\/li>\n<li>Humedad relativa de 20% a 85 % sin condensaci\u00f3n.<\/li>\n<li>Consumo 8 VA<\/li>\n<li>Gabinete caja pl\u00e1stica para montaje en frente de panel: de 48 x 96 x 110 mm.<\/li>\n<li>Peso aproximado 365 g.<\/li>\n<\/ul>\n<p><strong>Medici\u00f3n de temperatura<\/strong><\/p>\n<ul>\n<li>Medici\u00f3n de hasta 24 valores de temperatura<\/li>\n<li>Actualizaci\u00f3n de las mediciones de temperatura: 2 segundos.<\/li>\n<li>Exactitud de la medici\u00f3n mejor que 1 % del rango, en toda la escala.<\/li>\n<\/ul>\n<p><strong>Entradas digitales<\/strong><\/p>\n<ul>\n<li>Activaci\u00f3n con 24 VCC provenientes de fuente externa.<\/li>\n<li>Opto aisladas, m\u00e1xima tensi\u00f3n de aislaci\u00f3n igual 400 V.<\/li>\n<\/ul>\n<p><strong>Entrada digital configuradas para medici\u00f3n de velocidad<\/strong><\/p>\n<ul>\n<li>Frecuencia m\u00e1xima de operaci\u00f3n 50 Hz<\/li>\n<li>Se debe conectar un sensor inductivo (tipo PNP y alimentaci\u00f3n de 24 VCC). O Contacto libre de tensi\u00f3n.<\/li>\n<li>Entrada opto aislada, m\u00e1xima tensi\u00f3n de aislaci\u00f3n igual 400 V<\/li>\n<\/ul>\n<p><strong>Entrada digital configuradas para confirmaci\u00f3n de marcha<\/strong><\/p>\n<ul>\n<li>A trav\u00e9s de un contacto seco proveniente del dispositivo de comando de \u201cNORIA o TRANSPORTE\u201d cuyo estado es NC (normal cerrado) para el transporte detenido NA (normal abierto) para el transporte en marcha.<\/li>\n<li>El com\u00fan del contacto seco debe conectarse a 24 VCC.<\/li>\n<li>Entrada opto aislada, m\u00e1xima tensi\u00f3n de aislaci\u00f3n igual 400 V.<\/li>\n<\/ul>\n<\/div>\n<\/div>","protected":false},"featured_media":6545,"comment_status":"open","ping_status":"closed","template":"","meta":{"_et_pb_use_builder":"","_et_pb_old_content":"","_et_gb_content_width":""},"product_brand":[],"product_cat":[120],"product_tag":[675,677,159,673],"class_list":{"0":"post-6543","1":"product","2":"type-product","3":"status-publish","4":"has-post-thumbnail","6":"product_cat-adquisidores-de-datos-perifericos","7":"product_tag-granos","8":"product_tag-monitoreo","9":"product_tag-mtsi","10":"product_tag-transportadores","12":"first","13":"instock","14":"shipping-taxable","15":"product-type-simple"},"_links":{"self":[{"href":"https:\/\/www.iea.com.ar\/en\/wp-json\/wp\/v2\/product\/6543","targetHints":{"allow":["GET"]}}],"collection":[{"href":"https:\/\/www.iea.com.ar\/en\/wp-json\/wp\/v2\/product"}],"about":[{"href":"https:\/\/www.iea.com.ar\/en\/wp-json\/wp\/v2\/types\/product"}],"replies":[{"embeddable":true,"href":"https:\/\/www.iea.com.ar\/en\/wp-json\/wp\/v2\/comments?post=6543"}],"wp:featuredmedia":[{"embeddable":true,"href":"https:\/\/www.iea.com.ar\/en\/wp-json\/wp\/v2\/media\/6545"}],"wp:attachment":[{"href":"https:\/\/www.iea.com.ar\/en\/wp-json\/wp\/v2\/media?parent=6543"}],"wp:term":[{"taxonomy":"product_brand","embeddable":true,"href":"https:\/\/www.iea.com.ar\/en\/wp-json\/wp\/v2\/product_brand?post=6543"},{"taxonomy":"product_cat","embeddable":true,"href":"https:\/\/www.iea.com.ar\/en\/wp-json\/wp\/v2\/product_cat?post=6543"},{"taxonomy":"product_tag","embeddable":true,"href":"https:\/\/www.iea.com.ar\/en\/wp-json\/wp\/v2\/product_tag?post=6543"}],"curies":[{"name":"wp","href":"https:\/\/api.w.org\/{rel}","templated":true}]}}