{"id":6380,"date":"2020-09-28T11:21:00","date_gmt":"2020-09-28T14:21:00","guid":{"rendered":"https:\/\/www.iea.com.ar\/?post_type=product&#038;p=6380"},"modified":"2025-11-06T12:19:30","modified_gmt":"2025-11-06T15:19:30","slug":"ur-808-eth","status":"publish","type":"product","link":"https:\/\/www.iea.com.ar\/en\/product\/ur-808-eth\/","title":{"rendered":"UR-808 ETH (Unidad remota de entradas\/salidas)"},"content":{"rendered":"<div class=\"producto-downloads\">\n<h6>Descargas<\/h6>\n<p><a title=\"Ver Manual\" href=\"\/\/manuales.iea.com.ar\/UR808ETH-PR-MP-Rev2.01-051120245.pdf\" target=\"_blank\" rel=\"noopener noreferrer\"><strong>Manual del usuario<\/strong><\/a><br \/>\n<a title=\"Ver Manual\" href=\"\/\/manuales.iea.com.ar\/UR808ETH-PR-MI-Rev2.01-05112025.pdf\" target=\"_blank\" rel=\"noopener noreferrer\"><strong>Manual del integrador<\/strong><\/a><\/p>\n<h6>Compartir<\/h6>\n<div class=\"heateor_sss_sharing_container heateor_sss_horizontal_sharing\" data-heateor-ss-offset=\"0\" data-heateor-sss-href='https:\/\/www.iea.com.ar\/en\/product\/ur-808-eth\/'><div class=\"heateor_sss_sharing_ul\"><a aria-label=\"Whatsapp\" class=\"heateor_sss_whatsapp\" href=\"https:\/\/api.whatsapp.com\/send?text=UR-808%20ETH%20%28Unidad%20remota%20de%20entradas%2Fsalidas%29%20https%3A%2F%2Fwww.iea.com.ar%2Fen%2Fproduct%2Fur-808-eth%2F\" title=\"Whatsapp\" rel=\"nofollow noopener\" target=\"_blank\" style=\"font-size:32px!important;box-shadow:none;display:inline-block;vertical-align:middle\"><span class=\"heateor_sss_svg\" style=\"background-color:#55eb4c;width:35px;height:35px;border-radius:999px;display:inline-block;opacity:1;float:left;font-size:32px;box-shadow:none;display:inline-block;font-size:16px;padding:0 4px;vertical-align:middle;background-repeat:repeat;overflow:hidden;padding:0;cursor:pointer;box-sizing:content-box\"><svg style=\"display:block;border-radius:999px;\" focusable=\"false\" aria-hidden=\"true\" xmlns=\"http:\/\/www.w3.org\/2000\/svg\" width=\"100%\" height=\"100%\" viewbox=\"-6 -5 40 40\"><path class=\"heateor_sss_svg_stroke heateor_sss_no_fill\" stroke=\"#fff\" stroke-width=\"2\" fill=\"none\" d=\"M 11.579798566743314 24.396926207859085 A 10 10 0 1 0 6.808479557110079 20.73576436351046\"><\/path><path d=\"M 7 19 l -1 6 l 6 -1\" class=\"heateor_sss_no_fill heateor_sss_svg_stroke\" stroke=\"#fff\" stroke-width=\"2\" fill=\"none\"><\/path><path d=\"M 10 10 q -1 8 8 11 c 5 -1 0 -6 -1 -3 q -4 -3 -5 -5 c 4 -2 -1 -5 -1 -4\" fill=\"#fff\"><\/path><\/svg><\/span><\/a><\/div><div class=\"heateorSssClear\"><\/div><\/div>\n<\/div>","protected":false},"excerpt":{"rendered":"<h4>UNIDAD DE COMANDO REMOTO VIA COMUNICACION MODBUS TCP, 8 ENTRADAS Y 8 SALIDAS (POR CONTACTO DE RELE)<\/h4>\n<p>El UR808 ETH monitorea hasta 8 entradas y 8 salidas digitales con distintas funcionalidades<br \/>\nque pueden ser configuradas a trav\u00e9s de sus puertos de comunicaci\u00f3n serie, Ethernet o p\u00e1gina<br \/>\nWEB.<br \/>\nEntre ellas se destaca la posibilidad de protecci\u00f3n de transportadores de cintas o cadenas y de<br \/>\nelevadores de granos. Permite, a trav\u00e9s de sus entradas digitales, monitorear el deslizamiento<br \/>\nde las cintas sobre los rolos conducidos, manifest\u00e1ndose como sub-velocidad de los<br \/>\ntransportadores generando alarmas o deteniendo el transporte a trav\u00e9s de las salidas digitales<br \/>\nSe puede comandar las salidas digitales a trav\u00e9s de las interfaces de comunicaci\u00f3n o en funci\u00f3n<br \/>\ndel estado de las entradas digitales. Esta funcionalidad puede ser aplicada por ejemplo para el<br \/>\ncontrol de nivel de un tanque<br \/>\nPosicionar cuchillas en procesos de movimiento de granos contando pulsos ascendentes o<br \/>\ndescendentes a partir de una cuenta predeterminada habilitando las entradas digitales como<br \/>\ncontadores de pulsos<br \/>\nOtra funcionalidad es la posibilidad de medir frecuencia hasta 50 Hertz por cada entrada<br \/>\ndigital<br \/>\nPosee un puerto de comunicaci\u00f3n RS-485 con protocolo Modbus y una interfaz Ethernet con<br \/>\nprotocolo Modbus TCP. A trav\u00e9s de la p\u00e1gina web embebida IEANet, es posible leer el estado<br \/>\nde las entradas y salidas digitales y adem\u00e1s configurar el equipo.<\/p>\n<div class=\"adicional\">\n<div class=\"large-5 columns\"><\/div>\n<div class=\"large-7 columns especificaciones\">\n<h5>ESPECIFICACIONES:<\/h5>\n<ul>\n<li>Alimentaci\u00f3n 24 Vcc +\/- 20% o 24 VCA +\/- 15%.<\/li>\n<li>Temperatura de operaci\u00f3n 0 a 50 \u00baC.<\/li>\n<li>Temperatura de almacenamiento \u201320 a 60 \u00baC.<\/li>\n<li>Humedad relativa de 20% a 85 % sin condensaci\u00f3n.<\/li>\n<li>Consumo m\u00e1ximo 12VA<\/li>\n<li>Gabinete montaje RIEL-DIN: 45mm X 100mm X 112mm.<\/li>\n<li>Peso aproximado 300 g.<\/li>\n<\/ul>\n<\/div>\n<\/div>","protected":false},"featured_media":6381,"comment_status":"open","ping_status":"closed","template":"","meta":{"_et_pb_use_builder":"","_et_pb_old_content":"","_et_gb_content_width":""},"product_brand":[],"product_cat":[120],"product_tag":[324,323,322],"class_list":{"0":"post-6380","1":"product","2":"type-product","3":"status-publish","4":"has-post-thumbnail","6":"product_cat-adquisidores-de-datos-perifericos","7":"product_tag-entradas-digitales","8":"product_tag-remota","9":"product_tag-unidad","11":"first","12":"instock","13":"shipping-taxable","14":"product-type-simple"},"_links":{"self":[{"href":"https:\/\/www.iea.com.ar\/en\/wp-json\/wp\/v2\/product\/6380","targetHints":{"allow":["GET"]}}],"collection":[{"href":"https:\/\/www.iea.com.ar\/en\/wp-json\/wp\/v2\/product"}],"about":[{"href":"https:\/\/www.iea.com.ar\/en\/wp-json\/wp\/v2\/types\/product"}],"replies":[{"embeddable":true,"href":"https:\/\/www.iea.com.ar\/en\/wp-json\/wp\/v2\/comments?post=6380"}],"wp:featuredmedia":[{"embeddable":true,"href":"https:\/\/www.iea.com.ar\/en\/wp-json\/wp\/v2\/media\/6381"}],"wp:attachment":[{"href":"https:\/\/www.iea.com.ar\/en\/wp-json\/wp\/v2\/media?parent=6380"}],"wp:term":[{"taxonomy":"product_brand","embeddable":true,"href":"https:\/\/www.iea.com.ar\/en\/wp-json\/wp\/v2\/product_brand?post=6380"},{"taxonomy":"product_cat","embeddable":true,"href":"https:\/\/www.iea.com.ar\/en\/wp-json\/wp\/v2\/product_cat?post=6380"},{"taxonomy":"product_tag","embeddable":true,"href":"https:\/\/www.iea.com.ar\/en\/wp-json\/wp\/v2\/product_tag?post=6380"}],"curies":[{"name":"wp","href":"https:\/\/api.w.org\/{rel}","templated":true}]}}