{"id":4960,"date":"2020-02-18T10:50:52","date_gmt":"2020-02-18T13:50:52","guid":{"rendered":"https:\/\/www.iea.com.ar\/?post_type=product&#038;p=4960"},"modified":"2025-08-05T08:09:58","modified_gmt":"2025-08-05T11:09:58","slug":"bcwd-2122","status":"publish","type":"product","link":"https:\/\/www.iea.com.ar\/en\/product\/bcwd-2122\/","title":{"rendered":"BCWD 2122"},"content":{"rendered":"<div class=\"producto-downloads\">\n<h6>Descargas<\/h6>\n<p><a title=\"Ver Manual de BCWD\" href=\"https:\/\/manuales.iea.com.ar\/BCWD.pdf\" target=\"_blank\" rel=\"noopener noreferrer\"><strong>Manual del usuario BCWD V1<\/strong><\/a><br \/>\n<a title=\"Ver Manual de BCWD V2\" href=\"https:\/\/manuales.iea.com.ar\/BCWD_V2.pdf\" target=\"_blank\" rel=\"noopener noreferrer\"><strong>Manual del usuario BCWD V2<\/strong><\/a><br \/>\n<a title=\"Ver Guia de Usuario BCWD V2\" href=\"https:\/\/manuales.iea.com.ar\/BCWD_V2_GuiaUsuario.pdf\" target=\"_blank\" rel=\"noopener noreferrer\"><strong>Gu\u00eda del usuario BCWD V2<\/strong><\/a><br \/>\n<a title=\"Ver Planos T\u00e9cnicos BCWD 2122\" href=\"https:\/\/manuales.iea.com.ar\/BCWD2122_IT.pdf\" target=\"_blank\" rel=\"noopener noreferrer\"><strong>Planos T\u00e9cnicos BCWD 2122<\/strong><\/a><br \/>\n<a title=\"Ver Manual de Instrucciones BCWD 2122\" href=\"https:\/\/manuales.iea.com.ar\/BCWD2122.pdf\" target=\"_blank\" rel=\"noopener noreferrer\"><strong>Manual de Instrucciones BCWD 2122<\/strong><\/a><\/p>\n<h6>Compartir<\/h6>\n<div class=\"heateor_sss_sharing_container heateor_sss_horizontal_sharing\" data-heateor-ss-offset=\"0\" data-heateor-sss-href='https:\/\/www.iea.com.ar\/en\/product\/bcwd-2122\/'><div class=\"heateor_sss_sharing_ul\"><a aria-label=\"Whatsapp\" class=\"heateor_sss_whatsapp\" href=\"https:\/\/api.whatsapp.com\/send?text=BCWD%202122%20https%3A%2F%2Fwww.iea.com.ar%2Fen%2Fproduct%2Fbcwd-2122%2F\" title=\"Whatsapp\" rel=\"nofollow noopener\" target=\"_blank\" style=\"font-size:32px!important;box-shadow:none;display:inline-block;vertical-align:middle\"><span class=\"heateor_sss_svg\" style=\"background-color:#55eb4c;width:35px;height:35px;border-radius:999px;display:inline-block;opacity:1;float:left;font-size:32px;box-shadow:none;display:inline-block;font-size:16px;padding:0 4px;vertical-align:middle;background-repeat:repeat;overflow:hidden;padding:0;cursor:pointer;box-sizing:content-box\"><svg style=\"display:block;border-radius:999px;\" focusable=\"false\" aria-hidden=\"true\" xmlns=\"http:\/\/www.w3.org\/2000\/svg\" width=\"100%\" height=\"100%\" viewbox=\"-6 -5 40 40\"><path class=\"heateor_sss_svg_stroke heateor_sss_no_fill\" stroke=\"#fff\" stroke-width=\"2\" fill=\"none\" d=\"M 11.579798566743314 24.396926207859085 A 10 10 0 1 0 6.808479557110079 20.73576436351046\"><\/path><path d=\"M 7 19 l -1 6 l 6 -1\" class=\"heateor_sss_no_fill heateor_sss_svg_stroke\" stroke=\"#fff\" stroke-width=\"2\" fill=\"none\"><\/path><path d=\"M 10 10 q -1 8 8 11 c 5 -1 0 -6 -1 -3 q -4 -3 -5 -5 c 4 -2 -1 -5 -1 -4\" fill=\"#fff\"><\/path><\/svg><\/span><\/a><\/div><div class=\"heateorSssClear\"><\/div><\/div>\n<\/div>","protected":false},"excerpt":{"rendered":"<h4>PREVENCI\u00d3N DE SOBRE-TEMPERATURAS DE RODAMIENTOS, DESPLAZAMIENTOS Y DESLIZAMIENTOS DE BANDA<\/h4>\n<div class=\"large-6 columns\">El sistema de medici\u00f3n de temperatura marca IEA modelo BCWD2122 es un equipamiento el\u00e9ctrico, con modo de protecci\u00f3n seguridad intr\u00ednseca y protegido por envoltura, destinado a ser utilizado en atm\u00f3sfera explosivas de polvo. Est\u00e1 dise\u00f1ado, construido y ensayado en conformidad con las normas IEC60079-0, IEC60079-11 e IEC60079-31.<\/div>\n<div class=\"adicional\">\n<div class=\"row\">\n<div class=\"large-6 columns\">Con la finalidad de garantizar la seguridad de los operadores y el proceso, antes de la instalaci\u00f3n referirse al archivo Planos T\u00e9cnicos y leer atentamente el Manual de Instrucciones. Para configurar el equipo BCWD referirse al Manual del Usuario BCWD V1 o V2.<\/div>\n<\/div>\n<\/div>","protected":false},"featured_media":4981,"comment_status":"open","ping_status":"closed","template":"","meta":{"_et_pb_use_builder":"","_et_pb_old_content":"","_et_gb_content_width":""},"product_brand":[],"product_cat":[120],"product_tag":[656,658,291,257,231,167,213,228],"class_list":{"0":"post-4960","1":"product","2":"type-product","3":"status-publish","4":"has-post-thumbnail","6":"product_cat-adquisidores-de-datos-perifericos","7":"product_tag-656","8":"product_tag-barrera","9":"product_tag-bcwd","10":"product_tag-ethernet","11":"product_tag-modbus","12":"product_tag-pt100","13":"product_tag-rpm","14":"product_tag-rs485","16":"first","17":"instock","18":"shipping-taxable","19":"product-type-simple"},"_links":{"self":[{"href":"https:\/\/www.iea.com.ar\/en\/wp-json\/wp\/v2\/product\/4960","targetHints":{"allow":["GET"]}}],"collection":[{"href":"https:\/\/www.iea.com.ar\/en\/wp-json\/wp\/v2\/product"}],"about":[{"href":"https:\/\/www.iea.com.ar\/en\/wp-json\/wp\/v2\/types\/product"}],"replies":[{"embeddable":true,"href":"https:\/\/www.iea.com.ar\/en\/wp-json\/wp\/v2\/comments?post=4960"}],"wp:featuredmedia":[{"embeddable":true,"href":"https:\/\/www.iea.com.ar\/en\/wp-json\/wp\/v2\/media\/4981"}],"wp:attachment":[{"href":"https:\/\/www.iea.com.ar\/en\/wp-json\/wp\/v2\/media?parent=4960"}],"wp:term":[{"taxonomy":"product_brand","embeddable":true,"href":"https:\/\/www.iea.com.ar\/en\/wp-json\/wp\/v2\/product_brand?post=4960"},{"taxonomy":"product_cat","embeddable":true,"href":"https:\/\/www.iea.com.ar\/en\/wp-json\/wp\/v2\/product_cat?post=4960"},{"taxonomy":"product_tag","embeddable":true,"href":"https:\/\/www.iea.com.ar\/en\/wp-json\/wp\/v2\/product_tag?post=4960"}],"curies":[{"name":"wp","href":"https:\/\/api.w.org\/{rel}","templated":true}]}}