{"id":2650,"date":"2019-07-26T10:36:57","date_gmt":"2019-07-26T13:36:57","guid":{"rendered":"https:\/\/www.iea.com.ar\/?post_type=product&#038;p=2650"},"modified":"2019-07-26T10:45:05","modified_gmt":"2019-07-26T13:45:05","slug":"com-9821","status":"publish","type":"product","link":"https:\/\/www.iea.com.ar\/en\/product\/com-9821\/","title":{"rendered":"COM 9821"},"content":{"rendered":"<h6 class=\"producto-downloads\">Descargas<\/h6>\n<p><a href=\"https:\/\/manuales.iea.com.ar\/COM_9821.pdf\" target=\"_blank\" rel=\"noopener noreferrer\"><strong>Manual del usuario<\/strong><\/a><\/p>\n<h6 class=\"producto-downloads\">Compartir<\/h6>\n<div class=\"heateor_sss_sharing_container heateor_sss_horizontal_sharing\" data-heateor-ss-offset=\"0\" data-heateor-sss-href='https:\/\/www.iea.com.ar\/en\/product\/com-9821\/'><div class=\"heateor_sss_sharing_ul\"><a aria-label=\"Whatsapp\" class=\"heateor_sss_whatsapp\" href=\"https:\/\/api.whatsapp.com\/send?text=COM%209821%20https%3A%2F%2Fwww.iea.com.ar%2Fen%2Fproduct%2Fcom-9821%2F\" title=\"Whatsapp\" rel=\"nofollow noopener\" target=\"_blank\" style=\"font-size:32px!important;box-shadow:none;display:inline-block;vertical-align:middle\"><span class=\"heateor_sss_svg\" style=\"background-color:#55eb4c;width:35px;height:35px;border-radius:999px;display:inline-block;opacity:1;float:left;font-size:32px;box-shadow:none;display:inline-block;font-size:16px;padding:0 4px;vertical-align:middle;background-repeat:repeat;overflow:hidden;padding:0;cursor:pointer;box-sizing:content-box\"><svg style=\"display:block;border-radius:999px;\" focusable=\"false\" aria-hidden=\"true\" xmlns=\"http:\/\/www.w3.org\/2000\/svg\" width=\"100%\" height=\"100%\" viewbox=\"-6 -5 40 40\"><path class=\"heateor_sss_svg_stroke heateor_sss_no_fill\" stroke=\"#fff\" stroke-width=\"2\" fill=\"none\" d=\"M 11.579798566743314 24.396926207859085 A 10 10 0 1 0 6.808479557110079 20.73576436351046\"><\/path><path d=\"M 7 19 l -1 6 l 6 -1\" class=\"heateor_sss_no_fill heateor_sss_svg_stroke\" stroke=\"#fff\" stroke-width=\"2\" fill=\"none\"><\/path><path d=\"M 10 10 q -1 8 8 11 c 5 -1 0 -6 -1 -3 q -4 -3 -5 -5 c 4 -2 -1 -5 -1 -4\" fill=\"#fff\"><\/path><\/svg><\/span><\/a><\/div><div class=\"heateorSssClear\"><\/div><\/div>","protected":false},"excerpt":{"rendered":"<h4>CONVERSOR TTL(inv) \/ RS-232<\/h4>\n<p>El COM9821 es un dispositivo dise\u00f1ado como adaptador de comunicaciones TTL a RS-232, con dos fuentes de alimentaci\u00f3n de 5 Vcc y 12 Vcc disponibles en bornes.<br \/>\nEl mismo permite establecer una comunicaci\u00f3n unidireccional, convirtiendo la se\u00f1al de entrada TTL, invertida l\u00f3gicamente con respecto a la convenci\u00f3n, a niveles RS-232. Esta contenido en un peque\u00f1o gabinete pl\u00e1stico para montaje en riel DIN.<\/p>\n<div class=\"adicional\">\n<div class=\"large-5 columns\"><\/div>\n<div class=\"large-7 columns especificaciones\">\n<h5>ESPECIFICACIONES:<\/h5>\n<ul>\n<li>Tensi\u00f3n de alimentaci\u00f3n: 24 Vcc o 24 Vca<\/li>\n<li>Tensi\u00f3nes de salida: 5 Vcc y 12 Vcc<\/li>\n<li>Montaje: Riel DIN.<\/li>\n<li>Conexi\u00f3n de interfaz TTL: Terminales a tornillo para cables AWG16-AWG24.<\/li>\n<li>Conexi\u00f3n de interfaz RS-232: Terminales a tornillo para cables AWG16-AWG24.<\/li>\n<li>Temperatura de operaci\u00f3n: 0\u00baC a 65\u00baC.<\/li>\n<li>Humedad de operaci\u00f3n: 5% a 90% sin condensaci\u00f3n.<\/li>\n<\/ul>\n<h5>Comunicacion:<\/h5>\n<ul>\n<li>Tipo: Unidireccional<\/li>\n<li>Baud Rate: Hasta 115200 bps<\/li>\n<\/ul>\n<\/div>\n<\/div>","protected":false},"featured_media":2651,"comment_status":"open","ping_status":"closed","template":"","meta":{"_et_pb_use_builder":"","_et_pb_old_content":"","_et_gb_content_width":""},"product_brand":[],"product_cat":[113],"product_tag":[301,649],"class_list":{"0":"post-2650","1":"product","2":"type-product","3":"status-publish","4":"has-post-thumbnail","6":"product_cat-adaptadores-de-comunicacion","7":"product_tag-rs232","8":"product_tag-ttl","10":"first","11":"instock","12":"shipping-taxable","13":"product-type-simple"},"_links":{"self":[{"href":"https:\/\/www.iea.com.ar\/en\/wp-json\/wp\/v2\/product\/2650","targetHints":{"allow":["GET"]}}],"collection":[{"href":"https:\/\/www.iea.com.ar\/en\/wp-json\/wp\/v2\/product"}],"about":[{"href":"https:\/\/www.iea.com.ar\/en\/wp-json\/wp\/v2\/types\/product"}],"replies":[{"embeddable":true,"href":"https:\/\/www.iea.com.ar\/en\/wp-json\/wp\/v2\/comments?post=2650"}],"wp:featuredmedia":[{"embeddable":true,"href":"https:\/\/www.iea.com.ar\/en\/wp-json\/wp\/v2\/media\/2651"}],"wp:attachment":[{"href":"https:\/\/www.iea.com.ar\/en\/wp-json\/wp\/v2\/media?parent=2650"}],"wp:term":[{"taxonomy":"product_brand","embeddable":true,"href":"https:\/\/www.iea.com.ar\/en\/wp-json\/wp\/v2\/product_brand?post=2650"},{"taxonomy":"product_cat","embeddable":true,"href":"https:\/\/www.iea.com.ar\/en\/wp-json\/wp\/v2\/product_cat?post=2650"},{"taxonomy":"product_tag","embeddable":true,"href":"https:\/\/www.iea.com.ar\/en\/wp-json\/wp\/v2\/product_tag?post=2650"}],"curies":[{"name":"wp","href":"https:\/\/api.w.org\/{rel}","templated":true}]}}