{"id":2618,"date":"2019-04-01T10:18:19","date_gmt":"2019-04-01T13:18:19","guid":{"rendered":"https:\/\/www.iea.com.ar\/?post_type=product&#038;p=2618"},"modified":"2019-04-03T09:34:59","modified_gmt":"2019-04-03T12:34:59","slug":"cd7248a","status":"publish","type":"product","link":"https:\/\/www.iea.com.ar\/en\/product\/cd7248a\/","title":{"rendered":"CD7248A"},"content":{"rendered":"<div class=\"producto-downloads\">\n<h6>Descargas<\/h6>\n<p><a title=\"Ver Manual de CD7248A\" href=\"https:\/\/manuales.iea.com.ar\/CD7248A.pdf\" target=\"_blank\" rel=\"noopener\"><strong>Manual del usuario<\/strong><\/a><\/p>\n<h6>Compartir<\/h6>\n<div class=\"heateor_sss_sharing_container heateor_sss_horizontal_sharing\" data-heateor-ss-offset=\"0\" data-heateor-sss-href='https:\/\/www.iea.com.ar\/en\/product\/cd7248a\/'><div class=\"heateor_sss_sharing_ul\"><a aria-label=\"Whatsapp\" class=\"heateor_sss_whatsapp\" href=\"https:\/\/api.whatsapp.com\/send?text=CD7248A%20https%3A%2F%2Fwww.iea.com.ar%2Fen%2Fproduct%2Fcd7248a%2F\" title=\"Whatsapp\" rel=\"nofollow noopener\" target=\"_blank\" style=\"font-size:32px!important;box-shadow:none;display:inline-block;vertical-align:middle\"><span class=\"heateor_sss_svg\" style=\"background-color:#55eb4c;width:35px;height:35px;border-radius:999px;display:inline-block;opacity:1;float:left;font-size:32px;box-shadow:none;display:inline-block;font-size:16px;padding:0 4px;vertical-align:middle;background-repeat:repeat;overflow:hidden;padding:0;cursor:pointer;box-sizing:content-box\"><svg style=\"display:block;border-radius:999px;\" focusable=\"false\" aria-hidden=\"true\" xmlns=\"http:\/\/www.w3.org\/2000\/svg\" width=\"100%\" height=\"100%\" viewbox=\"-6 -5 40 40\"><path class=\"heateor_sss_svg_stroke heateor_sss_no_fill\" stroke=\"#fff\" stroke-width=\"2\" fill=\"none\" d=\"M 11.579798566743314 24.396926207859085 A 10 10 0 1 0 6.808479557110079 20.73576436351046\"><\/path><path d=\"M 7 19 l -1 6 l 6 -1\" class=\"heateor_sss_no_fill heateor_sss_svg_stroke\" stroke=\"#fff\" stroke-width=\"2\" fill=\"none\"><\/path><path d=\"M 10 10 q -1 8 8 11 c 5 -1 0 -6 -1 -3 q -4 -3 -5 -5 c 4 -2 -1 -5 -1 -4\" fill=\"#fff\"><\/path><\/svg><\/span><\/a><\/div><div class=\"heateorSssClear\"><\/div><\/div>\n<\/div>","protected":false},"excerpt":{"rendered":"<h4>AMPERIMETRO\/VOLTIMETRO DE CORRIENTE ALTERNA ON\/OFF DE 1 PUNTO DE CONTROL<\/h4>\n<p>El CD7248A es un controlador SI\/NO para entrada de tensi\u00f3n: 0 a 500 VCA o en corriente 0 a 5 ACA (no se pueden medir ambas magnitudes al mismo tiempo), con posibilidad de cambio de escala, predeterminaci\u00f3n (SP) de salida a rel\u00e9 SPDT. Para la correcta operaci\u00f3n del mismo este debe ser programado previo a su implementaci\u00f3n. Dicha programaci\u00f3n se encuentra protegida por una clave de 4 d\u00edgitos la cual por defecto es 1234, y su procedimiento se describe el \u00edtem 4. Cuando se encuentra en modo Amper\u00edmetro veremos encendido el punto decimal superior derecho.<\/p>\n<div class=\"adicional\">\n<div class=\"large-5 columns\"><\/div>\n<div class=\"large-7 columns especificaciones\">\n<h5>ESPECIFICACIONES:<\/h5>\n<ul>\n<li>Alimentaci\u00f3n: 90 a 240VCA<\/li>\n<li>Entradas:\n<ul>\n<li>0 a 500 VCA<\/li>\n<li>0 a 5 ACA<\/li>\n<\/ul>\n<\/li>\n<li>Salida: 1 Salida de rel\u00e9 SPDT<\/li>\n<li>Gabinete: 48x48x70mm<\/li>\n<li>Peso: 120 grs.<\/li>\n<\/ul>\n<\/div>\n<\/div>","protected":false},"featured_media":2619,"comment_status":"open","ping_status":"closed","template":"","meta":{"_et_pb_use_builder":"","_et_pb_old_content":"","_et_gb_content_width":""},"product_brand":[],"product_cat":[103],"product_tag":[278,639,276,275,641],"class_list":{"0":"post-2618","1":"product","2":"type-product","3":"status-publish","4":"has-post-thumbnail","6":"product_cat-amperimetros-y-voltimetros","7":"product_tag-alterna","8":"product_tag-amperimetro","9":"product_tag-corriente","10":"product_tag-tension","11":"product_tag-voltimetro","13":"first","14":"instock","15":"shipping-taxable","16":"product-type-simple"},"_links":{"self":[{"href":"https:\/\/www.iea.com.ar\/en\/wp-json\/wp\/v2\/product\/2618","targetHints":{"allow":["GET"]}}],"collection":[{"href":"https:\/\/www.iea.com.ar\/en\/wp-json\/wp\/v2\/product"}],"about":[{"href":"https:\/\/www.iea.com.ar\/en\/wp-json\/wp\/v2\/types\/product"}],"replies":[{"embeddable":true,"href":"https:\/\/www.iea.com.ar\/en\/wp-json\/wp\/v2\/comments?post=2618"}],"wp:featuredmedia":[{"embeddable":true,"href":"https:\/\/www.iea.com.ar\/en\/wp-json\/wp\/v2\/media\/2619"}],"wp:attachment":[{"href":"https:\/\/www.iea.com.ar\/en\/wp-json\/wp\/v2\/media?parent=2618"}],"wp:term":[{"taxonomy":"product_brand","embeddable":true,"href":"https:\/\/www.iea.com.ar\/en\/wp-json\/wp\/v2\/product_brand?post=2618"},{"taxonomy":"product_cat","embeddable":true,"href":"https:\/\/www.iea.com.ar\/en\/wp-json\/wp\/v2\/product_cat?post=2618"},{"taxonomy":"product_tag","embeddable":true,"href":"https:\/\/www.iea.com.ar\/en\/wp-json\/wp\/v2\/product_tag?post=2618"}],"curies":[{"name":"wp","href":"https:\/\/api.w.org\/{rel}","templated":true}]}}