{"id":2609,"date":"2018-12-13T16:26:25","date_gmt":"2018-12-13T19:26:25","guid":{"rendered":"https:\/\/www.iea.com.ar\/?post_type=product&#038;p=2609"},"modified":"2019-08-02T11:00:53","modified_gmt":"2019-08-02T14:00:53","slug":"mi-61-rtd-eth","status":"publish","type":"product","link":"https:\/\/www.iea.com.ar\/en\/product\/mi-61-rtd-eth\/","title":{"rendered":"MI 61 RTD ETH"},"content":{"rendered":"<div class=\"producto-downloads\">\n<h6>Descargas<\/h6>\n<p><a title=\"Ver Manual de MI 61 RTD ETH\" href=\"https:\/\/manuales.iea.com.ar\/MI_61_RTD_ETH.pdf\" target=\"_blank\" rel=\"noopener noreferrer\"><strong>Manual del usuario<\/strong><\/a><\/p>\n<h6>Compartir<\/h6>\n<div class=\"heateor_sss_sharing_container heateor_sss_horizontal_sharing\" data-heateor-ss-offset=\"0\" data-heateor-sss-href='https:\/\/www.iea.com.ar\/en\/product\/mi-61-rtd-eth\/'><div class=\"heateor_sss_sharing_ul\"><a aria-label=\"Whatsapp\" class=\"heateor_sss_whatsapp\" href=\"https:\/\/api.whatsapp.com\/send?text=MI%2061%20RTD%20ETH%20https%3A%2F%2Fwww.iea.com.ar%2Fen%2Fproduct%2Fmi-61-rtd-eth%2F\" title=\"Whatsapp\" rel=\"nofollow noopener\" target=\"_blank\" style=\"font-size:32px!important;box-shadow:none;display:inline-block;vertical-align:middle\"><span class=\"heateor_sss_svg\" style=\"background-color:#55eb4c;width:35px;height:35px;border-radius:999px;display:inline-block;opacity:1;float:left;font-size:32px;box-shadow:none;display:inline-block;font-size:16px;padding:0 4px;vertical-align:middle;background-repeat:repeat;overflow:hidden;padding:0;cursor:pointer;box-sizing:content-box\"><svg style=\"display:block;border-radius:999px;\" focusable=\"false\" aria-hidden=\"true\" xmlns=\"http:\/\/www.w3.org\/2000\/svg\" width=\"100%\" height=\"100%\" viewbox=\"-6 -5 40 40\"><path class=\"heateor_sss_svg_stroke heateor_sss_no_fill\" stroke=\"#fff\" stroke-width=\"2\" fill=\"none\" d=\"M 11.579798566743314 24.396926207859085 A 10 10 0 1 0 6.808479557110079 20.73576436351046\"><\/path><path d=\"M 7 19 l -1 6 l 6 -1\" class=\"heateor_sss_no_fill heateor_sss_svg_stroke\" stroke=\"#fff\" stroke-width=\"2\" fill=\"none\"><\/path><path d=\"M 10 10 q -1 8 8 11 c 5 -1 0 -6 -1 -3 q -4 -3 -5 -5 c 4 -2 -1 -5 -1 -4\" fill=\"#fff\"><\/path><\/svg><\/span><\/a><\/div><div class=\"heateorSssClear\"><\/div><\/div>\n<\/div>","protected":false},"excerpt":{"rendered":"<h4>MONITOR DE TEMPERATURA PARA TRANSPORTADORES A CINTA<\/h4>\n<p>El <strong>MI 61 RTD ETH<\/strong> es un adquisidor de datos de hasta 8 entradas de RTD de platino. Posee un dise\u00f1o robusto de medici\u00f3n anal\u00f3gica que presenta una alta inmunidad al ruido electromagn\u00e9tico (EMI\/RFI) permitiendo ser instalado en ambientes ruidosos donde los sensores de medici\u00f3n (RTD) son propensos a captar ruido. El MI 61 RTD ETH es una unidad aut\u00f3noma con un puerto de comunicaci\u00f3n serie RS-485 y un puerto Ethernet que permite ser conectado a una PC a trav\u00e9s de un software de adquisici\u00f3n, un PLC o a trav\u00e9s del CMI-61 (m\u00f3dulo de adquisici\u00f3n y control de hasta 32 canales de RTD para protecci\u00f3n de transporte y elevadores de cereal). Pueden intervenir hasta 32 unidades en una red de comunicaciones administradas directamente por una PC.<\/p>\n<div class=\"adicional\">\n<h5>Especificaciones<\/h5>\n<p>Entradas<\/p>\n<ul>\n<li>8 entradas anal\u00f3gicas de RTD, con conexi\u00f3n de tres hilos y compensaci\u00f3n de largo de cable. Rango de medici\u00f3n de -50.0\u00b0C a 200.0\u00b0C. Filtros digitales programables.<\/li>\n<li>Actualizaci\u00f3n de la lectura de cada canal en 625 mseg<\/li>\n<\/ul>\n<h5>Interfaces de comunicaci\u00f3n<\/h5>\n<ul>\n<li>Interfaz RS-485 aisladas con Protocolo MODBUS Esclavo.<\/li>\n<ul>\n<li>Protocolo MODBUS TCP\/IP con hasta 8 conexiones simult\u00e1neas.<\/li>\n<li>P\u00e1gina WEB embebida donde se visualizan datos en tiempo real y tambi\u00e9n se configuran los par\u00e1metros del equipo.<\/li>\n<li>Comunicaci\u00f3n mediante lenguaje JSON.<\/li>\n<li>UPGRADE de firmware a trav\u00e9s de esta interfaz.<\/li>\n<\/ul>\n<\/li>\n<\/ul>\n<\/div>","protected":false},"featured_media":2610,"comment_status":"open","ping_status":"closed","template":"","meta":{"_et_pb_use_builder":"","_et_pb_old_content":"","_et_gb_content_width":""},"product_brand":[],"product_cat":[120,108],"product_tag":[653,257,651,166,179],"class_list":{"0":"post-2609","1":"product","2":"type-product","3":"status-publish","4":"has-post-thumbnail","6":"product_cat-adquisidores-de-datos-perifericos","7":"product_cat-equipamiento-de-adquisicion-de-datos","8":"product_tag-cinta","9":"product_tag-ethernet","10":"product_tag-mi","11":"product_tag-rtd","12":"product_tag-temperatura","14":"first","15":"instock","16":"shipping-taxable","17":"product-type-simple"},"_links":{"self":[{"href":"https:\/\/www.iea.com.ar\/en\/wp-json\/wp\/v2\/product\/2609","targetHints":{"allow":["GET"]}}],"collection":[{"href":"https:\/\/www.iea.com.ar\/en\/wp-json\/wp\/v2\/product"}],"about":[{"href":"https:\/\/www.iea.com.ar\/en\/wp-json\/wp\/v2\/types\/product"}],"replies":[{"embeddable":true,"href":"https:\/\/www.iea.com.ar\/en\/wp-json\/wp\/v2\/comments?post=2609"}],"wp:featuredmedia":[{"embeddable":true,"href":"https:\/\/www.iea.com.ar\/en\/wp-json\/wp\/v2\/media\/2610"}],"wp:attachment":[{"href":"https:\/\/www.iea.com.ar\/en\/wp-json\/wp\/v2\/media?parent=2609"}],"wp:term":[{"taxonomy":"product_brand","embeddable":true,"href":"https:\/\/www.iea.com.ar\/en\/wp-json\/wp\/v2\/product_brand?post=2609"},{"taxonomy":"product_cat","embeddable":true,"href":"https:\/\/www.iea.com.ar\/en\/wp-json\/wp\/v2\/product_cat?post=2609"},{"taxonomy":"product_tag","embeddable":true,"href":"https:\/\/www.iea.com.ar\/en\/wp-json\/wp\/v2\/product_tag?post=2609"}],"curies":[{"name":"wp","href":"https:\/\/api.w.org\/{rel}","templated":true}]}}