{"id":2607,"date":"2018-12-13T15:56:26","date_gmt":"2018-12-13T18:56:26","guid":{"rendered":"https:\/\/www.iea.com.ar\/?post_type=product&#038;p=2607"},"modified":"2018-12-21T09:04:08","modified_gmt":"2018-12-21T12:04:08","slug":"cmi-61-rtd","status":"publish","type":"product","link":"https:\/\/www.iea.com.ar\/en\/product\/cmi-61-rtd\/","title":{"rendered":"CMI-61 RTD"},"content":{"rendered":"<div class=\"producto-downloads\">\n<h6>Descargas<\/h6>\n<p><a title=\"Ver Manual de CMI-61\" href=\"https:\/\/manuales.iea.com.ar\/CMI61_RTD.pdf\" target=\"_blank\" rel=\"noopener\"><strong>Manual del usuario<\/strong><\/a><\/p>\n<h6>Compartir<\/h6>\n<div class=\"heateor_sss_sharing_container heateor_sss_horizontal_sharing\" data-heateor-ss-offset=\"0\" data-heateor-sss-href='https:\/\/www.iea.com.ar\/en\/product\/cmi-61-rtd\/'><div class=\"heateor_sss_sharing_ul\"><a aria-label=\"Whatsapp\" class=\"heateor_sss_whatsapp\" href=\"https:\/\/api.whatsapp.com\/send?text=CMI-61%20RTD%20https%3A%2F%2Fwww.iea.com.ar%2Fen%2Fproduct%2Fcmi-61-rtd%2F\" title=\"Whatsapp\" rel=\"nofollow noopener\" target=\"_blank\" style=\"font-size:32px!important;box-shadow:none;display:inline-block;vertical-align:middle\"><span class=\"heateor_sss_svg\" style=\"background-color:#55eb4c;width:35px;height:35px;border-radius:999px;display:inline-block;opacity:1;float:left;font-size:32px;box-shadow:none;display:inline-block;font-size:16px;padding:0 4px;vertical-align:middle;background-repeat:repeat;overflow:hidden;padding:0;cursor:pointer;box-sizing:content-box\"><svg style=\"display:block;border-radius:999px;\" focusable=\"false\" aria-hidden=\"true\" xmlns=\"http:\/\/www.w3.org\/2000\/svg\" width=\"100%\" height=\"100%\" viewbox=\"-6 -5 40 40\"><path class=\"heateor_sss_svg_stroke heateor_sss_no_fill\" stroke=\"#fff\" stroke-width=\"2\" fill=\"none\" d=\"M 11.579798566743314 24.396926207859085 A 10 10 0 1 0 6.808479557110079 20.73576436351046\"><\/path><path d=\"M 7 19 l -1 6 l 6 -1\" class=\"heateor_sss_no_fill heateor_sss_svg_stroke\" stroke=\"#fff\" stroke-width=\"2\" fill=\"none\"><\/path><path d=\"M 10 10 q -1 8 8 11 c 5 -1 0 -6 -1 -3 q -4 -3 -5 -5 c 4 -2 -1 -5 -1 -4\" fill=\"#fff\"><\/path><\/svg><\/span><\/a><\/div><div class=\"heateorSssClear\"><\/div><\/div>\n<\/div>","protected":false},"excerpt":{"rendered":"<h4>MONITOR DE SEGURIDAD PARA TRANSPORTADORES A CINTA BASADO EN MEDICI\u00d3N CON RTD PREVENCI\u00d3N<\/h4>\n<p>El <strong>CMI-61<\/strong> es un sistema integral para monitorear y proteger transportadores de granos por sobretemperaturas en rodamientos, desv\u00edos y deslizamientos de banda sobre rolos conducidos de elevadores, cintas y dem\u00e1s equipos de transporte de granos.<\/p>\n<div class=\"adicional\">\nEste equipo tiene la particularidad de adquirir hasta 32 mediciones temperaturas provenientes de unidades inteligentes <strong>MI-61RTD<\/strong>_Ex dise\u00f1ados para ser instalados en zona de seguridad intr\u00ednseca o <strong>MI-61RTD_ETH<\/strong>.<br \/>\nCada unidad remota o admite hasta 8 sensores de RTD PT100 conect\u00e1ndose al concentrador CMI-61 a trav\u00e9s de una red RS-485 a trav\u00e9s de un protocolo maestro\/esclavo.<br \/>\nEl concentrador CMI-61 adem\u00e1s de monitorear las temperaturas provenientes de los <strong>MI-61RTD_Ex<\/strong> o <strong>MI-<\/strong><br \/>\n<strong>61RTD_ETH<\/strong> a trav\u00e9s de uno de sus puertos serie, recibe los pulsos provenientes del sensor de rotaci\u00f3n y confirmaci\u00f3n de marcha del motor para monitorear la velocidad asociada de cada transporte y de la generaci\u00f3n de alarmas y paradas del equipo. Posee un puerto de comunicaci\u00f3n RS-485 esclavo con protocolo MODBUS y una interfaz Ethernet con protocolo MODBUS TCP \/IP. A trav\u00e9s de la p\u00e1gina web embebida, es posible leer el estado de los registros de temperatura y velocidad y configurar el equipo.<\/p>\n<p><strong>Entradas y salidas<\/strong><\/p>\n<ul>\n<li>Medici\u00f3n de 32 canales de temperatura con RTD PT-100 a trav\u00e9s de los MI-61RTD_Ex o MI-61RTD_ETH<\/li>\n<li>Rango de medici\u00f3n de -50.0\u00b0C a 200.0\u00b0C. Filtros digitales programables.<\/li>\n<li>2 entradas digitales opto aisladas con funciones programables, entre ellas la medici\u00f3n de velocidad y verificaci\u00f3n de retorno de marcha.<\/li>\n<li>2 salidas digitales de rel\u00e9 con funciones programables, entre ellas la activaci\u00f3n de alarma y parada por sobre temperatura y sub velocidad respectivamente.<\/li>\n<\/ul>\n<p>Interfaces de comunicaci\u00f3n<\/p>\n<ul>\n<li>Una Interfaz RS-485 aislada con Protocolo MODBUS Esclavo.<\/li>\n<li>Una interfaz RS-485 maestra con los MI-61RTD_Ex.<\/li>\n<\/ul>\n<p>Interfaz Ethernet:<\/p>\n<ul>\n<li>Protocolo MODBUS TCP\/IP con hasta 16 conexiones simult\u00e1neas.<\/li>\n<li>P\u00e1gina WEB embebida donde se visualizan datos en tiempo real y tambi\u00e9n se configuran los par\u00e1metros del equipo.<\/li>\n<li>Comunicaci\u00f3n mediante lenguaje JSON.<\/li>\n<li>UPGRADE de firmware a trav\u00e9s de esta interfaz.<\/li>\n<\/ul>\n<\/div>","protected":false},"featured_media":2612,"comment_status":"open","ping_status":"closed","template":"","meta":{"_et_pb_use_builder":"","_et_pb_old_content":"","_et_gb_content_width":""},"product_brand":[],"product_cat":[120,108],"product_tag":[],"class_list":{"0":"post-2607","1":"product","2":"type-product","3":"status-publish","4":"has-post-thumbnail","6":"product_cat-adquisidores-de-datos-perifericos","7":"product_cat-equipamiento-de-adquisicion-de-datos","9":"first","10":"instock","11":"shipping-taxable","12":"product-type-simple"},"_links":{"self":[{"href":"https:\/\/www.iea.com.ar\/en\/wp-json\/wp\/v2\/product\/2607","targetHints":{"allow":["GET"]}}],"collection":[{"href":"https:\/\/www.iea.com.ar\/en\/wp-json\/wp\/v2\/product"}],"about":[{"href":"https:\/\/www.iea.com.ar\/en\/wp-json\/wp\/v2\/types\/product"}],"replies":[{"embeddable":true,"href":"https:\/\/www.iea.com.ar\/en\/wp-json\/wp\/v2\/comments?post=2607"}],"wp:featuredmedia":[{"embeddable":true,"href":"https:\/\/www.iea.com.ar\/en\/wp-json\/wp\/v2\/media\/2612"}],"wp:attachment":[{"href":"https:\/\/www.iea.com.ar\/en\/wp-json\/wp\/v2\/media?parent=2607"}],"wp:term":[{"taxonomy":"product_brand","embeddable":true,"href":"https:\/\/www.iea.com.ar\/en\/wp-json\/wp\/v2\/product_brand?post=2607"},{"taxonomy":"product_cat","embeddable":true,"href":"https:\/\/www.iea.com.ar\/en\/wp-json\/wp\/v2\/product_cat?post=2607"},{"taxonomy":"product_tag","embeddable":true,"href":"https:\/\/www.iea.com.ar\/en\/wp-json\/wp\/v2\/product_tag?post=2607"}],"curies":[{"name":"wp","href":"https:\/\/api.w.org\/{rel}","templated":true}]}}