{"id":2601,"date":"2018-12-13T15:07:55","date_gmt":"2018-12-13T18:07:55","guid":{"rendered":"https:\/\/www.iea.com.ar\/?post_type=product&#038;p=2601"},"modified":"2020-08-07T14:05:37","modified_gmt":"2020-08-07T17:05:37","slug":"mi-61-lineal-eth","status":"publish","type":"product","link":"https:\/\/www.iea.com.ar\/en\/product\/mi-61-lineal-eth\/","title":{"rendered":"MI 61 LINEAL ETH"},"content":{"rendered":"<div class=\"producto-downloads\">\n<h6>Descargas<\/h6>\n<p><a title=\"Ver Manual de MI 61 LINEAL ETH\" href=\"https:\/\/manuales.iea.com.ar\/MI_61_LINEAL_ETH.pdf\" target=\"_blank\" rel=\"noopener noreferrer\"><strong>Manual del usuario<\/strong><\/a><\/p>\n<h6>Compartir<\/h6>\n<div class=\"heateor_sss_sharing_container heateor_sss_horizontal_sharing\" data-heateor-ss-offset=\"0\" data-heateor-sss-href='https:\/\/www.iea.com.ar\/en\/product\/mi-61-lineal-eth\/'><div class=\"heateor_sss_sharing_ul\"><a aria-label=\"Whatsapp\" class=\"heateor_sss_whatsapp\" href=\"https:\/\/api.whatsapp.com\/send?text=MI%2061%20LINEAL%20ETH%20https%3A%2F%2Fwww.iea.com.ar%2Fen%2Fproduct%2Fmi-61-lineal-eth%2F\" title=\"Whatsapp\" rel=\"nofollow noopener\" target=\"_blank\" style=\"font-size:32px!important;box-shadow:none;display:inline-block;vertical-align:middle\"><span class=\"heateor_sss_svg\" style=\"background-color:#55eb4c;width:35px;height:35px;border-radius:999px;display:inline-block;opacity:1;float:left;font-size:32px;box-shadow:none;display:inline-block;font-size:16px;padding:0 4px;vertical-align:middle;background-repeat:repeat;overflow:hidden;padding:0;cursor:pointer;box-sizing:content-box\"><svg style=\"display:block;border-radius:999px;\" focusable=\"false\" aria-hidden=\"true\" xmlns=\"http:\/\/www.w3.org\/2000\/svg\" width=\"100%\" height=\"100%\" viewbox=\"-6 -5 40 40\"><path class=\"heateor_sss_svg_stroke heateor_sss_no_fill\" stroke=\"#fff\" stroke-width=\"2\" fill=\"none\" d=\"M 11.579798566743314 24.396926207859085 A 10 10 0 1 0 6.808479557110079 20.73576436351046\"><\/path><path d=\"M 7 19 l -1 6 l 6 -1\" class=\"heateor_sss_no_fill heateor_sss_svg_stroke\" stroke=\"#fff\" stroke-width=\"2\" fill=\"none\"><\/path><path d=\"M 10 10 q -1 8 8 11 c 5 -1 0 -6 -1 -3 q -4 -3 -5 -5 c 4 -2 -1 -5 -1 -4\" fill=\"#fff\"><\/path><\/svg><\/span><\/a><\/div><div class=\"heateorSssClear\"><\/div><\/div>\n<\/div>","protected":false},"excerpt":{"rendered":"<h4>MODULO DE ADQUISICION DE DATOS DE 8 ENTRADAS 0\/4 A 20 mA \u2013 0 A 5\/10 V \u2013 1 A 5 V \u2013 2 A 10 V<\/h4>\n<p>El <strong>MI 61 LINEAL ETH<\/strong> es un m\u00f3dulo adquisidor de datos anal\u00f3gicos de 8 canales para entradas provenientes de transmisores de corriente o tensi\u00f3n. Posee un dise\u00f1o robusto de medici\u00f3n anal\u00f3gica que presenta una alta inmunidad al ruido electromagn\u00e9tico (EMI\/RFI) permitiendo ser instalado en ambientes ruidosos donde los sensores de medici\u00f3n (trasductores) son propensos a captar ruido.<\/p>\n<div class=\"adicional\">El <strong>MI 61 LINEAL ETH<\/strong> posee un puerto de comunicaci\u00f3n serie RS-485 con protocolo MODBUS y un puerto Ethernet con protocolo MODBUS \/ TCP. Cada entrada se puede configurar en unidades de ingenier\u00eda a trav\u00e9s su p\u00e1gina Web.<strong>Entradas y Salidas:<\/strong><\/p>\n<ul>\n<li>8 entradas anal\u00f3gicas lineales \u00f3pticamente aisladas.<\/li>\n<li>Rangos de medici\u00f3n configurables para cada canal: 0-5 V, 1-5 V, 0-10 V, 2-10 V, 0-20 mA, 4-20 mA.<\/li>\n<\/ul>\n<p><strong>Interfaces de comunicaci\u00f3n:<\/strong><\/p>\n<ul>\n<li>Interfaz RS-485 aisladas con Protocolo MODBUS Esclavo.<\/li>\n<\/ul>\n<p><strong>Interfaz Ethernet opcional:<\/strong><\/p>\n<ul>\n<li>Protocolo MODBUS TCP\/IP con hasta 8 conexiones simult\u00e1neas.<\/li>\n<li>P\u00e1gina WEB embebida donde se visualizan datos en tiempo real y tambi\u00e9n se configuran los par\u00e1metros del equipo.<\/li>\n<\/ul>\n<h5>ESPECIFICACIONES:<\/h5>\n<ul>\n<li>Alimentaci\u00f3n 12 a 28 Vcc &#8211; 24 Vca \u00b1 20%<\/li>\n<li>Temperatura de operaci\u00f3n 0 a 50 \u00baC<\/li>\n<li>Temperatura de almacenamiento \u201320 a 60 \u00baC<\/li>\n<li>Humedad relativa de 20 a 85 % sin condensaci\u00f3n<\/li>\n<li>Consumo igual 52mA @ 24Vcc<\/li>\n<li>Gabinete montaje RIEL-DIN: 45mm X 100mm X 112mm<\/li>\n<li>Peso aproximado 200g<\/li>\n<\/ul>\n<\/div>","protected":false},"featured_media":2606,"comment_status":"open","ping_status":"closed","template":"","meta":{"_et_pb_use_builder":"","_et_pb_old_content":"","_et_gb_content_width":""},"product_brand":[],"product_cat":[120,108],"product_tag":[635,633,282,637],"class_list":{"0":"post-2601","1":"product","2":"type-product","3":"status-publish","4":"has-post-thumbnail","6":"product_cat-adquisidores-de-datos-perifericos","7":"product_cat-equipamiento-de-adquisicion-de-datos","8":"product_tag-analogicas","9":"product_tag-entradas","10":"product_tag-lineal","11":"product_tag-mi61","13":"first","14":"instock","15":"shipping-taxable","16":"product-type-simple"},"_links":{"self":[{"href":"https:\/\/www.iea.com.ar\/en\/wp-json\/wp\/v2\/product\/2601","targetHints":{"allow":["GET"]}}],"collection":[{"href":"https:\/\/www.iea.com.ar\/en\/wp-json\/wp\/v2\/product"}],"about":[{"href":"https:\/\/www.iea.com.ar\/en\/wp-json\/wp\/v2\/types\/product"}],"replies":[{"embeddable":true,"href":"https:\/\/www.iea.com.ar\/en\/wp-json\/wp\/v2\/comments?post=2601"}],"wp:featuredmedia":[{"embeddable":true,"href":"https:\/\/www.iea.com.ar\/en\/wp-json\/wp\/v2\/media\/2606"}],"wp:attachment":[{"href":"https:\/\/www.iea.com.ar\/en\/wp-json\/wp\/v2\/media?parent=2601"}],"wp:term":[{"taxonomy":"product_brand","embeddable":true,"href":"https:\/\/www.iea.com.ar\/en\/wp-json\/wp\/v2\/product_brand?post=2601"},{"taxonomy":"product_cat","embeddable":true,"href":"https:\/\/www.iea.com.ar\/en\/wp-json\/wp\/v2\/product_cat?post=2601"},{"taxonomy":"product_tag","embeddable":true,"href":"https:\/\/www.iea.com.ar\/en\/wp-json\/wp\/v2\/product_tag?post=2601"}],"curies":[{"name":"wp","href":"https:\/\/api.w.org\/{rel}","templated":true}]}}