{"id":2411,"date":"2018-08-27T09:51:09","date_gmt":"2018-08-27T12:51:09","guid":{"rendered":"https:\/\/www.iea.com.ar\/?post_type=product&#038;p=2411"},"modified":"2018-12-13T10:20:23","modified_gmt":"2018-12-13T13:20:23","slug":"sm","status":"publish","type":"product","link":"https:\/\/www.iea.com.ar\/en\/product\/sm\/","title":{"rendered":"SM"},"content":{"rendered":"<div class=\"producto-downloads\">\n<h6>Descargas<\/h6>\n<p><a title=\"Ver Manual de SM\" href=\"https:\/\/manuales.iea.com.ar\/SM.pdf\" target=\"_blank\" rel=\"noopener\"><strong>Manual del usuario<\/strong><\/a><\/p>\n<h6>Compartir<\/h6>\n<div class=\"heateor_sss_sharing_container heateor_sss_horizontal_sharing\" data-heateor-ss-offset=\"0\" data-heateor-sss-href='https:\/\/www.iea.com.ar\/en\/product\/sm\/'><div class=\"heateor_sss_sharing_ul\"><a aria-label=\"Whatsapp\" class=\"heateor_sss_whatsapp\" href=\"https:\/\/api.whatsapp.com\/send?text=SM%20https%3A%2F%2Fwww.iea.com.ar%2Fen%2Fproduct%2Fsm%2F\" title=\"Whatsapp\" rel=\"nofollow noopener\" target=\"_blank\" style=\"font-size:32px!important;box-shadow:none;display:inline-block;vertical-align:middle\"><span class=\"heateor_sss_svg\" style=\"background-color:#55eb4c;width:35px;height:35px;border-radius:999px;display:inline-block;opacity:1;float:left;font-size:32px;box-shadow:none;display:inline-block;font-size:16px;padding:0 4px;vertical-align:middle;background-repeat:repeat;overflow:hidden;padding:0;cursor:pointer;box-sizing:content-box\"><svg style=\"display:block;border-radius:999px;\" focusable=\"false\" aria-hidden=\"true\" xmlns=\"http:\/\/www.w3.org\/2000\/svg\" width=\"100%\" height=\"100%\" viewbox=\"-6 -5 40 40\"><path class=\"heateor_sss_svg_stroke heateor_sss_no_fill\" stroke=\"#fff\" stroke-width=\"2\" fill=\"none\" d=\"M 11.579798566743314 24.396926207859085 A 10 10 0 1 0 6.808479557110079 20.73576436351046\"><\/path><path d=\"M 7 19 l -1 6 l 6 -1\" class=\"heateor_sss_no_fill heateor_sss_svg_stroke\" stroke=\"#fff\" stroke-width=\"2\" fill=\"none\"><\/path><path d=\"M 10 10 q -1 8 8 11 c 5 -1 0 -6 -1 -3 q -4 -3 -5 -5 c 4 -2 -1 -5 -1 -4\" fill=\"#fff\"><\/path><\/svg><\/span><\/a><\/div><div class=\"heateorSssClear\"><\/div><\/div>\n<\/div>","protected":false},"excerpt":{"rendered":"<h4>PREVENCI\u00d3N DE SOBRE-TEMPERATURAS DE RODAMIENTOS, DESPLAZAMIENTOS Y DESLIZAMIENTOS DE BANDA<\/h4>\n<p>El SM tiene como objeto la protecci\u00f3n de transportadores de cintas o cadenas y de elevadores de granos, permitiendo monitorear la temperatura de sus rodamientos y el desplazamiento o desalineaci\u00f3n de las bandas transportadoras. Posee comunicaci\u00f3n MODBUS ETH y p\u00e1gina Web embebida.<\/p>\n<div class=\"adicional\">\n<h5>CARACTERISTICAS:<\/h5>\n<ul>\n<li>Reloj en tiempo real.<\/li>\n<li>Montaje en gabinete met\u00e1lico<\/li>\n<\/ul>\n<p><strong>Entradas y Salidas:<\/strong><\/p>\n<ul>\n<li>32 entradas anal\u00f3gicas de RTD, con conexi\u00f3n de tres hilos y compensaci\u00f3n de largo de cable. Rango de medici\u00f3n de -50.0\u00b0C a 200.0\u00b0C. Filtros digitales programables.<\/li>\n<\/ul>\n<p><strong>Interfaces de comunicaci\u00f3n:<\/strong><\/p>\n<ul>\n<li>Hasta dos Interfaces RS-485 aisladas con Protocolo MODBUS Esclavo. Permite conectar un display auxiliar para visualizaci\u00f3n local.<\/li>\n<li><strong>Interfaz Ethernet opcional:<\/strong>\n<ul>\n<li>Protocolo MODBUS TCP\/IP con hasta 8 conexiones simult\u00e1neas.<\/li>\n<li>P\u00e1gina WEB embebida donde se visualizan datos en tiempo real y tambi\u00e9n se configuran los par\u00e1metros del equipo.<\/li>\n<li>Comunicaci\u00f3n mediante lenguaje JSON.<\/li>\n<li>UPGRADE de firmware a trav\u00e9s de esta interfaz.<\/li>\n<\/ul>\n<\/li>\n<\/ul>\n<h5>ESPECIFICACIONES:<\/h5>\n<ul>\n<li>Alimentaci\u00f3n 24 Vcc-Vca \u00f3 90 a 240 Vca a 50 Hz \/ 60 Hz<\/li>\n<li>Gabinete: 280x140x165mm<\/li>\n<li>Consumo de potencia igual 8 VA m\u00e1ximo.<\/li>\n<li>Peso aproximado: 3 Kg<\/li>\n<\/ul>\n<\/div>","protected":false},"featured_media":2412,"comment_status":"open","ping_status":"closed","template":"","meta":{"_et_pb_use_builder":"","_et_pb_old_content":"","_et_gb_content_width":""},"product_brand":[],"product_cat":[120],"product_tag":[608,257,231,167,606,604,602,258],"class_list":{"0":"post-2411","1":"product","2":"type-product","3":"status-publish","4":"has-post-thumbnail","6":"product_cat-adquisidores-de-datos-perifericos","7":"product_tag-608","8":"product_tag-ethernet","9":"product_tag-modbus","10":"product_tag-pt100","11":"product_tag-rs","12":"product_tag-rtc","13":"product_tag-sm","14":"product_tag-tcp","16":"first","17":"instock","18":"shipping-taxable","19":"product-type-simple"},"_links":{"self":[{"href":"https:\/\/www.iea.com.ar\/en\/wp-json\/wp\/v2\/product\/2411","targetHints":{"allow":["GET"]}}],"collection":[{"href":"https:\/\/www.iea.com.ar\/en\/wp-json\/wp\/v2\/product"}],"about":[{"href":"https:\/\/www.iea.com.ar\/en\/wp-json\/wp\/v2\/types\/product"}],"replies":[{"embeddable":true,"href":"https:\/\/www.iea.com.ar\/en\/wp-json\/wp\/v2\/comments?post=2411"}],"wp:featuredmedia":[{"embeddable":true,"href":"https:\/\/www.iea.com.ar\/en\/wp-json\/wp\/v2\/media\/2412"}],"wp:attachment":[{"href":"https:\/\/www.iea.com.ar\/en\/wp-json\/wp\/v2\/media?parent=2411"}],"wp:term":[{"taxonomy":"product_brand","embeddable":true,"href":"https:\/\/www.iea.com.ar\/en\/wp-json\/wp\/v2\/product_brand?post=2411"},{"taxonomy":"product_cat","embeddable":true,"href":"https:\/\/www.iea.com.ar\/en\/wp-json\/wp\/v2\/product_cat?post=2411"},{"taxonomy":"product_tag","embeddable":true,"href":"https:\/\/www.iea.com.ar\/en\/wp-json\/wp\/v2\/product_tag?post=2411"}],"curies":[{"name":"wp","href":"https:\/\/api.w.org\/{rel}","templated":true}]}}