{"id":2331,"date":"2018-07-05T13:44:09","date_gmt":"2018-07-05T16:44:09","guid":{"rendered":"https:\/\/www.iea.com.ar\/?post_type=product&#038;p=2331"},"modified":"2024-08-20T07:44:15","modified_gmt":"2024-08-20T10:44:15","slug":"si-61-2k7-fc","status":"publish","type":"product","link":"https:\/\/www.iea.com.ar\/en\/product\/si-61-2k7-fc\/","title":{"rendered":"SI 61 2K7"},"content":{"rendered":"<div class=\"producto-downloads\">\n<h6>Descargas<\/h6>\n<p><a title=\"Descargar Software de Configuraci\u00f3n de SI 61 2K7\" href=\"https:\/\/downloads.iea.com.ar\/software\/configurador_si_61_2k7_v2.0.zip\" target=\"_blank\" rel=\"noopener\"><strong>Software de Configuraci\u00f3n<\/strong><\/a><br \/>\n<a title=\"Ver Manual de SI 2K7 FC\" href=\"https:\/\/manuales.iea.com.ar\/SI_61_2K7_MP_v2.0-240819.pdf\" target=\"_blank\" rel=\"noopener\"><strong>Manual del usuario Fast Connect<\/strong><\/a><br \/>\n<a title=\"Ver Manual de SI 2K7 DB25\" href=\"https:\/\/manuales.iea.com.ar\/SI_61_2K7.pdf\" target=\"_blank\" rel=\"noopener\"><strong>Manual del usuario DB25 (Discontinuado)<\/strong><\/a><\/p>\n<h6>Compartir<\/h6>\n<div class=\"heateor_sss_sharing_container heateor_sss_horizontal_sharing\" data-heateor-ss-offset=\"0\" data-heateor-sss-href='https:\/\/www.iea.com.ar\/en\/product\/si-61-2k7-fc\/'><div class=\"heateor_sss_sharing_ul\"><a aria-label=\"Whatsapp\" class=\"heateor_sss_whatsapp\" href=\"https:\/\/api.whatsapp.com\/send?text=SI%2061%202K7%20https%3A%2F%2Fwww.iea.com.ar%2Fen%2Fproduct%2Fsi-61-2k7-fc%2F\" title=\"Whatsapp\" rel=\"nofollow noopener\" target=\"_blank\" style=\"font-size:32px!important;box-shadow:none;display:inline-block;vertical-align:middle\"><span class=\"heateor_sss_svg\" style=\"background-color:#55eb4c;width:35px;height:35px;border-radius:999px;display:inline-block;opacity:1;float:left;font-size:32px;box-shadow:none;display:inline-block;font-size:16px;padding:0 4px;vertical-align:middle;background-repeat:repeat;overflow:hidden;padding:0;cursor:pointer;box-sizing:content-box\"><svg style=\"display:block;border-radius:999px;\" focusable=\"false\" aria-hidden=\"true\" xmlns=\"http:\/\/www.w3.org\/2000\/svg\" width=\"100%\" height=\"100%\" viewbox=\"-6 -5 40 40\"><path class=\"heateor_sss_svg_stroke heateor_sss_no_fill\" stroke=\"#fff\" stroke-width=\"2\" fill=\"none\" d=\"M 11.579798566743314 24.396926207859085 A 10 10 0 1 0 6.808479557110079 20.73576436351046\"><\/path><path d=\"M 7 19 l -1 6 l 6 -1\" class=\"heateor_sss_no_fill heateor_sss_svg_stroke\" stroke=\"#fff\" stroke-width=\"2\" fill=\"none\"><\/path><path d=\"M 10 10 q -1 8 8 11 c 5 -1 0 -6 -1 -3 q -4 -3 -5 -5 c 4 -2 -1 -5 -1 -4\" fill=\"#fff\"><\/path><\/svg><\/span><\/a><\/div><div class=\"heateorSssClear\"><\/div><\/div>\n<\/div>","protected":false},"excerpt":{"rendered":"<h4>SISTEMA DE MONITOREO DE TEMPERATURAS DE GRANOS EN SILOS Y CELDAS<\/h4>\n<p>El sistema de monitoreo de temperatura de silos <strong>SI 61-2K7<\/strong> responde a las m\u00e1s innovadoras tecnolog\u00edas aplicadas en la actualidad al monitoreo de procesos industriales; incorporando una arquitectura de adquisidores de datos distribuidos a lo largo de la celda o sobre los silos a supervisar, haciendo uso de una red de comunicaciones tan simple como eficiente.<\/p>\n<div class=\"adicional\">\nEl soft de supervisi\u00f3n y adquisici\u00f3n de datos (SCADA) que reside en una PC o workstation industrial, permite establecer una comunicaci\u00f3n bidireccional de alta velocidad en protocolo Modbus con los equipos SI-61 que se hallan distribuidos en la planta de silos; compartiendo la misma red con otros equipos de la serie SI 61-2K7 de IEA o con cualquier aparato de control industrial compatible, si fuera necesario.<\/p>\n<div class=\"large-7 columns especificaciones\">\n<p>&nbsp;<\/p>\n<p><strong>Caracter\u00edsticas<\/strong><\/p>\n<ul>\n<li>Hasta 256 entradas de termocupla tipo T.\u00a0Rango de medici\u00f3n de -50.0\u00b0C a 400.0\u00b0C.<\/li>\n<\/ul>\n<p><strong>Interfaces de comunicaci\u00f3n<\/strong><\/p>\n<ul>\n<li>Interfaces RS-485 aisladas con Protocolo MODBUS Esclavo.<\/li>\n<\/ul>\n<h5><strong>Especificaciones generales<\/strong><\/h5>\n<ul>\n<li>Alimentaci\u00f3n: 220 VCA; [110VCA] ; [24VCA]<\/li>\n<li>Led para indicaci\u00f3n de alimentaci\u00f3n.<\/li>\n<li><span class=\"fontstyle0\">Led para indicaci\u00f3n de comunicaci\u00f3n.<\/span><\/li>\n<li>Temperatura de operaci\u00f3n de hasta 65 \u00baC.<\/li>\n<li>Gabinete: 310mm X 150mm X 185mm<\/li>\n<li>Peso: 3500 grs.<\/li>\n<\/ul>\n<\/div>\n<\/div>\n","protected":false},"featured_media":2332,"comment_status":"open","ping_status":"closed","template":"","meta":{"_et_pb_use_builder":"","_et_pb_old_content":"","_et_gb_content_width":""},"product_brand":[],"product_cat":[120,108],"product_tag":[],"class_list":{"0":"post-2331","1":"product","2":"type-product","3":"status-publish","4":"has-post-thumbnail","6":"product_cat-adquisidores-de-datos-perifericos","7":"product_cat-equipamiento-de-adquisicion-de-datos","9":"first","10":"instock","11":"shipping-taxable","12":"product-type-simple"},"_links":{"self":[{"href":"https:\/\/www.iea.com.ar\/en\/wp-json\/wp\/v2\/product\/2331","targetHints":{"allow":["GET"]}}],"collection":[{"href":"https:\/\/www.iea.com.ar\/en\/wp-json\/wp\/v2\/product"}],"about":[{"href":"https:\/\/www.iea.com.ar\/en\/wp-json\/wp\/v2\/types\/product"}],"replies":[{"embeddable":true,"href":"https:\/\/www.iea.com.ar\/en\/wp-json\/wp\/v2\/comments?post=2331"}],"wp:featuredmedia":[{"embeddable":true,"href":"https:\/\/www.iea.com.ar\/en\/wp-json\/wp\/v2\/media\/2332"}],"wp:attachment":[{"href":"https:\/\/www.iea.com.ar\/en\/wp-json\/wp\/v2\/media?parent=2331"}],"wp:term":[{"taxonomy":"product_brand","embeddable":true,"href":"https:\/\/www.iea.com.ar\/en\/wp-json\/wp\/v2\/product_brand?post=2331"},{"taxonomy":"product_cat","embeddable":true,"href":"https:\/\/www.iea.com.ar\/en\/wp-json\/wp\/v2\/product_cat?post=2331"},{"taxonomy":"product_tag","embeddable":true,"href":"https:\/\/www.iea.com.ar\/en\/wp-json\/wp\/v2\/product_tag?post=2331"}],"curies":[{"name":"wp","href":"https:\/\/api.w.org\/{rel}","templated":true}]}}