{"id":2303,"date":"2018-04-12T10:02:23","date_gmt":"2018-04-12T13:02:23","guid":{"rendered":"https:\/\/www.iea.com.ar\/?post_type=product&#038;p=2303"},"modified":"2018-04-12T10:03:52","modified_gmt":"2018-04-12T13:03:52","slug":"ur-508-ph","status":"publish","type":"product","link":"https:\/\/www.iea.com.ar\/en\/product\/ur-508-ph\/","title":{"rendered":"UR-508 PH (Unidad remota de entradas\/salidas)"},"content":{"rendered":"<div class=\"producto-downloads\">\n<h6>Descargas<\/h6>\n<p><a title=\"Ver Manual\" href=\"\/\/manuales.iea.com.ar\/UR_508_PH.pdf\" target=\"_blank\" rel=\"noopener\"><strong>Manual del usuario<\/strong><\/a><\/p>\n<h6>Compartir<\/h6>\n<div class=\"heateor_sss_sharing_container heateor_sss_horizontal_sharing\" data-heateor-ss-offset=\"0\" data-heateor-sss-href='https:\/\/www.iea.com.ar\/en\/product\/ur-508-ph\/'><div class=\"heateor_sss_sharing_ul\"><a aria-label=\"Whatsapp\" class=\"heateor_sss_whatsapp\" href=\"https:\/\/api.whatsapp.com\/send?text=UR-508%20PH%20%28Unidad%20remota%20de%20entradas%2Fsalidas%29%20https%3A%2F%2Fwww.iea.com.ar%2Fen%2Fproduct%2Fur-508-ph%2F\" title=\"Whatsapp\" rel=\"nofollow noopener\" target=\"_blank\" style=\"font-size:32px!important;box-shadow:none;display:inline-block;vertical-align:middle\"><span class=\"heateor_sss_svg\" style=\"background-color:#55eb4c;width:35px;height:35px;border-radius:999px;display:inline-block;opacity:1;float:left;font-size:32px;box-shadow:none;display:inline-block;font-size:16px;padding:0 4px;vertical-align:middle;background-repeat:repeat;overflow:hidden;padding:0;cursor:pointer;box-sizing:content-box\"><svg style=\"display:block;border-radius:999px;\" focusable=\"false\" aria-hidden=\"true\" xmlns=\"http:\/\/www.w3.org\/2000\/svg\" width=\"100%\" height=\"100%\" viewbox=\"-6 -5 40 40\"><path class=\"heateor_sss_svg_stroke heateor_sss_no_fill\" stroke=\"#fff\" stroke-width=\"2\" fill=\"none\" d=\"M 11.579798566743314 24.396926207859085 A 10 10 0 1 0 6.808479557110079 20.73576436351046\"><\/path><path d=\"M 7 19 l -1 6 l 6 -1\" class=\"heateor_sss_no_fill heateor_sss_svg_stroke\" stroke=\"#fff\" stroke-width=\"2\" fill=\"none\"><\/path><path d=\"M 10 10 q -1 8 8 11 c 5 -1 0 -6 -1 -3 q -4 -3 -5 -5 c 4 -2 -1 -5 -1 -4\" fill=\"#fff\"><\/path><\/svg><\/span><\/a><\/div><div class=\"heateorSssClear\"><\/div><\/div>\n<\/div>","protected":false},"excerpt":{"rendered":"<h4>UNIDAD DE COMANDO REMOTO VIA COMUNICACION RS 485, 8 ENTRADAS Y 8 SALIDAS (POR CONTACTO DE RELE)<\/h4>\n<p>UR-508: Unidad remota de entradas\/salidas, este m\u00f3dulo posee: 8 salidas digitales con salida a rel\u00e9 (SPST), comunicaci\u00f3n RS 485 modbus ASCII \u00f3 RTU. Y 8 entradas digitales, las cuales se utilizan habitualmente para devolver v\u00eda comunicaci\u00f3n una se\u00f1al de comando cumplido.<\/p>\n<div class=\"adicional\">\n<div class=\"large-5 columns\"><\/div>\n<div class=\"large-7 columns especificaciones\">\n<h5>ESPECIFICACIONES:<\/h5>\n<ul>\n<li>Alimentaci\u00f3n: 19 a 29 VCC \u00f3 de 14 a 21 VCA<\/li>\n<li>Entradas: 8 Entradas digitales<\/li>\n<li>Salidas: 8 Salidas de rel\u00e9 SPST<\/li>\n<li>Gabinete: 128,8x102x90,4mm<\/li>\n<li>Comunicaci\u00f3n: RS-485<\/li>\n<li>Peso: 255 grs.<\/li>\n<\/ul>\n<\/div>\n<\/div>","protected":false},"featured_media":2305,"comment_status":"open","ping_status":"closed","template":"","meta":{"_et_pb_use_builder":"","_et_pb_old_content":"","_et_gb_content_width":""},"product_brand":[],"product_cat":[120],"product_tag":[324,323,322],"class_list":{"0":"post-2303","1":"product","2":"type-product","3":"status-publish","4":"has-post-thumbnail","6":"product_cat-adquisidores-de-datos-perifericos","7":"product_tag-entradas-digitales","8":"product_tag-remota","9":"product_tag-unidad","11":"first","12":"instock","13":"shipping-taxable","14":"product-type-simple"},"_links":{"self":[{"href":"https:\/\/www.iea.com.ar\/en\/wp-json\/wp\/v2\/product\/2303","targetHints":{"allow":["GET"]}}],"collection":[{"href":"https:\/\/www.iea.com.ar\/en\/wp-json\/wp\/v2\/product"}],"about":[{"href":"https:\/\/www.iea.com.ar\/en\/wp-json\/wp\/v2\/types\/product"}],"replies":[{"embeddable":true,"href":"https:\/\/www.iea.com.ar\/en\/wp-json\/wp\/v2\/comments?post=2303"}],"wp:featuredmedia":[{"embeddable":true,"href":"https:\/\/www.iea.com.ar\/en\/wp-json\/wp\/v2\/media\/2305"}],"wp:attachment":[{"href":"https:\/\/www.iea.com.ar\/en\/wp-json\/wp\/v2\/media?parent=2303"}],"wp:term":[{"taxonomy":"product_brand","embeddable":true,"href":"https:\/\/www.iea.com.ar\/en\/wp-json\/wp\/v2\/product_brand?post=2303"},{"taxonomy":"product_cat","embeddable":true,"href":"https:\/\/www.iea.com.ar\/en\/wp-json\/wp\/v2\/product_cat?post=2303"},{"taxonomy":"product_tag","embeddable":true,"href":"https:\/\/www.iea.com.ar\/en\/wp-json\/wp\/v2\/product_tag?post=2303"}],"curies":[{"name":"wp","href":"https:\/\/api.w.org\/{rel}","templated":true}]}}