{"id":2282,"date":"2018-04-05T15:54:46","date_gmt":"2018-04-05T18:54:46","guid":{"rendered":"https:\/\/www.iea.com.ar\/?post_type=product&#038;p=2282"},"modified":"2025-10-30T15:13:19","modified_gmt":"2025-10-30T18:13:19","slug":"rod7063-4-i","status":"publish","type":"product","link":"https:\/\/www.iea.com.ar\/en\/product\/rod7063-4-i\/","title":{"rendered":"ROD7063\/4-I"},"content":{"rendered":"","protected":false},"excerpt":{"rendered":"<p>El sensor de rodamiento ROD7063\/4-I permite evaluar las condiciones de temperatura bajo las cuales un sistema de rotaci\u00f3n est\u00e1 operando. Consta de un term\u00f3metro digital de 12 bits de resoluci\u00f3n encapsulado en una vaina de acero inoxidable de 70 mm de largo y un cable de tres hilos de 4 metros de largo. Este sensor es compatible con la interfaz definida como 1-WIRE.<\/p>\n<p><a href=\"https:\/\/manuales.iea.com.ar\/sensores-accesorios\/ROD7063_4_I-HD-PR-Rev1.00-081025.pdf\"><img decoding=\"async\" class=\"alignnone wp-image-7702 lazyload\" data-src=\"https:\/\/www.iea.com.ar\/wp-content\/uploads\/2018\/04\/BOTON-Hoja-de-Datos-300x119.png\" alt=\"\" width=\"202\" height=\"80\" data-srcset=\"https:\/\/www.iea.com.ar\/wp-content\/uploads\/2018\/04\/BOTON-Hoja-de-Datos-300x119.png 300w, https:\/\/www.iea.com.ar\/wp-content\/uploads\/2018\/04\/BOTON-Hoja-de-Datos-18x7.png 18w, https:\/\/www.iea.com.ar\/wp-content\/uploads\/2018\/04\/BOTON-Hoja-de-Datos-64x25.png 64w, https:\/\/www.iea.com.ar\/wp-content\/uploads\/2018\/04\/BOTON-Hoja-de-Datos.png 358w\" data-sizes=\"(max-width: 202px) 100vw, 202px\" src=\"data:image\/svg+xml;base64,PHN2ZyB3aWR0aD0iMSIgaGVpZ2h0PSIxIiB4bWxucz0iaHR0cDovL3d3dy53My5vcmcvMjAwMC9zdmciPjwvc3ZnPg==\" style=\"--smush-placeholder-width: 202px; --smush-placeholder-aspect-ratio: 202\/80;\" \/>\u00a0\u00a0\u00a0\u00a0\u00a0 <\/a><a href=\"https:\/\/manuales.iea.com.ar\/sensores-accesorios\/DCS_Instalaci%C3%B3nSensoresyAccesorios-GR-FA-Rev1.00-280725.pdf\"><img decoding=\"async\" class=\"alignnone wp-image-7701 lazyload\" data-src=\"https:\/\/www.iea.com.ar\/wp-content\/uploads\/2018\/04\/BOTON-Guia-de-Instalacion-300x95.png\" alt=\"\" width=\"256\" height=\"81\" data-srcset=\"https:\/\/www.iea.com.ar\/wp-content\/uploads\/2018\/04\/BOTON-Guia-de-Instalacion-300x95.png 300w, https:\/\/www.iea.com.ar\/wp-content\/uploads\/2018\/04\/BOTON-Guia-de-Instalacion-18x6.png 18w, https:\/\/www.iea.com.ar\/wp-content\/uploads\/2018\/04\/BOTON-Guia-de-Instalacion-64x20.png 64w, https:\/\/www.iea.com.ar\/wp-content\/uploads\/2018\/04\/BOTON-Guia-de-Instalacion.png 448w\" data-sizes=\"(max-width: 256px) 100vw, 256px\" src=\"data:image\/svg+xml;base64,PHN2ZyB3aWR0aD0iMSIgaGVpZ2h0PSIxIiB4bWxucz0iaHR0cDovL3d3dy53My5vcmcvMjAwMC9zdmciPjwvc3ZnPg==\" style=\"--smush-placeholder-width: 256px; --smush-placeholder-aspect-ratio: 256\/81;\" \/><\/a><\/p>","protected":false},"featured_media":2280,"comment_status":"open","ping_status":"closed","template":"","meta":{"_et_pb_use_builder":"","_et_pb_old_content":"","_et_gb_content_width":""},"product_brand":[],"product_cat":[691,310],"product_tag":[],"class_list":{"0":"post-2282","1":"product","2":"type-product","3":"status-publish","4":"has-post-thumbnail","6":"product_cat-sensores","7":"product_cat-sensores-accesorios","9":"first","10":"instock","11":"shipping-taxable","12":"product-type-simple"},"_links":{"self":[{"href":"https:\/\/www.iea.com.ar\/en\/wp-json\/wp\/v2\/product\/2282","targetHints":{"allow":["GET"]}}],"collection":[{"href":"https:\/\/www.iea.com.ar\/en\/wp-json\/wp\/v2\/product"}],"about":[{"href":"https:\/\/www.iea.com.ar\/en\/wp-json\/wp\/v2\/types\/product"}],"replies":[{"embeddable":true,"href":"https:\/\/www.iea.com.ar\/en\/wp-json\/wp\/v2\/comments?post=2282"}],"wp:featuredmedia":[{"embeddable":true,"href":"https:\/\/www.iea.com.ar\/en\/wp-json\/wp\/v2\/media\/2280"}],"wp:attachment":[{"href":"https:\/\/www.iea.com.ar\/en\/wp-json\/wp\/v2\/media?parent=2282"}],"wp:term":[{"taxonomy":"product_brand","embeddable":true,"href":"https:\/\/www.iea.com.ar\/en\/wp-json\/wp\/v2\/product_brand?post=2282"},{"taxonomy":"product_cat","embeddable":true,"href":"https:\/\/www.iea.com.ar\/en\/wp-json\/wp\/v2\/product_cat?post=2282"},{"taxonomy":"product_tag","embeddable":true,"href":"https:\/\/www.iea.com.ar\/en\/wp-json\/wp\/v2\/product_tag?post=2282"}],"curies":[{"name":"wp","href":"https:\/\/api.w.org\/{rel}","templated":true}]}}