{"id":2051,"date":"2018-03-01T14:36:12","date_gmt":"2018-03-01T17:36:12","guid":{"rendered":"https:\/\/www.iea.com.ar\/web\/?post_type=product&#038;p=2051"},"modified":"2026-04-20T16:48:42","modified_gmt":"2026-04-20T19:48:42","slug":"mtsi-nt","status":"publish","type":"product","link":"https:\/\/www.iea.com.ar\/en\/product\/mtsi-nt\/","title":{"rendered":"MTSI NT (Monitor de transportes de granos)"},"content":{"rendered":"<h6 class=\"producto-downloads\">Descargas<\/h6>\n<p><a href=\"https:\/\/manuales.iea.com.ar\/MTSI_NT_MU.pdf\" target=\"_blank\" rel=\"noopener noreferrer\"><strong>Manual del usuario<\/strong><\/a><\/p>\n<p><a href=\"https:\/\/manuales.iea.com.ar\/MTSINT-PR-MP-Rev1.02-10042026.pdf\" target=\"_blank\" rel=\"noopener noreferrer\"><strong>Manual del producto<\/strong><\/a><\/p>\n<p><a href=\"https:\/\/manuales.iea.com.ar\/MTSI_NT_MI.pdf\" target=\"_blank\" rel=\"noopener noreferrer\"><strong>Manual del integrador<\/strong><\/a><\/p>\n<p><a href=\"https:\/\/manuales.iea.com.ar\/MTSI_NT_MAPA_MB.pdf\" target=\"_blank\" rel=\"noopener noreferrer\"><strong>Mapa Modbus<\/strong><\/a><\/p>\n<h6 class=\"producto-downloads\">Compartir<\/h6>\n<div class=\"heateor_sss_sharing_container heateor_sss_horizontal_sharing\" data-heateor-ss-offset=\"0\" data-heateor-sss-href='https:\/\/www.iea.com.ar\/en\/product\/mtsi-nt\/'><div class=\"heateor_sss_sharing_ul\"><a aria-label=\"Whatsapp\" class=\"heateor_sss_whatsapp\" href=\"https:\/\/api.whatsapp.com\/send?text=MTSI%20NT%20%28Monitor%20de%20transportes%20de%20granos%29%20https%3A%2F%2Fwww.iea.com.ar%2Fen%2Fproduct%2Fmtsi-nt%2F\" title=\"Whatsapp\" rel=\"nofollow noopener\" target=\"_blank\" style=\"font-size:32px!important;box-shadow:none;display:inline-block;vertical-align:middle\"><span class=\"heateor_sss_svg\" style=\"background-color:#55eb4c;width:35px;height:35px;border-radius:999px;display:inline-block;opacity:1;float:left;font-size:32px;box-shadow:none;display:inline-block;font-size:16px;padding:0 4px;vertical-align:middle;background-repeat:repeat;overflow:hidden;padding:0;cursor:pointer;box-sizing:content-box\"><svg style=\"display:block;border-radius:999px;\" focusable=\"false\" aria-hidden=\"true\" xmlns=\"http:\/\/www.w3.org\/2000\/svg\" width=\"100%\" height=\"100%\" viewbox=\"-6 -5 40 40\"><path class=\"heateor_sss_svg_stroke heateor_sss_no_fill\" stroke=\"#fff\" stroke-width=\"2\" fill=\"none\" d=\"M 11.579798566743314 24.396926207859085 A 10 10 0 1 0 6.808479557110079 20.73576436351046\"><\/path><path d=\"M 7 19 l -1 6 l 6 -1\" class=\"heateor_sss_no_fill heateor_sss_svg_stroke\" stroke=\"#fff\" stroke-width=\"2\" fill=\"none\"><\/path><path d=\"M 10 10 q -1 8 8 11 c 5 -1 0 -6 -1 -3 q -4 -3 -5 -5 c 4 -2 -1 -5 -1 -4\" fill=\"#fff\"><\/path><\/svg><\/span><\/a><\/div><div class=\"heateorSssClear\"><\/div><\/div>","protected":false},"excerpt":{"rendered":"<h4>MONITOR DE TRANSPORTES CON UNIDADES REMOTAS INTELIGENTES (URI 824)<\/h4>\n<p>El MTSI NT es un sistema integral de protecci\u00f3n de transportadores de granos que monitorea y protege sobre-temperaturas en rodamientos y desv\u00edos de bandas, as\u00ed como deslizamientos de banda sobre rolos conducidos de elevadores, cintas y dem\u00e1s equipos de transporte de granos. Monitorea hasta 32 canales de medici\u00f3n de temperatura provenientes de una red de unidades remotas inteligentes con sensores inteligentes dotando al sistema de alta inmunidad al ruido y robustez de medici\u00f3n gracias a su red digital.<\/p>\n<div class=\"adicional\">\n<p>El MTSI NT opera como concentrador que se encarga de monitorear las temperaturas provenientes de las URI 824 y tambi\u00e9n recibe los pulsos provenientes del sensor de rotaci\u00f3n y confirmaci\u00f3n de marcha del motor para monitorear la velocidad asociada de cada transporte y de la generaci\u00f3n de alarmas y paradas del equipo. Posee un puerto de comunicaci\u00f3n RS-485 esclavo con protocolo MODBUS y un puerto de comunicaci\u00f3n RS-485 maestro con protocolo PROPIETARIO, y una interfaz Ethernet con protocolo MODBUS TCP \/IP. A trav\u00e9s de la p\u00e1gina web embebida, es posible leer el estado de los registros de temperatura y velocidad y configurar el equipo.<\/p>\n<p>Una de las caracter\u00edsticas principales del dispositivo MTSI NT reside en una disminuci\u00f3n importante de cableado debido a que la unidad URI 824 se puede instalar cercana de los sensores, pudi\u00e9ndose agrupar por sectores (cabezal, pie de noria, etc.). Adem\u00e1s permite detectar si hubo un intercambio de sensores o ubicaci\u00f3n err\u00f3nea de los mismos en las borneras de la URI.<\/p>\n<div class=\"large-5 columns\"><\/div>\n<div class=\"large-7 columns especificaciones\">\n<p>&nbsp;<\/p>\n<h5>ENTRADAS Y SALIDAS:<\/h5>\n<ul>\n<li>Medici\u00f3n de 32 canales de temperatura\u00a0 con\u00a0 sensores inteligentes a trav\u00e9s de las UNIDADES REMOTAS INTELIGENTES (URI 824).\u00a0 Rango de medici\u00f3n de -55.0\u00b0C a 125.0\u00b0C. Filtros digitales programables.<\/li>\n<li>2\u00a0 entradas digitales opto aisladas con funciones programables, entre ellas la medici\u00f3n de velocidad y verificaci\u00f3n de retorno de marcha.<\/li>\n<li>2\u00a0 salidas digitales de rel\u00e9 con funciones programables, entre ellas la activaci\u00f3n de alarma y parada por sobre temperatura y sub velocidad respectivamente.<\/li>\n<li>Interfaces de comunicaci\u00f3n:\n<ul>\n<li>Una Interfaz RS485 aislada con Protocolo MODBUS Esclavo.<\/li>\n<li>Una interfaz RS485 maestra que se comunica con las URI 824.<\/li>\n<\/ul>\n<\/li>\n<\/ul>\n<h5>ETHERNET:<\/h5>\n<\/div>\n<ul>\n<li>Protocolo MODBUS TCP\/IP con hasta 16 conexiones simult\u00e1neas.<\/li>\n<li>P\u00e1gina WEB embebida donde se visualizan datos en tiempo real y tambi\u00e9n se configuran los par\u00e1metros del equipo.<\/li>\n<li>Comunicaci\u00f3n mediante lenguaje JSON y consultas HTTP.<\/li>\n<li>UPGRADE de firmware a trav\u00e9s de esta interfaz.<\/li>\n<\/ul>\n<h5>FUNCIONALIDAD:<\/h5>\n<p><strong>Caracter\u00edsticas de control:<\/strong><\/p>\n<p>El MTSI NT permite configurar, por cada canal de medici\u00f3n, las siguientes alarmas y paradas que accionan las salidas digitales correspondientes:<\/p>\n<ul>\n<li>Actualizaci\u00f3n de las mediciones de temperatura: 2 segundos.<\/li>\n<li>Detecci\u00f3n de alarmas y paradas absolutas de temperatura por cada punto de medici\u00f3n.<\/li>\n<li>Detecci\u00f3n de alarmas y paradas de temperatura relativas originadas a partir de los grupos de medici\u00f3n.<\/li>\n<li>Detecci\u00f3n de alarmas y paradas por incremento de temperatura (deriva t\u00e9rmica) en el t\u00e9rmino de 10 segundos.<\/li>\n<li>Detecci\u00f3n de alarmas y paradas por sub velocidad de transporte.<\/li>\n<li>Detecci\u00f3n de cambio en la ubicaci\u00f3n de los sensores.<\/li>\n<\/ul>\n<p><strong>Configuraciones:<\/strong><br \/>\nA trav\u00e9s de la interfaz de comunicaci\u00f3n se pueden configurar los siguientes par\u00e1metros:<\/p>\n<ul>\n<li>Valores de alarma y parada.<\/li>\n<li>Rango\u00a0 de la velocidad en\u00a0 RPM (Span).<\/li>\n<li>Habilitaci\u00f3n de sensores.<\/li>\n<li>Alarma y parada por cambio de Sensor.<\/li>\n<li>Entradas y salidas digitales.<\/li>\n<li>Retenci\u00f3n de alarmas.<\/li>\n<li>Par\u00e1metros del\u00a0 Puerto de comunicaci\u00f3n Ethernet.<\/li>\n<\/ul>\n<p><strong>Detecci\u00f3n de fallas y diagn\u00f3stico:<\/strong><\/p>\n<ul>\n<li>Indicaci\u00f3n de sensor abierto o en corto.<\/li>\n<li>Indicaci\u00f3n de unidad remota desconectada.<\/li>\n<li>Indicaci\u00f3n de unidad remota con n\u00famero de nodo repetido.<\/li>\n<li>Indicaci\u00f3n de configuraci\u00f3n incorrecta de la cantidad de sensores.<\/li>\n<li>Detecci\u00f3n si hubo un intercambio de sensores\u00a0 o ubicaci\u00f3n err\u00f3nea en las borneras de la URI.<\/li>\n<\/ul>\n<div class=\"large-7 columns especificaciones\">\n<h5>ESPECIFICACIONES:<\/h5>\n<ul>\n<li>Alimentaci\u00f3n: 24 Vcc.<\/li>\n<li>Consumo de potencia: 8 VA.<\/li>\n<li>Entrada de medici\u00f3n de velocidad optoaislada.<\/li>\n<li>Entrada de confirmaci\u00f3n de marcha.<\/li>\n<li>Gabinete: 48 x 96 x 110 mm.<\/li>\n<li>Comunicaci\u00f3n: RS-485 y Modbus TCP sobre Ethernet.<\/li>\n<li>Peso: 365 grs.<\/li>\n<\/ul>\n<\/div>\n<\/div>","protected":false},"featured_media":2052,"comment_status":"open","ping_status":"closed","template":"","meta":{"_et_pb_use_builder":"","_et_pb_old_content":"","_et_gb_content_width":""},"product_brand":[],"product_cat":[120],"product_tag":[159,160,161,162],"class_list":{"0":"post-2051","1":"product","2":"type-product","3":"status-publish","4":"has-post-thumbnail","6":"product_cat-adquisidores-de-datos-perifericos","7":"product_tag-mtsi","8":"product_tag-mtsi-nt","9":"product_tag-uri","10":"product_tag-uri-824","12":"first","13":"instock","14":"shipping-taxable","15":"product-type-simple"},"_links":{"self":[{"href":"https:\/\/www.iea.com.ar\/en\/wp-json\/wp\/v2\/product\/2051","targetHints":{"allow":["GET"]}}],"collection":[{"href":"https:\/\/www.iea.com.ar\/en\/wp-json\/wp\/v2\/product"}],"about":[{"href":"https:\/\/www.iea.com.ar\/en\/wp-json\/wp\/v2\/types\/product"}],"replies":[{"embeddable":true,"href":"https:\/\/www.iea.com.ar\/en\/wp-json\/wp\/v2\/comments?post=2051"}],"wp:featuredmedia":[{"embeddable":true,"href":"https:\/\/www.iea.com.ar\/en\/wp-json\/wp\/v2\/media\/2052"}],"wp:attachment":[{"href":"https:\/\/www.iea.com.ar\/en\/wp-json\/wp\/v2\/media?parent=2051"}],"wp:term":[{"taxonomy":"product_brand","embeddable":true,"href":"https:\/\/www.iea.com.ar\/en\/wp-json\/wp\/v2\/product_brand?post=2051"},{"taxonomy":"product_cat","embeddable":true,"href":"https:\/\/www.iea.com.ar\/en\/wp-json\/wp\/v2\/product_cat?post=2051"},{"taxonomy":"product_tag","embeddable":true,"href":"https:\/\/www.iea.com.ar\/en\/wp-json\/wp\/v2\/product_tag?post=2051"}],"curies":[{"name":"wp","href":"https:\/\/api.w.org\/{rel}","templated":true}]}}