{"id":2037,"date":"2018-02-28T12:14:11","date_gmt":"2018-02-28T15:14:11","guid":{"rendered":"https:\/\/www.iea.com.ar\/web\/?post_type=product&#038;p=2037"},"modified":"2024-08-05T08:51:24","modified_gmt":"2024-08-05T11:51:24","slug":"com-9818-wie","status":"publish","type":"product","link":"https:\/\/www.iea.com.ar\/en\/product\/com-9818-wie\/","title":{"rendered":"COM 9818 WIE"},"content":{"rendered":"<h6 class=\"producto-downloads\">Descargas<\/h6>\n<p><a href=\"https:\/\/manuales.iea.com.ar\/COM9818_WIE_MPv2.1.pdf\" target=\"_blank\" rel=\"noopener\"><strong>Manual del usuario<\/strong><\/a><\/p>\n<h6 class=\"producto-downloads\">Compartir<\/h6>\n<div class=\"heateor_sss_sharing_container heateor_sss_horizontal_sharing\" data-heateor-ss-offset=\"0\" data-heateor-sss-href='https:\/\/www.iea.com.ar\/en\/product\/com-9818-wie\/'><div class=\"heateor_sss_sharing_ul\"><a aria-label=\"Whatsapp\" class=\"heateor_sss_whatsapp\" href=\"https:\/\/api.whatsapp.com\/send?text=COM%209818%20WIE%20https%3A%2F%2Fwww.iea.com.ar%2Fen%2Fproduct%2Fcom-9818-wie%2F\" title=\"Whatsapp\" rel=\"nofollow noopener\" target=\"_blank\" style=\"font-size:32px!important;box-shadow:none;display:inline-block;vertical-align:middle\"><span class=\"heateor_sss_svg\" style=\"background-color:#55eb4c;width:35px;height:35px;border-radius:999px;display:inline-block;opacity:1;float:left;font-size:32px;box-shadow:none;display:inline-block;font-size:16px;padding:0 4px;vertical-align:middle;background-repeat:repeat;overflow:hidden;padding:0;cursor:pointer;box-sizing:content-box\"><svg style=\"display:block;border-radius:999px;\" focusable=\"false\" aria-hidden=\"true\" xmlns=\"http:\/\/www.w3.org\/2000\/svg\" width=\"100%\" height=\"100%\" viewbox=\"-6 -5 40 40\"><path class=\"heateor_sss_svg_stroke heateor_sss_no_fill\" stroke=\"#fff\" stroke-width=\"2\" fill=\"none\" d=\"M 11.579798566743314 24.396926207859085 A 10 10 0 1 0 6.808479557110079 20.73576436351046\"><\/path><path d=\"M 7 19 l -1 6 l 6 -1\" class=\"heateor_sss_no_fill heateor_sss_svg_stroke\" stroke=\"#fff\" stroke-width=\"2\" fill=\"none\"><\/path><path d=\"M 10 10 q -1 8 8 11 c 5 -1 0 -6 -1 -3 q -4 -3 -5 -5 c 4 -2 -1 -5 -1 -4\" fill=\"#fff\"><\/path><\/svg><\/span><\/a><\/div><div class=\"heateorSssClear\"><\/div><\/div>","protected":false},"excerpt":{"rendered":"<h4>CONVERSOR WIEGAND \/ MODBUS MB-TCP<\/h4>\n<p>El COM9818-WIE es un dispositivo dise\u00f1ado para conectar un equipo terminal con interfaz WIEGAND a una red de campo Ethernet con protocolo MB-TCP. El mismo est\u00e1 dise\u00f1ado para funcionar en \u00e1mbitos industriales.<\/p>\n<div class=\"adicional\">\n<p>Consta de una entrada de se\u00f1al TTL de dos hilos que opera en modo SIMPLEX (de solo escucha) y decodifica el formato de RFID, WIEGAND-26, presentando la informaci\u00f3n mediante una tabla de intercambio modbus. En esta se inserta a su vez una marca temporal asociada con cada lectura del terminal, mediante un Reloj de Tiempo Real (RTC), generando una cola de tipo FIFO (Fist Input &#8211; First Output) de hasta 10 elementos historizados. La informaci\u00f3n puede ser accedida simult\u00e1neamente mediante una consulta Modbus (Port 502) o mediante la p\u00e1gina web embebida, donde adem\u00e1s se accede a la configuraci\u00f3n de red y sincronizaci\u00f3n de RTC.<\/p>\n<div class=\"large-5 columns\"><\/div>\n<div class=\"large-7 columns especificaciones\">\n<p>&nbsp;<\/p>\n<h5>ESPECIFICACIONES:<\/h5>\n<ul>\n<li>Tensi\u00f3n de alimentaci\u00f3n: 9\u00a0 a 28 Vcc\u00a0 o 9 a 24 Vca<\/li>\n<li>Montaje: riel DIN.<\/li>\n<li>Conexi\u00f3n de interfaz WIEGAND:\u00a0Terminales a tornillo para cables AWG16-AWG24.<\/li>\n<li>Conexi\u00f3n de interfaz TCP: Macho RJ 45.<\/li>\n<li>Conexi\u00f3n de interfaz RS-485: Terminales a tornillo para cables AWG16-AWG24.<\/li>\n<li>Salida a colector abierto para se\u00f1al de inhibici\u00f3n (HOLD).<\/li>\n<li>Reloj de Tiempo Real (RTC) sincronizable v\u00eda MB-TCP.<\/li>\n<li>Retenci\u00f3n de informaci\u00f3n en soporte NO vol\u00e1til durante 1Hs.<\/li>\n<li>Temperatura de operaci\u00f3n: 0\u00baC a 65\u00baC.<\/li>\n<li>Humedad de operaci\u00f3n: 5% a 90% sin condensaci\u00f3n.<\/li>\n<\/ul>\n<h5>Protocolos aceptados<\/h5>\n<ul>\n<li>Protocolos de Red: TCP\/IP, UDP, HTTP, ICMP, ARP, MODBUS\/TCP.<\/li>\n<li>Protocolo RFID: WIEGAND- 26.<\/li>\n<\/ul>\n<h5>Par\u00e1metros de la Red Modbus TCP:<\/h5>\n<ul>\n<li>Direcci\u00f3n IP.<\/li>\n<li>Mascara de Subred.<\/li>\n<li>Puerta de enlace predeterminada (Gateway).<\/li>\n<li><a name=\"_Toc368384878\"><\/a> Puertos TCP:<\/li>\n<li>Puerto http: n\u00famero de puerto por el que se procesan las consultas http. A trav\u00e9s de este puerto se accede a la p\u00e1gina web embebida del equipo.<\/li>\n<li>Puerto Modbus\/TCP: n\u00famero de puerto por el que se procesan las consultas Modbus\/TCP.<\/li>\n<li>N\u00famero total de puertos abiertos simult\u00e1neamente: 10<\/li>\n<li><a name=\"_Toc368384879\"><\/a><a name=\"_Toc362871019\"><\/a> Velocidad y Duplex:<\/li>\n<li>10 MB\/seg. HALF DUPLEX<\/li>\n<li>10 MB\/seg. FULL DUPLEX<\/li>\n<li>100 MB\/seg. HALF DUPLEX<\/li>\n<li>100 MB\/seg. FULL DUPLEX<\/li>\n<li>AUTONEGOCIACION<\/li>\n<li>Tiempo de desconexi\u00f3n: Es el tiempo en segundos que se mantiene una conexi\u00f3n Modbus TCP abierta sin que haya ninguna consulta. Al alcanzar este tiempo el COM9818-WIE cierra la conexi\u00f3n.<\/li>\n<\/ul>\n<h5>Baud rate:<\/h5>\n<ul>\n<li>9600, 192000, 28800, 38400, 56000, 57600, 115200<\/li>\n<\/ul>\n<\/div>\n<\/div>","protected":false},"featured_media":1546,"comment_status":"open","ping_status":"closed","template":"","meta":{"_et_pb_use_builder":"","_et_pb_old_content":"","_et_gb_content_width":""},"product_brand":[],"product_cat":[113],"product_tag":[158,156,157],"class_list":{"0":"post-2037","1":"product","2":"type-product","3":"status-publish","4":"has-post-thumbnail","6":"product_cat-adaptadores-de-comunicacion","7":"product_tag-modbus-tcp","8":"product_tag-wiegand","9":"product_tag-wiegand-tcp","11":"first","12":"instock","13":"shipping-taxable","14":"product-type-simple"},"_links":{"self":[{"href":"https:\/\/www.iea.com.ar\/en\/wp-json\/wp\/v2\/product\/2037","targetHints":{"allow":["GET"]}}],"collection":[{"href":"https:\/\/www.iea.com.ar\/en\/wp-json\/wp\/v2\/product"}],"about":[{"href":"https:\/\/www.iea.com.ar\/en\/wp-json\/wp\/v2\/types\/product"}],"replies":[{"embeddable":true,"href":"https:\/\/www.iea.com.ar\/en\/wp-json\/wp\/v2\/comments?post=2037"}],"wp:featuredmedia":[{"embeddable":true,"href":"https:\/\/www.iea.com.ar\/en\/wp-json\/wp\/v2\/media\/1546"}],"wp:attachment":[{"href":"https:\/\/www.iea.com.ar\/en\/wp-json\/wp\/v2\/media?parent=2037"}],"wp:term":[{"taxonomy":"product_brand","embeddable":true,"href":"https:\/\/www.iea.com.ar\/en\/wp-json\/wp\/v2\/product_brand?post=2037"},{"taxonomy":"product_cat","embeddable":true,"href":"https:\/\/www.iea.com.ar\/en\/wp-json\/wp\/v2\/product_cat?post=2037"},{"taxonomy":"product_tag","embeddable":true,"href":"https:\/\/www.iea.com.ar\/en\/wp-json\/wp\/v2\/product_tag?post=2037"}],"curies":[{"name":"wp","href":"https:\/\/api.w.org\/{rel}","templated":true}]}}