{"id":1722,"date":"2017-11-23T22:36:41","date_gmt":"2017-11-24T01:36:41","guid":{"rendered":"https:\/\/www.iea.com.ar\/web\/?post_type=product&#038;p=1722"},"modified":"2018-03-13T10:28:36","modified_gmt":"2018-03-13T13:28:36","slug":"ts-200-er","status":"publish","type":"product","link":"https:\/\/www.iea.com.ar\/en\/product\/ts-200-er\/","title":{"rendered":"TS 200\/ER"},"content":{"rendered":"<div class=\"large-5 columns\"><a href=\"https:\/\/img.iea.com.ar\/web\/productos\/COTAS_DIN_43604.jpg\" target=\"_blank\" rel=\"noopener\"><img decoding=\"async\" data-src=\"https:\/\/img.iea.com.ar\/web\/productos\/COTAS_DIN_43604.jpg\" src=\"data:image\/svg+xml;base64,PHN2ZyB3aWR0aD0iMSIgaGVpZ2h0PSIxIiB4bWxucz0iaHR0cDovL3d3dy53My5vcmcvMjAwMC9zdmciPjwvc3ZnPg==\" class=\"lazyload\" \/><\/a><\/div>\n<h6 class=\"producto-downloads\">Descargas<\/h6>\n<p><a href=\"https:\/\/manuales.iea.com.ar\/TS200_ER.pdf\" target=\"_blank\" rel=\"noopener\"><strong>Manual del usuario<\/strong><\/a><\/p>\n<h6 class=\"producto-downloads\">Compartir<\/h6>\n<div class=\"heateor_sss_sharing_container heateor_sss_horizontal_sharing\" data-heateor-ss-offset=\"0\" data-heateor-sss-href='https:\/\/www.iea.com.ar\/en\/product\/ts-200-er\/'><div class=\"heateor_sss_sharing_ul\"><a aria-label=\"Whatsapp\" class=\"heateor_sss_whatsapp\" href=\"https:\/\/api.whatsapp.com\/send?text=TS%20200%2FER%20https%3A%2F%2Fwww.iea.com.ar%2Fen%2Fproduct%2Fts-200-er%2F\" title=\"Whatsapp\" rel=\"nofollow noopener\" target=\"_blank\" style=\"font-size:32px!important;box-shadow:none;display:inline-block;vertical-align:middle\"><span class=\"heateor_sss_svg\" style=\"background-color:#55eb4c;width:35px;height:35px;border-radius:999px;display:inline-block;opacity:1;float:left;font-size:32px;box-shadow:none;display:inline-block;font-size:16px;padding:0 4px;vertical-align:middle;background-repeat:repeat;overflow:hidden;padding:0;cursor:pointer;box-sizing:content-box\"><svg style=\"display:block;border-radius:999px;\" focusable=\"false\" aria-hidden=\"true\" xmlns=\"http:\/\/www.w3.org\/2000\/svg\" width=\"100%\" height=\"100%\" viewbox=\"-6 -5 40 40\"><path class=\"heateor_sss_svg_stroke heateor_sss_no_fill\" stroke=\"#fff\" stroke-width=\"2\" fill=\"none\" d=\"M 11.579798566743314 24.396926207859085 A 10 10 0 1 0 6.808479557110079 20.73576436351046\"><\/path><path d=\"M 7 19 l -1 6 l 6 -1\" class=\"heateor_sss_no_fill heateor_sss_svg_stroke\" stroke=\"#fff\" stroke-width=\"2\" fill=\"none\"><\/path><path d=\"M 10 10 q -1 8 8 11 c 5 -1 0 -6 -1 -3 q -4 -3 -5 -5 c 4 -2 -1 -5 -1 -4\" fill=\"#fff\"><\/path><\/svg><\/span><\/a><\/div><div class=\"heateorSssClear\"><\/div><\/div>","protected":false},"excerpt":{"rendered":"<h4>TRANSMISOR DE SE\u00d1AL PARA ENCODER ROTATIVOS<\/h4>\n<p>Los transmisores de estado s\u00f3lido, de la serie TS200 para montaje en fondo de panel en gabinete Din 43604, son especialmente aptos para la transmisi\u00f3n de se\u00f1ales de campo en l\u00edneas de corriente 4 a 20 mAcc sin aislaci\u00f3n galv\u00e1nica entre la entrada del sensor y la salida de corriente. De gran robustez mec\u00e1nica y reducidas dimensiones, est\u00e1n construidos con circuitos electr\u00f3nicos de ultima generaci\u00f3n.<\/p>\n<div class=\"adicional\">\n<div class=\"large-5 columns\"><\/div>\n<div class=\"large-7 columns especificaciones\">\n<h5>Especificaciones:<\/h5>\n<ul>\n<li>Transmisi\u00f3n de se\u00f1al de campo TS200.<\/li>\n<li>Se\u00f1al de entrada: configuraci\u00f3n a pedido de acuerdo al siguiente detalle<\/li>\n<li>TS 200 Hz: entrada de pulsos provenientes de elementos de campo tales como: PLC\u2019s, encoder rotativos, \u00f3 salidas tipo CMOS \u00f3 TTL, etc.<\/li>\n<li>Rango de salida:4 a 20mACC (sobre carga m\u00e1xima 250 ohm) otra configuraci\u00f3n a pedido.<\/li>\n<li>Se\u00f1al de entrada: 0 a 666 HZ<\/li>\n<li>Rango de temperatura de trabajo: 0 &#8211; 50 \u00baC<\/li>\n<li>Clase : 0,5.<\/li>\n<li>Tiempo de respuesta: del 10% al 90% del rango en 2000 mseg.<\/li>\n<li>Tensi\u00f3n de alimentaci\u00f3n:220 VCA 4 (VA).<\/li>\n<li>Montaje sobre riel DIN.<\/li>\n<\/ul>\n<\/div>\n<\/div>","protected":false},"featured_media":1723,"comment_status":"open","ping_status":"closed","template":"","meta":{"_et_pb_use_builder":"","_et_pb_old_content":"","_et_gb_content_width":""},"product_brand":[],"product_cat":[122],"product_tag":[169,168,172,173,164,165],"class_list":{"0":"post-1722","1":"product","2":"type-product","3":"status-publish","4":"has-post-thumbnail","6":"product_cat-transmisores-de-senal-con-salida-4a20ma","7":"product_tag-20ma","8":"product_tag-4ma","9":"product_tag-encoder","10":"product_tag-rotativos","11":"product_tag-transmisor","12":"product_tag-ts200","14":"first","15":"instock","16":"shipping-taxable","17":"product-type-simple"},"_links":{"self":[{"href":"https:\/\/www.iea.com.ar\/en\/wp-json\/wp\/v2\/product\/1722","targetHints":{"allow":["GET"]}}],"collection":[{"href":"https:\/\/www.iea.com.ar\/en\/wp-json\/wp\/v2\/product"}],"about":[{"href":"https:\/\/www.iea.com.ar\/en\/wp-json\/wp\/v2\/types\/product"}],"replies":[{"embeddable":true,"href":"https:\/\/www.iea.com.ar\/en\/wp-json\/wp\/v2\/comments?post=1722"}],"wp:featuredmedia":[{"embeddable":true,"href":"https:\/\/www.iea.com.ar\/en\/wp-json\/wp\/v2\/media\/1723"}],"wp:attachment":[{"href":"https:\/\/www.iea.com.ar\/en\/wp-json\/wp\/v2\/media?parent=1722"}],"wp:term":[{"taxonomy":"product_brand","embeddable":true,"href":"https:\/\/www.iea.com.ar\/en\/wp-json\/wp\/v2\/product_brand?post=1722"},{"taxonomy":"product_cat","embeddable":true,"href":"https:\/\/www.iea.com.ar\/en\/wp-json\/wp\/v2\/product_cat?post=1722"},{"taxonomy":"product_tag","embeddable":true,"href":"https:\/\/www.iea.com.ar\/en\/wp-json\/wp\/v2\/product_tag?post=1722"}],"curies":[{"name":"wp","href":"https:\/\/api.w.org\/{rel}","templated":true}]}}