{"id":1716,"date":"2017-11-23T22:28:16","date_gmt":"2017-11-24T01:28:16","guid":{"rendered":"https:\/\/www.iea.com.ar\/web\/?post_type=product&#038;p=1716"},"modified":"2018-03-13T10:40:48","modified_gmt":"2018-03-13T13:40:48","slug":"ts-200-i-i","status":"publish","type":"product","link":"https:\/\/www.iea.com.ar\/en\/product\/ts-200-i-i\/","title":{"rendered":"TS 200 I\/I"},"content":{"rendered":"<div class=\"large-5 columns\"><a href=\"https:\/\/img.iea.com.ar\/web\/productos\/COTAS_DIN_43604.jpg\" target=\"_blank\" rel=\"noopener\"><img decoding=\"async\" data-src=\"https:\/\/img.iea.com.ar\/web\/productos\/COTAS_DIN_43604.jpg\" src=\"data:image\/svg+xml;base64,PHN2ZyB3aWR0aD0iMSIgaGVpZ2h0PSIxIiB4bWxucz0iaHR0cDovL3d3dy53My5vcmcvMjAwMC9zdmciPjwvc3ZnPg==\" class=\"lazyload\" \/><\/a><\/div>\n<h6 class=\"producto-downloads\">Descargas<\/h6>\n<p><a href=\"https:\/\/manuales.iea.com.ar\/TS200_TI.pdf\" target=\"_blank\" rel=\"noopener\"><strong>Manual del usuario<\/strong><\/a><\/p>\n<h6 class=\"producto-downloads\">Compartir<\/h6>\n<div class=\"heateor_sss_sharing_container heateor_sss_horizontal_sharing\" data-heateor-ss-offset=\"0\" data-heateor-sss-href='https:\/\/www.iea.com.ar\/en\/product\/ts-200-i-i\/'><div class=\"heateor_sss_sharing_ul\"><a aria-label=\"Whatsapp\" class=\"heateor_sss_whatsapp\" href=\"https:\/\/api.whatsapp.com\/send?text=TS%20200%20I%2FI%20https%3A%2F%2Fwww.iea.com.ar%2Fen%2Fproduct%2Fts-200-i-i%2F\" title=\"Whatsapp\" rel=\"nofollow noopener\" target=\"_blank\" style=\"font-size:32px!important;box-shadow:none;display:inline-block;vertical-align:middle\"><span class=\"heateor_sss_svg\" style=\"background-color:#55eb4c;width:35px;height:35px;border-radius:999px;display:inline-block;opacity:1;float:left;font-size:32px;box-shadow:none;display:inline-block;font-size:16px;padding:0 4px;vertical-align:middle;background-repeat:repeat;overflow:hidden;padding:0;cursor:pointer;box-sizing:content-box\"><svg style=\"display:block;border-radius:999px;\" focusable=\"false\" aria-hidden=\"true\" xmlns=\"http:\/\/www.w3.org\/2000\/svg\" width=\"100%\" height=\"100%\" viewbox=\"-6 -5 40 40\"><path class=\"heateor_sss_svg_stroke heateor_sss_no_fill\" stroke=\"#fff\" stroke-width=\"2\" fill=\"none\" d=\"M 11.579798566743314 24.396926207859085 A 10 10 0 1 0 6.808479557110079 20.73576436351046\"><\/path><path d=\"M 7 19 l -1 6 l 6 -1\" class=\"heateor_sss_no_fill heateor_sss_svg_stroke\" stroke=\"#fff\" stroke-width=\"2\" fill=\"none\"><\/path><path d=\"M 10 10 q -1 8 8 11 c 5 -1 0 -6 -1 -3 q -4 -3 -5 -5 c 4 -2 -1 -5 -1 -4\" fill=\"#fff\"><\/path><\/svg><\/span><\/a><\/div><div class=\"heateorSssClear\"><\/div><\/div>","protected":false},"excerpt":{"rendered":"<h4>TRANSMISOR DE SE\u00d1AL PARA TRANSFORMADORES DE INTENSIDAD NORMALIZADOS<\/h4>\n<p>Los transmisores de estado s\u00f3lido, de la serie TS200 corriente alterna a corriente continua, para montaje en riel DIN 43604 para fondo de panel, son especialmente aptos para la transmisi\u00f3n de se\u00f1ales de campo provenientes de transformadores de intensidad de 5 Amperes de salida en l\u00edneas de corriente 4 a 20 mACC, no poseen aislaci\u00f3n galv\u00e1nica entre la entrada del transformador y la salida de corriente por no ser necesaria dado que la provee el propio transformador. De gran robustez mec\u00e1nica y reducidas dimensiones, est\u00e1n construidos con circuitos electr\u00f3nicos de ultima generaci\u00f3n.<\/p>\n<div class=\"adicional\">\n<div class=\"large-5 columns\"><\/div>\n<div class=\"large-7 columns especificaciones\">\n<h5>Especificaciones:<\/h5>\n<ul>\n<li>Transmisi\u00f3n de se\u00f1al de campo TS200 I \/ I.<\/li>\n<li>Entrada proveniente de TI 0 \/ 5 ACA<\/li>\n<li>Rango de salida: 4 a 20 mACC(sobre carga m\u00e1xima 1Kohm) otra configuraci\u00f3n a pedido.<\/li>\n<li>Frecuencia de operaci\u00f3n: 50 hz + 10%<\/li>\n<li>Rango de temperatura de trabajo: 0 &#8211; 50 C<\/li>\n<li>Clase : 0,5.<\/li>\n<li>Tiempo de respuesta: del 10% al 90% del rango en 100 mseg.<\/li>\n<li>Tensi\u00f3n de alimentaci\u00f3n: 110 (V) o 220 (V) + 10% 4 (VA).<\/li>\n<li>Montaje sobre riel DIN.<\/li>\n<\/ul>\n<\/div>\n<\/div>","protected":false},"featured_media":1717,"comment_status":"open","ping_status":"closed","template":"","meta":{"_et_pb_use_builder":"","_et_pb_old_content":"","_et_gb_content_width":""},"product_brand":[],"product_cat":[122],"product_tag":[169,168,176,164,165],"class_list":{"0":"post-1716","1":"product","2":"type-product","3":"status-publish","4":"has-post-thumbnail","6":"product_cat-transmisores-de-senal-con-salida-4a20ma","7":"product_tag-20ma","8":"product_tag-4ma","9":"product_tag-ti","10":"product_tag-transmisor","11":"product_tag-ts200","13":"first","14":"instock","15":"shipping-taxable","16":"product-type-simple"},"_links":{"self":[{"href":"https:\/\/www.iea.com.ar\/en\/wp-json\/wp\/v2\/product\/1716","targetHints":{"allow":["GET"]}}],"collection":[{"href":"https:\/\/www.iea.com.ar\/en\/wp-json\/wp\/v2\/product"}],"about":[{"href":"https:\/\/www.iea.com.ar\/en\/wp-json\/wp\/v2\/types\/product"}],"replies":[{"embeddable":true,"href":"https:\/\/www.iea.com.ar\/en\/wp-json\/wp\/v2\/comments?post=1716"}],"wp:featuredmedia":[{"embeddable":true,"href":"https:\/\/www.iea.com.ar\/en\/wp-json\/wp\/v2\/media\/1717"}],"wp:attachment":[{"href":"https:\/\/www.iea.com.ar\/en\/wp-json\/wp\/v2\/media?parent=1716"}],"wp:term":[{"taxonomy":"product_brand","embeddable":true,"href":"https:\/\/www.iea.com.ar\/en\/wp-json\/wp\/v2\/product_brand?post=1716"},{"taxonomy":"product_cat","embeddable":true,"href":"https:\/\/www.iea.com.ar\/en\/wp-json\/wp\/v2\/product_cat?post=1716"},{"taxonomy":"product_tag","embeddable":true,"href":"https:\/\/www.iea.com.ar\/en\/wp-json\/wp\/v2\/product_tag?post=1716"}],"curies":[{"name":"wp","href":"https:\/\/api.w.org\/{rel}","templated":true}]}}