{"id":1713,"date":"2017-11-23T22:22:24","date_gmt":"2017-11-24T01:22:24","guid":{"rendered":"https:\/\/www.iea.com.ar\/web\/?post_type=product&#038;p=1713"},"modified":"2018-03-15T07:55:11","modified_gmt":"2018-03-15T10:55:11","slug":"thr-50","status":"publish","type":"product","link":"https:\/\/www.iea.com.ar\/en\/product\/thr-50\/","title":{"rendered":"THR-50"},"content":{"rendered":"<h6 class=\"producto-downloads\">Descargas<\/h6>\n<p><a href=\"https:\/\/manuales.iea.com.ar\/TRANS_THR_50.pdf\" target=\"_blank\" rel=\"noopener\"><strong>Manual del usuario<\/strong><\/a><\/p>\n<h6 class=\"producto-downloads\">Compartir<\/h6>\n<div class=\"heateor_sss_sharing_container heateor_sss_horizontal_sharing\" data-heateor-ss-offset=\"0\" data-heateor-sss-href='https:\/\/www.iea.com.ar\/en\/product\/thr-50\/'><div class=\"heateor_sss_sharing_ul\"><a aria-label=\"Whatsapp\" class=\"heateor_sss_whatsapp\" href=\"https:\/\/api.whatsapp.com\/send?text=THR-50%20https%3A%2F%2Fwww.iea.com.ar%2Fen%2Fproduct%2Fthr-50%2F\" title=\"Whatsapp\" rel=\"nofollow noopener\" target=\"_blank\" style=\"font-size:32px!important;box-shadow:none;display:inline-block;vertical-align:middle\"><span class=\"heateor_sss_svg\" style=\"background-color:#55eb4c;width:35px;height:35px;border-radius:999px;display:inline-block;opacity:1;float:left;font-size:32px;box-shadow:none;display:inline-block;font-size:16px;padding:0 4px;vertical-align:middle;background-repeat:repeat;overflow:hidden;padding:0;cursor:pointer;box-sizing:content-box\"><svg style=\"display:block;border-radius:999px;\" focusable=\"false\" aria-hidden=\"true\" xmlns=\"http:\/\/www.w3.org\/2000\/svg\" width=\"100%\" height=\"100%\" viewbox=\"-6 -5 40 40\"><path class=\"heateor_sss_svg_stroke heateor_sss_no_fill\" stroke=\"#fff\" stroke-width=\"2\" fill=\"none\" d=\"M 11.579798566743314 24.396926207859085 A 10 10 0 1 0 6.808479557110079 20.73576436351046\"><\/path><path d=\"M 7 19 l -1 6 l 6 -1\" class=\"heateor_sss_no_fill heateor_sss_svg_stroke\" stroke=\"#fff\" stroke-width=\"2\" fill=\"none\"><\/path><path d=\"M 10 10 q -1 8 8 11 c 5 -1 0 -6 -1 -3 q -4 -3 -5 -5 c 4 -2 -1 -5 -1 -4\" fill=\"#fff\"><\/path><\/svg><\/span><\/a><\/div><div class=\"heateorSssClear\"><\/div><\/div>","protected":false},"excerpt":{"rendered":"<h4>TRANSMISOR DE HUMEDAD Y TEMPERATURA AMBIENTE<\/h4>\n<p>El sensor, se provee dispuesto en una robusta caja met\u00e1lica con una sonda de acero inoxidable y consta de dos partes claramente definidas, la medici\u00f3n de humedad relativa se realiza mediante un preciso dispositivo electr\u00f3nico de ultima generaci\u00f3n, y la medici\u00f3n de temperatura se realiza mediante una RTD Pt100 de tres hilos.<\/p>\n<div class=\"adicional\">\n<div class=\"large-5 columns\"><\/div>\n<div class=\"large-7 columns especificaciones\">\n<h5>Especificaciones del transmisor de humedad:<\/h5>\n<ul>\n<li>Rango de medici\u00f3n:<strong>\u00a0<\/strong>0 a 100 % (sin condensaci\u00f3n).<\/li>\n<li>Rango de operaci\u00f3n:<strong>\u00a0<\/strong>2 A 85 %.<\/li>\n<li>Salida:\u00a04 a 20 mACC (dos hilos, no polarizados).<\/li>\n<li>Dispersi\u00f3n:<strong>\u00a0<\/strong>+\/- 2,5 %.<\/li>\n<li>Estabilidad:\u00a01,2 % por a\u00f1o.<\/li>\n<li>Deriva por temperatura:\u00a0compensada autom\u00e1ticamente.<\/li>\n<li>Tiempo de repuesta:\u00a015 segundos (con aire circulante a 5 Km\/Hr).<\/li>\n<li>Temperatura de operaci\u00f3n:<strong>\u00a0<\/strong>-40 a 85 \u00baC.<\/li>\n<li>Tensi\u00f3n de alimentaci\u00f3n:\u00a010 A 30 VCC.<\/li>\n<\/ul>\n<h5>Especificaciones del transmisor de temperatura:<\/h5>\n<ul>\n<li>Rango de medici\u00f3n:<strong>\u00a0<\/strong>0 a 100 \u00baC.<\/li>\n<li>Salida:\u00a04 a 20 mACC (dos hilos, no polarizados).<\/li>\n<li>Dispersi\u00f3n:<strong>\u00a0<\/strong>+\/- 0,5 %.<\/li>\n<li>Tiempo de repuesta:\u00a015 segundos (con aire circulante a 5 Km\/Hr).<\/li>\n<li>Tensi\u00f3n de alimentaci\u00f3n:\u00a010 A 30 VCC.<\/li>\n<\/ul>\n<\/div>\n<\/div>","protected":false},"featured_media":1715,"comment_status":"open","ping_status":"closed","template":"","meta":{"_et_pb_use_builder":"","_et_pb_old_content":"","_et_gb_content_width":""},"product_brand":[],"product_cat":[122],"product_tag":[169,168,180,178,179,177,164],"class_list":{"0":"post-1713","1":"product","2":"type-product","3":"status-publish","4":"has-post-thumbnail","6":"product_cat-transmisores-de-senal-con-salida-4a20ma","7":"product_tag-20ma","8":"product_tag-4ma","9":"product_tag-ambiente","10":"product_tag-humedad","11":"product_tag-temperatura","12":"product_tag-thr50","13":"product_tag-transmisor","15":"first","16":"instock","17":"shipping-taxable","18":"product-type-simple"},"_links":{"self":[{"href":"https:\/\/www.iea.com.ar\/en\/wp-json\/wp\/v2\/product\/1713","targetHints":{"allow":["GET"]}}],"collection":[{"href":"https:\/\/www.iea.com.ar\/en\/wp-json\/wp\/v2\/product"}],"about":[{"href":"https:\/\/www.iea.com.ar\/en\/wp-json\/wp\/v2\/types\/product"}],"replies":[{"embeddable":true,"href":"https:\/\/www.iea.com.ar\/en\/wp-json\/wp\/v2\/comments?post=1713"}],"wp:featuredmedia":[{"embeddable":true,"href":"https:\/\/www.iea.com.ar\/en\/wp-json\/wp\/v2\/media\/1715"}],"wp:attachment":[{"href":"https:\/\/www.iea.com.ar\/en\/wp-json\/wp\/v2\/media?parent=1713"}],"wp:term":[{"taxonomy":"product_brand","embeddable":true,"href":"https:\/\/www.iea.com.ar\/en\/wp-json\/wp\/v2\/product_brand?post=1713"},{"taxonomy":"product_cat","embeddable":true,"href":"https:\/\/www.iea.com.ar\/en\/wp-json\/wp\/v2\/product_cat?post=1713"},{"taxonomy":"product_tag","embeddable":true,"href":"https:\/\/www.iea.com.ar\/en\/wp-json\/wp\/v2\/product_tag?post=1713"}],"curies":[{"name":"wp","href":"https:\/\/api.w.org\/{rel}","templated":true}]}}