{"id":1711,"date":"2017-11-23T22:16:28","date_gmt":"2017-11-24T01:16:28","guid":{"rendered":"https:\/\/www.iea.com.ar\/web\/?post_type=product&#038;p=1711"},"modified":"2018-03-14T16:23:40","modified_gmt":"2018-03-14T19:23:40","slug":"pa-100","status":"publish","type":"product","link":"https:\/\/www.iea.com.ar\/en\/product\/pa-100\/","title":{"rendered":"PA 100"},"content":{"rendered":"<div class=\"large-5 columns\"><a href=\"https:\/\/img.iea.com.ar\/web\/productos\/COTAS_DIN_43604.jpg\" target=\"_blank\" rel=\"noopener\"><img decoding=\"async\" data-src=\"https:\/\/img.iea.com.ar\/web\/productos\/COTAS_DIN_43604.jpg\" src=\"data:image\/svg+xml;base64,PHN2ZyB3aWR0aD0iMSIgaGVpZ2h0PSIxIiB4bWxucz0iaHR0cDovL3d3dy53My5vcmcvMjAwMC9zdmciPjwvc3ZnPg==\" class=\"lazyload\" \/><\/a><\/div>\n<h6 class=\"producto-downloads\">Descargas<\/h6>\n<p><a href=\"https:\/\/manuales.iea.com.ar\/PA100.pdf\" target=\"_blank\" rel=\"noopener\"><strong>Manual del usuario<\/strong><\/a><\/p>\n<h6 class=\"producto-downloads\">Compartir<\/h6>\n<div class=\"heateor_sss_sharing_container heateor_sss_horizontal_sharing\" data-heateor-ss-offset=\"0\" data-heateor-sss-href='https:\/\/www.iea.com.ar\/en\/product\/pa-100\/'><div class=\"heateor_sss_sharing_ul\"><a aria-label=\"Whatsapp\" class=\"heateor_sss_whatsapp\" href=\"https:\/\/api.whatsapp.com\/send?text=PA%20100%20https%3A%2F%2Fwww.iea.com.ar%2Fen%2Fproduct%2Fpa-100%2F\" title=\"Whatsapp\" rel=\"nofollow noopener\" target=\"_blank\" style=\"font-size:32px!important;box-shadow:none;display:inline-block;vertical-align:middle\"><span class=\"heateor_sss_svg\" style=\"background-color:#55eb4c;width:35px;height:35px;border-radius:999px;display:inline-block;opacity:1;float:left;font-size:32px;box-shadow:none;display:inline-block;font-size:16px;padding:0 4px;vertical-align:middle;background-repeat:repeat;overflow:hidden;padding:0;cursor:pointer;box-sizing:content-box\"><svg style=\"display:block;border-radius:999px;\" focusable=\"false\" aria-hidden=\"true\" xmlns=\"http:\/\/www.w3.org\/2000\/svg\" width=\"100%\" height=\"100%\" viewbox=\"-6 -5 40 40\"><path class=\"heateor_sss_svg_stroke heateor_sss_no_fill\" stroke=\"#fff\" stroke-width=\"2\" fill=\"none\" d=\"M 11.579798566743314 24.396926207859085 A 10 10 0 1 0 6.808479557110079 20.73576436351046\"><\/path><path d=\"M 7 19 l -1 6 l 6 -1\" class=\"heateor_sss_no_fill heateor_sss_svg_stroke\" stroke=\"#fff\" stroke-width=\"2\" fill=\"none\"><\/path><path d=\"M 10 10 q -1 8 8 11 c 5 -1 0 -6 -1 -3 q -4 -3 -5 -5 c 4 -2 -1 -5 -1 -4\" fill=\"#fff\"><\/path><\/svg><\/span><\/a><\/div><div class=\"heateorSssClear\"><\/div><\/div>","protected":false},"excerpt":{"rendered":"<h4>TRANSMISOR DE POTENCIA ACTIVA<\/h4>\n<p>Debido a la necesidad de hoy en la Industria Argentina en general de monitorear consumos de energ\u00eda el\u00e9ctrica, en muchos casos en salas de comando y control alejadas del proceso y dada la creciente incorporaci\u00f3n de sistemas de gesti\u00f3n y control informatizados, se hace indispensable el uso de transmisores.<\/p>\n<div class=\"adicional\">\n<p>\nEn respuesta a esta necesidad de la industria, se crea la serie PA de transmisores de potencia activa monof\u00e1sica en caja normalizada DIN 43604. Los transmisores de potencia activa de la serie PA 100 fueron pensados para solucionar su problema de medici\u00f3n, Control o Registro de magnitudes de potencia\/ energ\u00eda el\u00e9ctrica, de una manera flexible y de bajo costo.<\/p>\n<div class=\"large-5 columns\"><\/div>\n<div class=\"large-7 columns especificaciones\">\n<h5>ESPECIFICACIONES:<\/h5>\n<ul>\n<li>Tensi\u00f3n de alimentaci\u00f3n: 220 VCA;<\/li>\n<li>Medici\u00f3n de potencia activa monof\u00e1sica modelo PA 100<\/li>\n<li>Tensi\u00f3n de entrada: corresponde con la tensi\u00f3n de alimentaci\u00f3n.<\/li>\n<li>Rango de medici\u00f3n circuito voltim\u00e9trico: 0 &#8211; 100 %<\/li>\n<li>Entrada circuito amperom\u00e9trico: 0 &#8211; 5 (A)<\/li>\n<li>Consumo por circuito amperom\u00e9trico: 0,2 (VA)<\/li>\n<li>Frecuencia de operaci\u00f3n: 40 &#8211; 60 Hz.<\/li>\n<li>Rango de temperatura de operaci\u00f3n: 0 &#8211; 50 C<\/li>\n<li>Salida en corriente C.C.: 4 &#8211; 20 mA con una carga m\u00e1xima de 500 ohms, a potencial de neutro y aislada del circuito amperom\u00e9trico.<\/li>\n<li>Clase: 0,5 (certificado por el INTI)<\/li>\n<li>Tiempo de respuesta: del 10% al 90% del rango en 2 seg.<\/li>\n<li>Consumo: 3 (VA).<\/li>\n<\/ul>\n<\/div>\n<\/div>","protected":false},"featured_media":1712,"comment_status":"open","ping_status":"closed","template":"","meta":{"_et_pb_use_builder":"","_et_pb_old_content":"","_et_gb_content_width":""},"product_brand":[],"product_cat":[122],"product_tag":[169,168,182,183,184,181,164],"class_list":{"0":"post-1711","1":"product","2":"type-product","3":"status-publish","4":"has-post-thumbnail","6":"product_cat-transmisores-de-senal-con-salida-4a20ma","7":"product_tag-20ma","8":"product_tag-4ma","9":"product_tag-activa","10":"product_tag-monofasica","11":"product_tag-pa100","12":"product_tag-potencia","13":"product_tag-transmisor","15":"first","16":"instock","17":"shipping-taxable","18":"product-type-simple"},"_links":{"self":[{"href":"https:\/\/www.iea.com.ar\/en\/wp-json\/wp\/v2\/product\/1711","targetHints":{"allow":["GET"]}}],"collection":[{"href":"https:\/\/www.iea.com.ar\/en\/wp-json\/wp\/v2\/product"}],"about":[{"href":"https:\/\/www.iea.com.ar\/en\/wp-json\/wp\/v2\/types\/product"}],"replies":[{"embeddable":true,"href":"https:\/\/www.iea.com.ar\/en\/wp-json\/wp\/v2\/comments?post=1711"}],"wp:featuredmedia":[{"embeddable":true,"href":"https:\/\/www.iea.com.ar\/en\/wp-json\/wp\/v2\/media\/1712"}],"wp:attachment":[{"href":"https:\/\/www.iea.com.ar\/en\/wp-json\/wp\/v2\/media?parent=1711"}],"wp:term":[{"taxonomy":"product_brand","embeddable":true,"href":"https:\/\/www.iea.com.ar\/en\/wp-json\/wp\/v2\/product_brand?post=1711"},{"taxonomy":"product_cat","embeddable":true,"href":"https:\/\/www.iea.com.ar\/en\/wp-json\/wp\/v2\/product_cat?post=1711"},{"taxonomy":"product_tag","embeddable":true,"href":"https:\/\/www.iea.com.ar\/en\/wp-json\/wp\/v2\/product_tag?post=1711"}],"curies":[{"name":"wp","href":"https:\/\/api.w.org\/{rel}","templated":true}]}}