{"id":1706,"date":"2017-11-23T22:06:39","date_gmt":"2017-11-24T01:06:39","guid":{"rendered":"https:\/\/www.iea.com.ar\/web\/?post_type=product&#038;p=1706"},"modified":"2018-03-13T11:09:11","modified_gmt":"2018-03-13T14:09:11","slug":"fuentes-cch","status":"publish","type":"product","link":"https:\/\/www.iea.com.ar\/en\/product\/fuentes-cch\/","title":{"rendered":"Fuentes CCH"},"content":{"rendered":"<div class=\"large-5 columns\"><a href=\"https:\/\/img.iea.com.ar\/web\/productos\/miniaturas\/cotas_cch.png\" target=\"_blank\" rel=\"noopener\"><img decoding=\"async\" data-src=\"https:\/\/img.iea.com.ar\/web\/productos\/miniaturas\/cotas_cch.png\" src=\"data:image\/svg+xml;base64,PHN2ZyB3aWR0aD0iMSIgaGVpZ2h0PSIxIiB4bWxucz0iaHR0cDovL3d3dy53My5vcmcvMjAwMC9zdmciPjwvc3ZnPg==\" class=\"lazyload\" \/><\/a><\/div>\n<h6 class=\"producto-downloads\">Descargas<\/h6>\n<p><a href=\"https:\/\/manuales.iea.com.ar\/FUENTES_CCH.pdf\" target=\"_blank\" rel=\"noopener\"><strong>Manual del usuario<\/strong><\/a><\/p>\n<h6 class=\"producto-downloads\">Compartir<\/h6>\n<div class=\"heateor_sss_sharing_container heateor_sss_horizontal_sharing\" data-heateor-ss-offset=\"0\" data-heateor-sss-href='https:\/\/www.iea.com.ar\/en\/product\/fuentes-cch\/'><div class=\"heateor_sss_sharing_ul\"><a aria-label=\"Whatsapp\" class=\"heateor_sss_whatsapp\" href=\"https:\/\/api.whatsapp.com\/send?text=Fuentes%20CCH%20https%3A%2F%2Fwww.iea.com.ar%2Fen%2Fproduct%2Ffuentes-cch%2F\" title=\"Whatsapp\" rel=\"nofollow noopener\" target=\"_blank\" style=\"font-size:32px!important;box-shadow:none;display:inline-block;vertical-align:middle\"><span class=\"heateor_sss_svg\" style=\"background-color:#55eb4c;width:35px;height:35px;border-radius:999px;display:inline-block;opacity:1;float:left;font-size:32px;box-shadow:none;display:inline-block;font-size:16px;padding:0 4px;vertical-align:middle;background-repeat:repeat;overflow:hidden;padding:0;cursor:pointer;box-sizing:content-box\"><svg style=\"display:block;border-radius:999px;\" focusable=\"false\" aria-hidden=\"true\" xmlns=\"http:\/\/www.w3.org\/2000\/svg\" width=\"100%\" height=\"100%\" viewbox=\"-6 -5 40 40\"><path class=\"heateor_sss_svg_stroke heateor_sss_no_fill\" stroke=\"#fff\" stroke-width=\"2\" fill=\"none\" d=\"M 11.579798566743314 24.396926207859085 A 10 10 0 1 0 6.808479557110079 20.73576436351046\"><\/path><path d=\"M 7 19 l -1 6 l 6 -1\" class=\"heateor_sss_no_fill heateor_sss_svg_stroke\" stroke=\"#fff\" stroke-width=\"2\" fill=\"none\"><\/path><path d=\"M 10 10 q -1 8 8 11 c 5 -1 0 -6 -1 -3 q -4 -3 -5 -5 c 4 -2 -1 -5 -1 -4\" fill=\"#fff\"><\/path><\/svg><\/span><\/a><\/div><div class=\"heateorSssClear\"><\/div><\/div>","protected":false},"excerpt":{"rendered":"<h4>FUENTES DE ALIMENTACION PARA MONTAJE EN RIEL DIN<\/h4>\n<p>La l\u00ednea de fuentes de alimentaci\u00f3n IEA CCH de montaje sobre riel DIN se producen en tres modelos, y poseen ajuste manual de tensi\u00f3n de salida, protecci\u00f3n autom\u00e1tica por cortocircuito y\/o sobrecarga.<\/p>\n<div class=\"adicional\">\n<div class=\"large-5 columns\"><\/div>\n<div class=\"large-7 columns especificaciones\">\n<h5>ESPECIFICACIONES:<\/h5>\n<ul>\n<li>Tensi\u00f3n de alimentaci\u00f3n: 85 \u00e1 260 VCA [Switching]<\/li>\n<li>Salidas a pedido:\n<ul>\n<li>5 VCC 2 Amp.<\/li>\n<li>12 VCC 2 Amp.<\/li>\n<li>24 VCC 1 Amp.<\/li>\n<\/ul>\n<\/li>\n<li>Ajuste de salida \u00b110%<\/li>\n<li>Protecci\u00f3n por cortocircuito.<\/li>\n<li>Protecci\u00f3n por sobrecarga.<\/li>\n<li>Aislaci\u00f3n galv\u00e1nica: Optica superior a 1500Vcc.<\/li>\n<li>Montaje: riel . DIN.<\/li>\n<li>Terminales a tornillo para cables.<\/li>\n<\/ul>\n<\/div>\n<\/div>\n","protected":false},"featured_media":1707,"comment_status":"open","ping_status":"closed","template":"","meta":{"_et_pb_use_builder":"","_et_pb_old_content":"","_et_gb_content_width":""},"product_brand":[],"product_cat":[149,109],"product_tag":[194,191,192,193,190,189,195,188],"class_list":{"0":"post-1706","1":"product","2":"type-product","3":"status-publish","4":"has-post-thumbnail","6":"product_cat-fuentes-cch","7":"product_cat-fuentes-de-tension","8":"product_tag-194","9":"product_tag-12-vcc","10":"product_tag-192","11":"product_tag-24-vcc","12":"product_tag-5-vcc","13":"product_tag-alimentacion","14":"product_tag-amper","15":"product_tag-fuente","17":"first","18":"instock","19":"shipping-taxable","20":"product-type-simple"},"_links":{"self":[{"href":"https:\/\/www.iea.com.ar\/en\/wp-json\/wp\/v2\/product\/1706","targetHints":{"allow":["GET"]}}],"collection":[{"href":"https:\/\/www.iea.com.ar\/en\/wp-json\/wp\/v2\/product"}],"about":[{"href":"https:\/\/www.iea.com.ar\/en\/wp-json\/wp\/v2\/types\/product"}],"replies":[{"embeddable":true,"href":"https:\/\/www.iea.com.ar\/en\/wp-json\/wp\/v2\/comments?post=1706"}],"wp:featuredmedia":[{"embeddable":true,"href":"https:\/\/www.iea.com.ar\/en\/wp-json\/wp\/v2\/media\/1707"}],"wp:attachment":[{"href":"https:\/\/www.iea.com.ar\/en\/wp-json\/wp\/v2\/media?parent=1706"}],"wp:term":[{"taxonomy":"product_brand","embeddable":true,"href":"https:\/\/www.iea.com.ar\/en\/wp-json\/wp\/v2\/product_brand?post=1706"},{"taxonomy":"product_cat","embeddable":true,"href":"https:\/\/www.iea.com.ar\/en\/wp-json\/wp\/v2\/product_cat?post=1706"},{"taxonomy":"product_tag","embeddable":true,"href":"https:\/\/www.iea.com.ar\/en\/wp-json\/wp\/v2\/product_tag?post=1706"}],"curies":[{"name":"wp","href":"https:\/\/api.w.org\/{rel}","templated":true}]}}