{"id":1704,"date":"2017-11-23T21:08:54","date_gmt":"2017-11-24T00:08:54","guid":{"rendered":"https:\/\/www.iea.com.ar\/web\/?post_type=product&#038;p=1704"},"modified":"2018-03-14T16:25:23","modified_gmt":"2018-03-14T19:25:23","slug":"rt-500","status":"publish","type":"product","link":"https:\/\/www.iea.com.ar\/en\/product\/rt-500\/","title":{"rendered":"RT 500"},"content":{"rendered":"<div class=\"large-5 columns\"><a href=\"https:\/\/img.iea.com.ar\/web\/productos\/COTAS_DIN_43604.jpg\" target=\"_blank\" rel=\"noopener\"><img decoding=\"async\" data-src=\"https:\/\/img.iea.com.ar\/web\/productos\/COTAS_DIN_43604.jpg\" src=\"data:image\/svg+xml;base64,PHN2ZyB3aWR0aD0iMSIgaGVpZ2h0PSIxIiB4bWxucz0iaHR0cDovL3d3dy53My5vcmcvMjAwMC9zdmciPjwvc3ZnPg==\" class=\"lazyload\" \/><\/a><\/div>\n<h6 class=\"producto-downloads\">Descargas<\/h6>\n<p><a href=\"https:\/\/manuales.iea.com.ar\/RT500.pdf\" target=\"_blank\" rel=\"noopener\"><strong>Manual del usuario<\/strong><\/a><\/p>\n<h6 class=\"producto-downloads\">Compartir<\/h6>\n<div class=\"heateor_sss_sharing_container heateor_sss_horizontal_sharing\" data-heateor-ss-offset=\"0\" data-heateor-sss-href='https:\/\/www.iea.com.ar\/en\/product\/rt-500\/'><div class=\"heateor_sss_sharing_ul\"><a aria-label=\"Whatsapp\" class=\"heateor_sss_whatsapp\" href=\"https:\/\/api.whatsapp.com\/send?text=RT%20500%20https%3A%2F%2Fwww.iea.com.ar%2Fen%2Fproduct%2Frt-500%2F\" title=\"Whatsapp\" rel=\"nofollow noopener\" target=\"_blank\" style=\"font-size:32px!important;box-shadow:none;display:inline-block;vertical-align:middle\"><span class=\"heateor_sss_svg\" style=\"background-color:#55eb4c;width:35px;height:35px;border-radius:999px;display:inline-block;opacity:1;float:left;font-size:32px;box-shadow:none;display:inline-block;font-size:16px;padding:0 4px;vertical-align:middle;background-repeat:repeat;overflow:hidden;padding:0;cursor:pointer;box-sizing:content-box\"><svg style=\"display:block;border-radius:999px;\" focusable=\"false\" aria-hidden=\"true\" xmlns=\"http:\/\/www.w3.org\/2000\/svg\" width=\"100%\" height=\"100%\" viewbox=\"-6 -5 40 40\"><path class=\"heateor_sss_svg_stroke heateor_sss_no_fill\" stroke=\"#fff\" stroke-width=\"2\" fill=\"none\" d=\"M 11.579798566743314 24.396926207859085 A 10 10 0 1 0 6.808479557110079 20.73576436351046\"><\/path><path d=\"M 7 19 l -1 6 l 6 -1\" class=\"heateor_sss_no_fill heateor_sss_svg_stroke\" stroke=\"#fff\" stroke-width=\"2\" fill=\"none\"><\/path><path d=\"M 10 10 q -1 8 8 11 c 5 -1 0 -6 -1 -3 q -4 -3 -5 -5 c 4 -2 -1 -5 -1 -4\" fill=\"#fff\"><\/path><\/svg><\/span><\/a><\/div><div class=\"heateorSssClear\"><\/div><\/div>","protected":false},"excerpt":{"rendered":"<h4>TERMOSTATO ELECTRONICO<\/h4>\n<p>Los termostatos RT 500 son equipos de control de temperatura de estado s\u00f3lido, de gran robustez mec\u00e1nica y bajo costo.<\/p>\n<div class=\"adicional\">\n<p>\nLa alta confiabilidad y larga vida de sus componentes, los hacen apropiados para servicios continuos bajo las m\u00e1s diversas condiciones de utilizaci\u00f3n.<br \/>\nEl modo de control de los RT 500 es del tipo si\/no con una hist\u00e9resis de 2 % de escala en torno al punto de control. La gran variedad de aplicaciones del RT 500 lo hace apto para su utilizaci\u00f3n en procesos industriales \u00f3 dom\u00e9sticos, tales como alarmas por m\u00e1xima temperatura, controles de calefacci\u00f3n y controles para refrigeraci\u00f3n.<br \/>\nAmbos modelos pueden programarse para funcionar en cualquiera de los siguientes Modos.<\/p>\n<div class=\"large-5 columns\"><\/div>\n<div class=\"large-7 columns especificaciones\">\n<h5>ESPECIFICACIONES:<\/h5>\n<ul>\n<li>Tensi\u00f3n de alimentaci\u00f3n: 220 VCA; Opcionales: [110VCA] [24VCA]<\/li>\n<li>Montaje: riel . DIN.<\/li>\n<li>Terminales a tornillo para cables AWG16-AWG24.<\/li>\n<li>Temperatura de operaci\u00f3n: 0\u00baC a 65\u00baC.<\/li>\n<li>Humedad de operaci\u00f3n: 5% a 90% sin condensaci\u00f3n.<\/li>\n<li>Gabinetes en dimensiones normalizadas seg\u00fan DIN 43604.<\/li>\n<li>Modo de trabajo: m\u00e1xima o m\u00ednima configurable desde bornera.<\/li>\n<li>Rango de control m\u00e1ximo: 200 \u00baC (ajustable sobre escala 0 a 100 %).<\/li>\n<li>Entrada sensor: RTD Pt 100, \u00f3 termocuplas \u201cJ\u201d \u00f3 \u201cK\u201d.<\/li>\n<li>Consumo aproximado: 3 (VA)<\/li>\n<li>Rango de operaci\u00f3n: .A pedido del usuario (en rangos no mayores a 200 \u00baC).<\/li>\n<li>Rango de temperatura de operaci\u00f3n: 0 &#8211; 50 \u00baC.<\/li>\n<li>Salida de rel\u00e9: 3 Amp. SPDT.<\/li>\n<li>Para termocuplas: compensaci\u00f3n de junta fr\u00eda autom\u00e1tica<\/li>\n<li>Para termorresistencia: compensaci\u00f3n de largo de cable autom\u00e1tica (tres hilos).<\/li>\n<li>Repetitividad: 1%<\/li>\n<li>Hist\u00e9resis: 2% del rango.<\/li>\n<li>Indicaci\u00f3n luminosa: Encendido y rel\u00e9 activado.<\/li>\n<\/ul>\n<\/div>\n<\/div>\n","protected":false},"featured_media":1705,"comment_status":"open","ping_status":"closed","template":"","meta":{"_et_pb_use_builder":"","_et_pb_old_content":"","_et_gb_content_width":""},"product_brand":[],"product_cat":[121],"product_tag":[167,196,166,170],"class_list":{"0":"post-1704","1":"product","2":"type-product","3":"status-publish","4":"has-post-thumbnail","6":"product_cat-detectores-y-monitores","7":"product_tag-pt100","8":"product_tag-rt500","9":"product_tag-rtd","10":"product_tag-termocupla","12":"first","13":"instock","14":"shipping-taxable","15":"product-type-simple"},"_links":{"self":[{"href":"https:\/\/www.iea.com.ar\/en\/wp-json\/wp\/v2\/product\/1704","targetHints":{"allow":["GET"]}}],"collection":[{"href":"https:\/\/www.iea.com.ar\/en\/wp-json\/wp\/v2\/product"}],"about":[{"href":"https:\/\/www.iea.com.ar\/en\/wp-json\/wp\/v2\/types\/product"}],"replies":[{"embeddable":true,"href":"https:\/\/www.iea.com.ar\/en\/wp-json\/wp\/v2\/comments?post=1704"}],"wp:featuredmedia":[{"embeddable":true,"href":"https:\/\/www.iea.com.ar\/en\/wp-json\/wp\/v2\/media\/1705"}],"wp:attachment":[{"href":"https:\/\/www.iea.com.ar\/en\/wp-json\/wp\/v2\/media?parent=1704"}],"wp:term":[{"taxonomy":"product_brand","embeddable":true,"href":"https:\/\/www.iea.com.ar\/en\/wp-json\/wp\/v2\/product_brand?post=1704"},{"taxonomy":"product_cat","embeddable":true,"href":"https:\/\/www.iea.com.ar\/en\/wp-json\/wp\/v2\/product_cat?post=1704"},{"taxonomy":"product_tag","embeddable":true,"href":"https:\/\/www.iea.com.ar\/en\/wp-json\/wp\/v2\/product_tag?post=1704"}],"curies":[{"name":"wp","href":"https:\/\/api.w.org\/{rel}","templated":true}]}}