{"id":1702,"date":"2017-11-23T21:06:22","date_gmt":"2017-11-24T00:06:22","guid":{"rendered":"https:\/\/www.iea.com.ar\/web\/?post_type=product&#038;p=1702"},"modified":"2018-03-13T11:19:26","modified_gmt":"2018-03-13T14:19:26","slug":"mft-100","status":"publish","type":"product","link":"https:\/\/www.iea.com.ar\/en\/product\/mft-100\/","title":{"rendered":"MFT 100"},"content":{"rendered":"<div class=\"large-5 columns\"><a href=\"https:\/\/img.iea.com.ar\/web\/productos\/COTAS_DIN_43604.jpg\" target=\"_blank\" rel=\"noopener\"><img decoding=\"async\" data-src=\"https:\/\/img.iea.com.ar\/web\/productos\/COTAS_DIN_43604.jpg\" src=\"data:image\/svg+xml;base64,PHN2ZyB3aWR0aD0iMSIgaGVpZ2h0PSIxIiB4bWxucz0iaHR0cDovL3d3dy53My5vcmcvMjAwMC9zdmciPjwvc3ZnPg==\" class=\"lazyload\" \/><\/a><\/div>\n<h6 class=\"producto-downloads\">Descargas<\/h6>\n<p><a href=\"https:\/\/manuales.iea.com.ar\/MFT100.pdf\" target=\"_blank\" rel=\"noopener\"><strong>Manual del usuario<\/strong><\/a><\/p>\n<h6 class=\"producto-downloads\">Compartir<\/h6>\n<div class=\"heateor_sss_sharing_container heateor_sss_horizontal_sharing\" data-heateor-ss-offset=\"0\" data-heateor-sss-href='https:\/\/www.iea.com.ar\/en\/product\/mft-100\/'><div class=\"heateor_sss_sharing_ul\"><a aria-label=\"Whatsapp\" class=\"heateor_sss_whatsapp\" href=\"https:\/\/api.whatsapp.com\/send?text=MFT%20100%20https%3A%2F%2Fwww.iea.com.ar%2Fen%2Fproduct%2Fmft-100%2F\" title=\"Whatsapp\" rel=\"nofollow noopener\" target=\"_blank\" style=\"font-size:32px!important;box-shadow:none;display:inline-block;vertical-align:middle\"><span class=\"heateor_sss_svg\" style=\"background-color:#55eb4c;width:35px;height:35px;border-radius:999px;display:inline-block;opacity:1;float:left;font-size:32px;box-shadow:none;display:inline-block;font-size:16px;padding:0 4px;vertical-align:middle;background-repeat:repeat;overflow:hidden;padding:0;cursor:pointer;box-sizing:content-box\"><svg style=\"display:block;border-radius:999px;\" focusable=\"false\" aria-hidden=\"true\" xmlns=\"http:\/\/www.w3.org\/2000\/svg\" width=\"100%\" height=\"100%\" viewbox=\"-6 -5 40 40\"><path class=\"heateor_sss_svg_stroke heateor_sss_no_fill\" stroke=\"#fff\" stroke-width=\"2\" fill=\"none\" d=\"M 11.579798566743314 24.396926207859085 A 10 10 0 1 0 6.808479557110079 20.73576436351046\"><\/path><path d=\"M 7 19 l -1 6 l 6 -1\" class=\"heateor_sss_no_fill heateor_sss_svg_stroke\" stroke=\"#fff\" stroke-width=\"2\" fill=\"none\"><\/path><path d=\"M 10 10 q -1 8 8 11 c 5 -1 0 -6 -1 -3 q -4 -3 -5 -5 c 4 -2 -1 -5 -1 -4\" fill=\"#fff\"><\/path><\/svg><\/span><\/a><\/div><div class=\"heateorSssClear\"><\/div><\/div>","protected":false},"excerpt":{"rendered":"<h4>TEMPORIZADOR MULTIFUNCION<\/h4>\n<p>El MFT 100 es un temporizador programable multifunci\u00f3n y multiescalas. Cubre una gama de tiempos de 0,15 a 120 segundos, mientras que el MFT 101 abarcan tiempos de 10 segundos a 240 minutos en la versi\u00f3n normal y bajo pedido hasta 200 horas. El ajuste del tiempo se provee en seis escalas superpuestas. Mediante una llave selectora tipo dip switch ubicada en el frente del temporizador, se podr\u00e1n seleccionar las distintas escalas de tiempos, como as\u00ed tambi\u00e9n los modos de trabajo.<\/p>\n<div class=\"adicional\">\n<div class=\"large-5 columns\"><\/div>\n<div class=\"large-7 columns especificaciones\">\n<h5>ESPECIFICACIONES:<\/h5>\n<ul>\n<li>Tensi\u00f3n de alimentaci\u00f3n: 220 VCA; Opcionales: [110VCA] [24VCA]<\/li>\n<li>Montaje: riel . DIN.<\/li>\n<li>Terminales a tornillo para cables AWG16-AWG24.<\/li>\n<li>Temperatura de operaci\u00f3n: 0\u00baC a 65\u00baC.<\/li>\n<li>Humedad de operaci\u00f3n: 5% a 90% sin condensaci\u00f3n.<\/li>\n<li>Gabinetes en dimensiones normalizadas seg\u00fan DIN 43604.<\/li>\n<\/ul>\n<h5>EJEMPLOS DE LA APLICACION:<\/h5>\n<ul>\n<li>Alimentaci\u00f3n diferida de cargas<\/li>\n<li>Alimentaci\u00f3n de cargas durante un periodo de tiempo prefijado.<\/li>\n<li>Conexi\u00f3n y desconexi\u00f3n alternativa de una carga por tiempos iguales.<\/li>\n<li>Operaci\u00f3n alternativa de dos cargas en tiempos iguales.<\/li>\n<li>Conexiones secu\u00e9nciales de carga.<\/li>\n<\/ul>\n<h5>Caracter\u00edsticas:<\/h5>\n<ul>\n<li>Funcionamiento por seguridad positiva (antifallos).<\/li>\n<li>Funciones programables: retardo a la conexi\u00f3n, retardo a la desconexi\u00f3n ciclador de tiempos sim\u00e9tricos con retardo a la conexi\u00f3n, ciclador de tiempos sim\u00e9tricos con retardo a la desconexi\u00f3n.<\/li>\n<li>Programable en seis escalas de tiempo independientes superpuestas.<\/li>\n<li>Amplia gama de tensiones de alimentaci\u00f3n.<\/li>\n<li>Ajuste de tiempo sobre escala calibrada 0 a 100 %.<\/li>\n<li>Alta precisi\u00f3n repetitiva.<\/li>\n<li>Salida de rel\u00e9 SPDT 3 Amp. 220 VCA.<\/li>\n<\/ul>\n<h5>Escala de tiempo:<\/h5>\n<ul>\n<li>MFT 100: hasta 120 segundos<\/li>\n<li>MFT 101: hasta 240 minutos<\/li>\n<\/ul>\n<\/div>\n<\/div>\n","protected":false},"featured_media":1703,"comment_status":"open","ping_status":"closed","template":"","meta":{"_et_pb_use_builder":"","_et_pb_old_content":"","_et_gb_content_width":""},"product_brand":[],"product_cat":[121],"product_tag":[197,201,199,200,198],"class_list":{"0":"post-1702","1":"product","2":"type-product","3":"status-publish","4":"has-post-thumbnail","6":"product_cat-detectores-y-monitores","7":"product_tag-mft-100","8":"product_tag-minutos","9":"product_tag-programable","10":"product_tag-segundos","11":"product_tag-temporizador","13":"first","14":"instock","15":"shipping-taxable","16":"product-type-simple"},"_links":{"self":[{"href":"https:\/\/www.iea.com.ar\/en\/wp-json\/wp\/v2\/product\/1702","targetHints":{"allow":["GET"]}}],"collection":[{"href":"https:\/\/www.iea.com.ar\/en\/wp-json\/wp\/v2\/product"}],"about":[{"href":"https:\/\/www.iea.com.ar\/en\/wp-json\/wp\/v2\/types\/product"}],"replies":[{"embeddable":true,"href":"https:\/\/www.iea.com.ar\/en\/wp-json\/wp\/v2\/comments?post=1702"}],"wp:featuredmedia":[{"embeddable":true,"href":"https:\/\/www.iea.com.ar\/en\/wp-json\/wp\/v2\/media\/1703"}],"wp:attachment":[{"href":"https:\/\/www.iea.com.ar\/en\/wp-json\/wp\/v2\/media?parent=1702"}],"wp:term":[{"taxonomy":"product_brand","embeddable":true,"href":"https:\/\/www.iea.com.ar\/en\/wp-json\/wp\/v2\/product_brand?post=1702"},{"taxonomy":"product_cat","embeddable":true,"href":"https:\/\/www.iea.com.ar\/en\/wp-json\/wp\/v2\/product_cat?post=1702"},{"taxonomy":"product_tag","embeddable":true,"href":"https:\/\/www.iea.com.ar\/en\/wp-json\/wp\/v2\/product_tag?post=1702"}],"curies":[{"name":"wp","href":"https:\/\/api.w.org\/{rel}","templated":true}]}}