{"id":1695,"date":"2017-11-23T20:47:09","date_gmt":"2017-11-23T23:47:09","guid":{"rendered":"https:\/\/www.iea.com.ar\/web\/?post_type=product&#038;p=1695"},"modified":"2020-12-11T09:17:11","modified_gmt":"2020-12-11T12:17:11","slug":"k2lld","status":"publish","type":"product","link":"https:\/\/www.iea.com.ar\/en\/product\/k2lld\/","title":{"rendered":"K2LLD (Equipo discontinuado reemplazado por el K16LLD)"},"content":{"rendered":"<div class=\"large-5 columns\"><a href=\"https:\/\/img.iea.com.ar\/web\/productos\/COTAS_DIN_43604.jpg\" target=\"_blank\" rel=\"noopener noreferrer\"><img decoding=\"async\" data-src=\"https:\/\/img.iea.com.ar\/web\/productos\/COTAS_DIN_43604.jpg\" src=\"data:image\/svg+xml;base64,PHN2ZyB3aWR0aD0iMSIgaGVpZ2h0PSIxIiB4bWxucz0iaHR0cDovL3d3dy53My5vcmcvMjAwMC9zdmciPjwvc3ZnPg==\" class=\"lazyload\" \/><\/a><\/div>\n<h6 class=\"producto-downloads\">Descargas<\/h6>\n<p><a href=\"https:\/\/manuales.iea.com.ar\/K2LLD.pdf\" target=\"_blank\" rel=\"noopener noreferrer\"><strong>Manual del usuario<\/strong><\/a><\/p>\n<h6 class=\"producto-downloads\">Compartir<\/h6>\n<div class=\"heateor_sss_sharing_container heateor_sss_horizontal_sharing\" data-heateor-ss-offset=\"0\" data-heateor-sss-href='https:\/\/www.iea.com.ar\/en\/product\/k2lld\/'><div class=\"heateor_sss_sharing_ul\"><a aria-label=\"Whatsapp\" class=\"heateor_sss_whatsapp\" href=\"https:\/\/api.whatsapp.com\/send?text=K2LLD%20%28Equipo%20discontinuado%20reemplazado%20por%20el%20K16LLD%29%20https%3A%2F%2Fwww.iea.com.ar%2Fen%2Fproduct%2Fk2lld%2F\" title=\"Whatsapp\" rel=\"nofollow noopener\" target=\"_blank\" style=\"font-size:32px!important;box-shadow:none;display:inline-block;vertical-align:middle\"><span class=\"heateor_sss_svg\" style=\"background-color:#55eb4c;width:35px;height:35px;border-radius:999px;display:inline-block;opacity:1;float:left;font-size:32px;box-shadow:none;display:inline-block;font-size:16px;padding:0 4px;vertical-align:middle;background-repeat:repeat;overflow:hidden;padding:0;cursor:pointer;box-sizing:content-box\"><svg style=\"display:block;border-radius:999px;\" focusable=\"false\" aria-hidden=\"true\" xmlns=\"http:\/\/www.w3.org\/2000\/svg\" width=\"100%\" height=\"100%\" viewbox=\"-6 -5 40 40\"><path class=\"heateor_sss_svg_stroke heateor_sss_no_fill\" stroke=\"#fff\" stroke-width=\"2\" fill=\"none\" d=\"M 11.579798566743314 24.396926207859085 A 10 10 0 1 0 6.808479557110079 20.73576436351046\"><\/path><path d=\"M 7 19 l -1 6 l 6 -1\" class=\"heateor_sss_no_fill heateor_sss_svg_stroke\" stroke=\"#fff\" stroke-width=\"2\" fill=\"none\"><\/path><path d=\"M 10 10 q -1 8 8 11 c 5 -1 0 -6 -1 -3 q -4 -3 -5 -5 c 4 -2 -1 -5 -1 -4\" fill=\"#fff\"><\/path><\/svg><\/span><\/a><\/div><div class=\"heateorSssClear\"><\/div><\/div>","protected":false},"excerpt":{"rendered":"<h4>DETECTOR DE NIVEL DE LIQUIDOS CONDUCTIVOS<\/h4>\n<p>El K2LLD es una unidad para el control de l\u00edquidos conductivos. En conjunci\u00f3n con tres sondas conductoras controla el nivel de l\u00edquido en dep\u00f3sitos entre una posici\u00f3n m\u00e1xima y otra m\u00ednima. Para evitar efectos de desgaste e las sondas, provocados por electrolisis. El detector de nivel K2LLD aplica en las mismas tensiones de corriente alterna de bajo nivel que reducen a m\u00ednimo este efecto.<\/p>\n<div class=\"adicional\">\n<div class=\"large-5 columns\"><\/div>\n<div class=\"large-7 columns especificaciones\">\n<h5>ESPECIFICACIONES:<\/h5>\n<ul>\n<li>Tensi\u00f3n de alimentaci\u00f3n: 220 VCA; Opcionales: [110VCA] [24VCA]<\/li>\n<li>Montaje: riel . DIN.<\/li>\n<li>Terminales a tornillo para cables AWG16-AWG24.<\/li>\n<li>Temperatura de operaci\u00f3n: 0\u00baC a 65\u00baC.<\/li>\n<li>Salida de rel\u00e9: 3 Amp. SPDT.<\/li>\n<li>Humedad de operaci\u00f3n: 5% a 90% sin condensaci\u00f3n.<\/li>\n<li>Gabinetes en dimensiones normalizadas seg\u00fan DIN 43604.<\/li>\n<\/ul>\n<h5>EJEMPLOS DE LA APLICACION:<\/h5>\n<ul>\n<li>Control de nivel de l\u00edquidos conductivos.<\/li>\n<li>Control de bombas de pozo.<\/li>\n<li>Llenado de tanques y dep\u00f3sitos.<\/li>\n<\/ul>\n<\/div>\n<\/div>\n","protected":false},"featured_media":1696,"comment_status":"open","ping_status":"closed","template":"","meta":{"_et_pb_use_builder":"","_et_pb_old_content":"","_et_gb_content_width":""},"product_brand":[],"product_cat":[121],"product_tag":[215,214,217,216],"class_list":{"0":"post-1695","1":"product","2":"type-product","3":"status-publish","4":"has-post-thumbnail","6":"product_cat-detectores-y-monitores","7":"product_tag-detector","8":"product_tag-k2lld","9":"product_tag-liquidos-conductivos","10":"product_tag-nivel","12":"first","13":"instock","14":"shipping-taxable","15":"product-type-simple"},"_links":{"self":[{"href":"https:\/\/www.iea.com.ar\/en\/wp-json\/wp\/v2\/product\/1695","targetHints":{"allow":["GET"]}}],"collection":[{"href":"https:\/\/www.iea.com.ar\/en\/wp-json\/wp\/v2\/product"}],"about":[{"href":"https:\/\/www.iea.com.ar\/en\/wp-json\/wp\/v2\/types\/product"}],"replies":[{"embeddable":true,"href":"https:\/\/www.iea.com.ar\/en\/wp-json\/wp\/v2\/comments?post=1695"}],"wp:featuredmedia":[{"embeddable":true,"href":"https:\/\/www.iea.com.ar\/en\/wp-json\/wp\/v2\/media\/1696"}],"wp:attachment":[{"href":"https:\/\/www.iea.com.ar\/en\/wp-json\/wp\/v2\/media?parent=1695"}],"wp:term":[{"taxonomy":"product_brand","embeddable":true,"href":"https:\/\/www.iea.com.ar\/en\/wp-json\/wp\/v2\/product_brand?post=1695"},{"taxonomy":"product_cat","embeddable":true,"href":"https:\/\/www.iea.com.ar\/en\/wp-json\/wp\/v2\/product_cat?post=1695"},{"taxonomy":"product_tag","embeddable":true,"href":"https:\/\/www.iea.com.ar\/en\/wp-json\/wp\/v2\/product_tag?post=1695"}],"curies":[{"name":"wp","href":"https:\/\/api.w.org\/{rel}","templated":true}]}}