{"id":1691,"date":"2017-11-23T20:31:36","date_gmt":"2017-11-23T23:31:36","guid":{"rendered":"https:\/\/www.iea.com.ar\/web\/?post_type=product&#038;p=1691"},"modified":"2018-03-15T08:03:52","modified_gmt":"2018-03-15T11:03:52","slug":"cdl-980","status":"publish","type":"product","link":"https:\/\/www.iea.com.ar\/en\/product\/cdl-980\/","title":{"rendered":"CDL 980"},"content":{"rendered":"<div class=\"producto-downloads\">\n<h6>Descargas<\/h6>\n<p><a title=\"Ver Manual\" href=\"https:\/\/manuales.iea.com.ar\/CDL_980.pdf\" target=\"_blank\" rel=\"noopener\"><strong>Manual del usuario<\/strong><\/a><\/p>\n<h6>Compartir<\/h6>\n<div class=\"heateor_sss_sharing_container heateor_sss_horizontal_sharing\" data-heateor-ss-offset=\"0\" data-heateor-sss-href='https:\/\/www.iea.com.ar\/en\/product\/cdl-980\/'><div class=\"heateor_sss_sharing_ul\"><a aria-label=\"Whatsapp\" class=\"heateor_sss_whatsapp\" href=\"https:\/\/api.whatsapp.com\/send?text=CDL%20980%20https%3A%2F%2Fwww.iea.com.ar%2Fen%2Fproduct%2Fcdl-980%2F\" title=\"Whatsapp\" rel=\"nofollow noopener\" target=\"_blank\" style=\"font-size:32px!important;box-shadow:none;display:inline-block;vertical-align:middle\"><span class=\"heateor_sss_svg\" style=\"background-color:#55eb4c;width:35px;height:35px;border-radius:999px;display:inline-block;opacity:1;float:left;font-size:32px;box-shadow:none;display:inline-block;font-size:16px;padding:0 4px;vertical-align:middle;background-repeat:repeat;overflow:hidden;padding:0;cursor:pointer;box-sizing:content-box\"><svg style=\"display:block;border-radius:999px;\" focusable=\"false\" aria-hidden=\"true\" xmlns=\"http:\/\/www.w3.org\/2000\/svg\" width=\"100%\" height=\"100%\" viewbox=\"-6 -5 40 40\"><path class=\"heateor_sss_svg_stroke heateor_sss_no_fill\" stroke=\"#fff\" stroke-width=\"2\" fill=\"none\" d=\"M 11.579798566743314 24.396926207859085 A 10 10 0 1 0 6.808479557110079 20.73576436351046\"><\/path><path d=\"M 7 19 l -1 6 l 6 -1\" class=\"heateor_sss_no_fill heateor_sss_svg_stroke\" stroke=\"#fff\" stroke-width=\"2\" fill=\"none\"><\/path><path d=\"M 10 10 q -1 8 8 11 c 5 -1 0 -6 -1 -3 q -4 -3 -5 -5 c 4 -2 -1 -5 -1 -4\" fill=\"#fff\"><\/path><\/svg><\/span><\/a><\/div><div class=\"heateorSssClear\"><\/div><\/div>\n<\/div>","protected":false},"excerpt":{"rendered":"<h4>CONTROLADOR DE C\u00c1MARAS FRIGOR\u00cdFICAS Y SECADEROS DE EMBUTIDOS<\/h4>\n<p>El dispositivo CDL-980 es un controlador aut\u00f3nomo con procesamiento \u00edntegramente digital dise\u00f1ado para el control de c\u00e1maras frigor\u00edficas y secaderos de embutidos. Est\u00e1 basado en un micro controlador de 32bits de \u00faltima generaci\u00f3n.<\/p>\n<div class=\"adicional\">\n<p>El CDL-980 permite visualizar diferentes par\u00e1metros b\u00e1sicos de control como: temperatura, humedad relativa, temperatura de n\u00facleo del embutido, salida de control del lazo de temperatura y humedad, estado del ciclo de secado y alarmas.<br \/>\nPara realizar control de secado y maduraci\u00f3n de embutidos se debe mantener una temperatura y humedad determinada cuyos valores dependen del tiempo en que se inici\u00f3 el proceso de secado. El CDL-980 permite controlar en forma simult\u00e1nea la temperatura y la humedad de la c\u00e1mara a trav\u00e9s de su doble lazo de control PID. La medici\u00f3n de temperatura se realiza a trav\u00e9s de una entrada para RTD PT100 y la de humedad relativa de la c\u00e1mara a trav\u00e9s de transductor 4-20 mA.<br \/>\nLas salidas de cada control son lineales de 4-20 mA, esto permite comandar una v\u00e1lvula proporcional o modula en ancho de pulso que permite comandar una salida rel\u00e9 o contactor. Adem\u00e1s permite humidificar en caso de ser necesario y habilitar una salida para ventilar el secadero una vez finalizado el proceso.<br \/>\nEste controlador permite generar 12 ciclos de tiempo variable asociados a 12 valores de set de temperatura, humedad y porcentaje de salida anal\u00f3gica para el control de velocidad de los ventiladores.<br \/>\nSe puede seleccionar si en alguno de los ciclos se activa la salida que acciona la ducha, con lo cual deja de controlar la temperatura y humedad del secadero y apaga los ventiladores. S\u00f3lo se programa el tiempo de duchado Y por \u00faltimo, otro modo de funcionamiento es seleccionar en alguno de los ciclos la activaci\u00f3n de la ventilaci\u00f3n. En este modo s\u00f3lo se programa la velocidad de los ventiladores y el tiempo en que va a estar activada la salida de ventilaci\u00f3n.<\/p>\n<div class=\"large-5 columns\"><\/div>\n<div class=\"large-7 columns especificaciones\">\n<h5>Caracteristicas<\/h5>\n<ul>\n<li>Hasta 12 ciclos de trabajo<\/li>\n<li>Doble lazo PID de temperatura y humedad<\/li>\n<li>Salidas de control de temperatura y de humedad provistas de salida lineal (4\/ 20 mA) o modulada en ancho de pulso (discreta)<\/li>\n<li>3 juegos diferentes de par\u00e1metros PID (recetas) configurables<\/li>\n<li>Control Manual \/ Autom\u00e1tico<\/li>\n<li>Protecci\u00f3n de Acceso a programaci\u00f3n por contrase\u00f1a (2 niveles)<\/li>\n<li>Salida de control para Ventilaci\u00f3n<\/li>\n<li>Salida de Activaci\u00f3n de Ducha<\/li>\n<li>9 Alarmas\/Eventos configurables<\/li>\n<li>Entrada para medici\u00f3n de Temperatura de N\u00facleo<\/li>\n<li>Comunicaci\u00f3n RS485 ModBus y Ethernet ModBus TCP\/IP<\/li>\n<\/ul>\n<h5>Especificaciones:<\/h5>\n<ul>\n<li>Alimentaci\u00f3n de 220 Vca 50 Hz.<\/li>\n<li>Temperatura de operaci\u00f3n 0 a 50 \u00baC.Temperatura de almacenamiento \u201320 a 60 \u00baC.<\/li>\n<li>Humedad relativa de 20 a 85 % sin condensaci\u00f3n.<\/li>\n<li>Consumo de potencia igual 8 VA m\u00e1ximo en 220Vca.<\/li>\n<li>Display\u00a0 de 18 d\u00edgitos .8\u201d<\/li>\n<li>\u00a0Gabinete\u00a0 240 x 190 x100 mm<\/li>\n<li>Peso aproximado\u00a0 900 gr<\/li>\n<li>Tiempo de c\u00e1lculo del algoritmo PID 160 mili segundos. (Periodo de muestreo).<\/li>\n<\/ul>\n<\/div>\n<\/div>","protected":false},"featured_media":1692,"comment_status":"open","ping_status":"closed","template":"","meta":{"_et_pb_use_builder":"","_et_pb_old_content":"","_et_gb_content_width":""},"product_brand":[],"product_cat":[104],"product_tag":[221,222,225,223,224],"class_list":{"0":"post-1691","1":"product","2":"type-product","3":"status-publish","4":"has-post-thumbnail","6":"product_cat-controladores-de-temperatura","7":"product_tag-cdl980","8":"product_tag-controlador","9":"product_tag-embutidos","10":"product_tag-frigorificas","11":"product_tag-secaderos","13":"first","14":"instock","15":"shipping-taxable","16":"product-type-simple"},"_links":{"self":[{"href":"https:\/\/www.iea.com.ar\/en\/wp-json\/wp\/v2\/product\/1691","targetHints":{"allow":["GET"]}}],"collection":[{"href":"https:\/\/www.iea.com.ar\/en\/wp-json\/wp\/v2\/product"}],"about":[{"href":"https:\/\/www.iea.com.ar\/en\/wp-json\/wp\/v2\/types\/product"}],"replies":[{"embeddable":true,"href":"https:\/\/www.iea.com.ar\/en\/wp-json\/wp\/v2\/comments?post=1691"}],"wp:featuredmedia":[{"embeddable":true,"href":"https:\/\/www.iea.com.ar\/en\/wp-json\/wp\/v2\/media\/1692"}],"wp:attachment":[{"href":"https:\/\/www.iea.com.ar\/en\/wp-json\/wp\/v2\/media?parent=1691"}],"wp:term":[{"taxonomy":"product_brand","embeddable":true,"href":"https:\/\/www.iea.com.ar\/en\/wp-json\/wp\/v2\/product_brand?post=1691"},{"taxonomy":"product_cat","embeddable":true,"href":"https:\/\/www.iea.com.ar\/en\/wp-json\/wp\/v2\/product_cat?post=1691"},{"taxonomy":"product_tag","embeddable":true,"href":"https:\/\/www.iea.com.ar\/en\/wp-json\/wp\/v2\/product_tag?post=1691"}],"curies":[{"name":"wp","href":"https:\/\/api.w.org\/{rel}","templated":true}]}}