{"id":1671,"date":"2017-11-23T20:07:52","date_gmt":"2017-11-23T23:07:52","guid":{"rendered":"https:\/\/www.iea.com.ar\/web\/?post_type=product&#038;p=1671"},"modified":"2018-03-15T08:18:10","modified_gmt":"2018-03-15T11:18:10","slug":"micro-80-si-mb","status":"publish","type":"product","link":"https:\/\/www.iea.com.ar\/en\/product\/micro-80-si-mb\/","title":{"rendered":"Micro 80 SI MB"},"content":{"rendered":"<div class=\"producto-downloads\">\n<h6>Descargas<\/h6>\n<p><a title=\"Ver Manual\" href=\"https:\/\/manuales.iea.com.ar\/MICRO_80_SI_MB.pdf\" target=\"_blank\" rel=\"noopener\"><strong>Manual del usuario<\/strong><\/a><\/p>\n<h6>Compartir<\/h6>\n<div class=\"heateor_sss_sharing_container heateor_sss_horizontal_sharing\" data-heateor-ss-offset=\"0\" data-heateor-sss-href='https:\/\/www.iea.com.ar\/en\/product\/micro-80-si-mb\/'><div class=\"heateor_sss_sharing_ul\"><a aria-label=\"Whatsapp\" class=\"heateor_sss_whatsapp\" href=\"https:\/\/api.whatsapp.com\/send?text=Micro%2080%20SI%20MB%20https%3A%2F%2Fwww.iea.com.ar%2Fen%2Fproduct%2Fmicro-80-si-mb%2F\" title=\"Whatsapp\" rel=\"nofollow noopener\" target=\"_blank\" style=\"font-size:32px!important;box-shadow:none;display:inline-block;vertical-align:middle\"><span class=\"heateor_sss_svg\" style=\"background-color:#55eb4c;width:35px;height:35px;border-radius:999px;display:inline-block;opacity:1;float:left;font-size:32px;box-shadow:none;display:inline-block;font-size:16px;padding:0 4px;vertical-align:middle;background-repeat:repeat;overflow:hidden;padding:0;cursor:pointer;box-sizing:content-box\"><svg style=\"display:block;border-radius:999px;\" focusable=\"false\" aria-hidden=\"true\" xmlns=\"http:\/\/www.w3.org\/2000\/svg\" width=\"100%\" height=\"100%\" viewbox=\"-6 -5 40 40\"><path class=\"heateor_sss_svg_stroke heateor_sss_no_fill\" stroke=\"#fff\" stroke-width=\"2\" fill=\"none\" d=\"M 11.579798566743314 24.396926207859085 A 10 10 0 1 0 6.808479557110079 20.73576436351046\"><\/path><path d=\"M 7 19 l -1 6 l 6 -1\" class=\"heateor_sss_no_fill heateor_sss_svg_stroke\" stroke=\"#fff\" stroke-width=\"2\" fill=\"none\"><\/path><path d=\"M 10 10 q -1 8 8 11 c 5 -1 0 -6 -1 -3 q -4 -3 -5 -5 c 4 -2 -1 -5 -1 -4\" fill=\"#fff\"><\/path><\/svg><\/span><\/a><\/div><div class=\"heateorSssClear\"><\/div><\/div>\n<\/div>","protected":false},"excerpt":{"rendered":"<h4>CONTROLADOR E INDICADOR DE TEMPERATURA DE 3 PUNTOS DE CONTROL, SENSOR INTEGRADO E INTERFAZ RS-485<\/h4>\n<p>El Micro 80 SI MB es un controlador de temperatura con acci\u00f3n proporcional, integral y derivativa por ciclo variable de rel\u00e9 o con acci\u00f3n ON\/OFF con entrada para sensor integrado provisto junto al equipo, con una salida de control principal y dos salidas auxiliares, las salidas, son totalmente configurables por el usuario. Dispone de borneras enchufables que permiten una r\u00e1pida instalaci\u00f3n. Adem\u00e1s este equipo posee un puerto RS 485 con protocolo MODBUS.<br \/>\nDimensiones: 48x96x110 mm.<\/p>\n<div class=\"adicional\">\n<div class=\"large-5 columns\"><\/div>\n<div class=\"large-7 columns especificaciones\">\n<h5>ESPECIFICACIONES:<\/h5>\n<ul>\n<li>Alimentaci\u00f3n: 220 VCA; [110VCA] ; [24VCA]<\/li>\n<li>Entradas:\n<ul>\n<li>Sensor Integrado (provisto).<\/li>\n<li>Rango: -40,0 a 100,0 \u00baC.<\/li>\n<\/ul>\n<\/li>\n<li>Salida:\n<ul>\n<li>1 salida de rel\u00e9 SPDT programable.<\/li>\n<li>2 salida de rel\u00e9 SPST programable.<\/li>\n<li>Modo de control: P+I+D<\/li>\n<\/ul>\n<\/li>\n<li>Gabinete: 48x96x110 mm<\/li>\n<li>Peso: 350 grs.<\/li>\n<\/ul>\n<\/div>\n<\/div>\n","protected":false},"featured_media":1672,"comment_status":"open","ping_status":"closed","template":"","meta":{"_et_pb_use_builder":"","_et_pb_old_content":"","_et_gb_content_width":""},"product_brand":[],"product_cat":[104],"product_tag":[222,238,231,228,239,179],"class_list":{"0":"post-1671","1":"product","2":"type-product","3":"status-publish","4":"has-post-thumbnail","6":"product_cat-controladores-de-temperatura","7":"product_tag-controlador","8":"product_tag-micro-80","9":"product_tag-modbus","10":"product_tag-rs485","11":"product_tag-si","12":"product_tag-temperatura","14":"first","15":"instock","16":"shipping-taxable","17":"product-type-simple"},"_links":{"self":[{"href":"https:\/\/www.iea.com.ar\/en\/wp-json\/wp\/v2\/product\/1671","targetHints":{"allow":["GET"]}}],"collection":[{"href":"https:\/\/www.iea.com.ar\/en\/wp-json\/wp\/v2\/product"}],"about":[{"href":"https:\/\/www.iea.com.ar\/en\/wp-json\/wp\/v2\/types\/product"}],"replies":[{"embeddable":true,"href":"https:\/\/www.iea.com.ar\/en\/wp-json\/wp\/v2\/comments?post=1671"}],"wp:featuredmedia":[{"embeddable":true,"href":"https:\/\/www.iea.com.ar\/en\/wp-json\/wp\/v2\/media\/1672"}],"wp:attachment":[{"href":"https:\/\/www.iea.com.ar\/en\/wp-json\/wp\/v2\/media?parent=1671"}],"wp:term":[{"taxonomy":"product_brand","embeddable":true,"href":"https:\/\/www.iea.com.ar\/en\/wp-json\/wp\/v2\/product_brand?post=1671"},{"taxonomy":"product_cat","embeddable":true,"href":"https:\/\/www.iea.com.ar\/en\/wp-json\/wp\/v2\/product_cat?post=1671"},{"taxonomy":"product_tag","embeddable":true,"href":"https:\/\/www.iea.com.ar\/en\/wp-json\/wp\/v2\/product_tag?post=1671"}],"curies":[{"name":"wp","href":"https:\/\/api.w.org\/{rel}","templated":true}]}}