{"id":1655,"date":"2017-11-23T19:47:57","date_gmt":"2017-11-23T22:47:57","guid":{"rendered":"https:\/\/www.iea.com.ar\/web\/?post_type=product&#038;p=1655"},"modified":"2018-03-13T15:52:26","modified_gmt":"2018-03-13T18:52:26","slug":"cd8062p","status":"publish","type":"product","link":"https:\/\/www.iea.com.ar\/en\/product\/cd8062p\/","title":{"rendered":"CD8062P"},"content":{"rendered":"<div class=\"producto-downloads\">\n<h6>Descargas<\/h6>\n<p><a title=\"Ver Manual\" href=\"https:\/\/manuales.iea.com.ar\/CD8062P.pdf\" target=\"_blank\" rel=\"noopener\"><strong>Manual del usuario<\/strong><\/a><\/p>\n<h6>Compartir<\/h6>\n<div class=\"heateor_sss_sharing_container heateor_sss_horizontal_sharing\" data-heateor-ss-offset=\"0\" data-heateor-sss-href='https:\/\/www.iea.com.ar\/en\/product\/cd8062p\/'><div class=\"heateor_sss_sharing_ul\"><a aria-label=\"Whatsapp\" class=\"heateor_sss_whatsapp\" href=\"https:\/\/api.whatsapp.com\/send?text=CD8062P%20https%3A%2F%2Fwww.iea.com.ar%2Fen%2Fproduct%2Fcd8062p%2F\" title=\"Whatsapp\" rel=\"nofollow noopener\" target=\"_blank\" style=\"font-size:32px!important;box-shadow:none;display:inline-block;vertical-align:middle\"><span class=\"heateor_sss_svg\" style=\"background-color:#55eb4c;width:35px;height:35px;border-radius:999px;display:inline-block;opacity:1;float:left;font-size:32px;box-shadow:none;display:inline-block;font-size:16px;padding:0 4px;vertical-align:middle;background-repeat:repeat;overflow:hidden;padding:0;cursor:pointer;box-sizing:content-box\"><svg style=\"display:block;border-radius:999px;\" focusable=\"false\" aria-hidden=\"true\" xmlns=\"http:\/\/www.w3.org\/2000\/svg\" width=\"100%\" height=\"100%\" viewbox=\"-6 -5 40 40\"><path class=\"heateor_sss_svg_stroke heateor_sss_no_fill\" stroke=\"#fff\" stroke-width=\"2\" fill=\"none\" d=\"M 11.579798566743314 24.396926207859085 A 10 10 0 1 0 6.808479557110079 20.73576436351046\"><\/path><path d=\"M 7 19 l -1 6 l 6 -1\" class=\"heateor_sss_no_fill heateor_sss_svg_stroke\" stroke=\"#fff\" stroke-width=\"2\" fill=\"none\"><\/path><path d=\"M 10 10 q -1 8 8 11 c 5 -1 0 -6 -1 -3 q -4 -3 -5 -5 c 4 -2 -1 -5 -1 -4\" fill=\"#fff\"><\/path><\/svg><\/span><\/a><\/div><div class=\"heateorSssClear\"><\/div><\/div><\/div>","protected":false},"excerpt":{"rendered":"<h4>CONTROLADOR PARA PROCESOS DE PANIFICACION<\/h4>\n<p>El CD8062P es un controlador de temperatura que opera en conjunto con un temporizador digital para comandar una salida de control que puede utilizarse para operar un quemador o calefactor, el mismo puede iniciarse, detenerse y finalizarse mediante sus entradas digitales, entregando al usuario una versatilidad sobre la salida de control.<\/p>\n<div class=\"adicional\">\n<div class=\"row\">\n<div class=\"large-6 columns especificaciones\">\n<h5>Control de Temperatura<\/h5>\n<p>Por medio del sensor de temperatura el cual puede ser una termocupla tipo T, J o K el dispositivo monitorea la variable de control y hace actuar sus salidas acorde a las configuraciones preestablecidas. El valor de control se modifica a trav\u00e9s del panel frontal.<\/p>\n<\/div>\n<div class=\"large-6 columns especificaciones\">\n<h5 style=\"margin-top:10px;\">Temporizador<\/h5>\n<p>Para monitorear la duraci\u00f3n del proceso, el dispositivo cuenta con un temporizador programable. El tiempo se modifica a trav\u00e9s del panel frontal. El modo de trabajo es descendente y est\u00e1 expresado en minutos y d\u00e9cimas de minutos, por lo que la lectura en display indica el tiempo faltante para alcanzar el final de proceso.<\/p>\n<\/div>\n<\/div>\n<div class=\"row\">\n<div class=\"large-6 columns especificaciones\">\n<h5 style=\"margin-top:10px;\">Caracter\u00edsticas<\/h5>\n<ul>\n<li>Control de temperatura de cocci\u00f3n<\/li>\n<li>Control de tiempo de cocci\u00f3n<\/li>\n<li>Indicaci\u00f3n de la temperatura y tiempo transcurrido de cocci\u00f3n<\/li>\n<li>Humidificaci\u00f3n manual o autom\u00e1tica<\/li>\n<li>Tiempo de humidificaci\u00f3n programable<\/li>\n<li>Control de convecci\u00f3n de calor (Inversi\u00f3n de sentido de giro)<\/li>\n<\/ul>\n<\/div>\n<div class=\"large-6 columns especificaciones\">\n<h5>Especificaciones<\/h5>\n<ul>\n<li>1 entrada anal\u00f3gica para medici\u00f3n de\u00a0 termocupla tipo\u00a0 T, J o K.<\/li>\n<li>3 Entrada de contacto SPST<\/li>\n<li>R1 rel\u00e9 principal SPDT 3 Amp. 250 VCA.<\/li>\n<li>R2, R3 y R4 rel\u00e9s auxiliares SPST-NA\u00a0 3 Amp. 250 VCA<\/li>\n<li>Retorno a la condici\u00f3n de trabajo antes desenergizarse.<\/li>\n<li>Restablecimiento de par\u00e1metros por defecto.<\/li>\n<li>Alimentaci\u00f3n: [Switching] 90 a 240 Vca 50 Hz<\/li>\n<li>Borneras enchufables<\/li>\n<li>Gabinete: Pl\u00e1stico 48x96x110 mm<\/li>\n<li>Peso: 290 grs.<\/li>\n<\/ul>\n<\/div>\n<\/div>\n<\/div>\n","protected":false},"featured_media":1656,"comment_status":"open","ping_status":"closed","template":"","meta":{"_et_pb_use_builder":"","_et_pb_old_content":"","_et_gb_content_width":""},"product_brand":[],"product_cat":[104],"product_tag":[244,222,245,179,170],"class_list":{"0":"post-1655","1":"product","2":"type-product","3":"status-publish","4":"has-post-thumbnail","6":"product_cat-controladores-de-temperatura","7":"product_tag-cd8062p","8":"product_tag-controlador","9":"product_tag-panificacion","10":"product_tag-temperatura","11":"product_tag-termocupla","13":"first","14":"instock","15":"shipping-taxable","16":"product-type-simple"},"_links":{"self":[{"href":"https:\/\/www.iea.com.ar\/en\/wp-json\/wp\/v2\/product\/1655","targetHints":{"allow":["GET"]}}],"collection":[{"href":"https:\/\/www.iea.com.ar\/en\/wp-json\/wp\/v2\/product"}],"about":[{"href":"https:\/\/www.iea.com.ar\/en\/wp-json\/wp\/v2\/types\/product"}],"replies":[{"embeddable":true,"href":"https:\/\/www.iea.com.ar\/en\/wp-json\/wp\/v2\/comments?post=1655"}],"wp:featuredmedia":[{"embeddable":true,"href":"https:\/\/www.iea.com.ar\/en\/wp-json\/wp\/v2\/media\/1656"}],"wp:attachment":[{"href":"https:\/\/www.iea.com.ar\/en\/wp-json\/wp\/v2\/media?parent=1655"}],"wp:term":[{"taxonomy":"product_brand","embeddable":true,"href":"https:\/\/www.iea.com.ar\/en\/wp-json\/wp\/v2\/product_brand?post=1655"},{"taxonomy":"product_cat","embeddable":true,"href":"https:\/\/www.iea.com.ar\/en\/wp-json\/wp\/v2\/product_cat?post=1655"},{"taxonomy":"product_tag","embeddable":true,"href":"https:\/\/www.iea.com.ar\/en\/wp-json\/wp\/v2\/product_tag?post=1655"}],"curies":[{"name":"wp","href":"https:\/\/api.w.org\/{rel}","templated":true}]}}