{"id":1653,"date":"2017-11-23T19:45:09","date_gmt":"2017-11-23T22:45:09","guid":{"rendered":"https:\/\/www.iea.com.ar\/web\/?post_type=product&#038;p=1653"},"modified":"2018-03-13T15:57:14","modified_gmt":"2018-03-13T18:57:14","slug":"ct481a","status":"publish","type":"product","link":"https:\/\/www.iea.com.ar\/en\/product\/ct481a\/","title":{"rendered":"CT481A (90 &#8211; 240Vca)"},"content":{"rendered":"<div class=\"producto-downloads\">\n<h6>Descargas<\/h6>\n<p> <a title=\"Ver Manual\" href=\"https:\/\/manuales.iea.com.ar\/CT481A.pdf\" target=\"_blank\" rel=\"noopener\"><strong>Manual del usuario<\/strong><\/a> <\/p>\n<h6>Compartir<\/h6>\n<div class=\"heateor_sss_sharing_container heateor_sss_horizontal_sharing\" data-heateor-ss-offset=\"0\" data-heateor-sss-href='https:\/\/www.iea.com.ar\/en\/product\/ct481a\/'><div class=\"heateor_sss_sharing_ul\"><a aria-label=\"Whatsapp\" class=\"heateor_sss_whatsapp\" href=\"https:\/\/api.whatsapp.com\/send?text=CT481A%20%2890%20-%20240Vca%29%20https%3A%2F%2Fwww.iea.com.ar%2Fen%2Fproduct%2Fct481a%2F\" title=\"Whatsapp\" rel=\"nofollow noopener\" target=\"_blank\" style=\"font-size:32px!important;box-shadow:none;display:inline-block;vertical-align:middle\"><span class=\"heateor_sss_svg\" style=\"background-color:#55eb4c;width:35px;height:35px;border-radius:999px;display:inline-block;opacity:1;float:left;font-size:32px;box-shadow:none;display:inline-block;font-size:16px;padding:0 4px;vertical-align:middle;background-repeat:repeat;overflow:hidden;padding:0;cursor:pointer;box-sizing:content-box\"><svg style=\"display:block;border-radius:999px;\" focusable=\"false\" aria-hidden=\"true\" xmlns=\"http:\/\/www.w3.org\/2000\/svg\" width=\"100%\" height=\"100%\" viewbox=\"-6 -5 40 40\"><path class=\"heateor_sss_svg_stroke heateor_sss_no_fill\" stroke=\"#fff\" stroke-width=\"2\" fill=\"none\" d=\"M 11.579798566743314 24.396926207859085 A 10 10 0 1 0 6.808479557110079 20.73576436351046\"><\/path><path d=\"M 7 19 l -1 6 l 6 -1\" class=\"heateor_sss_no_fill heateor_sss_svg_stroke\" stroke=\"#fff\" stroke-width=\"2\" fill=\"none\"><\/path><path d=\"M 10 10 q -1 8 8 11 c 5 -1 0 -6 -1 -3 q -4 -3 -5 -5 c 4 -2 -1 -5 -1 -4\" fill=\"#fff\"><\/path><\/svg><\/span><\/a><\/div><div class=\"heateorSssClear\"><\/div><\/div><\/div>","protected":false},"excerpt":{"rendered":"<h4>CONTROLADOR DE TEMPERATURA DE SIMPLE DISPLAY<\/h4>\n<p>El CT481A es un termostato digital multi-entrada, configurable para medici\u00f3n de Termocupla J y K, o un Termoresistor PT100. Presenta un rango de operaci\u00f3n de temperatura definida seg\u00fan la entrada de -20.0\u00b0C a 760\u00b0C (Tipo J), -20.0\u00b0C a 1300\u00b0C (Tipo K) y -60.0\u00b0C a 650.0\u00b0C (RTD) con clase 0,5, una predeterminaci\u00f3n (SP) de salida a rel\u00e9 SPDT.<br \/>\nDimensiones: 48x48x70 mm.<\/p>\n<div class=\"adicional\">\n<div class=\"large-5 columns\"><\/div>\n<div class=\"large-7 columns especificaciones\">\n<h5>ESPECIFICACIONES:<\/h5>\n<ul>\n<li>Alimentaci\u00f3n de 90 a 240VCA.<\/li>\n<li>Temperatura de operaci\u00f3n 0 a 50 \u00baC.<\/li>\n<li>Temperatura de almacenamiento \u201320 a 60 \u00baC.<\/li>\n<li>Humedad relativa de 20 a 85 % sin condensaci\u00f3n.<\/li>\n<li>Display 4 d\u00edgitos .3\u201d alta eficiencia<\/li>\n<li>Tiempo de medici\u00f3n 500 mseg. (Periodo de muestreo).<\/li>\n<li>Gabinete: 48x48x70 mm<\/li>\n<li>Peso aproximado: 120 grs.<\/li>\n<\/ul>\n<\/div>\n<\/div>","protected":false},"featured_media":1654,"comment_status":"open","ping_status":"closed","template":"","meta":{"_et_pb_use_builder":"","_et_pb_old_content":"","_et_gb_content_width":""},"product_brand":[],"product_cat":[104],"product_tag":[222,246,233,167,166,179,170],"class_list":{"0":"post-1653","1":"product","2":"type-product","3":"status-publish","4":"has-post-thumbnail","6":"product_cat-controladores-de-temperatura","7":"product_tag-controlador","8":"product_tag-ct481","9":"product_tag-on-off","10":"product_tag-pt100","11":"product_tag-rtd","12":"product_tag-temperatura","13":"product_tag-termocupla","15":"first","16":"instock","17":"shipping-taxable","18":"product-type-simple"},"_links":{"self":[{"href":"https:\/\/www.iea.com.ar\/en\/wp-json\/wp\/v2\/product\/1653","targetHints":{"allow":["GET"]}}],"collection":[{"href":"https:\/\/www.iea.com.ar\/en\/wp-json\/wp\/v2\/product"}],"about":[{"href":"https:\/\/www.iea.com.ar\/en\/wp-json\/wp\/v2\/types\/product"}],"replies":[{"embeddable":true,"href":"https:\/\/www.iea.com.ar\/en\/wp-json\/wp\/v2\/comments?post=1653"}],"wp:featuredmedia":[{"embeddable":true,"href":"https:\/\/www.iea.com.ar\/en\/wp-json\/wp\/v2\/media\/1654"}],"wp:attachment":[{"href":"https:\/\/www.iea.com.ar\/en\/wp-json\/wp\/v2\/media?parent=1653"}],"wp:term":[{"taxonomy":"product_brand","embeddable":true,"href":"https:\/\/www.iea.com.ar\/en\/wp-json\/wp\/v2\/product_brand?post=1653"},{"taxonomy":"product_cat","embeddable":true,"href":"https:\/\/www.iea.com.ar\/en\/wp-json\/wp\/v2\/product_cat?post=1653"},{"taxonomy":"product_tag","embeddable":true,"href":"https:\/\/www.iea.com.ar\/en\/wp-json\/wp\/v2\/product_tag?post=1653"}],"curies":[{"name":"wp","href":"https:\/\/api.w.org\/{rel}","templated":true}]}}