{"id":1624,"date":"2017-11-23T18:40:19","date_gmt":"2017-11-23T21:40:19","guid":{"rendered":"https:\/\/www.iea.com.ar\/web\/?post_type=product&#038;p=1624"},"modified":"2018-03-14T10:48:07","modified_gmt":"2018-03-14T13:48:07","slug":"micro-98-eth","status":"publish","type":"product","link":"https:\/\/www.iea.com.ar\/en\/product\/micro-98-eth\/","title":{"rendered":"Micro 98 ETH"},"content":{"rendered":"<div class=\"producto-downloads\">\n<h6>Descargas<\/h6>\n<p><a title=\"Ver Manual\" href=\"https:\/\/manuales.iea.com.ar\/MICRO_98_ETH.pdf\" target=\"_blank\" rel=\"noopener\"><strong>Manual del usuario 1<\/strong><\/a><br \/>\n<a title=\"Ver Manual\" href=\"https:\/\/manuales.iea.com.ar\/MICRO_98_ETH_V2.pdf\" target=\"_blank\" rel=\"noopener\"><strong>Manual del usuario 2<\/strong><\/a><\/p>\n<h6>Compartir<\/h6>\n<div class=\"heateor_sss_sharing_container heateor_sss_horizontal_sharing\" data-heateor-ss-offset=\"0\" data-heateor-sss-href='https:\/\/www.iea.com.ar\/en\/product\/micro-98-eth\/'><div class=\"heateor_sss_sharing_ul\"><a aria-label=\"Whatsapp\" class=\"heateor_sss_whatsapp\" href=\"https:\/\/api.whatsapp.com\/send?text=Micro%2098%20ETH%20https%3A%2F%2Fwww.iea.com.ar%2Fen%2Fproduct%2Fmicro-98-eth%2F\" title=\"Whatsapp\" rel=\"nofollow noopener\" target=\"_blank\" style=\"font-size:32px!important;box-shadow:none;display:inline-block;vertical-align:middle\"><span class=\"heateor_sss_svg\" style=\"background-color:#55eb4c;width:35px;height:35px;border-radius:999px;display:inline-block;opacity:1;float:left;font-size:32px;box-shadow:none;display:inline-block;font-size:16px;padding:0 4px;vertical-align:middle;background-repeat:repeat;overflow:hidden;padding:0;cursor:pointer;box-sizing:content-box\"><svg style=\"display:block;border-radius:999px;\" focusable=\"false\" aria-hidden=\"true\" xmlns=\"http:\/\/www.w3.org\/2000\/svg\" width=\"100%\" height=\"100%\" viewbox=\"-6 -5 40 40\"><path class=\"heateor_sss_svg_stroke heateor_sss_no_fill\" stroke=\"#fff\" stroke-width=\"2\" fill=\"none\" d=\"M 11.579798566743314 24.396926207859085 A 10 10 0 1 0 6.808479557110079 20.73576436351046\"><\/path><path d=\"M 7 19 l -1 6 l 6 -1\" class=\"heateor_sss_no_fill heateor_sss_svg_stroke\" stroke=\"#fff\" stroke-width=\"2\" fill=\"none\"><\/path><path d=\"M 10 10 q -1 8 8 11 c 5 -1 0 -6 -1 -3 q -4 -3 -5 -5 c 4 -2 -1 -5 -1 -4\" fill=\"#fff\"><\/path><\/svg><\/span><\/a><\/div><div class=\"heateorSssClear\"><\/div><\/div>\n<\/div>","protected":false},"excerpt":{"rendered":"<h4>CONTROLADOR DIGITAL DE PROCESOS &#8211; INTERFAZ ETHERNET<\/h4>\n<p>El Micro 98 ETH es un controlador aut\u00f3nomo con procesamiento \u00edntegramente digital de acciones: proporcional, integral y derivativa para simple lazo, con el agregado de la funci\u00f3n de programador de ciclos t\u00e9rmicos. Todos los par\u00e1metros son plenamente configurables por el usuario. Posee comunicaci\u00f3n ModBus TCP y p\u00e1gina Web embebida.<br \/>\nDimensiones: 48x96x110 mm.<\/p>\n<div class=\"adicional\">\n<p>La programaci\u00f3n consiste en la selecci\u00f3n de las funciones y par\u00e1metros de sinton\u00eda por medio del panel frontal y\/o por comunicaci\u00f3n. A trav\u00e9s de protocolo ModBus interfaz RS-485 o MobBus TCP interfaz ethernet, se puede configurar el set de par\u00e1metros programados y leer el status interno del mismo.<\/p>\n<p>El algoritmo de control incluye, entre otras caracter\u00edsticas, la transferencia manual \/ autom\u00e1tico sin una variaci\u00f3n brusca en la salida (bumpless) y cancelaci\u00f3n autom\u00e1tica de la acci\u00f3n integral (antireset).<\/p>\n<p>Este controlador conserva la compatibilidad con la l\u00ednea de instrumentos S9800, adem\u00e1s de las nuevas funciones incorporadas.<\/p>\n<div class=\"large-5 columns\"><\/div>\n<div class=\"large-7 columns especificaciones\">\n<h5>ESPECIFICACIONES:<\/h5>\n<ul>\n<li>Alimentaci\u00f3n: 220 VCA; [110VCA] ; [24VCA]<\/li>\n<li>1 entrada anal\u00f3gica universal de variable de proceso que puede ser configurada para medir temocuplas T, S, J, K, y R, RTD PT100 y entradas lineales de tipo 0-4\/20 mA (con SHUNT externo) y 0-1\/5 V.<\/li>\n<li>2 entradas anal\u00f3gicas lineales que pueden ser configuradas para medir entradas lineales de tipo 0-4\/20 mA (con SHUNT externo) y 0-1\/5 V.<\/li>\n<li>2 salidas anal\u00f3gicas lineales aisladas que pueden ser configuradas para proveer salidas lineales de tipo 0-4\/20 mA y 0-1\/5 V (con SHUNT externo).<\/li>\n<li>3 entradas digitales aisladas.<\/li>\n<li>3 salidas digitales aisladas de rel\u00e9s. 1 rel\u00e9 inversor y 2 normales abiertos.<\/li>\n<li>Comunicaci\u00f3n ModBus RS-485, ASCII y RTU.<\/li>\n<li>Comunicaci\u00f3n Ethernet ModBus TCP.<\/li>\n<li>\u00a05 modos de c\u00e1lculo del algoritmo de control: PID, On-Off, PID con Set Remoto, PID con FeedForward y programador de ciclos t\u00e9rmicos.<\/li>\n<li>3 diferentes juegos de par\u00e1metros PID (recetas) configurables.<\/li>\n<li>9 alarmas\/eventos totalmente configurables.<\/li>\n<li>Hasta 9 segmentos configurables en el programador de ciclos t\u00e9rmicos.<\/li>\n<li>Protecci\u00f3n de acceso a modo programaci\u00f3n mediante contrase\u00f1a de operador y supervisor.<\/li>\n<li>Gabinete: 48x96x110 mm<\/li>\n<li>Peso: 320 grs.<\/li>\n<\/ul>\n<\/div>\n<\/div>\n","protected":false},"featured_media":1625,"comment_status":"open","ping_status":"closed","template":"","meta":{"_et_pb_use_builder":"","_et_pb_old_content":"","_et_gb_content_width":""},"product_brand":[],"product_cat":[118],"product_tag":[250,222,257,256,231,249,227,167,228,166,248,258,170],"class_list":{"0":"post-1624","1":"product","2":"type-product","3":"status-publish","4":"has-post-thumbnail","6":"product_cat-controladores-de-procesos","7":"product_tag-4-a-20-ma","8":"product_tag-controlador","9":"product_tag-ethernet","10":"product_tag-micro-98","11":"product_tag-modbus","12":"product_tag-normalizadas","13":"product_tag-pid","14":"product_tag-pt100","15":"product_tag-rs485","16":"product_tag-rtd","17":"product_tag-senales","18":"product_tag-tcp","19":"product_tag-termocupla","21":"first","22":"instock","23":"shipping-taxable","24":"product-type-simple"},"_links":{"self":[{"href":"https:\/\/www.iea.com.ar\/en\/wp-json\/wp\/v2\/product\/1624","targetHints":{"allow":["GET"]}}],"collection":[{"href":"https:\/\/www.iea.com.ar\/en\/wp-json\/wp\/v2\/product"}],"about":[{"href":"https:\/\/www.iea.com.ar\/en\/wp-json\/wp\/v2\/types\/product"}],"replies":[{"embeddable":true,"href":"https:\/\/www.iea.com.ar\/en\/wp-json\/wp\/v2\/comments?post=1624"}],"wp:featuredmedia":[{"embeddable":true,"href":"https:\/\/www.iea.com.ar\/en\/wp-json\/wp\/v2\/media\/1625"}],"wp:attachment":[{"href":"https:\/\/www.iea.com.ar\/en\/wp-json\/wp\/v2\/media?parent=1624"}],"wp:term":[{"taxonomy":"product_brand","embeddable":true,"href":"https:\/\/www.iea.com.ar\/en\/wp-json\/wp\/v2\/product_brand?post=1624"},{"taxonomy":"product_cat","embeddable":true,"href":"https:\/\/www.iea.com.ar\/en\/wp-json\/wp\/v2\/product_cat?post=1624"},{"taxonomy":"product_tag","embeddable":true,"href":"https:\/\/www.iea.com.ar\/en\/wp-json\/wp\/v2\/product_tag?post=1624"}],"curies":[{"name":"wp","href":"https:\/\/api.w.org\/{rel}","templated":true}]}}