{"id":1577,"date":"2017-11-09T13:58:40","date_gmt":"2017-11-09T16:58:40","guid":{"rendered":"https:\/\/www.iea.com.ar\/web\/?post_type=product&#038;p=1577"},"modified":"2018-03-14T12:02:22","modified_gmt":"2018-03-14T15:02:22","slug":"mi-61-rtd","status":"publish","type":"product","link":"https:\/\/www.iea.com.ar\/en\/product\/mi-61-rtd\/","title":{"rendered":"MI 61 RTD"},"content":{"rendered":"<h6 class=\"producto-downloads\">Descargas<\/h6>\n<p><a href=\"https:\/\/manuales.iea.com.ar\/MI_61_RTD_METALICO.pdf\" target=\"_blank\" rel=\"noopener\"><strong>Manual del usuario<\/strong><\/a><\/p>\n<h6 class=\"producto-downloads\">Compartir<\/h6>\n<div class=\"heateor_sss_sharing_container heateor_sss_horizontal_sharing\" data-heateor-ss-offset=\"0\" data-heateor-sss-href='https:\/\/www.iea.com.ar\/en\/product\/mi-61-rtd\/'><div class=\"heateor_sss_sharing_ul\"><a aria-label=\"Whatsapp\" class=\"heateor_sss_whatsapp\" href=\"https:\/\/api.whatsapp.com\/send?text=MI%2061%20RTD%20https%3A%2F%2Fwww.iea.com.ar%2Fen%2Fproduct%2Fmi-61-rtd%2F\" title=\"Whatsapp\" rel=\"nofollow noopener\" target=\"_blank\" style=\"font-size:32px!important;box-shadow:none;display:inline-block;vertical-align:middle\"><span class=\"heateor_sss_svg\" style=\"background-color:#55eb4c;width:35px;height:35px;border-radius:999px;display:inline-block;opacity:1;float:left;font-size:32px;box-shadow:none;display:inline-block;font-size:16px;padding:0 4px;vertical-align:middle;background-repeat:repeat;overflow:hidden;padding:0;cursor:pointer;box-sizing:content-box\"><svg style=\"display:block;border-radius:999px;\" focusable=\"false\" aria-hidden=\"true\" xmlns=\"http:\/\/www.w3.org\/2000\/svg\" width=\"100%\" height=\"100%\" viewbox=\"-6 -5 40 40\"><path class=\"heateor_sss_svg_stroke heateor_sss_no_fill\" stroke=\"#fff\" stroke-width=\"2\" fill=\"none\" d=\"M 11.579798566743314 24.396926207859085 A 10 10 0 1 0 6.808479557110079 20.73576436351046\"><\/path><path d=\"M 7 19 l -1 6 l 6 -1\" class=\"heateor_sss_no_fill heateor_sss_svg_stroke\" stroke=\"#fff\" stroke-width=\"2\" fill=\"none\"><\/path><path d=\"M 10 10 q -1 8 8 11 c 5 -1 0 -6 -1 -3 q -4 -3 -5 -5 c 4 -2 -1 -5 -1 -4\" fill=\"#fff\"><\/path><\/svg><\/span><\/a><\/div><div class=\"heateorSssClear\"><\/div><\/div>","protected":false},"excerpt":{"rendered":"<h4>MODULO INTELIGENTE PARA 8 ENTRADAS RTD Pt 100<\/h4>\n<p>El MI 61 RTD es un modulo adquisidor de datos anal\u00f3gicos de 8 canales para entradas provenientes de termorresistencias de platino o cobre, configurables por software (default RTD Pt 100).<br \/>\nLa unidad es aut\u00f3noma y provee la linealizaci\u00f3n autom\u00e1tica de las entradas as\u00ed como la comunicaci\u00f3n de los datos procesados v\u00eda su \u00fanico puerto de comunicaci\u00f3n bajo norma RS-485, este tambi\u00e9n puede intervenir en una red de comunicaciones local hasta un m\u00e1ximo de 6 unidades asociadas con un display inteligente modelo DI-61MB (display remoto que permite visualizar la medici\u00f3n proveniente de los m\u00f3dulos hasta un m\u00e1ximo de 48 canales, desarrollado y fabricado por Ingenier\u00eda Electr\u00f3nica Argentina S.R.L); que oficie de host de la misma. Del mismo modo, hasta 255 unidades puede intervenir en una red de comunicaciones manejadas directamente por una PC.<\/p>\n<div class=\"adicional\">\n<div class=\"large-5 columns\"><\/div>\n<div class=\"large-7 columns especificaciones\">\n<h5>ESPECIFICACIONES:<\/h5>\n<ul>\n<li>Alimentaci\u00f3n: 220 VCA<\/li>\n<li>M\u00e9todo de conversi\u00f3n A\/D: Integraci\u00f3n de m\u00faltiples rampas.<\/li>\n<li>Tiempo de conversi\u00f3n: 60 ms.<\/li>\n<li>Cantidad de canales: 8<\/li>\n<li>Per\u00edodo de scanning: 8 canales en 480 ms.<\/li>\n<li>Ecala: -50,0 \u00baC a 200,0 \u00baC<\/li>\n<li>Gabinete: 150 x 200 x 75 mm<\/li>\n<li>Comunicaci\u00f3n: RS-485<\/li>\n<\/ul>\n<\/div>\n<\/div>","protected":false},"featured_media":1579,"comment_status":"open","ping_status":"closed","template":"","meta":{"_et_pb_use_builder":"","_et_pb_old_content":"","_et_gb_content_width":""},"product_brand":[],"product_cat":[120],"product_tag":[279,231,167,228,166],"class_list":{"0":"post-1577","1":"product","2":"type-product","3":"status-publish","4":"has-post-thumbnail","6":"product_cat-adquisidores-de-datos-perifericos","7":"product_tag-mi-61","8":"product_tag-modbus","9":"product_tag-pt100","10":"product_tag-rs485","11":"product_tag-rtd","13":"first","14":"instock","15":"shipping-taxable","16":"product-type-simple"},"_links":{"self":[{"href":"https:\/\/www.iea.com.ar\/en\/wp-json\/wp\/v2\/product\/1577","targetHints":{"allow":["GET"]}}],"collection":[{"href":"https:\/\/www.iea.com.ar\/en\/wp-json\/wp\/v2\/product"}],"about":[{"href":"https:\/\/www.iea.com.ar\/en\/wp-json\/wp\/v2\/types\/product"}],"replies":[{"embeddable":true,"href":"https:\/\/www.iea.com.ar\/en\/wp-json\/wp\/v2\/comments?post=1577"}],"wp:featuredmedia":[{"embeddable":true,"href":"https:\/\/www.iea.com.ar\/en\/wp-json\/wp\/v2\/media\/1579"}],"wp:attachment":[{"href":"https:\/\/www.iea.com.ar\/en\/wp-json\/wp\/v2\/media?parent=1577"}],"wp:term":[{"taxonomy":"product_brand","embeddable":true,"href":"https:\/\/www.iea.com.ar\/en\/wp-json\/wp\/v2\/product_brand?post=1577"},{"taxonomy":"product_cat","embeddable":true,"href":"https:\/\/www.iea.com.ar\/en\/wp-json\/wp\/v2\/product_cat?post=1577"},{"taxonomy":"product_tag","embeddable":true,"href":"https:\/\/www.iea.com.ar\/en\/wp-json\/wp\/v2\/product_tag?post=1577"}],"curies":[{"name":"wp","href":"https:\/\/api.w.org\/{rel}","templated":true}]}}