{"id":1569,"date":"2017-11-07T19:23:08","date_gmt":"2017-11-07T22:23:08","guid":{"rendered":"https:\/\/www.iea.com.ar\/web\/?post_type=product&#038;p=1569"},"modified":"2019-03-19T08:28:45","modified_gmt":"2019-03-19T11:28:45","slug":"humicontrol-senior","status":"publish","type":"product","link":"https:\/\/www.iea.com.ar\/en\/product\/humicontrol-senior\/","title":{"rendered":"Humicontrol Senior"},"content":{"rendered":"<h6 class=\"producto-downloads\">Descargas<\/h6>\n<p><a href=\"https:\/\/manuales.iea.com.ar\/HUMICONTROL_SENIOR.pdf\" target=\"_blank\" rel=\"noopener\"><strong>Manual del usuario &#8211; V1 (Discontinuado)<\/strong><\/a><br \/>\n<a href=\"https:\/\/manuales.iea.com.ar\/HUMICONTROL_SrV2.pdf\" target=\"_blank\" rel=\"noopener\"><strong>Manual del usuario &#8211; V2<\/strong><\/a><br \/>\n<a href=\"https:\/\/manuales.iea.com.ar\/HumiSensor.pdf\" target=\"_blank\" rel=\"noopener\"><strong>Manual Humisensor<\/strong><\/a><\/p>\n<h6 class=\"producto-downloads\">Compartir<\/h6>\n<div class=\"heateor_sss_sharing_container heateor_sss_horizontal_sharing\" data-heateor-ss-offset=\"0\" data-heateor-sss-href='https:\/\/www.iea.com.ar\/en\/product\/humicontrol-senior\/'><div class=\"heateor_sss_sharing_ul\"><a aria-label=\"Whatsapp\" class=\"heateor_sss_whatsapp\" href=\"https:\/\/api.whatsapp.com\/send?text=Humicontrol%20Senior%20https%3A%2F%2Fwww.iea.com.ar%2Fen%2Fproduct%2Fhumicontrol-senior%2F\" title=\"Whatsapp\" rel=\"nofollow noopener\" target=\"_blank\" style=\"font-size:32px!important;box-shadow:none;display:inline-block;vertical-align:middle\"><span class=\"heateor_sss_svg\" style=\"background-color:#55eb4c;width:35px;height:35px;border-radius:999px;display:inline-block;opacity:1;float:left;font-size:32px;box-shadow:none;display:inline-block;font-size:16px;padding:0 4px;vertical-align:middle;background-repeat:repeat;overflow:hidden;padding:0;cursor:pointer;box-sizing:content-box\"><svg style=\"display:block;border-radius:999px;\" focusable=\"false\" aria-hidden=\"true\" xmlns=\"http:\/\/www.w3.org\/2000\/svg\" width=\"100%\" height=\"100%\" viewbox=\"-6 -5 40 40\"><path class=\"heateor_sss_svg_stroke heateor_sss_no_fill\" stroke=\"#fff\" stroke-width=\"2\" fill=\"none\" d=\"M 11.579798566743314 24.396926207859085 A 10 10 0 1 0 6.808479557110079 20.73576436351046\"><\/path><path d=\"M 7 19 l -1 6 l 6 -1\" class=\"heateor_sss_no_fill heateor_sss_svg_stroke\" stroke=\"#fff\" stroke-width=\"2\" fill=\"none\"><\/path><path d=\"M 10 10 q -1 8 8 11 c 5 -1 0 -6 -1 -3 q -4 -3 -5 -5 c 4 -2 -1 -5 -1 -4\" fill=\"#fff\"><\/path><\/svg><\/span><\/a><\/div><div class=\"heateorSssClear\"><\/div><\/div>","protected":false},"excerpt":{"rendered":"<h4>CONTROL DE HUMEDAD EN SECADORAS DE GRANOS<\/h4>\n<p>El Humicontrol Senior es un robusto equipo electr\u00f3nico dise\u00f1ado para monitorear y controlar en forma continua el proceso de secado de granos en todo tipo de secadoras continuas.\u00a0Midiendo la humedad en granos a la entrada y salida de la secadora, como as\u00ed tambi\u00e9n las temperaturas de entrada y salida y la temperatura del aire secado, el HUMICONTROL controla la velocidad de transito del grano dentro de la secadora, a fin de obtener a la salida de la misma la humedad de semilla programada por el operador.<\/p>\n<div class=\"adicional\">\n<div class=\"large-5 columns\"><\/div>\n<div class=\"large-7 columns especificaciones\">\n<h5>ESPECIFICACIONES GENERALES:<\/h5>\n<\/div>\n<\/div>\n<div class=\"adicional\">\n<div class=\"large-7 columns especificaciones\">\n<ul>\n<li>Alimentaci\u00f3n 220 Vca 50 Hz.<\/li>\n<li>Temperatura de operaci\u00f3n 0 a 50\u00baC.<\/li>\n<li>Temperatura de almacenamiento -20 a 60\u00baC.<\/li>\n<li>Humedad relativa de 20 a 85% sin condensaci\u00f3n.<\/li>\n<li>Consumo de potencia igual a 20VA m\u00e1xima en 220Vca.<\/li>\n<\/ul>\n<h5>ENTRADAS ANAL\u00d3GICAS:<\/h5>\n<ul>\n<li>2 entradas anal\u00f3gicas configuradas para medir RTD PT100 proveniente de los sensores Humisensor de entrada y salida.<\/li>\n<li>2 entradas anal\u00f3gicas lineal configurada para medir humedad proveniente de los sensores Humisensor de entrada y salida.<\/li>\n<li>1 entrada para medir temperatura en aire.<\/li>\n<li>Protecci\u00f3n de sensor abierto en RTD. Se visualiza en el display sobrerango.<\/li>\n<li>Exactitud de la medici\u00f3n mejor que 0.3% del rango, en toda la escala.<\/li>\n<\/ul>\n<h5>SALIDAS ANAL\u00d3GICAS:<\/h5>\n<ul>\n<li>1 salida anal\u00f3gica.<\/li>\n<li>Carga m\u00e1xima de salida 0-4\/20 mA igual a 500\u03a9.<\/li>\n<li>Carga m\u00ednima de salida 0-1\/5 V igual a 100K\u03a9.<\/li>\n<\/ul>\n<h5>SALIDAS DIGITALES:<\/h5>\n<ul>\n<li>\u00a0Dos salidas digitales.<\/li>\n<li>Corriente m\u00e1xima por los rel\u00e9s 3A resistivo 250Vca.<\/li>\n<li>M\u00e1xima tensi\u00f3n de aislaci\u00f3n igual 400V.<\/li>\n<\/ul>\n<h5>ENTRADAS DIGITALES:<\/h5>\n<ul>\n<li>\u00a0Dos entradas digitales.<\/li>\n<li>M\u00e1xima tensi\u00f3n de aislaci\u00f3n igual 400V.<\/li>\n<\/ul>\n<h5>COMUNICACI\u00d3N MODBUS RS485:<\/h5>\n<ul>\n<li>Protocolos RTU y ASCII.<\/li>\n<li>Baud Rate seleccionable entre 9600 y 19200.<\/li>\n<li>Posibilidades de seleccionar Paridad Par o Sin Paridad.<\/li>\n<li>1 bits de Stop seleccionable.<\/li>\n<\/ul>\n<\/div>\n<\/div>","protected":false},"featured_media":1576,"comment_status":"open","ping_status":"closed","template":"","meta":{"_et_pb_use_builder":"","_et_pb_old_content":"","_et_gb_content_width":""},"product_brand":[],"product_cat":[120],"product_tag":[286,178,284,287,285,179],"class_list":{"0":"post-1569","1":"product","2":"type-product","3":"status-publish","4":"has-post-thumbnail","6":"product_cat-adquisidores-de-datos-perifericos","7":"product_tag-control","8":"product_tag-humedad","9":"product_tag-humicontrol","10":"product_tag-secadoras","11":"product_tag-senior","12":"product_tag-temperatura","14":"first","15":"instock","16":"shipping-taxable","17":"product-type-simple"},"_links":{"self":[{"href":"https:\/\/www.iea.com.ar\/en\/wp-json\/wp\/v2\/product\/1569","targetHints":{"allow":["GET"]}}],"collection":[{"href":"https:\/\/www.iea.com.ar\/en\/wp-json\/wp\/v2\/product"}],"about":[{"href":"https:\/\/www.iea.com.ar\/en\/wp-json\/wp\/v2\/types\/product"}],"replies":[{"embeddable":true,"href":"https:\/\/www.iea.com.ar\/en\/wp-json\/wp\/v2\/comments?post=1569"}],"wp:featuredmedia":[{"embeddable":true,"href":"https:\/\/www.iea.com.ar\/en\/wp-json\/wp\/v2\/media\/1576"}],"wp:attachment":[{"href":"https:\/\/www.iea.com.ar\/en\/wp-json\/wp\/v2\/media?parent=1569"}],"wp:term":[{"taxonomy":"product_brand","embeddable":true,"href":"https:\/\/www.iea.com.ar\/en\/wp-json\/wp\/v2\/product_brand?post=1569"},{"taxonomy":"product_cat","embeddable":true,"href":"https:\/\/www.iea.com.ar\/en\/wp-json\/wp\/v2\/product_cat?post=1569"},{"taxonomy":"product_tag","embeddable":true,"href":"https:\/\/www.iea.com.ar\/en\/wp-json\/wp\/v2\/product_tag?post=1569"}],"curies":[{"name":"wp","href":"https:\/\/api.w.org\/{rel}","templated":true}]}}