{"id":1565,"date":"2017-11-07T19:06:01","date_gmt":"2017-11-07T22:06:01","guid":{"rendered":"https:\/\/www.iea.com.ar\/web\/?post_type=product&#038;p=1565"},"modified":"2019-03-19T08:45:13","modified_gmt":"2019-03-19T11:45:13","slug":"humicontrol-jr-eth","status":"publish","type":"product","link":"https:\/\/www.iea.com.ar\/en\/product\/humicontrol-jr-eth\/","title":{"rendered":"Humicontrol JR ETH"},"content":{"rendered":"<h6 class=\"producto-downloads\">Descargas<\/h6>\n<p><a href=\"https:\/\/manuales.iea.com.ar\/HUMICONTROL_JR98.pdf\" target=\"_blank\" rel=\"noopener\"><strong>Manual del usuario<\/strong><\/a><br \/>\n<a href=\"https:\/\/manuales.iea.com.ar\/HumiSensor.pdf\" target=\"_blank\" rel=\"noopener\"><strong>Manual Humisensor<\/strong><\/a><\/p>\n<h6 class=\"producto-downloads\">Compartir<\/h6>\n<div class=\"heateor_sss_sharing_container heateor_sss_horizontal_sharing\" data-heateor-ss-offset=\"0\" data-heateor-sss-href='https:\/\/www.iea.com.ar\/en\/product\/humicontrol-jr-eth\/'><div class=\"heateor_sss_sharing_ul\"><a aria-label=\"Whatsapp\" class=\"heateor_sss_whatsapp\" href=\"https:\/\/api.whatsapp.com\/send?text=Humicontrol%20JR%20ETH%20https%3A%2F%2Fwww.iea.com.ar%2Fen%2Fproduct%2Fhumicontrol-jr-eth%2F\" title=\"Whatsapp\" rel=\"nofollow noopener\" target=\"_blank\" style=\"font-size:32px!important;box-shadow:none;display:inline-block;vertical-align:middle\"><span class=\"heateor_sss_svg\" style=\"background-color:#55eb4c;width:35px;height:35px;border-radius:999px;display:inline-block;opacity:1;float:left;font-size:32px;box-shadow:none;display:inline-block;font-size:16px;padding:0 4px;vertical-align:middle;background-repeat:repeat;overflow:hidden;padding:0;cursor:pointer;box-sizing:content-box\"><svg style=\"display:block;border-radius:999px;\" focusable=\"false\" aria-hidden=\"true\" xmlns=\"http:\/\/www.w3.org\/2000\/svg\" width=\"100%\" height=\"100%\" viewbox=\"-6 -5 40 40\"><path class=\"heateor_sss_svg_stroke heateor_sss_no_fill\" stroke=\"#fff\" stroke-width=\"2\" fill=\"none\" d=\"M 11.579798566743314 24.396926207859085 A 10 10 0 1 0 6.808479557110079 20.73576436351046\"><\/path><path d=\"M 7 19 l -1 6 l 6 -1\" class=\"heateor_sss_no_fill heateor_sss_svg_stroke\" stroke=\"#fff\" stroke-width=\"2\" fill=\"none\"><\/path><path d=\"M 10 10 q -1 8 8 11 c 5 -1 0 -6 -1 -3 q -4 -3 -5 -5 c 4 -2 -1 -5 -1 -4\" fill=\"#fff\"><\/path><\/svg><\/span><\/a><\/div><div class=\"heateorSssClear\"><\/div><\/div>","protected":false},"excerpt":{"rendered":"<h4>CONTROLADOR Y TRANSMISOR DE HUMEDAD EN GRANOS<\/h4>\n<p>El Humicontrol JR ETH es un robusto equipo electr\u00f3nico dise\u00f1ado para monitorear y controlar en forma continua el proceso de secado de granos en todo tipo de secadoras continuas. Este dispositivo mide la humedad y la temperatura de la semilla a la salida de la secadora controla la velocidad de tr\u00e1nsito del grano a trav\u00e9s de un control proporcional, e integral de simple lazo, configurable completamente por el usuario. Posee comunicaci\u00f3n MODBUS ETH y p\u00e1gina Web embebida.<\/p>\n<div class=\"adicional\">\n<div class=\"large-5 columns\"><\/div>\n<div class=\"large-7 columns especificaciones\">\n<h5>CARACTER\u00cdSTICAS:<\/h5>\n<ul>\n<li>Entradas:\n<ul>\n<li>1 Entrada Anal\u00f3gica configurada para medir de RTD Pt100 proveniente del sensor Humisensor.<\/li>\n<li>1 Entrada Anal\u00f3gica lineal configurada para medir tensi\u00f3n proveniente de sensor Humisensor.<\/li>\n<\/ul>\n<\/li>\n<li>Salidas: 2 Salidas analogicas lineales aisladas configuradas para proveer salidas lineales de tipo 0-4\/20 mA y 0-1\/5 V (Con SHUNT Externo).\n<ul>\n<li>Ao1: Salida de Control.<\/li>\n<li>Ao2: Salida de transmisor de Humedad.<\/li>\n<\/ul>\n<\/li>\n<li>3 Salidas digitales aisladas de rel\u00e9s. 1 rel\u00e9 inversor (salida de control por ciclo variable) y 2 normales abiertos.\n<ul>\n<li>Do1: Salida de control por ciclo variable de rel\u00e9.<\/li>\n<li>Do2: Salida Alarma \u00abA\u00bb.<\/li>\n<li>Do3: Salida Alarma \u00abB\u00bb.<\/li>\n<\/ul>\n<\/li>\n<li>Comunicaci\u00f3n ModBus RS-485, ASCII y RTU.<\/li>\n<li>Comunicaci\u00f3n Ethernet Modbus TCP.<\/li>\n<\/ul>\n<p>Especificaciones correspondiente al equipo electr\u00f3nico de medici\u00f3n<\/p>\n<h5>ESPECIFICACIONES GENERALES:<\/h5>\n<ul>\n<li>Alimentaci\u00f3n de 90 a 240 Vca 50 Hz.<\/li>\n<li>Temperatura de operaci\u00f3n 0 a 50 \u00baC.<\/li>\n<li>Temperatura de almacenamiento -20 a 60 \u00baC.<\/li>\n<li>Humedad relativa de 20 a 85% sin condensaci\u00f3n.<\/li>\n<li>Consumo de potencia igual 8 VA m\u00e1ximo en 220 Vca.<\/li>\n<li>Display principal de 5 digitos de .3&#8243; rojo alta eficiencia.<\/li>\n<li>Display auxiliar de 5 digitos de .3&#8243; verde alta eficiencia.<\/li>\n<li>Gabinete del controlador 48 x 96 x 110 mm.<\/li>\n<\/ul>\n<h5>ENTRADAS ANAL\u00d3GICAS:<\/h5>\n<ul>\n<li>Conversi\u00f3n anal\u00f3gica-digital de 16 bits.<\/li>\n<li>Impedancia de entrada mayor que 1M\u03a9 para todas las termocuplas y 100K\u03a9 para entradas de tensi\u00f3n.<\/li>\n<li>Protecci\u00f3n de sensor abierto en termocuplas y RTD. Se visualiza en el display sobre-rango.<\/li>\n<li>Exactitud de la medici\u00f3n mejor que 0.3% del rango, en toda la escala.<\/li>\n<\/ul>\n<h5>SALIDAS ANAL\u00d3GICAS:<\/h5>\n<ul>\n<li>Conversi\u00f3n digital-anal\u00f3gica de 16 bits.<\/li>\n<li>Resoluci\u00f3n\u00a0 del valor del control 1% del rango, en toda la escala.<\/li>\n<li>Carga m\u00e1xima de salida 0-4\/20 mA igual a 500\u03a9.<\/li>\n<li>Carga m\u00ednima de salida\u00a0 0-1\/5 V igual a 100K\u03a9.<\/li>\n<\/ul>\n<h5>SALIDAS DIGITALES:<\/h5>\n<ul>\n<li>Corriente m\u00e1xima por los rel\u00e9s 3A resistivo 250Vac.<\/li>\n<li>Vida mec\u00e1nica de los rel\u00e9s 1 x 10\u02c67 operaciones.<\/li>\n<li>Vida el\u00e9ctrica de los rel\u00e9s 1 s 10\u02c65 operaciones.<\/li>\n<li>M\u00e1xima tensi\u00f3n de aislaci\u00f3n igual a 400V.<\/li>\n<\/ul>\n<h5>ENTRADAS DIGITALES:<\/h5>\n<ul>\n<li>M\u00e1xima tensi\u00f3n de aislaci\u00f3n igual a 400V.<\/li>\n<\/ul>\n<h5>COMUNICACI\u00d3N MODBUS RS485:<\/h5>\n<ul>\n<li>Aislada el\u00e9ctricamente del resto del circuito.<\/li>\n<li>Protocolos RTU y ASCII.<\/li>\n<li>Baud Rate seleccionable entre 9600, 19200, 28800, 38400, 56000, 57600 115200 bps.<\/li>\n<li>Posibilidades de seleccionar Paridad Par, Impar o Sin Paridad.<\/li>\n<li>1 0 2 bits de Stop seleccionable.<\/li>\n<\/ul>\n<h5>COMUNICACI\u00d3N MODBUS TCP:<\/h5>\n<ul>\n<li>Aislada el\u00e9ctricamente del resto del circuito.<\/li>\n<li>Comunicaci\u00f3n Full\/Half D\u00faplex 10\/100 Mbps, seteables manualmente o por auto negocioaci\u00f3n.<\/li>\n<li>Web embebida para configuraci\u00f3n de comunicaci\u00f3n TCP .<\/li>\n<li>Comunicaci\u00f3n mediante lenguaje JSON.<\/li>\n<li>UPGRADE de firmware a trav\u00e9s de esta interfaz.<\/li>\n<\/ul>\n<\/div>\n<\/div>","protected":false},"featured_media":1566,"comment_status":"open","ping_status":"closed","template":"","meta":{"_et_pb_use_builder":"","_et_pb_old_content":"","_et_gb_content_width":""},"product_brand":[],"product_cat":[120],"product_tag":[286,257,178,284,288,231,287,179],"class_list":{"0":"post-1565","1":"product","2":"type-product","3":"status-publish","4":"has-post-thumbnail","6":"product_cat-adquisidores-de-datos-perifericos","7":"product_tag-control","8":"product_tag-ethernet","9":"product_tag-humedad","10":"product_tag-humicontrol","11":"product_tag-junior","12":"product_tag-modbus","13":"product_tag-secadoras","14":"product_tag-temperatura","16":"first","17":"instock","18":"shipping-taxable","19":"product-type-simple"},"_links":{"self":[{"href":"https:\/\/www.iea.com.ar\/en\/wp-json\/wp\/v2\/product\/1565","targetHints":{"allow":["GET"]}}],"collection":[{"href":"https:\/\/www.iea.com.ar\/en\/wp-json\/wp\/v2\/product"}],"about":[{"href":"https:\/\/www.iea.com.ar\/en\/wp-json\/wp\/v2\/types\/product"}],"replies":[{"embeddable":true,"href":"https:\/\/www.iea.com.ar\/en\/wp-json\/wp\/v2\/comments?post=1565"}],"wp:featuredmedia":[{"embeddable":true,"href":"https:\/\/www.iea.com.ar\/en\/wp-json\/wp\/v2\/media\/1566"}],"wp:attachment":[{"href":"https:\/\/www.iea.com.ar\/en\/wp-json\/wp\/v2\/media?parent=1565"}],"wp:term":[{"taxonomy":"product_brand","embeddable":true,"href":"https:\/\/www.iea.com.ar\/en\/wp-json\/wp\/v2\/product_brand?post=1565"},{"taxonomy":"product_cat","embeddable":true,"href":"https:\/\/www.iea.com.ar\/en\/wp-json\/wp\/v2\/product_cat?post=1565"},{"taxonomy":"product_tag","embeddable":true,"href":"https:\/\/www.iea.com.ar\/en\/wp-json\/wp\/v2\/product_tag?post=1565"}],"curies":[{"name":"wp","href":"https:\/\/api.w.org\/{rel}","templated":true}]}}