{"id":1559,"date":"2017-11-06T15:55:40","date_gmt":"2017-11-06T18:55:40","guid":{"rendered":"https:\/\/www.iea.com.ar\/web\/?post_type=product&#038;p=1559"},"modified":"2018-03-14T13:22:01","modified_gmt":"2018-03-14T16:22:01","slug":"bcwd-2k7-modulo-para-entradas-de-rtd-pt100-y-subvelocidad","status":"publish","type":"product","link":"https:\/\/www.iea.com.ar\/en\/product\/bcwd-2k7-modulo-para-entradas-de-rtd-pt100-y-subvelocidad\/","title":{"rendered":"BCWD 2K7 (Equipo discontinuado reemplazado por el BCWD)"},"content":{"rendered":"<h6 class=\"producto-downloads\">Descargas<\/h6>\n<p><a href=\"https:\/\/manuales.iea.com.ar\/BCWD_2K7_V2.13.pdf\" target=\"_blank\" rel=\"noopener\"><strong>Manual del usuario<\/strong><\/a><\/p>\n<h6 class=\"producto-downloads\">Compartir<\/h6>\n<div class=\"heateor_sss_sharing_container heateor_sss_horizontal_sharing\" data-heateor-ss-offset=\"0\" data-heateor-sss-href='https:\/\/www.iea.com.ar\/en\/product\/bcwd-2k7-modulo-para-entradas-de-rtd-pt100-y-subvelocidad\/'><div class=\"heateor_sss_sharing_ul\"><a aria-label=\"Whatsapp\" class=\"heateor_sss_whatsapp\" href=\"https:\/\/api.whatsapp.com\/send?text=BCWD%202K7%20%28Equipo%20discontinuado%20reemplazado%20por%20el%20BCWD%29%20https%3A%2F%2Fwww.iea.com.ar%2Fen%2Fproduct%2Fbcwd-2k7-modulo-para-entradas-de-rtd-pt100-y-subvelocidad%2F\" title=\"Whatsapp\" rel=\"nofollow noopener\" target=\"_blank\" style=\"font-size:32px!important;box-shadow:none;display:inline-block;vertical-align:middle\"><span class=\"heateor_sss_svg\" style=\"background-color:#55eb4c;width:35px;height:35px;border-radius:999px;display:inline-block;opacity:1;float:left;font-size:32px;box-shadow:none;display:inline-block;font-size:16px;padding:0 4px;vertical-align:middle;background-repeat:repeat;overflow:hidden;padding:0;cursor:pointer;box-sizing:content-box\"><svg style=\"display:block;border-radius:999px;\" focusable=\"false\" aria-hidden=\"true\" xmlns=\"http:\/\/www.w3.org\/2000\/svg\" width=\"100%\" height=\"100%\" viewbox=\"-6 -5 40 40\"><path class=\"heateor_sss_svg_stroke heateor_sss_no_fill\" stroke=\"#fff\" stroke-width=\"2\" fill=\"none\" d=\"M 11.579798566743314 24.396926207859085 A 10 10 0 1 0 6.808479557110079 20.73576436351046\"><\/path><path d=\"M 7 19 l -1 6 l 6 -1\" class=\"heateor_sss_no_fill heateor_sss_svg_stroke\" stroke=\"#fff\" stroke-width=\"2\" fill=\"none\"><\/path><path d=\"M 10 10 q -1 8 8 11 c 5 -1 0 -6 -1 -3 q -4 -3 -5 -5 c 4 -2 -1 -5 -1 -4\" fill=\"#fff\"><\/path><\/svg><\/span><\/a><\/div><div class=\"heateorSssClear\"><\/div><\/div>","protected":false},"excerpt":{"rendered":"<h4>MODULO PARA ENTRADAS DE RTD PT100 Y SUBVELOCIDAD<\/h4>\n<p>El\u00a0BCWD 2K7\u00a0es un sistema aut\u00f3nomo de medici\u00f3n y control de subvelocidad y temperaturas de rodamientos y desbandes con capacidad de comunicaciones de datos.<br \/>\nConsiste en un adquisidor de datos anal\u00f3gicos de hasta 32 canales para entradas provenientes de termorresistencias de platino y medici\u00f3n de velocidad en R.P.M. proveniente de un sensor magn\u00e9tico de movimiento.<\/p>\n<div class=\"adicional\">\n<div class=\"large-5 columns\"><\/div>\n<div class=\"large-7 columns especificaciones\">\n<h5>CARACTERISTICAS:<\/h5>\n<ul>\n<li>Hasta treinta y dos entradas para RTD Pt100 en 3 hilos (en placas de ocho canales cada una), linealizadas por software rango: -50,0 \u00baC a 200,0 \u00baC.<\/li>\n<li>Una entrada de sensor inductivo (tipo\u00a0 PNP y alimentaci\u00f3n de 10 A 30 VCC) para detecci\u00f3n de velocidad, con alimentaci\u00f3n de tensi\u00f3n provista por el m\u00f3dulo.<\/li>\n<li>Una entrada de confirmaci\u00f3n de marcha mediante bornes de entrada para conexi\u00f3n de contacto seco (NC normal cerrado proveniente del\u00a0 dispositivo de comando de\u00a0 \u201cNORIA \u00f3 TRANSPORTE\u201d detenido), entrada opto aislada para realimentaci\u00f3n de marcha de motores.<\/li>\n<\/ul>\n<h5>ESPECIFICACIONES:<\/h5>\n<ul>\n<li>Alimentaci\u00f3n: 220 VCA; [110VCA] ; [24VCA]<\/li>\n<li>Entrada: Hasta 32 analogicas para RTD PT100 2 Digitales para sensor de rotaci\u00f3n NPN y confirmaci\u00f3n de marcha.<\/li>\n<li>Salida: 2 salidas de rel\u00e9, (con supresor de arco incorporado), una de alarma y una de parada.<br \/>\nPor temperatura y por Subvelocidad,<\/li>\n<li>Gabinete: 226x162x203mm<\/li>\n<li>Comunicaci\u00f3n: RS-485<\/li>\n<li>Peso: 2200 grs<\/li>\n<\/ul>\n<\/div>\n<\/div>\n","protected":false},"featured_media":1562,"comment_status":"open","ping_status":"closed","template":"","meta":{"_et_pb_use_builder":"","_et_pb_old_content":"","_et_gb_content_width":""},"product_brand":[],"product_cat":[120],"product_tag":[290,231,167,213,228,166],"class_list":{"0":"post-1559","1":"product","2":"type-product","3":"status-publish","4":"has-post-thumbnail","6":"product_cat-adquisidores-de-datos-perifericos","7":"product_tag-bcwd-2k7","8":"product_tag-modbus","9":"product_tag-pt100","10":"product_tag-rpm","11":"product_tag-rs485","12":"product_tag-rtd","14":"first","15":"instock","16":"shipping-taxable","17":"product-type-simple"},"_links":{"self":[{"href":"https:\/\/www.iea.com.ar\/en\/wp-json\/wp\/v2\/product\/1559","targetHints":{"allow":["GET"]}}],"collection":[{"href":"https:\/\/www.iea.com.ar\/en\/wp-json\/wp\/v2\/product"}],"about":[{"href":"https:\/\/www.iea.com.ar\/en\/wp-json\/wp\/v2\/types\/product"}],"replies":[{"embeddable":true,"href":"https:\/\/www.iea.com.ar\/en\/wp-json\/wp\/v2\/comments?post=1559"}],"wp:featuredmedia":[{"embeddable":true,"href":"https:\/\/www.iea.com.ar\/en\/wp-json\/wp\/v2\/media\/1562"}],"wp:attachment":[{"href":"https:\/\/www.iea.com.ar\/en\/wp-json\/wp\/v2\/media?parent=1559"}],"wp:term":[{"taxonomy":"product_brand","embeddable":true,"href":"https:\/\/www.iea.com.ar\/en\/wp-json\/wp\/v2\/product_brand?post=1559"},{"taxonomy":"product_cat","embeddable":true,"href":"https:\/\/www.iea.com.ar\/en\/wp-json\/wp\/v2\/product_cat?post=1559"},{"taxonomy":"product_tag","embeddable":true,"href":"https:\/\/www.iea.com.ar\/en\/wp-json\/wp\/v2\/product_tag?post=1559"}],"curies":[{"name":"wp","href":"https:\/\/api.w.org\/{rel}","templated":true}]}}