{"id":1548,"date":"2017-10-23T16:41:34","date_gmt":"2017-10-23T19:41:34","guid":{"rendered":"https:\/\/www.iea.com.ar\/web\/?post_type=product&#038;p=1548"},"modified":"2025-10-31T13:35:45","modified_gmt":"2025-10-31T16:35:45","slug":"ur-9817","status":"publish","type":"product","link":"https:\/\/www.iea.com.ar\/en\/product\/ur-9817\/","title":{"rendered":"UR 9817"},"content":{"rendered":"<h6 class=\"producto-downloads\">Descargas<\/h6>\n<p><a href=\"https:\/\/manuales.iea.com.ar\/UR_9817.pdf\" target=\"_blank\" rel=\"noopener noreferrer\"><strong>Manual del usuario<\/strong><\/a><br \/>\n<a href=\"https:\/\/manuales.iea.com.ar\/UR_9817_M.pdf\" target=\"_blank\" rel=\"noopener noreferrer\"><strong>Manual del usuario UR9817M<\/strong><\/a><br \/>\n<a href=\"https:\/\/downloads.iea.com.ar\/software\/configurador_ur9817_v1.7.1.zip\" target=\"_blank\" rel=\"noopener noreferrer\"><strong>Configurador de UR-9817 v1.7<\/strong><\/a><br \/>\n<a href=\"https:\/\/downloads.iea.com.ar\/software\/serv_gprs.zip\" target=\"_blank\" rel=\"noopener noreferrer\"><strong>Servidor de datos de UR-9817<\/strong><\/a><\/p>\n<h6 class=\"producto-downloads\">Compartir<\/h6>\n<div class=\"heateor_sss_sharing_container heateor_sss_horizontal_sharing\" data-heateor-ss-offset=\"0\" data-heateor-sss-href='https:\/\/www.iea.com.ar\/en\/product\/ur-9817\/'><div class=\"heateor_sss_sharing_ul\"><a aria-label=\"Whatsapp\" class=\"heateor_sss_whatsapp\" href=\"https:\/\/api.whatsapp.com\/send?text=UR%209817%20https%3A%2F%2Fwww.iea.com.ar%2Fen%2Fproduct%2Fur-9817%2F\" title=\"Whatsapp\" rel=\"nofollow noopener\" target=\"_blank\" style=\"font-size:32px!important;box-shadow:none;display:inline-block;vertical-align:middle\"><span class=\"heateor_sss_svg\" style=\"background-color:#55eb4c;width:35px;height:35px;border-radius:999px;display:inline-block;opacity:1;float:left;font-size:32px;box-shadow:none;display:inline-block;font-size:16px;padding:0 4px;vertical-align:middle;background-repeat:repeat;overflow:hidden;padding:0;cursor:pointer;box-sizing:content-box\"><svg style=\"display:block;border-radius:999px;\" focusable=\"false\" aria-hidden=\"true\" xmlns=\"http:\/\/www.w3.org\/2000\/svg\" width=\"100%\" height=\"100%\" viewbox=\"-6 -5 40 40\"><path class=\"heateor_sss_svg_stroke heateor_sss_no_fill\" stroke=\"#fff\" stroke-width=\"2\" fill=\"none\" d=\"M 11.579798566743314 24.396926207859085 A 10 10 0 1 0 6.808479557110079 20.73576436351046\"><\/path><path d=\"M 7 19 l -1 6 l 6 -1\" class=\"heateor_sss_no_fill heateor_sss_svg_stroke\" stroke=\"#fff\" stroke-width=\"2\" fill=\"none\"><\/path><path d=\"M 10 10 q -1 8 8 11 c 5 -1 0 -6 -1 -3 q -4 -3 -5 -5 c 4 -2 -1 -5 -1 -4\" fill=\"#fff\"><\/path><\/svg><\/span><\/a><\/div><div class=\"heateorSssClear\"><\/div><\/div>","protected":false},"excerpt":{"rendered":"<h4>Reportador de Alarmas via SMS\/GPRS.<\/h4>\n<p>Dispositivo que, a trav\u00e9s de telefon\u00eda celular, reporta alarmas o eventos provenientes de entradas digitales o anal\u00f3gicas enviando mensajes de texto (SMS) o emails configurados por el usuario.<\/p>\n<div class=\"adicional\">Esta unidad remota consta de las siguientes entradas y salidas:<\/p>\n<ul>\n<li>6 entradas digitales optoaisladas.<\/li>\n<li>5 salidas digitales optoaisladas.<\/li>\n<li>1 entrada anal\u00f3gica lineal 0-5v\/1-5v con rango configurable.<\/li>\n<\/ul>\n<p>Est\u00e1 dise\u00f1ado para ser utilizado en \u00e1mbitos industriales y es ideal para aplicaciones de telemetr\u00eda y telecomando.<br \/>\nSe puede configurar para que se comporte como un controlador ON\/OFF y cuenta con la posibilidad de enviar por GPRS el estado de todas las variables de entradas y salidas del equipo a un servidor TCP\/IP. Tambi\u00e9n posee un puerto Rs-485 para configuraci\u00f3n del dispositivo y la posibilidad de ser configurado en forma remota a trav\u00e9s de una conexi\u00f3n CSD y un puerto RS-232.<\/p>\n<div class=\"large-5 columns\"><\/div>\n<div class=\"large-7 columns especificaciones\">\n<h5>Especificaciones:<\/h5>\n<ul>\n<li>Alimentaci\u00f3n de 10 a 30 Vcc<\/li>\n<li>Temperatura de operaci\u00f3n 0 a 50 \u00baC.<\/li>\n<li>Temperatura de almacenamiento \u201320 a 60 \u00baC.<\/li>\n<li>Humedad relativa de 20 a 85 % sin condensaci\u00f3n.<\/li>\n<li>Consumo de potencia m\u00e1xima igual 5 VA en 12Vcc durante 600 micro seg.<\/li>\n<li>Gabinete DIN 115x100x35 mm.<\/li>\n<li>Peso aproximado 300 gr.<\/li>\n<\/ul>\n<\/div>\n<\/div>","protected":false},"featured_media":1549,"comment_status":"open","ping_status":"closed","template":"","meta":{"_et_pb_use_builder":"","_et_pb_old_content":"","_et_gb_content_width":""},"product_brand":[],"product_cat":[113],"product_tag":[298,295,296,294,231,297,228,293,292],"class_list":{"0":"post-1548","1":"product","2":"type-product","3":"status-publish","4":"has-post-thumbnail","6":"product_cat-adaptadores-de-comunicacion","7":"product_tag-alarmas","8":"product_tag-celular","9":"product_tag-email","10":"product_tag-gprs","11":"product_tag-modbus","12":"product_tag-reportador","13":"product_tag-rs485","14":"product_tag-sms","15":"product_tag-ur-9817","17":"first","18":"instock","19":"shipping-taxable","20":"product-type-simple"},"_links":{"self":[{"href":"https:\/\/www.iea.com.ar\/en\/wp-json\/wp\/v2\/product\/1548","targetHints":{"allow":["GET"]}}],"collection":[{"href":"https:\/\/www.iea.com.ar\/en\/wp-json\/wp\/v2\/product"}],"about":[{"href":"https:\/\/www.iea.com.ar\/en\/wp-json\/wp\/v2\/types\/product"}],"replies":[{"embeddable":true,"href":"https:\/\/www.iea.com.ar\/en\/wp-json\/wp\/v2\/comments?post=1548"}],"wp:featuredmedia":[{"embeddable":true,"href":"https:\/\/www.iea.com.ar\/en\/wp-json\/wp\/v2\/media\/1549"}],"wp:attachment":[{"href":"https:\/\/www.iea.com.ar\/en\/wp-json\/wp\/v2\/media?parent=1548"}],"wp:term":[{"taxonomy":"product_brand","embeddable":true,"href":"https:\/\/www.iea.com.ar\/en\/wp-json\/wp\/v2\/product_brand?post=1548"},{"taxonomy":"product_cat","embeddable":true,"href":"https:\/\/www.iea.com.ar\/en\/wp-json\/wp\/v2\/product_cat?post=1548"},{"taxonomy":"product_tag","embeddable":true,"href":"https:\/\/www.iea.com.ar\/en\/wp-json\/wp\/v2\/product_tag?post=1548"}],"curies":[{"name":"wp","href":"https:\/\/api.w.org\/{rel}","templated":true}]}}