{"id":1545,"date":"2017-10-23T16:35:04","date_gmt":"2017-10-23T19:35:04","guid":{"rendered":"https:\/\/www.iea.com.ar\/web\/?post_type=product&#038;p=1545"},"modified":"2018-03-14T13:43:10","modified_gmt":"2018-03-14T16:43:10","slug":"com-9818-modbus-ethernet-modbus-rs-485","status":"publish","type":"product","link":"https:\/\/www.iea.com.ar\/en\/product\/com-9818-modbus-ethernet-modbus-rs-485\/","title":{"rendered":"COM 9818"},"content":{"rendered":"<h6 class=\"producto-downloads\">Descargas<\/h6>\n<p><a href=\"https:\/\/manuales.iea.com.ar\/COM_9818.pdf\" target=\"_blank\" rel=\"noopener\"><strong>Manual del usuario<\/strong><\/a><\/p>\n<h6 class=\"producto-downloads\">Compartir<\/h6>\n<div class=\"heateor_sss_sharing_container heateor_sss_horizontal_sharing\" data-heateor-ss-offset=\"0\" data-heateor-sss-href='https:\/\/www.iea.com.ar\/en\/product\/com-9818-modbus-ethernet-modbus-rs-485\/'><div class=\"heateor_sss_sharing_ul\"><a aria-label=\"Whatsapp\" class=\"heateor_sss_whatsapp\" href=\"https:\/\/api.whatsapp.com\/send?text=COM%209818%20https%3A%2F%2Fwww.iea.com.ar%2Fen%2Fproduct%2Fcom-9818-modbus-ethernet-modbus-rs-485%2F\" title=\"Whatsapp\" rel=\"nofollow noopener\" target=\"_blank\" style=\"font-size:32px!important;box-shadow:none;display:inline-block;vertical-align:middle\"><span class=\"heateor_sss_svg\" style=\"background-color:#55eb4c;width:35px;height:35px;border-radius:999px;display:inline-block;opacity:1;float:left;font-size:32px;box-shadow:none;display:inline-block;font-size:16px;padding:0 4px;vertical-align:middle;background-repeat:repeat;overflow:hidden;padding:0;cursor:pointer;box-sizing:content-box\"><svg style=\"display:block;border-radius:999px;\" focusable=\"false\" aria-hidden=\"true\" xmlns=\"http:\/\/www.w3.org\/2000\/svg\" width=\"100%\" height=\"100%\" viewbox=\"-6 -5 40 40\"><path class=\"heateor_sss_svg_stroke heateor_sss_no_fill\" stroke=\"#fff\" stroke-width=\"2\" fill=\"none\" d=\"M 11.579798566743314 24.396926207859085 A 10 10 0 1 0 6.808479557110079 20.73576436351046\"><\/path><path d=\"M 7 19 l -1 6 l 6 -1\" class=\"heateor_sss_no_fill heateor_sss_svg_stroke\" stroke=\"#fff\" stroke-width=\"2\" fill=\"none\"><\/path><path d=\"M 10 10 q -1 8 8 11 c 5 -1 0 -6 -1 -3 q -4 -3 -5 -5 c 4 -2 -1 -5 -1 -4\" fill=\"#fff\"><\/path><\/svg><\/span><\/a><\/div><div class=\"heateorSssClear\"><\/div><\/div>","protected":false},"excerpt":{"rendered":"<h4>CONVERSOR MODBUS MB-TCP \/ MB-RS485<\/h4>\n<p>El COM9818 es un dispositivo dise\u00f1ado para conectar una red de campo con protocolo MB-RS485 esclavo a una red Ethernet con protocolo MB-TCP. El mismo est\u00e1 dise\u00f1ado para funcionar en \u00e1mbitos industriales.<br \/>\nEste adaptador de comunicaciones es un servidor MB-TCP que funciona en modo Bridge, es decir, la consulta\u00a0 desde el cliente MB-TCP se replica en red RS-485 con protocolo Modbus esclavo.<br \/>\nSoporta hasta 32 dispositivos esclavos en la red RS-485 y hasta 32 maestros Modbus TCP\/IP en la red Ethernet.<br \/>\nLa configuraci\u00f3n de la Red RS-485 y el protocolo Modbus se configura a trav\u00e9s de una p\u00e1gina Web embebida.<\/p>\n<div class=\"adicional\">\n<div class=\"large-5 columns\"><\/div>\n<div class=\"large-7 columns especificaciones\">\n<h5>CARACTERISTICAS:<\/h5>\n<ul>\n<li>Estad\u00edsticas de estado de comunicaci\u00f3n.<\/li>\n<li>Eficiencia de la red RS 485.<\/li>\n<li>Indicaci\u00f3n de conexiones activas en TCP.<\/li>\n<li>Web de configuraci\u00f3n con dise\u00f1o responsivo.<\/li>\n<li>Exportar\/Importar Configuraci\u00f3n del dispositivo<\/li>\n<\/ul>\n<h5>ESPECIFICACIONES:<\/h5>\n<ul>\n<li>Tensi\u00f3n de alimentaci\u00f3n: 9\u00a0 a 28 Vcc\u00a0 o 9 a 24 Vca<\/li>\n<li>Montaje: riel DIN.<\/li>\n<li>Conexi\u00f3n de interfaz TCP: Macho RJ 45.<\/li>\n<li>Conexi\u00f3n de interfaz RS-485: Terminales a tornillo para cables AWG16-AWG24.<\/li>\n<li>Temperatura de operaci\u00f3n: 0\u00baC a 65\u00baC.<\/li>\n<li>Humedad de operaci\u00f3n: 5% a 90% sin condensaci\u00f3n.<\/li>\n<\/ul>\n<h5>Protocolos aceptados<\/h5>\n<ul>\n<li>Protocolos de Red: TCP\/IP, UDP, HTTP, ICMP, ARP, MODBUS\/TCP<\/li>\n<li>Protocolos Seriales: MODBUS ASCII, MODBUS RTU<\/li>\n<\/ul>\n<h5>Par\u00e1metros de la Red Modbus RS-485:<\/h5>\n<p>Protocolo , bits de stop y paridad:<\/p>\n<ul>\n<li>1. ASCII:\u00a0 8N1, 7E1, 7O1, 8N2, 7E2, 7O2<\/li>\n<li>2. RTU:8N1, 8E1, 8O1, 8N2, 8E2, 8O2<\/li>\n<\/ul>\n<h5>Baud rate:<\/h5>\n<ul>\n<li>9600, 192000, 28800, 38400, 56000, 57600, 115200<\/li>\n<\/ul>\n<\/div>\n<\/div>","protected":false},"featured_media":1546,"comment_status":"open","ping_status":"closed","template":"","meta":{"_et_pb_use_builder":"","_et_pb_old_content":"","_et_gb_content_width":""},"product_brand":[],"product_cat":[113],"product_tag":[299,302,144,158,228,258],"class_list":{"0":"post-1545","1":"product","2":"type-product","3":"status-publish","4":"has-post-thumbnail","6":"product_cat-adaptadores-de-comunicacion","7":"product_tag-com-9818","8":"product_tag-conversor","9":"product_tag-mb-tcp-mb-rs485","10":"product_tag-modbus-tcp","11":"product_tag-rs485","12":"product_tag-tcp","14":"first","15":"instock","16":"shipping-taxable","17":"product-type-simple"},"_links":{"self":[{"href":"https:\/\/www.iea.com.ar\/en\/wp-json\/wp\/v2\/product\/1545","targetHints":{"allow":["GET"]}}],"collection":[{"href":"https:\/\/www.iea.com.ar\/en\/wp-json\/wp\/v2\/product"}],"about":[{"href":"https:\/\/www.iea.com.ar\/en\/wp-json\/wp\/v2\/types\/product"}],"replies":[{"embeddable":true,"href":"https:\/\/www.iea.com.ar\/en\/wp-json\/wp\/v2\/comments?post=1545"}],"wp:featuredmedia":[{"embeddable":true,"href":"https:\/\/www.iea.com.ar\/en\/wp-json\/wp\/v2\/media\/1546"}],"wp:attachment":[{"href":"https:\/\/www.iea.com.ar\/en\/wp-json\/wp\/v2\/media?parent=1545"}],"wp:term":[{"taxonomy":"product_brand","embeddable":true,"href":"https:\/\/www.iea.com.ar\/en\/wp-json\/wp\/v2\/product_brand?post=1545"},{"taxonomy":"product_cat","embeddable":true,"href":"https:\/\/www.iea.com.ar\/en\/wp-json\/wp\/v2\/product_cat?post=1545"},{"taxonomy":"product_tag","embeddable":true,"href":"https:\/\/www.iea.com.ar\/en\/wp-json\/wp\/v2\/product_tag?post=1545"}],"curies":[{"name":"wp","href":"https:\/\/api.w.org\/{rel}","templated":true}]}}