{"id":1088,"date":"2017-01-14T19:43:18","date_gmt":"2017-01-14T22:43:18","guid":{"rendered":"https:\/\/www.iea.com.ar\/web\/?post_type=product&#038;p=1088"},"modified":"2018-03-14T15:22:53","modified_gmt":"2018-03-14T18:22:53","slug":"com-9803-ph","status":"publish","type":"product","link":"https:\/\/www.iea.com.ar\/en\/product\/com-9803-ph\/","title":{"rendered":"COM 9803 PH"},"content":{"rendered":"<div class=\"large-5 columns\"><a href=\"https:\/\/img.iea.com.ar\/web\/productos\/cotas_com9803_ph.png\" target=\"_blank\" rel=\"noopener\"><img decoding=\"async\" data-src=\"https:\/\/img.iea.com.ar\/web\/productos\/cotas_com9803_ph.png\" src=\"data:image\/svg+xml;base64,PHN2ZyB3aWR0aD0iMSIgaGVpZ2h0PSIxIiB4bWxucz0iaHR0cDovL3d3dy53My5vcmcvMjAwMC9zdmciPjwvc3ZnPg==\" class=\"lazyload\" \/><\/a><\/div>\n<h6 class=\"producto-downloads\">Descargas<\/h6>\n<p><a href=\"https:\/\/manuales.iea.com.ar\/COM_9803_PH.pdf\" target=\"_blank\" rel=\"noopener\"><strong>Manual del usuario<\/strong><\/a><\/p>\n<h6 class=\"producto-downloads\">Compartir<\/h6>\n<div class=\"heateor_sss_sharing_container heateor_sss_horizontal_sharing\" data-heateor-ss-offset=\"0\" data-heateor-sss-href='https:\/\/www.iea.com.ar\/en\/product\/com-9803-ph\/'><div class=\"heateor_sss_sharing_ul\"><a aria-label=\"Whatsapp\" class=\"heateor_sss_whatsapp\" href=\"https:\/\/api.whatsapp.com\/send?text=COM%209803%20PH%20https%3A%2F%2Fwww.iea.com.ar%2Fen%2Fproduct%2Fcom-9803-ph%2F\" title=\"Whatsapp\" rel=\"nofollow noopener\" target=\"_blank\" style=\"font-size:32px!important;box-shadow:none;display:inline-block;vertical-align:middle\"><span class=\"heateor_sss_svg\" style=\"background-color:#55eb4c;width:35px;height:35px;border-radius:999px;display:inline-block;opacity:1;float:left;font-size:32px;box-shadow:none;display:inline-block;font-size:16px;padding:0 4px;vertical-align:middle;background-repeat:repeat;overflow:hidden;padding:0;cursor:pointer;box-sizing:content-box\"><svg style=\"display:block;border-radius:999px;\" focusable=\"false\" aria-hidden=\"true\" xmlns=\"http:\/\/www.w3.org\/2000\/svg\" width=\"100%\" height=\"100%\" viewbox=\"-6 -5 40 40\"><path class=\"heateor_sss_svg_stroke heateor_sss_no_fill\" stroke=\"#fff\" stroke-width=\"2\" fill=\"none\" d=\"M 11.579798566743314 24.396926207859085 A 10 10 0 1 0 6.808479557110079 20.73576436351046\"><\/path><path d=\"M 7 19 l -1 6 l 6 -1\" class=\"heateor_sss_no_fill heateor_sss_svg_stroke\" stroke=\"#fff\" stroke-width=\"2\" fill=\"none\"><\/path><path d=\"M 10 10 q -1 8 8 11 c 5 -1 0 -6 -1 -3 q -4 -3 -5 -5 c 4 -2 -1 -5 -1 -4\" fill=\"#fff\"><\/path><\/svg><\/span><\/a><\/div><div class=\"heateorSssClear\"><\/div><\/div>","protected":false},"excerpt":{"rendered":"<h4>ADAPTADOR DE COMUNICACI\u00d3N RS-232 a RS485<\/h4>\n<p>El COM9803 PH es un adaptador de comunicaciones RS-232 a RS-485 con fuente de alimentaci\u00f3n autocontenida, el mismo convierte niveles RS-232 transparentemente en l\u00edneas de transmisi\u00f3n RS-485 optoaisladas conforme con normas, proporciona aislaci\u00f3n y protecci\u00f3n en l\u00edneas de transmisi\u00f3n, y mando del transmisor autom\u00e1tico en un peque\u00f1o gabinete pl\u00e1stico para montaje en riel DIN.<\/p>\n<div class=\"adicional\">\n<div class=\"large-5 columns\"><\/div>\n<div class=\"large-7 columns especificaciones\">\n<h5>ESPECIFICACIONES:<\/h5>\n<ul>\n<li>Tensi\u00f3n de alimentaci\u00f3n: 90 a 240 VCA.<\/li>\n<li>Aislaci\u00f3n galv\u00e1nica: Optica superior a 1500Vcc.<\/li>\n<li>Montaje: riel DIN.<\/li>\n<li>Seteo de baud rate: 9K6, 19K2, 38K4, 57K6.<\/li>\n<li>Funci\u00f3n y modos: Eco on\/off. Activaci\u00f3n por datos \u00f3 RTS.<\/li>\n<li>Conexi\u00f3n de interface RS232: En bornera.<\/li>\n<li>Conexi\u00f3n de interface RS-485: En bornera.<\/li>\n<li>Temperatura de operaci\u00f3n: 0\u00baC a 65\u00baC.<\/li>\n<li>Humedad de operaci\u00f3n: 5% a 90% sin condensaci\u00f3n.<\/li>\n<\/ul>\n<\/div>\n<\/div>","protected":false},"featured_media":1089,"comment_status":"open","ping_status":"closed","template":"","meta":{"_et_pb_use_builder":"","_et_pb_old_content":"","_et_gb_content_width":""},"product_brand":[],"product_cat":[113],"product_tag":[305,309,301,228],"class_list":{"0":"post-1088","1":"product","2":"type-product","3":"status-publish","4":"has-post-thumbnail","6":"product_cat-adaptadores-de-comunicacion","7":"product_tag-adaptador","8":"product_tag-com-9803","9":"product_tag-rs232","10":"product_tag-rs485","12":"first","13":"instock","14":"shipping-taxable","15":"product-type-simple"},"_links":{"self":[{"href":"https:\/\/www.iea.com.ar\/en\/wp-json\/wp\/v2\/product\/1088","targetHints":{"allow":["GET"]}}],"collection":[{"href":"https:\/\/www.iea.com.ar\/en\/wp-json\/wp\/v2\/product"}],"about":[{"href":"https:\/\/www.iea.com.ar\/en\/wp-json\/wp\/v2\/types\/product"}],"replies":[{"embeddable":true,"href":"https:\/\/www.iea.com.ar\/en\/wp-json\/wp\/v2\/comments?post=1088"}],"wp:featuredmedia":[{"embeddable":true,"href":"https:\/\/www.iea.com.ar\/en\/wp-json\/wp\/v2\/media\/1089"}],"wp:attachment":[{"href":"https:\/\/www.iea.com.ar\/en\/wp-json\/wp\/v2\/media?parent=1088"}],"wp:term":[{"taxonomy":"product_brand","embeddable":true,"href":"https:\/\/www.iea.com.ar\/en\/wp-json\/wp\/v2\/product_brand?post=1088"},{"taxonomy":"product_cat","embeddable":true,"href":"https:\/\/www.iea.com.ar\/en\/wp-json\/wp\/v2\/product_cat?post=1088"},{"taxonomy":"product_tag","embeddable":true,"href":"https:\/\/www.iea.com.ar\/en\/wp-json\/wp\/v2\/product_tag?post=1088"}],"curies":[{"name":"wp","href":"https:\/\/api.w.org\/{rel}","templated":true}]}}