{"id":808,"date":"2016-06-20T07:48:11","date_gmt":"2016-06-20T07:48:11","guid":{"rendered":"http:\/\/sw-themes.com\/porto_dummy\/?page_id=143"},"modified":"2024-03-12T14:11:43","modified_gmt":"2024-03-12T17:11:43","slug":"anterior-home-2","status":"publish","type":"page","link":"https:\/\/www.iea.com.ar\/en\/anterior-home-2\/","title":{"rendered":"Home"},"content":{"rendered":"<p>[vc_row css_animation=\u00bbzoomIn\u00bb wrap_container=\u00bbyes\u00bb css=\u00bb.vc_custom_1508443648299{background-color: #ffffff !important;}\u00bb el_class=\u00bbhome-intro\u00bb][vc_column css_animation=\u00bbnone\u00bb animation_duration=\u00bb2000&#8243;][vc_empty_space height=\u00bb20px\u00bb][vc_row_inner][vc_column_inner width=\u00bb1\/3&#8243; css=\u00bb.vc_custom_1507749906980{padding-right: 15px !important;padding-left: 15px !important;}\u00bb][vc_single_image image=\u00bb1312&#8243; img_size=\u00bbfull\u00bb css_animation=\u00bbzoomIn\u00bb][\/vc_column_inner][vc_column_inner width=\u00bb1\/3&#8243;][vc_column_text css_animation=\u00bbzoomIn\u00bb]<strong>Ingenier\u00eda Electr\u00f3nica Argentina<\/strong> es una organizaci\u00f3n profesional altamente capacitada en el \u00e1rea de desarollo y fabricaci\u00f3n de equipos, sistemas y servicios de ingenier\u00eda, as\u00ed como el desarrollo e implementaci\u00f3n de software industrial aplicado a la integraci\u00f3n de la informaci\u00f3n en toda la escala productiva.[\/vc_column_text][\/vc_column_inner][vc_column_inner width=\u00bb1\/3&#8243;][vc_column_text css_animation=\u00bbzoomIn\u00bb]Cuatro d\u00e9cadas de trayectoria en el mercado argentino y latinoamericano, nos permitieron desarrollar un importante know how en diferentes sectores, tales como agroindustria, alimentarias, plantas de procesamiento de agua potable, siderurgia, automotrices, qu\u00edmicas, gas y petr\u00f3leo, generaci\u00f3n y distribuci\u00f3n de energ\u00eda el\u00e9ctrica.[\/vc_column_text][\/vc_column_inner][\/vc_row_inner][\/vc_column][\/vc_row][vc_row css_animation=\u00bbnone\u00bb wrap_container=\u00bbyes\u00bb css=\u00bb.vc_custom_1518728050644{background: #bbb5b4 url(https:\/\/www.iea.com.ar\/wp-content\/uploads\/2018\/02\/iea-home-equipo-trabajo-web.jpg?id=2007) !important;background-position: 0 0 !important;background-repeat: no-repeat !important;}\u00bb][vc_column css_animation=\u00bbnone\u00bb animation_duration=\u00bb2000&#8243;][vc_row_inner][vc_column_inner][vc_empty_space height=\u00bb80px\u00bb][vc_column_text css_animation=\u00bbzoomIn\u00bb]<\/p>\n<div style=\"text-align: center;\">\n<p><strong>PROVEEMOS VALOR<\/strong><\/p>\n<h3 style=\"font-weight: 300;\">PODEMOS ACOMPA\u00d1ARLO EN LA MEJORA DE SUS PROCESOS INDUSTRIALES<\/h3>\n<\/div>\n<p>[\/vc_column_text][\/vc_column_inner][\/vc_row_inner][vc_row_inner][vc_column_inner width=\u00bb1\/3&#8243;][vc_single_image image=\u00bb1246&#8243; img_size=\u00bbfull\u00bb onclick=\u00bbcustom_link\u00bb css_animation=\u00bbzoomIn\u00bb link=\u00bbhttps:\/\/www.iea.com.ar\/web\/hardware-industrial\/\u00bb el_class=\u00bbtaco-home\u00bb][\/vc_column_inner][vc_column_inner width=\u00bb1\/3&#8243;][vc_single_image image=\u00bb1252&#8243; img_size=\u00bbfull\u00bb onclick=\u00bbcustom_link\u00bb css_animation=\u00bbzoomIn\u00bb link=\u00bbhttps:\/\/www.iea.com.ar\/web\/ingenieria-aplicada\/\u00bb el_class=\u00bbtaco-home\u00bb][\/vc_column_inner][vc_column_inner width=\u00bb1\/3&#8243;][vc_single_image image=\u00bb1247&#8243; img_size=\u00bbfull\u00bb onclick=\u00bbcustom_link\u00bb css_animation=\u00bbzoomIn\u00bb link=\u00bbhttps:\/\/www.iea.com.ar\/web\/aplicaciones-agroindustriales\/\u00bb el_class=\u00bbtaco-home\u00bb][\/vc_column_inner][\/vc_row_inner][vc_row_inner][vc_column_inner width=\u00bb2\/3&#8243;][vc_column_text]<\/p>\n<h4 style=\"text-align: center;\">PARTNERS<\/h4>\n<p>[\/vc_column_text][vc_single_image image=\u00bb1897&#8243; img_size=\u00bbfull\u00bb onclick=\u00bbcustom_link\u00bb img_link_target=\u00bb_blank\u00bb css_animation=\u00bbzoomIn\u00bb link=\u00bbhttp:\/\/discovery.ariba.com\/profile\/AN01035758801&#8243;][\/vc_column_inner][vc_column_inner width=\u00bb1\/3&#8243;][vc_empty_space][vc_empty_space][vc_column_text]<\/p>\n<p style=\"text-align: right;\">El desarrollo propio de recursos de software, la capacidad de servicios, el soporte t\u00e9cnico y la utilizaci\u00f3n de productos y sistemas de marcas l\u00edderes en el mundo, confieren a IEA\u00ae el rango de proveedor calificado de soluciones tecnol\u00f3gicas de alta performance para procesos industriales de vanguardia.<\/p>\n<p>[\/vc_column_text][\/vc_column_inner][\/vc_row_inner][\/vc_column][\/vc_row][vc_row wrap_container=\u00bbyes\u00bb css=\u00bb.vc_custom_1512392868660{background: #e9e5e5 url(https:\/\/www.iea.com.ar\/wp-content\/uploads\/2017\/12\/triangulos-home-web-2.png?id=1820) !important;background-position: center !important;background-repeat: no-repeat !important;background-size: cover !important;}\u00bb el_id=\u00bbseparador1-home\u00bb el_class=\u00bbseparador1-home\u00bb][vc_column css=\u00bb.vc_custom_1506903646207{margin-bottom: 0px !important;padding-bottom: 0px !important;}\u00bb][vc_empty_space height=\u00bb150px\u00bb][\/vc_column][\/vc_row][vc_row wrap_container=\u00bbyes\u00bb css=\u00bb.vc_custom_1512680373898{background: #e9e5e5 url(https:\/\/www.iea.com.ar\/wp-content\/uploads\/2017\/12\/iea-PIPA-AL-40-4.png?id=1874) !important;background-position: center !important;background-repeat: no-repeat !important;background-size: contain !important;}\u00bb el_class=\u00bbcontainer-pipa\u00bb][vc_column][vc_empty_space][vc_empty_space][vc_row_inner css=\u00bb.vc_custom_1512391883112{margin-right: 0px !important;margin-left: 0px !important;padding-right: 0px !important;padding-left: 0px !important;}\u00bb][vc_column_inner width=\u00bb1\/2&#8243;][vc_column_text css=\u00bb.vc_custom_1512392172369{margin-right: 40px !important;margin-left: 10px !important;}\u00bb]<\/p>\n<h5>Establecemos relaciones comerciales fuertes y duraderas basadas en un compromiso de calidad y cumplimiento de objetivos.<\/h5>\n<p>[\/vc_column_text][\/vc_column_inner][vc_column_inner width=\u00bb1\/2&#8243; css=\u00bb.vc_custom_1512391968792{margin-right: 0px !important;margin-left: 0px !important;padding-right: 0px !important;padding-left: 0px !important;}\u00bb][vc_column_text css=\u00bb.vc_custom_1513600752336{background-image: url(https:\/\/www.iea.com.ar\/wp-content\/uploads\/2017\/12\/LINEA-TACO.png?id=1952) !important;background-position: center !important;background-repeat: no-repeat !important;background-size: contain !important;}\u00bb]<\/p>\n<div class=\"tacos-contacto\" style=\"height: 255px; text-align: center !important;\">\n<h5 style=\"padding-top: 70px; margin-bottom: 5px; font-size: 0.97em;\">Tenemos m\u00e1s de 40 a\u00f1os colaborando con nuestros<br \/>\nclientes en la mejora de sus procesos productivos<\/h5>\n<h5 style=\"padding-top: 5px; margin-bottom: 22px;\">Cont\u00e1ctenos ahora si piensa que podemos<br \/>\nayudarlo a mejorar los suyos.<\/h5>\n<h5 style=\"background-color: #4f6d73; padding: 10px 25px; display: inline;\"><a style=\"color: #ffffff;\" href=\"https:\/\/www.iea.com.ar\/web\/contacto\">CLIC AQU\u00cd<\/a><\/h5>\n<\/div>\n<p>[\/vc_column_text][\/vc_column_inner][\/vc_row_inner][\/vc_column][\/vc_row][vc_row wrap_container=\u00bbyes\u00bb css=\u00bb.vc_custom_1512680054146{background-color: #e9e5e5 !important;}\u00bb][vc_column][vc_empty_space][vc_empty_space height=\u00bb12px\u00bb][vc_gmaps link=\u00bb#E-8_JTNDaWZyYW1lJTIwc3JjJTNEJTIyaHR0cHMlM0ElMkYlMkZ3d3cuZ29vZ2xlLmNvbSUyRm1hcHMlMkZlbWJlZCUzRnBiJTNEJTIxMW0xOCUyMTFtMTIlMjExbTMlMjExZDMzNDguNDkwOTc3MDU1MDM5JTIxMmQtNjAuNjg2MjcwNjg1MTk3OTQlMjEzZC0zMi45MzgwNDQ0Nzg3ODIwOTYlMjEybTMlMjExZjAlMjEyZjAlMjEzZjAlMjEzbTIlMjExaTEwMjQlMjEyaTc2OCUyMTRmMTMuMSUyMTNtMyUyMTFtMiUyMTFzMHg5NWI3YWNhZGI2MDUyNGI5JTI1M0EweGFlM2E4YTZhZmVkZTU3NTElMjEyc0llYSUyQi0lMkJJbmdlbmllciUyNUMzJTI1QURhJTJCRWxlY3RyJTI1QzMlMjVCM25pY2ElMkJBcmdlbnRpbmElMjE1ZTAlMjEzbTIlMjExc2VzJTIxMnNhciUyMTR2MTUxMjEzMjI2MDMyOSUyMiUyMHdpZHRoJTNEJTIyMTAwJTI1JTIyJTIwaGVpZ2h0JTNEJTIyNDUwJTIyJTIwZnJhbWVib3JkZXIlM0QlMjIwJTIyJTIwc3R5bGUlM0QlMjJib3JkZXIlM0ExcHglMjBzb2xpZCUyMCUyM2NjY2NjYyUzQnBhZGRpbmclM0EwcHglM0IlMjIlMjBhbGxvd2Z1bGxzY3JlZW4lM0UlM0MlMkZpZnJhbWUlM0U=\u00bb css_animation=\u00bbzoomIn\u00bb][\/vc_column][\/vc_row]<\/p>\n","protected":false},"excerpt":{"rendered":"<p>[vc_row css_animation=\u00bbzoomIn\u00bb wrap_container=\u00bbyes\u00bb css=\u00bb.vc_custom_1508443648299{background-color: #ffffff !important;}\u00bb el_class=\u00bbhome-intro\u00bb][vc_column css_animation=\u00bbnone\u00bb animation_duration=\u00bb2000&#8243;][vc_empty_space height=\u00bb20px\u00bb][vc_row_inner][vc_column_inner width=\u00bb1\/3&#8243; css=\u00bb.vc_custom_1507749906980{padding-right: 15px !important;padding-left: 15px !important;}\u00bb][vc_single_image image=\u00bb1312&#8243; img_size=\u00bbfull\u00bb css_animation=\u00bbzoomIn\u00bb][\/vc_column_inner][vc_column_inner width=\u00bb1\/3&#8243;][vc_column_text css_animation=\u00bbzoomIn\u00bb]Ingenier\u00eda Electr\u00f3nica Argentina es una organizaci\u00f3n profesional altamente capacitada en el \u00e1rea de desarollo y fabricaci\u00f3n de equipos, sistemas y servicios de ingenier\u00eda, as\u00ed como el desarrollo e implementaci\u00f3n de software industrial aplicado a la [&hellip;]<\/p>\n","protected":false},"author":4,"featured_media":0,"parent":0,"menu_order":0,"comment_status":"closed","ping_status":"closed","template":"","meta":{"_et_pb_use_builder":"off","_et_pb_old_content":"[vc_row css_animation=\"zoomIn\" wrap_container=\"yes\" css=\".vc_custom_1508443648299{background-color: #ffffff !important;}\" el_class=\"home-intro\"][vc_column css_animation=\"none\" animation_duration=\"2000\"][vc_empty_space height=\"20px\"][vc_row_inner][vc_column_inner width=\"1\/3\" css=\".vc_custom_1507749906980{padding-right: 15px !important;padding-left: 15px !important;}\"][vc_single_image image=\"1312\" img_size=\"full\" css_animation=\"zoomIn\"][\/vc_column_inner][vc_column_inner width=\"1\/3\"][vc_column_text css_animation=\"zoomIn\"]<strong>Ingenier\u00eda Electr\u00f3nica Argentina<\/strong> es una organizaci\u00f3n profesional altamente capacitada en el \u00e1rea de desarollo y fabricaci\u00f3n de equipos, sistemas y servicios de ingenier\u00eda, as\u00ed como el desarrollo e implementaci\u00f3n de software industrial aplicado a la integraci\u00f3n de la informaci\u00f3n en toda la escala productiva.[\/vc_column_text][\/vc_column_inner][vc_column_inner width=\"1\/3\"][vc_column_text css_animation=\"zoomIn\"]Cuatro d\u00e9cadas de trayectoria en el mercado argentino y latinoamericano, nos permitieron desarrollar un importante know how en diferentes sectores, tales como agroindustria, alimentarias, plantas de procesamiento de agua potable, siderurgia, automotrices, qu\u00edmicas, gas y petr\u00f3leo, generaci\u00f3n y distribuci\u00f3n de energ\u00eda el\u00e9ctrica.[\/vc_column_text][\/vc_column_inner][\/vc_row_inner][\/vc_column][\/vc_row][vc_row css_animation=\"none\" wrap_container=\"yes\" css=\".vc_custom_1518728050644{background: #bbb5b4 url(https:\/\/www.iea.com.ar\/wp-content\/uploads\/2018\/02\/iea-home-equipo-trabajo-web.jpg?id=2007) !important;background-position: 0 0 !important;background-repeat: no-repeat !important;}\"][vc_column css_animation=\"none\" animation_duration=\"2000\"][vc_row_inner][vc_column_inner][vc_empty_space height=\"80px\"][vc_column_text css_animation=\"zoomIn\"]\r\n<div style=\"text-align: center;\">\r\n\r\n<strong>PROVEEMOS VALOR<\/strong>\r\n<h3 style=\"font-weight: 300;\">PODEMOS ACOMPA\u00d1ARLO EN LA MEJORA DE SUS PROCESOS INDUSTRIALES<\/h3>\r\n<\/div>\r\n[\/vc_column_text][\/vc_column_inner][\/vc_row_inner][vc_row_inner][vc_column_inner width=\"1\/3\"][vc_single_image image=\"1246\" img_size=\"full\" onclick=\"custom_link\" css_animation=\"zoomIn\" link=\"https:\/\/www.iea.com.ar\/web\/hardware-industrial\/\" el_class=\"taco-home\"][\/vc_column_inner][vc_column_inner width=\"1\/3\"][vc_single_image image=\"1252\" img_size=\"full\" onclick=\"custom_link\" css_animation=\"zoomIn\" link=\"https:\/\/www.iea.com.ar\/web\/ingenieria-aplicada\/\" el_class=\"taco-home\"][\/vc_column_inner][vc_column_inner width=\"1\/3\"][vc_single_image image=\"1247\" img_size=\"full\" onclick=\"custom_link\" css_animation=\"zoomIn\" link=\"https:\/\/www.iea.com.ar\/web\/aplicaciones-agroindustriales\/\" el_class=\"taco-home\"][\/vc_column_inner][\/vc_row_inner][vc_row_inner][vc_column_inner width=\"2\/3\"][vc_column_text]\r\n<h4 style=\"text-align: center;\">PARTNERS<\/h4>\r\n[\/vc_column_text][vc_single_image image=\"1897\" img_size=\"full\" onclick=\"custom_link\" img_link_target=\"_blank\" css_animation=\"zoomIn\" link=\"http:\/\/discovery.ariba.com\/profile\/AN01035758801\"][\/vc_column_inner][vc_column_inner width=\"1\/3\"][vc_empty_space][vc_empty_space][vc_column_text]\r\n<p style=\"text-align: right;\">El desarrollo propio de recursos de software, la capacidad de servicios, el soporte t\u00e9cnico y la utilizaci\u00f3n de productos y sistemas de marcas l\u00edderes en el mundo, confieren a IEA\u00ae el rango de proveedor calificado de soluciones tecnol\u00f3gicas de alta performance para procesos industriales de vanguardia.<\/p>\r\n[\/vc_column_text][\/vc_column_inner][\/vc_row_inner][\/vc_column][\/vc_row][vc_row wrap_container=\"yes\" css=\".vc_custom_1512392868660{background: #e9e5e5 url(https:\/\/www.iea.com.ar\/wp-content\/uploads\/2017\/12\/triangulos-home-web-2.png?id=1820) !important;background-position: center !important;background-repeat: no-repeat !important;background-size: cover !important;}\" el_id=\"separador1-home\" el_class=\"separador1-home\"][vc_column css=\".vc_custom_1506903646207{margin-bottom: 0px !important;padding-bottom: 0px !important;}\"][vc_empty_space height=\"150px\"][\/vc_column][\/vc_row][vc_row wrap_container=\"yes\" css=\".vc_custom_1512680373898{background: #e9e5e5 url(https:\/\/www.iea.com.ar\/wp-content\/uploads\/2017\/12\/iea-PIPA-AL-40-4.png?id=1874) !important;background-position: center !important;background-repeat: no-repeat !important;background-size: contain !important;}\" el_class=\"container-pipa\"][vc_column][vc_empty_space][vc_empty_space][vc_row_inner css=\".vc_custom_1512391883112{margin-right: 0px !important;margin-left: 0px !important;padding-right: 0px !important;padding-left: 0px !important;}\"][vc_column_inner width=\"1\/2\"][vc_column_text css=\".vc_custom_1512392172369{margin-right: 40px !important;margin-left: 10px !important;}\"]\r\n<h5>Establecemos relaciones comerciales fuertes y duraderas basadas en un compromiso de calidad y cumplimiento de objetivos.<\/h5>\r\n[\/vc_column_text][\/vc_column_inner][vc_column_inner width=\"1\/2\" css=\".vc_custom_1512391968792{margin-right: 0px !important;margin-left: 0px !important;padding-right: 0px !important;padding-left: 0px !important;}\"][vc_column_text css=\".vc_custom_1513600752336{background-image: url(https:\/\/www.iea.com.ar\/wp-content\/uploads\/2017\/12\/LINEA-TACO.png?id=1952) !important;background-position: center !important;background-repeat: no-repeat !important;background-size: contain !important;}\"]\r\n<div class=\"tacos-contacto\" style=\"height: 255px; text-align: center !important;\">\r\n<h5 style=\"padding-top: 70px; margin-bottom: 5px; font-size: 0.97em;\">Tenemos m\u00e1s de 40 a\u00f1os colaborando con nuestros\r\nclientes en la mejora de sus procesos productivos<\/h5>\r\n<h5 style=\"padding-top: 5px; margin-bottom: 22px;\">Cont\u00e1ctenos ahora si piensa que podemos\r\nayudarlo a mejorar los suyos.<\/h5>\r\n<h5 style=\"background-color: #4f6d73; padding: 10px 25px; display: inline;\"><a style=\"color: #ffffff;\" href=\"https:\/\/www.iea.com.ar\/web\/contacto\">CLIC AQU\u00cd<\/a><\/h5>\r\n<\/div>\r\n[\/vc_column_text][\/vc_column_inner][\/vc_row_inner][\/vc_column][\/vc_row][vc_row wrap_container=\"yes\" css=\".vc_custom_1512680054146{background-color: #e9e5e5 !important;}\"][vc_column][vc_empty_space][vc_empty_space height=\"12px\"][vc_gmaps link=\"#E-8_JTNDaWZyYW1lJTIwc3JjJTNEJTIyaHR0cHMlM0ElMkYlMkZ3d3cuZ29vZ2xlLmNvbSUyRm1hcHMlMkZlbWJlZCUzRnBiJTNEJTIxMW0xOCUyMTFtMTIlMjExbTMlMjExZDMzNDguNDkwOTc3MDU1MDM5JTIxMmQtNjAuNjg2MjcwNjg1MTk3OTQlMjEzZC0zMi45MzgwNDQ0Nzg3ODIwOTYlMjEybTMlMjExZjAlMjEyZjAlMjEzZjAlMjEzbTIlMjExaTEwMjQlMjEyaTc2OCUyMTRmMTMuMSUyMTNtMyUyMTFtMiUyMTFzMHg5NWI3YWNhZGI2MDUyNGI5JTI1M0EweGFlM2E4YTZhZmVkZTU3NTElMjEyc0llYSUyQi0lMkJJbmdlbmllciUyNUMzJTI1QURhJTJCRWxlY3RyJTI1QzMlMjVCM25pY2ElMkJBcmdlbnRpbmElMjE1ZTAlMjEzbTIlMjExc2VzJTIxMnNhciUyMTR2MTUxMjEzMjI2MDMyOSUyMiUyMHdpZHRoJTNEJTIyMTAwJTI1JTIyJTIwaGVpZ2h0JTNEJTIyNDUwJTIyJTIwZnJhbWVib3JkZXIlM0QlMjIwJTIyJTIwc3R5bGUlM0QlMjJib3JkZXIlM0ExcHglMjBzb2xpZCUyMCUyM2NjY2NjYyUzQnBhZGRpbmclM0EwcHglM0IlMjIlMjBhbGxvd2Z1bGxzY3JlZW4lM0UlM0MlMkZpZnJhbWUlM0U=\" css_animation=\"zoomIn\"][\/vc_column][\/vc_row]","_et_gb_content_width":"","footnotes":""},"class_list":["post-808","page","type-page","status-publish","hentry"],"_links":{"self":[{"href":"https:\/\/www.iea.com.ar\/en\/wp-json\/wp\/v2\/pages\/808","targetHints":{"allow":["GET"]}}],"collection":[{"href":"https:\/\/www.iea.com.ar\/en\/wp-json\/wp\/v2\/pages"}],"about":[{"href":"https:\/\/www.iea.com.ar\/en\/wp-json\/wp\/v2\/types\/page"}],"author":[{"embeddable":true,"href":"https:\/\/www.iea.com.ar\/en\/wp-json\/wp\/v2\/users\/4"}],"replies":[{"embeddable":true,"href":"https:\/\/www.iea.com.ar\/en\/wp-json\/wp\/v2\/comments?post=808"}],"version-history":[{"count":112,"href":"https:\/\/www.iea.com.ar\/en\/wp-json\/wp\/v2\/pages\/808\/revisions"}],"predecessor-version":[{"id":6736,"href":"https:\/\/www.iea.com.ar\/en\/wp-json\/wp\/v2\/pages\/808\/revisions\/6736"}],"wp:attachment":[{"href":"https:\/\/www.iea.com.ar\/en\/wp-json\/wp\/v2\/media?parent=808"}],"curies":[{"name":"wp","href":"https:\/\/api.w.org\/{rel}","templated":true}]}}