{"id":7750,"date":"2025-12-11T20:17:18","date_gmt":"2025-12-11T23:17:18","guid":{"rendered":"https:\/\/www.iea.com.ar\/?page_id=7750"},"modified":"2025-12-12T12:22:52","modified_gmt":"2025-12-12T15:22:52","slug":"calador-de-granos","status":"publish","type":"page","link":"https:\/\/www.iea.com.ar\/en\/calador-de-granos\/","title":{"rendered":"Calador de Granos"},"content":{"rendered":"<p>[et_pb_section fb_built=\u00bb1&#8243; _builder_version=\u00bb4.27.4&#8243; _module_preset=\u00bbdefault\u00bb background_image=\u00bbhttps:\/\/www.iea.com.ar\/wp-content\/uploads\/2025\/12\/Banner-Calador-de-Granos-1-scaled.webp\u00bb custom_padding=\u00bb87px||87px||true|\u00bb hover_enabled=\u00bb0&#8243; global_colors_info=\u00bb{}\u00bb disabled_on=\u00bbon|on|off\u00bb sticky_enabled=\u00bb0&#8243;][et_pb_row _builder_version=\u00bb4.27.0&#8243; _module_preset=\u00bbdefault\u00bb custom_padding=\u00bb94px||94px||true|\u00bb global_colors_info=\u00bb{}\u00bb][et_pb_column type=\u00bb4_4&#8243; _builder_version=\u00bb4.27.0&#8243; _module_preset=\u00bbdefault\u00bb global_colors_info=\u00bb{}\u00bb][et_pb_heading title=\u00bbAPLICACIONES AGROINDUSTRIALES\u00bb _builder_version=\u00bb4.27.4&#8243; _module_preset=\u00bbdefault\u00bb title_font=\u00bb|600|||||||\u00bb title_text_align=\u00bbcenter\u00bb title_text_color=\u00bb#FFFFFF\u00bb title_font_size=\u00bb40px\u00bb title_line_height=\u00bb1.3em\u00bb global_colors_info=\u00bb{}\u00bb][\/et_pb_heading][\/et_pb_column][\/et_pb_row][\/et_pb_section][et_pb_section fb_built=\u00bb1&#8243; disabled_on=\u00bboff|off|on\u00bb _builder_version=\u00bb4.27.4&#8243; _module_preset=\u00bbdefault\u00bb background_image=\u00bbhttps:\/\/www.iea.com.ar\/wp-content\/uploads\/2025\/12\/Banner-Calador-de-Granos-1-scaled.webp\u00bb locked=\u00bboff\u00bb global_colors_info=\u00bb{}\u00bb][et_pb_row _builder_version=\u00bb4.27.0&#8243; _module_preset=\u00bbdefault\u00bb custom_padding=\u00bb55px||55px||true|\u00bb global_colors_info=\u00bb{}\u00bb][et_pb_column type=\u00bb4_4&#8243; _builder_version=\u00bb4.27.0&#8243; _module_preset=\u00bbdefault\u00bb global_colors_info=\u00bb{}\u00bb][et_pb_heading title=\u00bbAPLICACIONES AGROINDUSTRIALES\u00bb _builder_version=\u00bb4.27.4&#8243; _module_preset=\u00bbdefault\u00bb title_font=\u00bb|600|||||||\u00bb title_text_align=\u00bbcenter\u00bb title_text_color=\u00bb#FFFFFF\u00bb title_font_size=\u00bb31px\u00bb title_line_height=\u00bb1.3em\u00bb custom_padding_tablet=\u00bb\u00bb custom_padding_phone=\u00bb||||false|true\u00bb custom_padding_last_edited=\u00bbon|phone\u00bb global_colors_info=\u00bb{}\u00bb][\/et_pb_heading][\/et_pb_column][\/et_pb_row][\/et_pb_section][et_pb_section fb_built=\u00bb1&#8243; admin_label=\u00bbsection\u00bb _builder_version=\u00bb4.16&#8243; global_colors_info=\u00bb{}\u00bb][et_pb_row _builder_version=\u00bb4.25.2&#8243; _module_preset=\u00bbdefault\u00bb custom_padding=\u00bb||4px|||\u00bb locked=\u00bboff\u00bb global_colors_info=\u00bb{}\u00bb][et_pb_column type=\u00bb4_4&#8243; _builder_version=\u00bb4.25.2&#8243; _module_preset=\u00bbdefault\u00bb global_colors_info=\u00bb{}\u00bb][et_pb_divider divider_weight=\u00bb3px\u00bb _builder_version=\u00bb4.25.2&#8243; _module_preset=\u00bbdefault\u00bb width=\u00bb4%\u00bb custom_margin=\u00bb0px||-15px||false|false\u00bb custom_padding=\u00bb0px||0px||true|false\u00bb global_colors_info=\u00bb{}\u00bb][\/et_pb_divider][et_pb_text _builder_version=\u00bb4.27.4&#8243; _module_preset=\u00bbdefault\u00bb text_font=\u00bb|||on|||||\u00bb text_text_color=\u00bb#0E6AB0&#8243; text_font_size=\u00bb20px\u00bb custom_margin=\u00bb||10px|||\u00bb text_font_size_tablet=\u00bb20px\u00bb text_font_size_phone=\u00bb22px\u00bb text_font_size_last_edited=\u00bbon|phone\u00bb global_colors_info=\u00bb{}\u00bb]<\/p>\n<p>Visi\u00f3n Inteligente para Calador de Granos<\/p>\n<p>[\/et_pb_text][et_pb_text _builder_version=\u00bb4.27.4&#8243; _module_preset=\u00bbdefault\u00bb text_font=\u00bb||||||||\u00bb text_text_color=\u00bb#333333&#8243; text_font_size=\u00bb17px\u00bb custom_margin=\u00bb-7px||10px|||\u00bb global_colors_info=\u00bb{}\u00bb]<\/p>\n<p>La presente innovaci\u00f3n presenta un sistema de visi\u00f3n basado en tecnolog\u00eda de inteligencia artificial cuya funcionalidad es determinar las coordenadas aleatorias a ser suministradas al sistema de control de un calador de granos transportados en camiones.<br \/>El sistema es Universal, pudi\u00e9ndose aplicar sobre m\u00e1quinas conceptualmente diferentes, ya sea que cuenten con una m\u00e9trica de coordenadas, polares o un mix de ambas.<br \/>De este modo, el calador podr\u00e1 tomar las muestras accediendo a dichas coordenadas calculadas por nuestro sistema de visi\u00f3n.<\/p>\n<p>[\/et_pb_text][\/et_pb_column][\/et_pb_row][et_pb_row _builder_version=\u00bb4.27.4&#8243; _module_preset=\u00bbdefault\u00bb global_colors_info=\u00bb{}\u00bb][et_pb_column type=\u00bb4_4&#8243; _builder_version=\u00bb4.27.4&#8243; _module_preset=\u00bbdefault\u00bb global_colors_info=\u00bb{}\u00bb][et_pb_video src=\u00bbyoutube.com\/watch?v=4Q8juERq6cw&#038;feature=youtu.be\u00bb _builder_version=\u00bb4.27.4&#8243; _module_preset=\u00bbdefault\u00bb border_radii=\u00bbon|10px|10px|10px|10px\u00bb global_colors_info=\u00bb{}\u00bb][\/et_pb_video][\/et_pb_column][\/et_pb_row][et_pb_row _builder_version=\u00bb4.27.4&#8243; _module_preset=\u00bbdefault\u00bb global_colors_info=\u00bb{}\u00bb][et_pb_column type=\u00bb4_4&#8243; _builder_version=\u00bb4.27.4&#8243; _module_preset=\u00bbdefault\u00bb global_colors_info=\u00bb{}\u00bb][et_pb_image src=\u00bbhttps:\/\/www.iea.com.ar\/wp-content\/uploads\/2025\/12\/Banner-Galardonado-Premio-Ternium-10-edicion-2025-scaled.webp\u00bb title_text=\u00bbBanner Mobile Galardonado Premio Ternium 10 edici\u00f3n 2025&#8243; src_tablet=\u00bbhttps:\/\/www.iea.com.ar\/wp-content\/uploads\/2025\/12\/Banner-Galardonado-Premio-Ternium-10-edicion-2025-scaled.webp\u00bb src_phone=\u00bbhttps:\/\/www.iea.com.ar\/wp-content\/uploads\/2025\/12\/Banner-Mobile-Galardonado-Premio-Ternium-10-edicion-2025.webp\u00bb src_last_edited=\u00bbon|phone\u00bb _builder_version=\u00bb4.27.4&#8243; _module_preset=\u00bbdefault\u00bb border_radii=\u00bbon|10px|10px|10px|10px\u00bb global_colors_info=\u00bb{}\u00bb][\/et_pb_image][\/et_pb_column][\/et_pb_row][et_pb_row _builder_version=\u00bb4.25.2&#8243; _module_preset=\u00bbdefault\u00bb custom_margin=\u00bb24px|auto||auto||\u00bb custom_padding=\u00bb||4px|||\u00bb locked=\u00bboff\u00bb global_colors_info=\u00bb{}\u00bb][et_pb_column type=\u00bb4_4&#8243; _builder_version=\u00bb4.25.2&#8243; _module_preset=\u00bbdefault\u00bb global_colors_info=\u00bb{}\u00bb][et_pb_divider divider_weight=\u00bb3px\u00bb _builder_version=\u00bb4.25.2&#8243; _module_preset=\u00bbdefault\u00bb width=\u00bb4%\u00bb custom_margin=\u00bb0px||-15px||false|false\u00bb custom_padding=\u00bb0px||0px||true|false\u00bb global_colors_info=\u00bb{}\u00bb][\/et_pb_divider][et_pb_text _builder_version=\u00bb4.27.4&#8243; _module_preset=\u00bbdefault\u00bb text_font=\u00bb|||on|||||\u00bb text_text_color=\u00bb#0E6AB0&#8243; text_font_size=\u00bb20px\u00bb custom_margin=\u00bb||10px|||\u00bb global_colors_info=\u00bb{}\u00bb]<\/p>\n<p>Beneficios<\/p>\n<p>[\/et_pb_text][\/et_pb_column][\/et_pb_row][et_pb_row column_structure=\u00bb1_2,1_2&#8243; _builder_version=\u00bb4.27.4&#8243; _module_preset=\u00bbdefault\u00bb custom_padding=\u00bb0px||0px|||\u00bb locked=\u00bboff\u00bb global_colors_info=\u00bb{}\u00bb][et_pb_column type=\u00bb1_2&#8243; _builder_version=\u00bb4.25.2&#8243; _module_preset=\u00bbdefault\u00bb global_colors_info=\u00bb{}\u00bb][et_pb_text _builder_version=\u00bb4.27.4&#8243; _module_preset=\u00bbdefault\u00bb text_text_color=\u00bb#333333&#8243; text_font_size=\u00bb16px\u00bb custom_padding=\u00bb||0px|||\u00bb global_colors_info=\u00bb{}\u00bb]<\/p>\n<ul>\n<li>Liberar tiempo para el perito de granos, quien ya no estar\u00e1 concentrado en maniobrar el brazo toma muestras, permiti\u00e9ndole enfocarse en el an\u00e1lisis de estas.<\/li>\n<li>Estandarizar la toma de muestras para asegurar calidad de muestreo.<\/li>\n<li>Reducir el error humano y evitar tendencias adquiridas gracias al c\u00e1lculo aleatorio de las coordenadas en cada nueva operaci\u00f3n.<\/li>\n<li>Posibilita la trazabilidad del calado. Es decir, se puede recuperar la historia de cada operaci\u00f3n en cada cami\u00f3n y en cada momento del d\u00eda.<\/li>\n<li>Optimiza la seguridad operativa al evitar colisiones o maniobras riesgosas mediante la validaci\u00f3n autom\u00e1tica del entorno antes de cada toma de muestra.<\/li>\n<li>Es Universal, adaptable a cualquier tipo de calador, requiri\u00e9ndose solamente contar con un controlador apropiado de la m\u00e1quina que pueda obedecer a las coordenadas entregadas. En el caso de no contar con un controlador apropiado, se puede suministrar un equipo adicional que gobierne la cinem\u00e1tica de la unidad.<\/li>\n<\/ul>\n<p>[\/et_pb_text][\/et_pb_column][et_pb_column type=\u00bb1_2&#8243; _builder_version=\u00bb4.25.2&#8243; _module_preset=\u00bbdefault\u00bb global_colors_info=\u00bb{}\u00bb][et_pb_text _builder_version=\u00bb4.27.4&#8243; _module_preset=\u00bbdefault\u00bb text_font=\u00bb|300|||||||\u00bb text_text_color=\u00bb#333333&#8243; text_font_size=\u00bb15px\u00bb custom_padding=\u00bb||0px|||\u00bb global_colors_info=\u00bb{}\u00bb]<\/p>\n<h4>Adem\u00e1s, se logran las siguientes mejoras:<\/h4>\n<ul>\n<li><strong><span style=\"text-decoration: underline;\">Incremento de la productividad:<\/span><\/strong> el proceso de muestreo se agiliza, gracias a la veloz selecci\u00f3n autom\u00e1tica de puntos.<\/li>\n<li><strong><span style=\"text-decoration: underline;\">Consistencia operativa:<\/span><\/strong> mantiene la misma calidad de muestreo independientemente del operador o del turno.<\/li>\n<li><strong><span style=\"text-decoration: underline;\">Reducci\u00f3n de desgaste mec\u00e1nico:<\/span><\/strong> la operaci\u00f3n controlada y optimizada disminuye movimientos innecesarios del calador, prolongando su vida \u00fatil.<\/li>\n<li><span style=\"text-decoration: underline;\"><strong>Integraci\u00f3n con sistemas existentes:<\/strong><\/span> puede conectarse con software de gesti\u00f3n y control, facilitando la digitalizaci\u00f3n del proceso.<\/li>\n<li><strong><span style=\"text-decoration: underline;\">Mejor experiencia para el transportista:<\/span><\/strong> al hacer m\u00e1s \u00e1gil y preciso el proceso, se reducen esperas y posibles conflictos en la carga\/descarga.<\/li>\n<li><strong><span style=\"text-decoration: underline;\">Escalabilidad:<\/span><\/strong> la soluci\u00f3n puede implementarse en una sola unidad de calado o en m\u00faltiples puntos de muestreo sin necesidad de redise\u00f1ar la infraestructura.<\/li>\n<li><strong><span style=\"text-decoration: underline;\">Actualizaciones futuras:<\/span><\/strong> permite incorporar mejoras de software sin cambios f\u00edsicos en la m\u00e1quina.<\/li>\n<li><strong><span style=\"text-decoration: underline;\">Reducci\u00f3n de tiempos muertos:<\/span><\/strong> minimiza las interrupciones por maniobras err\u00f3neas o repeticiones de calado.<\/li>\n<\/ul>\n<p>[\/et_pb_text][\/et_pb_column][\/et_pb_row][et_pb_row _builder_version=\u00bb4.25.2&#8243; _module_preset=\u00bbdefault\u00bb custom_margin=\u00bb24px|auto||auto||\u00bb custom_padding=\u00bb||4px|||\u00bb locked=\u00bboff\u00bb global_colors_info=\u00bb{}\u00bb][et_pb_column type=\u00bb4_4&#8243; _builder_version=\u00bb4.25.2&#8243; _module_preset=\u00bbdefault\u00bb global_colors_info=\u00bb{}\u00bb][et_pb_divider divider_weight=\u00bb3px\u00bb _builder_version=\u00bb4.25.2&#8243; _module_preset=\u00bbdefault\u00bb width=\u00bb4%\u00bb custom_margin=\u00bb0px||-15px||false|false\u00bb custom_padding=\u00bb0px||0px||true|false\u00bb global_colors_info=\u00bb{}\u00bb][\/et_pb_divider][et_pb_text _builder_version=\u00bb4.27.4&#8243; _module_preset=\u00bbdefault\u00bb text_font=\u00bb|||on|||||\u00bb text_text_color=\u00bb#0E6AB0&#8243; text_font_size=\u00bb20px\u00bb custom_margin=\u00bb||10px|||\u00bb global_colors_info=\u00bb{}\u00bb]<\/p>\n<p>El Sistema<\/p>\n<p>[\/et_pb_text][et_pb_text _builder_version=\u00bb4.27.4&#8243; _module_preset=\u00bbdefault\u00bb text_font=\u00bb||||||||\u00bb text_text_color=\u00bb#333333&#8243; text_font_size=\u00bb17px\u00bb custom_margin=\u00bb-7px||10px|||\u00bb global_colors_info=\u00bb{}\u00bb]<\/p>\n<p>El sistema de visi\u00f3n inteligente es un complemento del sistema de control actual del calador, cuya misi\u00f3n es la de analizar y definir aleatoriamente un juego de cooordenadas X\/Y que luego se enviar\u00e1n al sistema de control est\u00e1ndar del dispositivo de control del calador.<\/p>\n<p>[\/et_pb_text][et_pb_image src=\u00bbhttps:\/\/www.iea.com.ar\/wp-content\/uploads\/2025\/12\/Imagen-sistema-de-calador-de-granos.webp\u00bb title_text=\u00bbImagen sistema de calador de granos\u00bb _builder_version=\u00bb4.27.4&#8243; _module_preset=\u00bbdefault\u00bb custom_margin=\u00bb||0px|||\u00bb global_colors_info=\u00bb{}\u00bb][\/et_pb_image][et_pb_button button_url=\u00bbhttps:\/\/www.iea.com.ar\/wp-content\/uploads\/2025\/12\/Vision-IA-para-un-calador-automatico-IEA-Espanol.pdf\u00bb url_new_window=\u00bbon\u00bb button_text=\u00bbM\u00e1s informaci\u00f3n\u00bb button_alignment=\u00bbcenter\u00bb _builder_version=\u00bb4.27.4&#8243; _module_preset=\u00bbdefault\u00bb custom_button=\u00bbon\u00bb button_text_size=\u00bb16px\u00bb button_text_color=\u00bb#FFFFFF\u00bb button_bg_color=\u00bb#0E6AB0&#8243; button_border_width=\u00bb2px\u00bb button_border_radius=\u00bb4px\u00bb global_colors_info=\u00bb{}\u00bb button_text_color__hover_enabled=\u00bbon|desktop\u00bb button_bg_color__hover_enabled=\u00bbon|hover\u00bb button_bg_color__hover=\u00bb#33A8E0&#8243; button_bg_enable_color__hover=\u00bbon\u00bb button_text_color__hover=\u00bb#FFFFFF\u00bb][\/et_pb_button][\/et_pb_column][\/et_pb_row][\/et_pb_section][et_pb_section fb_built=\u00bb1&#8243; _builder_version=\u00bb4.25.2&#8243; _module_preset=\u00bbdefault\u00bb background_color=\u00bb#EAEAEA\u00bb top_divider_style=\u00bbmountains2&#8243; top_divider_color=\u00bb#FFFFFF\u00bb top_divider_height=\u00bb60px\u00bb locked=\u00bboff\u00bb global_colors_info=\u00bb{}\u00bb][et_pb_row _builder_version=\u00bb4.25.2&#8243; _module_preset=\u00bbdefault\u00bb custom_padding=\u00bb23px||23px||true|\u00bb global_colors_info=\u00bb{}\u00bb][et_pb_column type=\u00bb4_4&#8243; _builder_version=\u00bb4.25.2&#8243; _module_preset=\u00bbdefault\u00bb global_colors_info=\u00bb{}\u00bb][et_pb_text _builder_version=\u00bb4.27.0&#8243; _module_preset=\u00bbdefault\u00bb text_text_color=\u00bb#333333&#8243; text_font_size=\u00bb17px\u00bb text_line_height=\u00bb1.5em\u00bb text_orientation=\u00bbcenter\u00bb custom_padding=\u00bb|70px||70px||true\u00bb custom_padding_tablet=\u00bb|0px||0px|false|true\u00bb custom_padding_phone=\u00bb|0px||0px|false|true\u00bb custom_padding_last_edited=\u00bbon|tablet\u00bb global_colors_info=\u00bb{}\u00bb]<\/p>\n<p>Innovaci\u00f3n y confiabilidad para la operaci\u00f3n, control y seguridad en sectores cr\u00edticos de plantas industrializadoras, puertos y acopios de granos.<\/p>\n<p>[\/et_pb_text][\/et_pb_column][\/et_pb_row][et_pb_row custom_padding_last_edited=\u00bbon|tablet\u00bb _builder_version=\u00bb4.27.0&#8243; _module_preset=\u00bbdefault\u00bb background_enable_color=\u00bboff\u00bb custom_padding=\u00bb0px|22%|0px|22%|true|true\u00bb custom_padding_tablet=\u00bb|0%||0%|true|true\u00bb custom_padding_phone=\u00bb0px|0%|0px|0%|true|true\u00bb global_colors_info=\u00bb{}\u00bb][et_pb_column type=\u00bb4_4&#8243; _builder_version=\u00bb4.25.2&#8243; _module_preset=\u00bbdefault\u00bb background_color=\u00bb#dddddd\u00bb custom_padding=\u00bb20px|25px|20px|25px|true|true\u00bb border_radii=\u00bbon|10px|10px|10px|10px\u00bb global_colors_info=\u00bb{}\u00bb][et_pb_text _builder_version=\u00bb4.25.2&#8243; _module_preset=\u00bbdefault\u00bb text_text_color=\u00bb#333333&#8243; text_font_size=\u00bb17px\u00bb text_line_height=\u00bb1.5em\u00bb text_orientation=\u00bbcenter\u00bb custom_margin=\u00bb||17px|||\u00bb global_colors_info=\u00bb{}\u00bb]<\/p>\n<p>Para conocer antecedentes o ampliar esta informaci\u00f3n, por favor contacte con nosotros<\/p>\n<p>[\/et_pb_text][et_pb_button button_url=\u00bbhttps:\/\/www.iea.com.ar\/contacto\/\u00bb button_text=\u00bbCont\u00e1ctenos\u00bb button_alignment=\u00bbcenter\u00bb _builder_version=\u00bb4.25.2&#8243; _module_preset=\u00bbdefault\u00bb custom_button=\u00bbon\u00bb button_text_size=\u00bb16px\u00bb button_text_color=\u00bb#FFFFFF\u00bb button_bg_color=\u00bb#0E6AB0&#8243; button_border_color=\u00bb#0E6AB0&#8243; button_border_radius=\u00bb5px\u00bb global_colors_info=\u00bb{}\u00bb button_text_color__hover_enabled=\u00bbon|hover\u00bb button_text_color__hover=\u00bb#0E6AB0&#8243; button_bg_color__hover=\u00bb#FFFFFF\u00bb button_bg_color__hover_enabled=\u00bbon|desktop\u00bb button_border_color__hover=\u00bb#0E6AB0&#8243; button_border_color__hover_enabled=\u00bbon|desktop\u00bb][\/et_pb_button][\/et_pb_column][\/et_pb_row][\/et_pb_section]<\/p>\n","protected":false},"excerpt":{"rendered":"<p>Visi\u00f3n Inteligente para Calador de GranosLa presente innovaci\u00f3n presenta un sistema de visi\u00f3n basado en tecnolog\u00eda de inteligencia artificial cuya funcionalidad es determinar las coordenadas aleatorias a ser suministradas al sistema de control de un calador de granos transportados en camiones.El sistema es Universal, pudi\u00e9ndose aplicar sobre m\u00e1quinas conceptualmente diferentes, ya sea que cuenten con [&hellip;]<\/p>\n","protected":false},"author":9,"featured_media":0,"parent":0,"menu_order":0,"comment_status":"closed","ping_status":"closed","template":"","meta":{"_et_pb_use_builder":"on","_et_pb_old_content":"","_et_gb_content_width":"","footnotes":""},"class_list":["post-7750","page","type-page","status-publish","hentry"],"_links":{"self":[{"href":"https:\/\/www.iea.com.ar\/en\/wp-json\/wp\/v2\/pages\/7750","targetHints":{"allow":["GET"]}}],"collection":[{"href":"https:\/\/www.iea.com.ar\/en\/wp-json\/wp\/v2\/pages"}],"about":[{"href":"https:\/\/www.iea.com.ar\/en\/wp-json\/wp\/v2\/types\/page"}],"author":[{"embeddable":true,"href":"https:\/\/www.iea.com.ar\/en\/wp-json\/wp\/v2\/users\/9"}],"replies":[{"embeddable":true,"href":"https:\/\/www.iea.com.ar\/en\/wp-json\/wp\/v2\/comments?post=7750"}],"version-history":[{"count":6,"href":"https:\/\/www.iea.com.ar\/en\/wp-json\/wp\/v2\/pages\/7750\/revisions"}],"predecessor-version":[{"id":7767,"href":"https:\/\/www.iea.com.ar\/en\/wp-json\/wp\/v2\/pages\/7750\/revisions\/7767"}],"wp:attachment":[{"href":"https:\/\/www.iea.com.ar\/en\/wp-json\/wp\/v2\/media?parent=7750"}],"curies":[{"name":"wp","href":"https:\/\/api.w.org\/{rel}","templated":true}]}}