{"id":7478,"date":"2024-10-21T14:18:52","date_gmt":"2024-10-21T17:18:52","guid":{"rendered":"https:\/\/www.iea.com.ar\/?page_id=7478"},"modified":"2024-10-24T11:41:00","modified_gmt":"2024-10-24T14:41:00","slug":"proyectos","status":"publish","type":"page","link":"https:\/\/www.iea.com.ar\/en\/proyectos\/","title":{"rendered":"Proyectos"},"content":{"rendered":"<p>[et_pb_section fb_built=\u00bb1&#8243; fullwidth=\u00bbon\u00bb _builder_version=\u00bb4.27.2&#8243; _module_preset=\u00bbdefault\u00bb background_enable_image=\u00bboff\u00bb background_position=\u00bbtop_center\u00bb background_video_mp4=\u00bbhttps:\/\/www.iea.com.ar\/wp-content\/uploads\/2024\/06\/expertise-international.mp4&#8243; background_video_height=\u00bb600&#8243; background_video_pause_outside_viewport=\u00bboff\u00bb locked=\u00bboff\u00bb global_colors_info=\u00bb{}\u00bb][et_pb_fullwidth_slider show_arrows=\u00bboff\u00bb _builder_version=\u00bb4.27.2&#8243; _module_preset=\u00bbdefault\u00bb custom_padding=\u00bb140px||140px||true|\u00bb global_colors_info=\u00bb{}\u00bb][et_pb_slide heading=\u00bbProyectos\u00bb _builder_version=\u00bb4.27.2&#8243; _module_preset=\u00bbdefault\u00bb header_font=\u00bb|600|||||||\u00bb header_font_size=\u00bb40px\u00bb header_line_height=\u00bb1.2em\u00bb background_color=\u00bbRGBA(255,255,255,0)\u00bb background_enable_color=\u00bbon\u00bb header_text_shadow_style=\u00bbpreset2&#8243; global_colors_info=\u00bb{}\u00bb sticky_transition=\u00bbon\u00bb][\/et_pb_slide][\/et_pb_fullwidth_slider][\/et_pb_section][et_pb_section fb_built=\u00bb1&#8243; _builder_version=\u00bb4.24.2&#8243; _module_preset=\u00bbdefault\u00bb background_color=\u00bbrgba(234,234,234,0.4)\u00bb custom_padding=\u00bb35px||24px||false|\u00bb locked=\u00bboff\u00bb global_colors_info=\u00bb{}\u00bb][et_pb_row _builder_version=\u00bb4.24.2&#8243; _module_preset=\u00bbdefault\u00bb custom_padding=\u00bb0px||21px|||\u00bb global_colors_info=\u00bb{}\u00bb][et_pb_column type=\u00bb4_4&#8243; _builder_version=\u00bb4.24.2&#8243; _module_preset=\u00bbdefault\u00bb global_colors_info=\u00bb{}\u00bb][et_pb_image src=\u00bbhttps:\/\/www.iea.com.ar\/wp-content\/uploads\/2024\/03\/IEA-6.png\u00bb title_text=\u00bbIEA (6)\u00bb align=\u00bbcenter\u00bb _builder_version=\u00bb4.24.2&#8243; _module_preset=\u00bbdefault\u00bb width=\u00bb42%\u00bb custom_margin=\u00bb||0px|||\u00bb animation_style=\u00bbfade\u00bb global_colors_info=\u00bb{}\u00bb][\/et_pb_image][et_pb_text _builder_version=\u00bb4.27.2&#8243; _module_preset=\u00bbdefault\u00bb text_font=\u00bbUbuntu|300|||||||\u00bb text_font_size=\u00bb17px\u00bb text_orientation=\u00bbcenter\u00bb animation_style=\u00bbfade\u00bb global_colors_info=\u00bb{}\u00bb]<\/p>\n<p>M\u00e1s de cuatro d\u00e9cadas y media de experiencia en el mercado argentino y latinoamericano, <strong>nos permitieron desarrollar un importante know-how en diferentes sectores<\/strong>, tales como agroindustria, alimentos, plantas de procesamiento de agua potable, industria sider\u00fargica, automotriz, qu\u00edmica, petr\u00f3leo y gas, generaci\u00f3n de energ\u00eda el\u00e9ctrica. <strong>Hoy, la empresa lidera innovaciones y proyectos con clientes nacionales e internacionales con presencia global.<\/strong><\/p>\n<p>[\/et_pb_text][\/et_pb_column][\/et_pb_row][et_pb_row column_structure=\u00bb1_6,1_6,1_6,1_6,1_6,1_6&#8243; module_class=\u00bbtwo-col-mob\u00bb _builder_version=\u00bb4.27.2&#8243; _module_preset=\u00bbdefault\u00bb global_colors_info=\u00bb{}\u00bb][et_pb_column type=\u00bb1_6&#8243; _builder_version=\u00bb4.27.2&#8243; _module_preset=\u00bbdefault\u00bb global_colors_info=\u00bb{}\u00bb][et_pb_image src=\u00bbhttps:\/\/www.iea.com.ar\/wp-content\/uploads\/2024\/10\/INDUSTRIA-METALMECANICA.png\u00bb title_text=\u00bbINDUSTRIA METALMEC\u00c1NICA\u00bb _builder_version=\u00bb4.27.2&#8243; _module_preset=\u00bbdefault\u00bb width=\u00bb100%\u00bb width_tablet=\u00bb100%\u00bb width_phone=\u00bb80%\u00bb width_last_edited=\u00bbon|desktop\u00bb module_alignment=\u00bbcenter\u00bb global_colors_info=\u00bb{}\u00bb][\/et_pb_image][\/et_pb_column][et_pb_column type=\u00bb1_6&#8243; _builder_version=\u00bb4.27.2&#8243; _module_preset=\u00bbdefault\u00bb global_colors_info=\u00bb{}\u00bb][et_pb_image src=\u00bbhttps:\/\/www.iea.com.ar\/wp-content\/uploads\/2024\/10\/INDUSTRIA-AUTOMOTRIZ.png\u00bb title_text=\u00bbINDUSTRIA AUTOMOTRIZ\u00bb _builder_version=\u00bb4.27.2&#8243; _module_preset=\u00bbdefault\u00bb width=\u00bb100%\u00bb width_tablet=\u00bb100%\u00bb width_phone=\u00bb80%\u00bb width_last_edited=\u00bbon|desktop\u00bb module_alignment=\u00bbcenter\u00bb global_colors_info=\u00bb{}\u00bb][\/et_pb_image][\/et_pb_column][et_pb_column type=\u00bb1_6&#8243; _builder_version=\u00bb4.27.2&#8243; _module_preset=\u00bbdefault\u00bb global_colors_info=\u00bb{}\u00bb][et_pb_image src=\u00bbhttps:\/\/www.iea.com.ar\/wp-content\/uploads\/2024\/10\/INDUSTRIA-AGUAS-Y-LIQUIDOS-RESIDUALES.png\u00bb title_text=\u00bbINDUSTRIA AGUAS Y L\u00cdQUIDOS RESIDUALES\u00bb _builder_version=\u00bb4.27.2&#8243; _module_preset=\u00bbdefault\u00bb width=\u00bb100%\u00bb width_tablet=\u00bb100%\u00bb width_phone=\u00bb80%\u00bb width_last_edited=\u00bbon|desktop\u00bb module_alignment=\u00bbcenter\u00bb global_colors_info=\u00bb{}\u00bb][\/et_pb_image][\/et_pb_column][et_pb_column type=\u00bb1_6&#8243; _builder_version=\u00bb4.27.2&#8243; _module_preset=\u00bbdefault\u00bb global_colors_info=\u00bb{}\u00bb][et_pb_image src=\u00bbhttps:\/\/www.iea.com.ar\/wp-content\/uploads\/2024\/10\/INDUSTRIA-ALIMENTOS-Y-BEBIDAS.png\u00bb title_text=\u00bbINDUSTRIA ALIMENTOS Y BEBIDAS\u00bb _builder_version=\u00bb4.27.2&#8243; _module_preset=\u00bbdefault\u00bb width=\u00bb100%\u00bb width_tablet=\u00bb100%\u00bb width_phone=\u00bb80%\u00bb width_last_edited=\u00bbon|desktop\u00bb module_alignment=\u00bbcenter\u00bb global_colors_info=\u00bb{}\u00bb][\/et_pb_image][\/et_pb_column][et_pb_column type=\u00bb1_6&#8243; _builder_version=\u00bb4.27.2&#8243; _module_preset=\u00bbdefault\u00bb global_colors_info=\u00bb{}\u00bb][et_pb_image src=\u00bbhttps:\/\/www.iea.com.ar\/wp-content\/uploads\/2024\/10\/PUERTO-Y-ACOPIOS.png\u00bb title_text=\u00bbPUERTO Y ACOPIOS\u00bb _builder_version=\u00bb4.27.2&#8243; _module_preset=\u00bbdefault\u00bb width=\u00bb100%\u00bb width_tablet=\u00bb100%\u00bb width_phone=\u00bb80%\u00bb width_last_edited=\u00bbon|desktop\u00bb module_alignment=\u00bbcenter\u00bb global_colors_info=\u00bb{}\u00bb][\/et_pb_image][\/et_pb_column][et_pb_column type=\u00bb1_6&#8243; _builder_version=\u00bb4.27.2&#8243; _module_preset=\u00bbdefault\u00bb global_colors_info=\u00bb{}\u00bb][et_pb_image src=\u00bbhttps:\/\/www.iea.com.ar\/wp-content\/uploads\/2024\/10\/EQUIPAMIENTO-DE-SUPERVISION-NAVAL.png\u00bb title_text=\u00bbEQUIPAMIENTO DE SUPERVISI\u00d3N NAVAL\u00bb _builder_version=\u00bb4.27.2&#8243; _module_preset=\u00bbdefault\u00bb width=\u00bb100%\u00bb width_tablet=\u00bb100%\u00bb width_phone=\u00bb80%\u00bb width_last_edited=\u00bbon|desktop\u00bb module_alignment=\u00bbcenter\u00bb global_colors_info=\u00bb{}\u00bb][\/et_pb_image][\/et_pb_column][\/et_pb_row][\/et_pb_section][et_pb_section fb_built=\u00bb1&#8243; prev_background_color=\u00bbrgba(234,234,234,0.4)\u00bb _builder_version=\u00bb4.27.2&#8243; _module_preset=\u00bbdefault\u00bb top_divider_style=\u00bbmountains2&#8243; top_divider_height=\u00bb60px\u00bb top_divider_flip=\u00bbvertical\u00bb global_colors_info=\u00bb{}\u00bb][et_pb_row _builder_version=\u00bb4.25.2&#8243; _module_preset=\u00bbdefault\u00bb custom_padding=\u00bb||0px|||\u00bb locked=\u00bboff\u00bb global_colors_info=\u00bb{}\u00bb][et_pb_column type=\u00bb4_4&#8243; _builder_version=\u00bb4.25.2&#8243; _module_preset=\u00bbdefault\u00bb global_colors_info=\u00bb{}\u00bb][et_pb_divider divider_weight=\u00bb3px\u00bb _builder_version=\u00bb4.25.2&#8243; _module_preset=\u00bbdefault\u00bb width=\u00bb4%\u00bb custom_margin=\u00bb0px||-15px||false|false\u00bb custom_padding=\u00bb0px||0px||true|false\u00bb global_colors_info=\u00bb{}\u00bb][\/et_pb_divider][et_pb_text _builder_version=\u00bb4.27.2&#8243; _module_preset=\u00bbdefault\u00bb text_font=\u00bb|||on|||||\u00bb text_text_color=\u00bb#0E6AB0&#8243; text_font_size=\u00bb20px\u00bb custom_margin=\u00bb||10px|||\u00bb global_colors_info=\u00bb{}\u00bb]<\/p>\n<p>CASOS DE \u00c9XITO<\/p>\n<p>[\/et_pb_text][\/et_pb_column][\/et_pb_row][et_pb_row column_structure=\u00bb1_2,1_2&#8243; _builder_version=\u00bb4.27.2&#8243; _module_preset=\u00bbdefault\u00bb global_colors_info=\u00bb{}\u00bb][et_pb_column type=\u00bb1_2&#8243; _builder_version=\u00bb4.27.2&#8243; _module_preset=\u00bbdefault\u00bb global_colors_info=\u00bb{}\u00bb][et_pb_blurb title=\u00bbVisi\u00f3n Artificial en Calador de Granos\u00bb image=\u00bbhttps:\/\/www.iea.com.ar\/wp-content\/uploads\/2024\/10\/Vision-Artificial-en-Calador-de-Granos.jpg\u00bb image_icon_width=\u00bb100%\u00bb _builder_version=\u00bb4.27.2&#8243; _module_preset=\u00bbdefault\u00bb header_font=\u00bb|700|||||||\u00bb header_font_size=\u00bb18px\u00bb header_line_height=\u00bb1.2em\u00bb body_line_height=\u00bb1em\u00bb image_icon_custom_margin=\u00bb||-15px||false|false\u00bb custom_margin=\u00bb||42px|||\u00bb border_radii_image=\u00bbon|18px|18px|18px|18px\u00bb global_colors_info=\u00bb{}\u00bb]<\/p>\n<p>Cargill<\/p>\n<p>[\/et_pb_blurb][et_pb_blurb title=\u00bbDesarrollo de Sistema de Supervisi\u00f3n conforme a Normas\u00bb image=\u00bbhttps:\/\/www.iea.com.ar\/wp-content\/uploads\/2024\/10\/Desarrollo-de-Sistema-de-Supervision-conforme-a-Normas.jpg\u00bb image_icon_width=\u00bb100%\u00bb _builder_version=\u00bb4.27.2&#8243; _module_preset=\u00bbdefault\u00bb header_font=\u00bb|700|||||||\u00bb header_font_size=\u00bb18px\u00bb header_line_height=\u00bb1.2em\u00bb body_line_height=\u00bb1em\u00bb image_icon_custom_margin=\u00bb||-15px||false|false\u00bb custom_margin=\u00bb||42px|||\u00bb border_radii_image=\u00bbon|18px|18px|18px|18px\u00bb global_colors_info=\u00bb{}\u00bb]<\/p>\n<p>LDC<\/p>\n<p>[\/et_pb_blurb][et_pb_blurb title=\u00bbControl Avanzado de DT (desolvenltizador tostador)\u00bb image=\u00bbhttps:\/\/www.iea.com.ar\/wp-content\/uploads\/2024\/10\/Control-Avanzado-de-DT-desolvenltizador-tostador.jpg\u00bb image_icon_width=\u00bb100%\u00bb _builder_version=\u00bb4.27.2&#8243; _module_preset=\u00bbdefault\u00bb header_font=\u00bb|700|||||||\u00bb header_font_size=\u00bb18px\u00bb header_line_height=\u00bb1.2em\u00bb body_line_height=\u00bb1em\u00bb image_icon_custom_margin=\u00bb||-15px||false|false\u00bb custom_margin=\u00bb||42px|||\u00bb border_radii_image=\u00bbon|18px|18px|18px|18px\u00bb global_colors_info=\u00bb{}\u00bb]<\/p>\n<p>Cargill &#8211; LDC &#8211; Bunge &#8211; Cofco<\/p>\n<p>[\/et_pb_blurb][et_pb_blurb title=\u00bbActualizaci\u00f3n de Sistemas de Control y Supervisi\u00f3n: Aceiteras y plantas\u00bb image=\u00bbhttps:\/\/www.iea.com.ar\/wp-content\/uploads\/2024\/10\/Actualizacion-de-Sistemas-de-Control-y-Supervision.-Aceiteras-y-plantas.jpg\u00bb image_icon_width=\u00bb100%\u00bb _builder_version=\u00bb4.27.2&#8243; _module_preset=\u00bbdefault\u00bb header_font=\u00bb|700|||||||\u00bb header_font_size=\u00bb18px\u00bb header_line_height=\u00bb1.2em\u00bb body_line_height=\u00bb1em\u00bb image_icon_custom_margin=\u00bb||-15px||false|false\u00bb custom_margin=\u00bb||42px|||\u00bb border_radii_image=\u00bbon|18px|18px|18px|18px\u00bb global_colors_info=\u00bb{}\u00bb]<\/p>\n<p>Cargill &#8211; Bunge (Brasil)<\/p>\n<p>[\/et_pb_blurb][et_pb_blurb title=\u00bbTrabajos en GM, automatismos, celdas\u00bb image=\u00bbhttps:\/\/www.iea.com.ar\/wp-content\/uploads\/2024\/10\/Trabajos-en-GM-automatismos-celdas.jpg\u00bb image_icon_width=\u00bb100%\u00bb _builder_version=\u00bb4.27.2&#8243; _module_preset=\u00bbdefault\u00bb header_font=\u00bb|700|||||||\u00bb header_font_size=\u00bb18px\u00bb header_line_height=\u00bb1.2em\u00bb body_line_height=\u00bb1em\u00bb image_icon_custom_margin=\u00bb||-15px||false|false\u00bb custom_margin=\u00bb||42px|||\u00bb border_radii_image=\u00bbon|18px|18px|18px|18px\u00bb global_colors_info=\u00bb{}\u00bb]<\/p>\n<p>Gerneral Motors<\/p>\n<p>[\/et_pb_blurb][et_pb_blurb title=\u00bbYPF: controladores de caudal en la carga de combustibles en los camiones.\u00bb image=\u00bbhttps:\/\/www.iea.com.ar\/wp-content\/uploads\/2024\/10\/YPF.-controladores-de-caudal-en-la-carga-de-combustibles-en-los-camiones.jpg\u00bb image_icon_width=\u00bb100%\u00bb _builder_version=\u00bb4.27.2&#8243; _module_preset=\u00bbdefault\u00bb header_font=\u00bb|700|||||||\u00bb header_font_size=\u00bb18px\u00bb header_line_height=\u00bb1.2em\u00bb body_line_height=\u00bb1em\u00bb image_icon_custom_margin=\u00bb||-15px||false|false\u00bb custom_margin=\u00bb||42px|||\u00bb border_radii_image=\u00bbon|18px|18px|18px|18px\u00bb global_colors_info=\u00bb{}\u00bb]<\/p>\n<p>YPF<\/p>\n<p>[\/et_pb_blurb][et_pb_blurb title=\u00bbActualizaci\u00f3n de Tablero, PLC e Ingenier\u00eda\u00bb image=\u00bbhttps:\/\/www.iea.com.ar\/wp-content\/uploads\/2024\/10\/Actualizacion-de-Tablero-PLC-e-Ingenieria.jpg\u00bb image_icon_width=\u00bb100%\u00bb _builder_version=\u00bb4.27.2&#8243; _module_preset=\u00bbdefault\u00bb header_font=\u00bb|700|||||||\u00bb header_font_size=\u00bb18px\u00bb header_line_height=\u00bb1.2em\u00bb body_line_height=\u00bb1em\u00bb image_icon_custom_margin=\u00bb||-15px||false|false\u00bb border_radii_image=\u00bbon|18px|18px|18px|18px\u00bb global_colors_info=\u00bb{}\u00bb]<\/p>\n<h5>Planta Industrial Arauco:<\/h5>\n<ul>\n<li>PLC maestro: pupitre de control<\/li>\n<li>PLC sopladores de la caldera<\/li>\n<li>PLC enfardadora de l\u00ednea final<\/li>\n<\/ul>\n<p>[\/et_pb_blurb][\/et_pb_column][et_pb_column type=\u00bb1_2&#8243; _builder_version=\u00bb4.27.2&#8243; _module_preset=\u00bbdefault\u00bb global_colors_info=\u00bb{}\u00bb][et_pb_blurb title=\u00bbTrazabilidad de L\u00ednea de Producci\u00f3n de Amortiguadores\u00bb image=\u00bbhttps:\/\/www.iea.com.ar\/wp-content\/uploads\/2024\/10\/Trazabilidad-de-Linea-de-Produccion-de-Amortiguadores.jpg\u00bb image_icon_width=\u00bb100%\u00bb _builder_version=\u00bb4.27.2&#8243; _module_preset=\u00bbdefault\u00bb header_font=\u00bb|700|||||||\u00bb header_font_size=\u00bb18px\u00bb header_line_height=\u00bb1.2em\u00bb body_line_height=\u00bb1em\u00bb image_icon_custom_margin=\u00bb||-15px||false|false\u00bb custom_margin=\u00bb||42px|||\u00bb border_radii_image=\u00bbon|18px|18px|18px|18px\u00bb global_colors_info=\u00bb{}\u00bb]<\/p>\n<p>Tenneco &#8211; Fric Rot<\/p>\n<p>[\/et_pb_blurb][et_pb_blurb title=\u00bbVisi\u00f3n Artificial en Laboratorio\u00bb image=\u00bbhttps:\/\/www.iea.com.ar\/wp-content\/uploads\/2024\/10\/Vision-Artificial-de-Laboratorio-Wiener-Lab.jpg\u00bb image_icon_width=\u00bb100%\u00bb _builder_version=\u00bb4.27.2&#8243; _module_preset=\u00bbdefault\u00bb header_font=\u00bb|700|||||||\u00bb header_font_size=\u00bb18px\u00bb header_line_height=\u00bb1.2em\u00bb body_line_height=\u00bb1em\u00bb image_icon_custom_margin=\u00bb||-15px||false|false\u00bb custom_margin=\u00bb||42px|||\u00bb border_radii_image=\u00bbon|18px|18px|18px|18px\u00bb global_colors_info=\u00bb{}\u00bb]<\/p>\n<p>Wiener Lab<\/p>\n<p>[\/et_pb_blurb][et_pb_blurb title=\u00bbAutomatizaci\u00f3n de Secadora de Granos\u00bb image=\u00bbhttps:\/\/www.iea.com.ar\/wp-content\/uploads\/2024\/10\/Automatizacion-de-Secadora_de_Granos.jpg\u00bb image_icon_width=\u00bb100%\u00bb _builder_version=\u00bb4.27.2&#8243; _module_preset=\u00bbdefault\u00bb header_font=\u00bb|700|||||||\u00bb header_font_size=\u00bb18px\u00bb header_line_height=\u00bb1.2em\u00bb body_line_height=\u00bb1em\u00bb image_icon_custom_margin=\u00bb||-15px||false|false\u00bb custom_margin=\u00bb||42px|||\u00bb border_radii_image=\u00bbon|18px|18px|18px|18px\u00bb global_colors_info=\u00bb{}\u00bb]<\/p>\n<p>Cargill<\/p>\n<p>[\/et_pb_blurb][et_pb_blurb title=\u00bbVisi\u00f3n Artificial: Identificaci\u00f3n de Cucharas de Fundici\u00f3n en Acer\u00eda\u00bb image=\u00bbhttps:\/\/www.iea.com.ar\/wp-content\/uploads\/2024\/10\/Vision-Artificial.-Identificacion-de-Cucharas-de-Fundicion-Ternium.jpg\u00bb image_icon_width=\u00bb100%\u00bb _builder_version=\u00bb4.27.2&#8243; _module_preset=\u00bbdefault\u00bb header_font=\u00bb|700|||||||\u00bb header_font_size=\u00bb18px\u00bb header_line_height=\u00bb1.2em\u00bb body_line_height=\u00bb1em\u00bb image_icon_custom_margin=\u00bb||-15px||false|false\u00bb custom_margin=\u00bb||42px|||\u00bb border_radii_image=\u00bbon|18px|18px|18px|18px\u00bb global_colors_info=\u00bb{}\u00bb]<\/p>\n<p>Ternium<\/p>\n<p>[\/et_pb_blurb][et_pb_blurb title=\u00bbAutomatismo de Planta Potabilizadora de Agua\u00bb image=\u00bbhttps:\/\/www.iea.com.ar\/wp-content\/uploads\/2024\/10\/Automatismo-de-Planta-Potabilizadora-de-Agua.jpg\u00bb image_icon_width=\u00bb100%\u00bb _builder_version=\u00bb4.27.2&#8243; _module_preset=\u00bbdefault\u00bb header_font=\u00bb|700|||||||\u00bb header_font_size=\u00bb18px\u00bb header_line_height=\u00bb1.2em\u00bb body_line_height=\u00bb1em\u00bb image_icon_custom_margin=\u00bb||-15px||false|false\u00bb custom_margin=\u00bb||42px|||\u00bb border_radii_image=\u00bbon|18px|18px|18px|18px\u00bb global_colors_info=\u00bb{}\u00bb]<\/p>\n<p>AySA &#8211; Aguas Santafesinas<\/p>\n<p>[\/et_pb_blurb][et_pb_blurb title=\u00bbGeneradores e\u00f3licos: mediciones y ensayos\u00bb image=\u00bbhttps:\/\/www.iea.com.ar\/wp-content\/uploads\/2024\/10\/Generadores-eolicos.-mediciones-y-ensayos.jpg\u00bb image_icon_width=\u00bb100%\u00bb _builder_version=\u00bb4.27.2&#8243; _module_preset=\u00bbdefault\u00bb header_font=\u00bb|700|||||||\u00bb header_font_size=\u00bb18px\u00bb header_line_height=\u00bb1.2em\u00bb body_line_height=\u00bb1em\u00bb image_icon_custom_margin=\u00bb||-15px||false|false\u00bb custom_margin=\u00bb||42px|||\u00bb border_radii_image=\u00bbon|18px|18px|18px|18px\u00bb global_colors_info=\u00bb{}\u00bb]<\/p>\n<p>Arauco<\/p>\n<p>[\/et_pb_blurb][et_pb_blurb title=\u00bbConfianza construida, proyectos exitosos.\u00bb image=\u00bbhttps:\/\/www.iea.com.ar\/wp-content\/uploads\/2024\/10\/proyectos-de-empresas-con-IEA.jpg\u00bb image_icon_width=\u00bb100%\u00bb _builder_version=\u00bb4.27.2&#8243; _module_preset=\u00bbdefault\u00bb header_font=\u00bb|700|||||||\u00bb header_font_size=\u00bb18px\u00bb header_line_height=\u00bb1.2em\u00bb body_line_height=\u00bb1em\u00bb image_icon_custom_margin=\u00bb||-15px||false|false\u00bb custom_margin=\u00bb66px||42px||false|false\u00bb hover_enabled=\u00bb0&#8243; border_radii_image=\u00bbon|18px|18px|18px|18px\u00bb global_colors_info=\u00bb{}\u00bb sticky_enabled=\u00bb0&#8243; title_text=\u00bbproyectos-de-empresas-con-IEA\u00bb border_width_all_image=\u00bb2px\u00bb border_color_all_image=\u00bb#aaaaaa\u00bb]<\/p>\n<p>Juntos, construimos el futuro.<\/p>\n<p>[\/et_pb_blurb][\/et_pb_column][\/et_pb_row][\/et_pb_section][et_pb_section fb_built=\u00bb1&#8243; _builder_version=\u00bb4.27.2&#8243; _module_preset=\u00bbdefault\u00bb background_color=\u00bb#0E6AB0&#8243; global_colors_info=\u00bb{}\u00bb][et_pb_row _builder_version=\u00bb4.24.2&#8243; _module_preset=\u00bbdefault\u00bb custom_padding=\u00bb||10px|||\u00bb global_colors_info=\u00bb{}\u00bb][et_pb_column type=\u00bb4_4&#8243; _builder_version=\u00bb4.24.2&#8243; _module_preset=\u00bbdefault\u00bb global_colors_info=\u00bb{}\u00bb][et_pb_text _builder_version=\u00bb4.24.2&#8243; _module_preset=\u00bbdefault\u00bb text_font=\u00bb|||on|||||\u00bb text_text_color=\u00bb#FFFFFF\u00bb text_font_size=\u00bb20px\u00bb text_line_height=\u00bb1.4em\u00bb text_orientation=\u00bbcenter\u00bb custom_margin=\u00bb||-11px|||\u00bb text_text_shadow_style=\u00bbpreset1&#8243; text_text_shadow_color=\u00bbrgba(0,0,0,0.2)\u00bb global_colors_info=\u00bb{}\u00bb]<\/p>\n<p>experiencia global<\/p>\n<p>[\/et_pb_text][et_pb_divider color=\u00bb#FFFFFF\u00bb divider_weight=\u00bb2px\u00bb _builder_version=\u00bb4.24.2&#8243; _module_preset=\u00bbdefault\u00bb width=\u00bb10%\u00bb module_alignment=\u00bbcenter\u00bb custom_margin=\u00bb18px||||false|false\u00bb global_colors_info=\u00bb{}\u00bb width__hover_enabled=\u00bboff|desktop\u00bb width__hover=\u00bb30%\u00bb][\/et_pb_divider][\/et_pb_column][\/et_pb_row][et_pb_row column_structure=\u00bb1_3,1_3,1_3&#8243; _builder_version=\u00bb4.24.2&#8243; _module_preset=\u00bbdefault\u00bb global_colors_info=\u00bb{}\u00bb][et_pb_column type=\u00bb1_3&#8243; _builder_version=\u00bb4.24.2&#8243; _module_preset=\u00bbdefault\u00bb global_colors_info=\u00bb{}\u00bb][et_pb_blurb use_icon=\u00bbon\u00bb font_icon=\u00bb&#xf57d;||fa||900&#8243; icon_color=\u00bb#FFFFFF\u00bb image_icon_background_color=\u00bbRGBA(255,255,255,0)\u00bb image_icon_width=\u00bb40px\u00bb _builder_version=\u00bb4.27.0&#8243; _module_preset=\u00bbdefault\u00bb body_text_align=\u00bbcenter\u00bb body_text_color=\u00bb#FFFFFF\u00bb image_icon_custom_margin=\u00bb||-20px||false|false\u00bb global_colors_info=\u00bb{}\u00bb]<\/p>\n<p>Sede central en la ciudad de Rosario (Argentina) y representaciones en Montevideo (Uruguay), S\u00e3o Paulo (Brasil), Ciudad del Este (Paraguay) y Barcelona (Espa\u00f1a).<\/p>\n<p>[\/et_pb_blurb][\/et_pb_column][et_pb_column type=\u00bb1_3&#8243; _builder_version=\u00bb4.24.2&#8243; _module_preset=\u00bbdefault\u00bb global_colors_info=\u00bb{}\u00bb][et_pb_blurb use_icon=\u00bbon\u00bb font_icon=\u00bb&#xf57e;||fa||900&#8243; icon_color=\u00bb#FFFFFF\u00bb image_icon_background_color=\u00bbRGBA(255,255,255,0)\u00bb image_icon_width=\u00bb40px\u00bb _builder_version=\u00bb4.24.2&#8243; _module_preset=\u00bbdefault\u00bb body_text_align=\u00bbcenter\u00bb body_text_color=\u00bb#FFFFFF\u00bb image_icon_custom_margin=\u00bb||-20px||false|false\u00bb global_colors_info=\u00bb{}\u00bb]<\/p>\n<p>Participaci\u00f3n directa en mercados internacionales &#8211; Brasil, Paraguay, Uruguay.<\/p>\n<p>[\/et_pb_blurb][\/et_pb_column][et_pb_column type=\u00bb1_3&#8243; _builder_version=\u00bb4.24.2&#8243; _module_preset=\u00bbdefault\u00bb global_colors_info=\u00bb{}\u00bb][et_pb_blurb use_icon=\u00bbon\u00bb font_icon=\u00bb&#xf57c;||fa||900&#8243; icon_color=\u00bb#FFFFFF\u00bb image_icon_background_color=\u00bbRGBA(255,255,255,0)\u00bb image_icon_width=\u00bb40px\u00bb _builder_version=\u00bb4.24.2&#8243; _module_preset=\u00bbdefault\u00bb body_text_align=\u00bbcenter\u00bb body_text_color=\u00bb#FFFFFF\u00bb image_icon_custom_margin=\u00bb||-20px||false|false\u00bb global_colors_info=\u00bb{}\u00bb]<\/p>\n<p>Automatizaci\u00f3n de procesos en plantas de Vietnam, Estados Unidos, China, Indonesia, Alemania, Espa\u00f1a, Italia, Canad\u00e1, etc.<\/p>\n<p>[\/et_pb_blurb][\/et_pb_column][\/et_pb_row][\/et_pb_section][et_pb_section fb_built=\u00bb1&#8243; _builder_version=\u00bb4.27.2&#8243; _module_preset=\u00bbdefault\u00bb background_color=\u00bb#EAEAEA\u00bb custom_padding=\u00bb||39px|||\u00bb top_divider_style=\u00bbmountains2&#8243; top_divider_color=\u00bb#0E6AB0&#8243; top_divider_height=\u00bb60px\u00bb locked=\u00bboff\u00bb global_colors_info=\u00bb{}\u00bb][et_pb_row _builder_version=\u00bb4.25.2&#8243; _module_preset=\u00bbdefault\u00bb custom_padding=\u00bb23px||23px||true|\u00bb global_colors_info=\u00bb{}\u00bb][et_pb_column type=\u00bb4_4&#8243; _builder_version=\u00bb4.25.2&#8243; _module_preset=\u00bbdefault\u00bb global_colors_info=\u00bb{}\u00bb][et_pb_text _builder_version=\u00bb4.27.2&#8243; _module_preset=\u00bbdefault\u00bb text_font=\u00bb||||||||\u00bb text_text_color=\u00bb#333333&#8243; text_font_size=\u00bb20px\u00bb text_line_height=\u00bb1.5em\u00bb text_orientation=\u00bbcenter\u00bb custom_margin=\u00bb||17px|||\u00bb global_colors_info=\u00bb{}\u00bb]<\/p>\n<p>Realizamos proyectos integrales \u00a1Contactanos por tu proyecto!<\/p>\n<p>[\/et_pb_text][et_pb_button button_url=\u00bbhttps:\/\/www.iea.com.ar\/contacto\/\u00bb button_text=\u00bbCont\u00e1ctenos\u00bb button_alignment=\u00bbcenter\u00bb _builder_version=\u00bb4.25.2&#8243; _module_preset=\u00bbdefault\u00bb custom_button=\u00bbon\u00bb button_text_size=\u00bb16px\u00bb button_text_color=\u00bb#FFFFFF\u00bb button_bg_color=\u00bb#0E6AB0&#8243; button_border_color=\u00bb#0E6AB0&#8243; button_border_radius=\u00bb5px\u00bb global_colors_info=\u00bb{}\u00bb button_text_color__hover_enabled=\u00bbon|hover\u00bb button_text_color__hover=\u00bb#0E6AB0&#8243; button_bg_color__hover=\u00bb#FFFFFF\u00bb button_bg_color__hover_enabled=\u00bbon|desktop\u00bb button_border_color__hover=\u00bb#0E6AB0&#8243; button_border_color__hover_enabled=\u00bbon|desktop\u00bb][\/et_pb_button][\/et_pb_column][\/et_pb_row][\/et_pb_section]<\/p>\n","protected":false},"excerpt":{"rendered":"<p>M\u00e1s de cuatro d\u00e9cadas y media de experiencia en el mercado argentino y latinoamericano, nos permitieron desarrollar un importante know-how en diferentes sectores, tales como agroindustria, alimentos, plantas de procesamiento de agua potable, industria sider\u00fargica, automotriz, qu\u00edmica, petr\u00f3leo y gas, generaci\u00f3n de energ\u00eda el\u00e9ctrica. Hoy, la empresa lidera innovaciones y proyectos con clientes nacionales e [&hellip;]<\/p>\n","protected":false},"author":9,"featured_media":0,"parent":0,"menu_order":0,"comment_status":"closed","ping_status":"closed","template":"","meta":{"_et_pb_use_builder":"on","_et_pb_old_content":"","_et_gb_content_width":"","footnotes":""},"class_list":["post-7478","page","type-page","status-publish","hentry"],"_links":{"self":[{"href":"https:\/\/www.iea.com.ar\/en\/wp-json\/wp\/v2\/pages\/7478","targetHints":{"allow":["GET"]}}],"collection":[{"href":"https:\/\/www.iea.com.ar\/en\/wp-json\/wp\/v2\/pages"}],"about":[{"href":"https:\/\/www.iea.com.ar\/en\/wp-json\/wp\/v2\/types\/page"}],"author":[{"embeddable":true,"href":"https:\/\/www.iea.com.ar\/en\/wp-json\/wp\/v2\/users\/9"}],"replies":[{"embeddable":true,"href":"https:\/\/www.iea.com.ar\/en\/wp-json\/wp\/v2\/comments?post=7478"}],"version-history":[{"count":12,"href":"https:\/\/www.iea.com.ar\/en\/wp-json\/wp\/v2\/pages\/7478\/revisions"}],"predecessor-version":[{"id":7525,"href":"https:\/\/www.iea.com.ar\/en\/wp-json\/wp\/v2\/pages\/7478\/revisions\/7525"}],"wp:attachment":[{"href":"https:\/\/www.iea.com.ar\/en\/wp-json\/wp\/v2\/media?parent=7478"}],"curies":[{"name":"wp","href":"https:\/\/api.w.org\/{rel}","templated":true}]}}