{"id":2042,"date":"2018-02-28T14:33:34","date_gmt":"2018-02-28T17:33:34","guid":{"rendered":"https:\/\/www.iea.com.ar\/web\/?page_id=2042"},"modified":"2024-07-25T11:20:26","modified_gmt":"2024-07-25T14:20:26","slug":"aplicaciones-agroindustriales-aplicaciones-instaladas","status":"publish","type":"page","link":"https:\/\/www.iea.com.ar\/en\/aplicaciones-agroindustriales-aplicaciones-instaladas\/","title":{"rendered":"Aplicaciones Agroindustriales &#8211; Aplicaciones Instaladas"},"content":{"rendered":"<p>[et_pb_section fb_built=\u00bb1&#8243; fullwidth=\u00bbon\u00bb disabled_on=\u00bbon|on|off\u00bb _builder_version=\u00bb4.27.0&#8243; _module_preset=\u00bbdefault\u00bb use_background_color_gradient=\u00bbon\u00bb background_color_gradient_stops=\u00bbrgba(51,51,51,0) 0%|rgba(10,10,10,0.45) 65%\u00bb background_color_gradient_overlays_image=\u00bbon\u00bb background_enable_image=\u00bboff\u00bb background_size=\u00bbinitial\u00bb background_position=\u00bbtop_center\u00bb background_video_mp4=\u00bbhttps:\/\/www.iea.com.ar\/wp-content\/uploads\/2024\/06\/expertise-international.mp4&#8243; background_video_height=\u00bb600&#8243; background_video_pause_outside_viewport=\u00bboff\u00bb locked=\u00bboff\u00bb global_colors_info=\u00bb{}\u00bb][et_pb_fullwidth_slider show_arrows=\u00bboff\u00bb _builder_version=\u00bb4.25.2&#8243; _module_preset=\u00bbdefault\u00bb custom_padding=\u00bb140px||140px||true|\u00bb global_colors_info=\u00bb{}\u00bb][et_pb_slide heading=\u00bbAplicaciones Agroindustriales\u00bb image=\u00bbhttps:\/\/www.iea.com.ar\/wp-content\/uploads\/2017\/10\/iea-aplicaciones-agroindustriales-BLOQUE-OPERACION-SEGURA.png\u00bb _builder_version=\u00bb4.25.2&#8243; _module_preset=\u00bbdefault\u00bb header_font=\u00bb|600|||||||\u00bb header_font_size=\u00bb40px\u00bb header_line_height=\u00bb1.2em\u00bb background_color=\u00bbRGBA(255,255,255,0)\u00bb background_enable_color=\u00bbon\u00bb custom_css_slide_title=\u00bbmargin-left: -70px\u00bb header_text_shadow_style=\u00bbpreset2&#8243; global_colors_info=\u00bb{}\u00bb sticky_transition=\u00bbon\u00bb][\/et_pb_slide][\/et_pb_fullwidth_slider][\/et_pb_section][et_pb_section fb_built=\u00bb1&#8243; disabled_on=\u00bboff|off|on\u00bb _builder_version=\u00bb4.27.0&#8243; _module_preset=\u00bbdefault\u00bb background_enable_image=\u00bboff\u00bb background_size=\u00bbinitial\u00bb background_video_mp4=\u00bbhttps:\/\/www.iea.com.ar\/wp-content\/uploads\/2024\/06\/expertise-international.mp4&#8243; locked=\u00bboff\u00bb global_colors_info=\u00bb{}\u00bb][et_pb_row _builder_version=\u00bb4.27.0&#8243; _module_preset=\u00bbdefault\u00bb custom_padding=\u00bb55px||55px||true|\u00bb global_colors_info=\u00bb{}\u00bb][et_pb_column type=\u00bb4_4&#8243; _builder_version=\u00bb4.27.0&#8243; _module_preset=\u00bbdefault\u00bb global_colors_info=\u00bb{}\u00bb][et_pb_heading title=\u00bbAplicaciones Agroindustriales\u00bb _builder_version=\u00bb4.27.0&#8243; _module_preset=\u00bbdefault\u00bb title_font=\u00bb|600|||||||\u00bb title_text_align=\u00bbcenter\u00bb title_text_color=\u00bb#FFFFFF\u00bb title_font_size=\u00bb36px\u00bb title_line_height=\u00bb1.3em\u00bb global_colors_info=\u00bb{}\u00bb][\/et_pb_heading][\/et_pb_column][\/et_pb_row][\/et_pb_section][et_pb_section fb_built=\u00bb1&#8243; admin_label=\u00bbsection\u00bb _builder_version=\u00bb4.16&#8243; global_colors_info=\u00bb{}\u00bb][et_pb_row _builder_version=\u00bb4.25.2&#8243; _module_preset=\u00bbdefault\u00bb custom_padding=\u00bb||4px|||\u00bb locked=\u00bboff\u00bb global_colors_info=\u00bb{}\u00bb][et_pb_column type=\u00bb4_4&#8243; _builder_version=\u00bb4.25.2&#8243; _module_preset=\u00bbdefault\u00bb global_colors_info=\u00bb{}\u00bb][et_pb_divider divider_weight=\u00bb3px\u00bb _builder_version=\u00bb4.25.2&#8243; _module_preset=\u00bbdefault\u00bb width=\u00bb4%\u00bb custom_margin=\u00bb0px||-15px||false|false\u00bb custom_padding=\u00bb0px||0px||true|false\u00bb global_colors_info=\u00bb{}\u00bb][\/et_pb_divider][et_pb_text _builder_version=\u00bb4.25.2&#8243; _module_preset=\u00bbdefault\u00bb text_font=\u00bb|||on|||||\u00bb text_text_color=\u00bb#0E6AB0&#8243; text_font_size=\u00bb20px\u00bb custom_margin=\u00bb||10px|||\u00bb global_colors_info=\u00bb{}\u00bb]<\/p>\n<p>M\u00c1S DE 200 APLICACIONES INSTALADAS EN ARGENTINA, BRASIL, CHILE, URUGUAY, PARAGUAY, BOLIVIA, VENEZUELA, NICARAGUA Y M\u00c9XICO.<\/p>\n<p>[\/et_pb_text][\/et_pb_column][\/et_pb_row][et_pb_row column_structure=\u00bb1_3,2_3&#8243; _builder_version=\u00bb4.25.2&#8243; _module_preset=\u00bbdefault\u00bb global_colors_info=\u00bb{}\u00bb][et_pb_column type=\u00bb1_3&#8243; _builder_version=\u00bb4.25.2&#8243; _module_preset=\u00bbdefault\u00bb global_colors_info=\u00bb{}\u00bb][et_pb_image src=\u00bbhttps:\/\/www.iea.com.ar\/wp-content\/uploads\/revslider\/mapa-aplicaciones\/iea-MAPA-APLICACIONES-WEB.jpg\u00bb title_text=\u00bbiea-MAPA-APLICACIONES-WEB.jpg\u00bb _builder_version=\u00bb4.25.2&#8243; _module_preset=\u00bbdefault\u00bb global_colors_info=\u00bb{}\u00bb][\/et_pb_image][\/et_pb_column][et_pb_column type=\u00bb2_3&#8243; _builder_version=\u00bb4.25.2&#8243; _module_preset=\u00bbdefault\u00bb global_colors_info=\u00bb{}\u00bb][et_pb_text _builder_version=\u00bb4.25.2&#8243; _module_preset=\u00bbdefault\u00bb text_text_color=\u00bb#333333&#8243; text_font_size=\u00bb15px\u00bb custom_padding=\u00bb||0px|||\u00bb locked=\u00bboff\u00bb global_colors_info=\u00bb{}\u00bb]<\/p>\n<ul>\n<li>Monitoreo de temperatura y control autom\u00e1tico de aireaci\u00f3n de granos almacenados<\/li>\n<li>Monitoreo, registro, alarma y parada en elevadores, cintas y redlers<\/li>\n<li>Control de humedad y temperatura en secadoras de granos<\/li>\n<\/ul>\n<p>[\/et_pb_text][\/et_pb_column][\/et_pb_row][\/et_pb_section][et_pb_section fb_built=\u00bb1&#8243; _builder_version=\u00bb4.25.2&#8243; _module_preset=\u00bbdefault\u00bb background_color=\u00bb#00acee\u00bb custom_padding=\u00bb9px||9px||true|\u00bb locked=\u00bboff\u00bb global_colors_info=\u00bb{}\u00bb][et_pb_row column_structure=\u00bb2_5,3_5&#8243; use_custom_gutter=\u00bbon\u00bb gutter_width=\u00bb2&#8243; make_equal=\u00bbon\u00bb _builder_version=\u00bb4.25.2&#8243; _module_preset=\u00bbdefault\u00bb global_colors_info=\u00bb{}\u00bb][et_pb_column type=\u00bb2_5&#8243; _builder_version=\u00bb4.25.2&#8243; _module_preset=\u00bbdefault\u00bb global_colors_info=\u00bb{}\u00bb][et_pb_text _builder_version=\u00bb4.27.0&#8243; _module_preset=\u00bbdefault\u00bb text_font=\u00bb|300||on|||||\u00bb text_text_color=\u00bb#FFFFFF\u00bb text_font_size=\u00bb35px\u00bb text_line_height=\u00bb1.1em\u00bb text_orientation=\u00bbright\u00bb custom_margin=\u00bb||10px|||\u00bb text_orientation_tablet=\u00bbcenter\u00bb text_orientation_phone=\u00bbleft\u00bb text_orientation_last_edited=\u00bbon|tablet\u00bb global_colors_info=\u00bb{}\u00bb]<\/p>\n<p>NUESTROS<br \/><strong>CLIENTES<\/strong><\/p>\n<p>[\/et_pb_text][\/et_pb_column][et_pb_column type=\u00bb3_5&#8243; _builder_version=\u00bb4.25.2&#8243; _module_preset=\u00bbdefault\u00bb global_colors_info=\u00bb{}\u00bb][et_pb_text _builder_version=\u00bb4.25.2&#8243; _module_preset=\u00bbdefault\u00bb text_text_color=\u00bb#FFFFFF\u00bb text_font_size=\u00bb15px\u00bb custom_margin=\u00bb2px|||||\u00bb custom_padding=\u00bb||0px|||\u00bb global_colors_info=\u00bb{}\u00bb]<\/p>\n<p>Desarrollamos soluciones a medida para importantes empresas con presencia nacional e internacional.<br \/>Ellos avalan nuestra trayectoria y la calidad de nuestros productos y servicios.<\/p>\n<p>[\/et_pb_text][et_pb_text _builder_version=\u00bb4.25.2&#8243; _module_preset=\u00bbdefault\u00bb text_text_color=\u00bb#FFFFFF\u00bb text_font_size=\u00bb13px\u00bb background_color=\u00bb#0E6AB0&#8243; custom_margin=\u00bb15px|||||\u00bb custom_padding=\u00bb8px|8px|8px|8px|true|true\u00bb link_option_url=\u00bbhttps:\/\/www.iea.com.ar\/contacto\/\u00bb global_colors_info=\u00bb{}\u00bb]<\/p>\n<p>CLICK AQU\u00cd para obtener informaci\u00f3n detallada de todas las aplicaciones instaladas.<\/p>\n<p>[\/et_pb_text][\/et_pb_column][\/et_pb_row][\/et_pb_section][et_pb_section fb_built=\u00bb1&#8243; _builder_version=\u00bb4.25.2&#8243; _module_preset=\u00bbdefault\u00bb background_color=\u00bb#EAEAEA\u00bb top_divider_style=\u00bbmountains2&#8243; top_divider_color=\u00bb#00acee\u00bb top_divider_height=\u00bb60px\u00bb locked=\u00bboff\u00bb global_colors_info=\u00bb{}\u00bb][et_pb_row _builder_version=\u00bb4.25.2&#8243; _module_preset=\u00bbdefault\u00bb custom_padding=\u00bb23px||23px||true|\u00bb global_colors_info=\u00bb{}\u00bb][et_pb_column type=\u00bb4_4&#8243; _builder_version=\u00bb4.25.2&#8243; _module_preset=\u00bbdefault\u00bb global_colors_info=\u00bb{}\u00bb][et_pb_text _builder_version=\u00bb4.27.0&#8243; _module_preset=\u00bbdefault\u00bb text_text_color=\u00bb#333333&#8243; text_font_size=\u00bb17px\u00bb text_line_height=\u00bb1.5em\u00bb text_orientation=\u00bbcenter\u00bb custom_padding=\u00bb|70px||70px||true\u00bb custom_padding_tablet=\u00bb|0px||0px|false|true\u00bb custom_padding_phone=\u00bb|0px||0px|false|true\u00bb custom_padding_last_edited=\u00bbon|tablet\u00bb global_colors_info=\u00bb{}\u00bb]<\/p>\n<p>Innovaci\u00f3n y confiabilidad para la operaci\u00f3n, control y seguridad en sectores cr\u00edticos de plantas industrializadoras, puertos y acopios de granos.<\/p>\n<p>[\/et_pb_text][\/et_pb_column][\/et_pb_row][et_pb_row custom_padding_last_edited=\u00bbon|tablet\u00bb _builder_version=\u00bb4.27.0&#8243; _module_preset=\u00bbdefault\u00bb background_enable_color=\u00bboff\u00bb custom_padding=\u00bb0px|22%|0px|22%|true|true\u00bb custom_padding_tablet=\u00bb|0%||0%|true|true\u00bb custom_padding_phone=\u00bb|0%||0%|true|true\u00bb global_colors_info=\u00bb{}\u00bb][et_pb_column type=\u00bb4_4&#8243; _builder_version=\u00bb4.25.2&#8243; _module_preset=\u00bbdefault\u00bb background_color=\u00bb#dddddd\u00bb custom_padding=\u00bb20px|25px|20px|25px|true|true\u00bb border_radii=\u00bbon|10px|10px|10px|10px\u00bb global_colors_info=\u00bb{}\u00bb][et_pb_text _builder_version=\u00bb4.25.2&#8243; _module_preset=\u00bbdefault\u00bb text_text_color=\u00bb#333333&#8243; text_font_size=\u00bb17px\u00bb text_line_height=\u00bb1.5em\u00bb text_orientation=\u00bbcenter\u00bb custom_margin=\u00bb||17px|||\u00bb global_colors_info=\u00bb{}\u00bb]<\/p>\n<p>Para conocer antecedentes o ampliar esta informaci\u00f3n, por favor contacte con nosotros<\/p>\n<p>[\/et_pb_text][et_pb_button button_url=\u00bbhttps:\/\/www.iea.com.ar\/contacto\/\u00bb button_text=\u00bbCont\u00e1ctenos\u00bb button_alignment=\u00bbcenter\u00bb _builder_version=\u00bb4.25.2&#8243; _module_preset=\u00bbdefault\u00bb custom_button=\u00bbon\u00bb button_text_size=\u00bb16px\u00bb button_text_color=\u00bb#FFFFFF\u00bb button_bg_color=\u00bb#0E6AB0&#8243; button_border_color=\u00bb#0E6AB0&#8243; global_colors_info=\u00bb{}\u00bb button_text_color__hover_enabled=\u00bbon|hover\u00bb button_text_color__hover=\u00bb#0E6AB0&#8243; button_bg_color__hover=\u00bb#FFFFFF\u00bb button_bg_color__hover_enabled=\u00bbon|desktop\u00bb button_border_color__hover=\u00bb#0E6AB0&#8243; button_border_color__hover_enabled=\u00bbon|desktop\u00bb button_border_radius=\u00bb5px\u00bb button_bg_enable_color=\u00bbon\u00bb][\/et_pb_button][\/et_pb_column][\/et_pb_row][\/et_pb_section]<\/p>\n","protected":false},"excerpt":{"rendered":"<p>M\u00c1S DE 200 APLICACIONES INSTALADAS EN ARGENTINA, BRASIL, CHILE, URUGUAY, PARAGUAY, BOLIVIA, VENEZUELA, NICARAGUA Y M\u00c9XICO. Monitoreo de temperatura y control autom\u00e1tico de aireaci\u00f3n de granos almacenados Monitoreo, registro, alarma y parada en elevadores, cintas y redlers Control de humedad y temperatura en secadoras de granos NUESTROSCLIENTESDesarrollamos soluciones a medida para importantes empresas con presencia [&hellip;]<\/p>\n","protected":false},"author":4,"featured_media":0,"parent":0,"menu_order":0,"comment_status":"closed","ping_status":"closed","template":"","meta":{"_et_pb_use_builder":"on","_et_pb_old_content":"[vc_row wrap_container=\"yes\" css=\".vc_custom_1508376448283{background-color: #ffffff !important;}\"][vc_column css_animation=\"none\" animation_duration=\"2000\" animation_type=\"slideInUp\"][vc_empty_space height=\"20px\"][vc_row_inner][vc_column_inner width=\"1\/3\" css=\".vc_custom_1506911058522{border-right-width: 0px !important;border-right-color: #333333 !important;border-right-style: solid !important;}\"][vc_column_text]\n<ul class=\"links-lateral\">\n \t<li><a class=\"otros\" href=\"https:\/\/www.iea.com.ar\/web\/aplicaciones-agroindustriales\/\">El concepto de Operaci\u00f3n Segura<\/a><\/li>\n \t<li><a class=\"otros\" href=\"https:\/\/www.iea.com.ar\/web\/aplicaciones-agroindustriales-transportadores-industriales\/\">Transportadores Industriales<\/a><\/li>\n \t<li><a class=\"otros\" href=\"https:\/\/www.iea.com.ar\/web\/aplicaciones-agroindustriales-silos-y-celdas\/\">Silos y Celdas<\/a><\/li>\n \t<li><a class=\"otros\" href=\"https:\/\/www.iea.com.ar\/web\/aplicaciones-agroindustriales-secadoras-de-granos\/\">Secadoras de Granos<\/a><\/li>\n \t<li><a class=\"otros\" href=\"https:\/\/www.iea.com.ar\/web\/aplicaciones-agroindustriales-software-grainvision\/\">Software GrainVision<\/a><\/li>\n \t<li><a class=\"otros\" href=\"https:\/\/www.iea.com.ar\/aplicaciones-agroindustriales-software-grainvision-web\/\">Software GrainVision WEB<\/a><\/li>\n \t<li><a href=\"https:\/\/www.iea.com.ar\/web\/aplicaciones-agroindustriales-aplicaciones-instaladas\/\">Aplicaciones Instaladas<\/a><\/li>\n<\/ul>\n<ul class=\"links-lateral2\">\n \t<li><a href=\"https:\/\/www.iea.com.ar\/web\/hardware-industrial\/\">Hardware Industrial<\/a><\/li>\n \t<li><a href=\"https:\/\/www.iea.com.ar\/web\/ingenieria-aplicada\/\">Ingenier\u00eda Aplicada<\/a><\/li>\n \t<li><a href=\"https:\/\/www.iea.com.ar\/web\/contacto\/\">Contacto<\/a><\/li>\n<\/ul>\n[\/vc_column_text][\/vc_column_inner][vc_column_inner width=\"2\/3\" css=\".vc_custom_1512135745646{margin-bottom: 0px !important;border-left-width: 1px !important;padding-bottom: 0px !important;padding-left: 30px !important;border-left-color: #555555 !important;border-left-style: solid !important;}\"][vc_column_text css=\".vc_custom_1519839313056{margin-bottom: 5px !important;padding-bottom: 0px !important;}\"]\n<h3 style=\"font-weight: 400;\">M\u00c1S DE 200 APLICACIONES INSTALADAS EN ARGENTINA, BRASIL, CHILE, URUGUAY, PARAGUAY, BOLIVIA, VENEZUELA, NICARAGUA Y M\u00c9XICO.<\/h3>\n<h4><\/h4>\n[\/vc_column_text][vc_empty_space][rev_slider alias=\"mapa-aplicaciones\"][vc_empty_space height=\"25px\"][vc_column_text]\n\n\u00b7 Monitoreo de temperatura y control autom\u00e1tico de aireaci\u00f3n de granos almacenados\n\n\u00b7 Monitoreo, registro, alarma y parada en elevadores, cintas y redlers\n\n\u00b7 Control de humedad y temperatura en secadoras de granos\n\n[\/vc_column_text][\/vc_column_inner][\/vc_row_inner][vc_empty_space][\/vc_column][\/vc_row][vc_row wrap_container=\"yes\" css=\".vc_custom_1508376428219{background-color: #00adee !important;background-position: 0 0 !important;background-repeat: no-repeat !important;}\"][vc_column css_animation=\"none\" animation_duration=\"2000\" animation_type=\"flipInX\"][vc_empty_space height=\"52px\"][vc_row_inner css=\".vc_custom_1520085711044{margin-bottom: 0px !important;padding-bottom: 0px !important;}\"][vc_column_inner width=\"2\/6\"][\/vc_column_inner][vc_column_inner width=\"1\/6\"][vc_column_text css=\".vc_custom_1520085133090{border-bottom-width: 1px !important;}\"]\n<h2 style=\"color: #ffffff; font-weight: 300; line-height: 27px; margin-bottom: 0px;\">NUESTROS<\/h2>\n<h2 style=\"color: #ffffff; font-weight: 500; margin-bottom: 0px; line-height: 27px; margin-top: 0px;\">CLIENTES<\/h2>\n<h5 style=\"color: #ffffff; font-weight: 400;\"><\/h5>\n[\/vc_column_text][\/vc_column_inner][vc_column_inner width=\"3\/6\"][vc_column_text css=\".vc_custom_1520086079590{margin-bottom: 0px !important;padding-bottom: 0px !important;}\"]\n<p style=\"color: #ffffff !important; font-weight: 300; margin-top: 10px;\">Desarrollamos soluciones a medida para importantes empresas con presencia nacional e internacional.\nEllos avalan nuestra trayectoria y la calidad de nuestros productos y servicios.<\/p>\n<p style=\"font-size: 0.9em; font-weight: 300; margin-top: 10px; margin-bottom: 0px; background-color: #223973; padding: 10px 2px 10px 10px;\"><a style=\"color: #ffffff !important;\" href=\"https:\/\/www.iea.com.ar\/web\/contacto\/\">CLICK AQU\u00cd para obtener informaci\u00f3n detallada de todas las aplicaciones instaladas.<\/a><\/p>\n[\/vc_column_text][\/vc_column_inner][\/vc_row_inner][vc_row_inner][vc_column_inner width=\"1\/3\"][\/vc_column_inner][vc_column_inner width=\"1\/3\"][\/vc_column_inner][vc_column_inner width=\"1\/3\"][vc_empty_space][vc_column_text]\n\n[\/vc_column_text][\/vc_column_inner][\/vc_row_inner][\/vc_column][\/vc_row][vc_row wrap_container=\"yes\" css=\".vc_custom_1513191738812{margin-right: 0px !important;margin-left: 0px !important;padding-right: 0px !important;padding-left: 0px !important;background-image: url(https:\/\/www.iea.com.ar\/wp-content\/uploads\/2017\/10\/triangulos-web-2.png?id=1445) !important;background-position: 0 0 !important;background-repeat: no-repeat !important;}\" el_id=\"separador1-home\" el_class=\"separador1-home\"][vc_column css=\".vc_custom_1508422315884{margin-top: 0px !important;margin-bottom: 0px !important;padding-top: 0px !important;padding-bottom: 0px !important;}\"][vc_empty_space height=\"150px\"][\/vc_column][\/vc_row][vc_row wrap_container=\"yes\" css=\".vc_custom_1512678920325{background: #e7e4e4 url(https:\/\/www.iea.com.ar\/wp-content\/uploads\/2017\/12\/iea-PIPA-AL-40-4.png?id=1874) !important;background-position: center !important;background-repeat: no-repeat !important;background-size: contain !important;}\"][vc_column][vc_empty_space][vc_row_inner][vc_column_inner width=\"1\/2\"][vc_column_text css=\".vc_custom_1508376164188{margin-right: 60px !important;}\"]\n<h5>Innovaci\u00f3n y confiabilidad para la operaci\u00f3n, control y seguridad en sectores cr\u00edticos de plantas industrializadoras, puertos y acopios de granos.<\/h5>\n[\/vc_column_text][\/vc_column_inner][vc_column_inner width=\"1\/2\"][vc_column_text css=\".vc_custom_1520084417936{background-image: url(https:\/\/www.iea.com.ar\/wp-content\/uploads\/2017\/12\/LINEA-TACO.png?id=1952) !important;background-position: center !important;background-repeat: no-repeat !important;background-size: contain !important;}\"]\n<div class=\"tacos-contacto\" style=\"height: 255px; text-align: center !important;\">\n<h5 style=\"padding-top: 70px; margin-bottom: 30px; font-size: 0.97em;\">Tenemos m\u00e1s de 40 a\u00f1os colaborando con nuestros clientes\nen la mejora de sus procesos productivos<\/h5>\n<h5 style=\"padding-top: 5px; margin-bottom: 25px;\">Cont\u00e1ctenos ahora si piensa que podemos\nayudarlo a mejorar los suyos.<\/h5>\n<\/div>\n[\/vc_column_text][\/vc_column_inner][\/vc_row_inner][\/vc_column][\/vc_row][vc_row css=\".vc_custom_1513191943718{background-color: #e7e4e4 !important;}\"][vc_column][vc_empty_space css=\".vc_custom_1513191911065{background-color: #e7e4e4 !important;}\"][\/vc_column][\/vc_row]","_et_gb_content_width":"","footnotes":""},"class_list":["post-2042","page","type-page","status-publish","hentry"],"_links":{"self":[{"href":"https:\/\/www.iea.com.ar\/en\/wp-json\/wp\/v2\/pages\/2042","targetHints":{"allow":["GET"]}}],"collection":[{"href":"https:\/\/www.iea.com.ar\/en\/wp-json\/wp\/v2\/pages"}],"about":[{"href":"https:\/\/www.iea.com.ar\/en\/wp-json\/wp\/v2\/types\/page"}],"author":[{"embeddable":true,"href":"https:\/\/www.iea.com.ar\/en\/wp-json\/wp\/v2\/users\/4"}],"replies":[{"embeddable":true,"href":"https:\/\/www.iea.com.ar\/en\/wp-json\/wp\/v2\/comments?post=2042"}],"version-history":[{"count":16,"href":"https:\/\/www.iea.com.ar\/en\/wp-json\/wp\/v2\/pages\/2042\/revisions"}],"predecessor-version":[{"id":7455,"href":"https:\/\/www.iea.com.ar\/en\/wp-json\/wp\/v2\/pages\/2042\/revisions\/7455"}],"wp:attachment":[{"href":"https:\/\/www.iea.com.ar\/en\/wp-json\/wp\/v2\/media?parent=2042"}],"curies":[{"name":"wp","href":"https:\/\/api.w.org\/{rel}","templated":true}]}}