{"id":1452,"date":"2017-10-19T09:48:03","date_gmt":"2017-10-19T12:48:03","guid":{"rendered":"https:\/\/www.iea.com.ar\/web\/?page_id=1452"},"modified":"2025-07-02T13:16:21","modified_gmt":"2025-07-02T16:16:21","slug":"aplicaciones-agroindustriales-software-grainvision","status":"publish","type":"page","link":"https:\/\/www.iea.com.ar\/en\/aplicaciones-agroindustriales-software-grainvision\/","title":{"rendered":"Aplicaciones Agroindustriales &#8211; Software GrainVision"},"content":{"rendered":"<p>[et_pb_section fb_built=\u00bb1&#8243; fullwidth=\u00bbon\u00bb disabled_on=\u00bbon|on|off\u00bb _builder_version=\u00bb4.27.0&#8243; _module_preset=\u00bbdefault\u00bb use_background_color_gradient=\u00bbon\u00bb background_color_gradient_stops=\u00bbrgba(51,51,51,0) 0%|rgba(10,10,10,0.45) 65%\u00bb background_color_gradient_overlays_image=\u00bbon\u00bb background_image=\u00bbhttps:\/\/www.iea.com.ar\/wp-content\/uploads\/2017\/10\/iea-aplicaciones-agroindustriales-5-software-grainvision.jpg\u00bb background_size=\u00bbinitial\u00bb background_position=\u00bbtop_center\u00bb background_enable_video_mp4=\u00bboff\u00bb background_video_height=\u00bb600&#8243; background_video_pause_outside_viewport=\u00bboff\u00bb locked=\u00bboff\u00bb global_colors_info=\u00bb{}\u00bb][et_pb_fullwidth_slider show_arrows=\u00bboff\u00bb _builder_version=\u00bb4.25.2&#8243; _module_preset=\u00bbdefault\u00bb custom_padding=\u00bb140px||140px||true|\u00bb global_colors_info=\u00bb{}\u00bb][et_pb_slide heading=\u00bbAplicaciones Agroindustriales\u00bb image=\u00bbhttps:\/\/www.iea.com.ar\/wp-content\/uploads\/2017\/10\/iea-aplicaciones-agroindustriales-BLOQUE-OPERACION-SEGURA.png\u00bb _builder_version=\u00bb4.25.2&#8243; _module_preset=\u00bbdefault\u00bb header_font=\u00bb|600|||||||\u00bb header_font_size=\u00bb40px\u00bb header_line_height=\u00bb1.2em\u00bb background_color=\u00bbRGBA(255,255,255,0)\u00bb background_enable_color=\u00bbon\u00bb custom_css_slide_title=\u00bbmargin-left: -70px\u00bb header_text_shadow_style=\u00bbpreset2&#8243; global_colors_info=\u00bb{}\u00bb sticky_transition=\u00bbon\u00bb][\/et_pb_slide][\/et_pb_fullwidth_slider][\/et_pb_section][et_pb_section fb_built=\u00bb1&#8243; disabled_on=\u00bboff|off|on\u00bb _builder_version=\u00bb4.27.0&#8243; _module_preset=\u00bbdefault\u00bb use_background_color_gradient=\u00bbon\u00bb background_color_gradient_stops=\u00bbrgba(51,51,51,0.55) 0%|rgba(51,51,51,0.55) 100%\u00bb background_color_gradient_overlays_image=\u00bbon\u00bb background_image=\u00bbhttps:\/\/www.iea.com.ar\/wp-content\/uploads\/2017\/10\/iea-aplicaciones-agroindustriales-5-software-grainvision.jpg\u00bb background_size=\u00bbinitial\u00bb locked=\u00bboff\u00bb global_colors_info=\u00bb{}\u00bb][et_pb_row _builder_version=\u00bb4.27.0&#8243; _module_preset=\u00bbdefault\u00bb custom_padding=\u00bb55px||55px||true|\u00bb global_colors_info=\u00bb{}\u00bb][et_pb_column type=\u00bb4_4&#8243; _builder_version=\u00bb4.27.0&#8243; _module_preset=\u00bbdefault\u00bb global_colors_info=\u00bb{}\u00bb][et_pb_heading title=\u00bbAplicaciones Agroindustriales\u00bb _builder_version=\u00bb4.27.0&#8243; _module_preset=\u00bbdefault\u00bb title_font=\u00bb|600|||||||\u00bb title_text_align=\u00bbcenter\u00bb title_text_color=\u00bb#FFFFFF\u00bb title_font_size=\u00bb36px\u00bb title_line_height=\u00bb1.3em\u00bb global_colors_info=\u00bb{}\u00bb][\/et_pb_heading][\/et_pb_column][\/et_pb_row][\/et_pb_section][et_pb_section fb_built=\u00bb1&#8243; admin_label=\u00bbsection\u00bb _builder_version=\u00bb4.16&#8243; global_colors_info=\u00bb{}\u00bb][et_pb_row _builder_version=\u00bb4.25.2&#8243; _module_preset=\u00bbdefault\u00bb custom_padding=\u00bb||4px|||\u00bb locked=\u00bboff\u00bb global_colors_info=\u00bb{}\u00bb][et_pb_column type=\u00bb4_4&#8243; _builder_version=\u00bb4.25.2&#8243; _module_preset=\u00bbdefault\u00bb global_colors_info=\u00bb{}\u00bb][et_pb_divider divider_weight=\u00bb3px\u00bb _builder_version=\u00bb4.25.2&#8243; _module_preset=\u00bbdefault\u00bb width=\u00bb4%\u00bb custom_margin=\u00bb0px||-15px||false|false\u00bb custom_padding=\u00bb0px||0px||true|false\u00bb global_colors_info=\u00bb{}\u00bb][\/et_pb_divider][et_pb_text _builder_version=\u00bb4.25.2&#8243; _module_preset=\u00bbdefault\u00bb text_font=\u00bb|||on|||||\u00bb text_text_color=\u00bb#0E6AB0&#8243; text_font_size=\u00bb20px\u00bb custom_margin=\u00bb||10px|||\u00bb global_colors_info=\u00bb{}\u00bb]<\/p>\n<p>SOFTWARE GRAINVISION\u00ae<\/p>\n<p>[\/et_pb_text][et_pb_text _builder_version=\u00bb4.25.2&#8243; _module_preset=\u00bbdefault\u00bb text_font=\u00bb||||||||\u00bb text_text_color=\u00bb#333333&#8243; text_font_size=\u00bb17px\u00bb custom_margin=\u00bb-7px||10px|||\u00bb global_colors_info=\u00bb{}\u00bb]<\/p>\n<p>UN DESARROLLO EXCLUSIVO DE IEA\u00ae PARA LA VISUALIZACI\u00d3N, REGISTRO Y ALARMAS DE LOS SISTEMAS INTEGRALES DE SUPERVISI\u00d3N DE GRANOS ACOPIADOS EN SILOS Y CELDAS.<\/p>\n<p>[\/et_pb_text][\/et_pb_column][\/et_pb_row][et_pb_row column_structure=\u00bb3_5,2_5&#8243; _builder_version=\u00bb4.25.2&#8243; _module_preset=\u00bbdefault\u00bb custom_padding=\u00bb0px||0px|||\u00bb locked=\u00bboff\u00bb global_colors_info=\u00bb{}\u00bb][et_pb_column type=\u00bb3_5&#8243; _builder_version=\u00bb4.25.2&#8243; _module_preset=\u00bbdefault\u00bb global_colors_info=\u00bb{}\u00bb][et_pb_text _builder_version=\u00bb4.25.2&#8243; _module_preset=\u00bbdefault\u00bb text_text_color=\u00bb#333333&#8243; text_font_size=\u00bb15px\u00bb custom_padding=\u00bb||0px|||\u00bb global_colors_info=\u00bb{}\u00bb]<\/p>\n<p><strong>GrainVision\u00ae<\/strong> permite detectar r\u00e1pidamente focos de temperatura en el producto almacenado gracias a su sistema de alarmas y visualizaci\u00f3n del estado general de la planta.<\/p>\n<p>Adem\u00e1s de dos tipos de alarmas de temperatura (m\u00e1xima y desviaci\u00f3n), genera alarmas de sistema que posibilitan el mantenimiento de la red de termometr\u00eda.<\/p>\n<p>Incorpora adem\u00e1s un algoritmo de detecci\u00f3n autom\u00e1tica de sensores en grano, mediante el cual se deshabilitan las alarmas de temperatura en sensores que no est\u00e1n sumergidos en el producto.<\/p>\n<p>Sus alarmas historizadas, en conjunto con las gr\u00e1ficas de tendencias hist\u00f3ricas de las mediciones, proporcionan una importante herramienta de seguimiento y diagn\u00f3stico.<\/p>\n<p>El software <strong>GrainVision\u00ae<\/strong> cuenta tambi\u00e9n con un modo de visualizaci\u00f3n termogr\u00e1fica, mediante la cual se representan los valores de temperatura de cada sensor a trav\u00e9s de una escala crom\u00e1tica, permitiendo la r\u00e1pida identificaci\u00f3n de focos de temperatura dentro de los silos y celdas.<\/p>\n<p>Los valores resultantes de las mediciones efectuadas por los equipos son almacenados en un \u00e1rea de memoria interna de los mismos, la cual es peri\u00f3dicamente escaneada.<\/p>\n<p>El intervalo m\u00ednimo entre escaneos es configurable, siendo su valor por defecto igual a 1 minuto. El tiempo efectivo de refresco de los datos en pantalla depender\u00e1 de la cantidad de equipos y sensores utilizados en la aplicaci\u00f3n.<\/p>\n<p><a href=\"https:\/\/manuales.iea.com.ar\/grainVision_mu_150305a_fmt_v3.3.13.pdf\">Manual del usuario GrainVision<\/a><\/p>\n<p>[\/et_pb_text][\/et_pb_column][et_pb_column type=\u00bb2_5&#8243; _builder_version=\u00bb4.25.2&#8243; _module_preset=\u00bbdefault\u00bb global_colors_info=\u00bb{}\u00bb][et_pb_text _builder_version=\u00bb4.25.2&#8243; _module_preset=\u00bbdefault\u00bb text_text_color=\u00bb#333333&#8243; text_font_size=\u00bb15px\u00bb custom_padding=\u00bb||0px|||\u00bb global_colors_info=\u00bb{}\u00bb]<\/p>\n<h4>M\u00f3dulos Opcionales<\/h4>\n<ul>\n<li>GrainAir\u00ae para control de aireaci\u00f3n en silos y celdas.<\/li>\n<li>Monitoreo de termometr\u00eda de secadoras de granos.<\/li>\n<li>Reporte de fallas y alarmas mediante correo electr\u00f3nico.<\/li>\n<li>Aplicaci\u00f3n GVR Clientes Remotos.<\/li>\n<\/ul>\n<p>La aplicaci\u00f3n GVR Clientes Remotos replica la supervisi\u00f3n de las termometr\u00edas de silos y celdas en diferentes PCs de la planta, adicionales a aquella desde la cual se realiza la comunicaci\u00f3n con los dispositivos de campo.<\/p>\n<p>Esta configuraci\u00f3n es ideal para usuarios que requieren el acceso a los datos desde su propia estaci\u00f3n de trabajo, tales como gerentes o supervisores de planta, analistas de calidad, etc.<\/p>\n<p>Se visualizan todos los datos en tiempo real, as\u00ed como tambi\u00e9n las gr\u00e1ficas de tendencias hist\u00f3ricas de todos sus puntos de medici\u00f3n, mediante m\u00edmicos y controles enteramente similares a los de la PC de planta.<\/p>\n<p>[\/et_pb_text][\/et_pb_column][\/et_pb_row][\/et_pb_section][et_pb_section fb_built=\u00bb1&#8243; _builder_version=\u00bb4.25.2&#8243; _module_preset=\u00bbdefault\u00bb background_color=\u00bb#EAEAEA\u00bb top_divider_style=\u00bbmountains2&#8243; top_divider_color=\u00bb#FFFFFF\u00bb top_divider_height=\u00bb60px\u00bb locked=\u00bboff\u00bb global_colors_info=\u00bb{}\u00bb][et_pb_row _builder_version=\u00bb4.25.2&#8243; _module_preset=\u00bbdefault\u00bb custom_padding=\u00bb23px||23px||true|\u00bb global_colors_info=\u00bb{}\u00bb][et_pb_column type=\u00bb4_4&#8243; _builder_version=\u00bb4.25.2&#8243; _module_preset=\u00bbdefault\u00bb global_colors_info=\u00bb{}\u00bb][et_pb_text _builder_version=\u00bb4.27.0&#8243; _module_preset=\u00bbdefault\u00bb text_text_color=\u00bb#333333&#8243; text_font_size=\u00bb17px\u00bb text_line_height=\u00bb1.5em\u00bb text_orientation=\u00bbcenter\u00bb custom_padding=\u00bb|70px||70px||true\u00bb custom_padding_tablet=\u00bb|0px||0px|false|true\u00bb custom_padding_phone=\u00bb|0px||0px|false|true\u00bb custom_padding_last_edited=\u00bbon|tablet\u00bb global_colors_info=\u00bb{}\u00bb]<\/p>\n<p>Innovaci\u00f3n y confiabilidad para la operaci\u00f3n, control y seguridad en sectores cr\u00edticos de plantas industrializadoras, puertos y acopios de granos.<\/p>\n<p>[\/et_pb_text][\/et_pb_column][\/et_pb_row][et_pb_row custom_padding_last_edited=\u00bbon|tablet\u00bb _builder_version=\u00bb4.27.0&#8243; _module_preset=\u00bbdefault\u00bb background_enable_color=\u00bboff\u00bb custom_padding=\u00bb0px|22%|0px|22%|true|true\u00bb custom_padding_tablet=\u00bb|0%||0%|true|true\u00bb custom_padding_phone=\u00bb0px|0%|0px|0%|true|true\u00bb global_colors_info=\u00bb{}\u00bb][et_pb_column type=\u00bb4_4&#8243; _builder_version=\u00bb4.25.2&#8243; _module_preset=\u00bbdefault\u00bb background_color=\u00bb#dddddd\u00bb custom_padding=\u00bb20px|25px|20px|25px|true|true\u00bb border_radii=\u00bbon|10px|10px|10px|10px\u00bb global_colors_info=\u00bb{}\u00bb][et_pb_text _builder_version=\u00bb4.25.2&#8243; _module_preset=\u00bbdefault\u00bb text_text_color=\u00bb#333333&#8243; text_font_size=\u00bb17px\u00bb text_line_height=\u00bb1.5em\u00bb text_orientation=\u00bbcenter\u00bb custom_margin=\u00bb||17px|||\u00bb global_colors_info=\u00bb{}\u00bb]<\/p>\n<p>Para conocer antecedentes o ampliar esta informaci\u00f3n, por favor contacte con nosotros<\/p>\n<p>[\/et_pb_text][et_pb_button button_url=\u00bbhttps:\/\/www.iea.com.ar\/contacto\/\u00bb button_text=\u00bbCont\u00e1ctenos\u00bb button_alignment=\u00bbcenter\u00bb _builder_version=\u00bb4.25.2&#8243; _module_preset=\u00bbdefault\u00bb custom_button=\u00bbon\u00bb button_text_size=\u00bb16px\u00bb button_text_color=\u00bb#FFFFFF\u00bb button_bg_color=\u00bb#0E6AB0&#8243; button_border_color=\u00bb#0E6AB0&#8243; button_border_radius=\u00bb5px\u00bb global_colors_info=\u00bb{}\u00bb button_text_color__hover_enabled=\u00bbon|hover\u00bb button_text_color__hover=\u00bb#0E6AB0&#8243; button_bg_color__hover=\u00bb#FFFFFF\u00bb button_bg_color__hover_enabled=\u00bbon|desktop\u00bb button_border_color__hover=\u00bb#0E6AB0&#8243; button_border_color__hover_enabled=\u00bbon|desktop\u00bb][\/et_pb_button][\/et_pb_column][\/et_pb_row][\/et_pb_section]<\/p>\n","protected":false},"excerpt":{"rendered":"<p>SOFTWARE GRAINVISION\u00aeUN DESARROLLO EXCLUSIVO DE IEA\u00ae PARA LA VISUALIZACI\u00d3N, REGISTRO Y ALARMAS DE LOS SISTEMAS INTEGRALES DE SUPERVISI\u00d3N DE GRANOS ACOPIADOS EN SILOS Y CELDAS.GrainVision\u00ae permite detectar r\u00e1pidamente focos de temperatura en el producto almacenado gracias a su sistema de alarmas y visualizaci\u00f3n del estado general de la planta. Adem\u00e1s de dos tipos de alarmas [&hellip;]<\/p>\n","protected":false},"author":4,"featured_media":0,"parent":0,"menu_order":0,"comment_status":"closed","ping_status":"closed","template":"","meta":{"_et_pb_use_builder":"on","_et_pb_old_content":"[vc_row wrap_container=\"yes\" css=\".vc_custom_1508376448283{background-color: #ffffff !important;}\"][vc_column css_animation=\"none\" animation_duration=\"2000\" animation_type=\"slideInUp\"][vc_empty_space height=\"20px\"][vc_row_inner][vc_column_inner width=\"1\/3\" css=\".vc_custom_1506911058522{border-right-width: 0px !important;border-right-color: #333333 !important;border-right-style: solid !important;}\"][vc_column_text]\n<ul class=\"links-lateral\">\n \t<li><a class=\"otros\" href=\"https:\/\/www.iea.com.ar\/web\/aplicaciones-agroindustriales\/\">El concepto de Operaci\u00f3n Segura<\/a><\/li>\n \t<li><a class=\"otros\" href=\"https:\/\/www.iea.com.ar\/web\/aplicaciones-agroindustriales-transportadores-industriales\/\">Transportadores Industriales<\/a><\/li>\n \t<li><a class=\"otros\" href=\"https:\/\/www.iea.com.ar\/web\/aplicaciones-agroindustriales-silos-y-celdas\/\">Silos y Celdas<\/a><\/li>\n \t<li><a class=\"otros\" href=\"https:\/\/www.iea.com.ar\/web\/aplicaciones-agroindustriales-secadoras-de-granos\/\">Secadoras de Granos<\/a><\/li>\n \t<li><a href=\"https:\/\/www.iea.com.ar\/web\/aplicaciones-agroindustriales-software-grainvision\/\">Software GrainVision<\/a><\/li>\n \t<li><a class=\"otros\" href=\"https:\/\/www.iea.com.ar\/aplicaciones-agroindustriales-software-grainvision-web\/\">Software GrainVision WEB<\/a><\/li>\n \t<li><a href=\"https:\/\/www.iea.com.ar\/co2ntrol-la-solucion-innovadora-para-la-conservacion-de-granos\/\">Co2ntrol<\/a><\/li>\n \t<li><a class=\"otros\" href=\"https:\/\/www.iea.com.ar\/web\/aplicaciones-agroindustriales-aplicaciones-instaladas\/\">Aplicaciones Instaladas<\/a><\/li>\n<\/ul>\n<ul class=\"links-lateral2\">\n \t<li><a href=\"https:\/\/www.iea.com.ar\/web\/hardware-industrial\/\">Hardware Industrial<\/a><\/li>\n \t<li><a href=\"https:\/\/www.iea.com.ar\/web\/ingenieria-aplicada\/\">Ingenier\u00eda Aplicada<\/a><\/li>\n \t<li><a href=\"https:\/\/www.iea.com.ar\/web\/contacto\/\">Contacto<\/a><\/li>\n<\/ul>\n[\/vc_column_text][\/vc_column_inner][vc_column_inner width=\"2\/3\" css=\".vc_custom_1512135777074{border-left-width: 1px !important;padding-left: 30px !important;border-left-color: #555555 !important;border-left-style: solid !important;}\"][vc_column_text css=\".vc_custom_1533232618476{margin-bottom: 5px !important;padding-bottom: 0px !important;}\"]\n<h3 style=\"font-weight: 400;\">SOFTWARE GRAINVISION\u00ae<\/h3>\n<h4>UN DESARROLLO EXCLUSIVO DE IEA\u00ae PARA LA VISUALIZACI\u00d3N, REGISTRO Y ALARMAS DE LOS SISTEMAS INTEGRALES DE SUPERVISI\u00d3N DE GRANOS ACOPIADOS EN SILOS Y CELDAS.<\/h4>\n<strong>GrainVision\u00ae<\/strong> permite detectar r\u00e1pidamente focos de temperatura en el producto almacenado gracias a su sistema de alarmas y visualizaci\u00f3n del estado general de la planta.\n\nAdem\u00e1s de dos tipos de alarmas de temperatura (m\u00e1xima y desviaci\u00f3n), genera alarmas de sistema que posibilitan el mantenimiento de la red de termometr\u00eda.\n\nIncorpora adem\u00e1s un algoritmo de detecci\u00f3n autom\u00e1tica de sensores en grano, mediante el cual se deshabilitan las alarmas de temperatura en sensores que no est\u00e1n sumergidos en el producto.\n\nSus alarmas historizadas, en conjunto con las gr\u00e1ficas de tendencias hist\u00f3ricas de las mediciones, proporcionan una importante herramienta de seguimiento y diagn\u00f3stico.\n\nEl software <strong>GrainVision\u00ae<\/strong> cuenta tambi\u00e9n con un modo de visualizaci\u00f3n termogr\u00e1fica, mediante la cual se representan los valores de temperatura de cada sensor a trav\u00e9s de una escala crom\u00e1tica, permitiendo la r\u00e1pida identificaci\u00f3n de focos de temperatura dentro de los silos y celdas.\n\nLos valores resultantes de las mediciones efectuadas por los equipos son almacenados en un \u00e1rea de memoria interna de los mismos, la cual es peri\u00f3dicamente escaneada.\n\nEl intervalo m\u00ednimo entre escaneos es configurable, siendo su valor por defecto igual a 1 minuto. El tiempo efectivo de refresco de los datos en pantalla depender\u00e1 de la cantidad de equipos y sensores utilizados en la aplicaci\u00f3n.\n\n<a title=\"Ver Manual de GrainVision\" href=\"https:\/\/manuales.iea.com.ar\/grainVision_mu_150305a_fmt_v3.3.13.pdf\" target=\"_blank\" rel=\"noopener noreferrer\"><strong>Manual del usuario GrainVision<\/strong><\/a>\n<h6 style=\"margin-top: 20px; font-size: 1.1em;\">M\u00f3dulos Opcionales<\/h6>\n\u00b7 <strong>GrainAir\u00ae<\/strong> para control de aireaci\u00f3n en silos y celdas.\n\n\u00b7 Monitoreo de termometr\u00eda de secadoras de granos.\n\n\u00b7 Reporte de fallas y alarmas mediante correo electr\u00f3nico.\n\n\u00b7 Aplicaci\u00f3n <strong>GVR Clientes Remotos<\/strong>.\n\nLa aplicaci\u00f3n <strong>GVR Clientes Remotos<\/strong> replica la supervisi\u00f3n de las termometr\u00edas de silos y celdas en diferentes PCs de la planta, adicionales a aquella desde la cual se realiza la comunicaci\u00f3n con los dispositivos de campo.\n\nEsta configuraci\u00f3n es ideal para usuarios que requieren el acceso a los datos desde su propia estaci\u00f3n de trabajo, tales como gerentes o supervisores de planta, analistas de calidad, etc.\n\nSe visualizan todos los datos en tiempo real, as\u00ed como tambi\u00e9n las gr\u00e1ficas de tendencias hist\u00f3ricas de todos sus puntos de medici\u00f3n, mediante m\u00edmicos y controles enteramente similares a los de la PC de planta.[\/vc_column_text][vc_empty_space][\/vc_column_inner][\/vc_row_inner][vc_empty_space][\/vc_column][\/vc_row][vc_row wrap_container=\"yes\" css=\".vc_custom_1508418063800{margin-right: 0px !important;margin-left: 0px !important;padding-right: 0px !important;padding-left: 0px !important;background-image: url(https:\/\/www.iea.com.ar\/wp-content\/uploads\/2017\/10\/triangulos-sologris-web-2.png?id=1461) !important;background-position: center !important;background-repeat: no-repeat !important;background-size: cover !important;}\" el_id=\"separador1-home\" el_class=\"separador1-home\"][vc_column css=\".vc_custom_1506903646207{margin-bottom: 0px !important;padding-bottom: 0px !important;}\"][vc_empty_space height=\"110px\"][\/vc_column][\/vc_row][vc_row wrap_container=\"yes\" css=\".vc_custom_1512679087662{background: #e7e4e4 url(https:\/\/www.iea.com.ar\/wp-content\/uploads\/2017\/12\/iea-PIPA-AL-40-4.png?id=1874) !important;background-position: center !important;background-repeat: no-repeat !important;background-size: contain !important;}\"][vc_column][vc_empty_space][vc_empty_space][vc_row_inner][vc_column_inner width=\"1\/2\"][vc_column_text css=\".vc_custom_1508376164188{margin-right: 60px !important;}\"]\n<h5>Innovaci\u00f3n y confiabilidad para la operaci\u00f3n, control y seguridad en sectores cr\u00edticos de plantas industrializadoras, puertos y acopios de granos.<\/h5>\n[\/vc_column_text][\/vc_column_inner][vc_column_inner width=\"1\/2\"][vc_column_text css=\".vc_custom_1513554502558{background-image: url(https:\/\/www.iea.com.ar\/wp-content\/uploads\/2017\/12\/LINEA-TACO.png?id=1952) !important;background-position: center !important;background-repeat: no-repeat !important;background-size: contain !important;}\"]\n<div class=\"tacos-contacto\" style=\"height: 255px; text-align: center !important;\">\n<h5 style=\"padding-top: 80px; margin-bottom: 30px;\">Para conocer antecedentes o ampliar\nesta informaci\u00f3n, por favor\ncontacte con nosotros<\/h5>\n<h5 style=\"background-color: #4f6d73; padding: 10px 25px; display: inline;\"><a style=\"color: #ffffff;\" href=\"https:\/\/www.iea.com.ar\/web\/contacto\">CLIC AQU\u00cd<\/a><\/h5>\n<\/div>\n[\/vc_column_text][\/vc_column_inner][\/vc_row_inner][vc_empty_space][\/vc_column][\/vc_row]","_et_gb_content_width":"","footnotes":""},"class_list":["post-1452","page","type-page","status-publish","hentry"],"_links":{"self":[{"href":"https:\/\/www.iea.com.ar\/en\/wp-json\/wp\/v2\/pages\/1452","targetHints":{"allow":["GET"]}}],"collection":[{"href":"https:\/\/www.iea.com.ar\/en\/wp-json\/wp\/v2\/pages"}],"about":[{"href":"https:\/\/www.iea.com.ar\/en\/wp-json\/wp\/v2\/types\/page"}],"author":[{"embeddable":true,"href":"https:\/\/www.iea.com.ar\/en\/wp-json\/wp\/v2\/users\/4"}],"replies":[{"embeddable":true,"href":"https:\/\/www.iea.com.ar\/en\/wp-json\/wp\/v2\/comments?post=1452"}],"version-history":[{"count":27,"href":"https:\/\/www.iea.com.ar\/en\/wp-json\/wp\/v2\/pages\/1452\/revisions"}],"predecessor-version":[{"id":7606,"href":"https:\/\/www.iea.com.ar\/en\/wp-json\/wp\/v2\/pages\/1452\/revisions\/7606"}],"wp:attachment":[{"href":"https:\/\/www.iea.com.ar\/en\/wp-json\/wp\/v2\/media?parent=1452"}],"curies":[{"name":"wp","href":"https:\/\/api.w.org\/{rel}","templated":true}]}}