{"id":1431,"date":"2017-10-19T08:03:39","date_gmt":"2017-10-19T11:03:39","guid":{"rendered":"https:\/\/www.iea.com.ar\/web\/?page_id=1431"},"modified":"2024-07-25T11:18:36","modified_gmt":"2024-07-25T14:18:36","slug":"aplicaciones-agroindustriales-silos-y-celdas","status":"publish","type":"page","link":"https:\/\/www.iea.com.ar\/en\/aplicaciones-agroindustriales-silos-y-celdas\/","title":{"rendered":"Aplicaciones Agroindustriales &#8211; Silos y Celdas"},"content":{"rendered":"<p>[et_pb_section fb_built=\u00bb1&#8243; fullwidth=\u00bbon\u00bb disabled_on=\u00bbon|on|off\u00bb _builder_version=\u00bb4.27.0&#8243; _module_preset=\u00bbdefault\u00bb use_background_color_gradient=\u00bbon\u00bb background_color_gradient_stops=\u00bbrgba(51,51,51,0) 0%|rgba(10,10,10,0.45) 65%\u00bb background_color_gradient_overlays_image=\u00bbon\u00bb background_image=\u00bbhttps:\/\/www.iea.com.ar\/wp-content\/uploads\/2017\/10\/aplicaciones-agroindustriales-3-planta-silos-iea.jpg\u00bb background_size=\u00bbinitial\u00bb background_position=\u00bbtop_center\u00bb background_enable_video_mp4=\u00bboff\u00bb background_video_height=\u00bb600&#8243; background_video_pause_outside_viewport=\u00bboff\u00bb locked=\u00bboff\u00bb global_colors_info=\u00bb{}\u00bb][et_pb_fullwidth_slider show_arrows=\u00bboff\u00bb _builder_version=\u00bb4.25.2&#8243; _module_preset=\u00bbdefault\u00bb custom_padding=\u00bb140px||140px||true|\u00bb global_colors_info=\u00bb{}\u00bb][et_pb_slide heading=\u00bbAplicaciones Agroindustriales\u00bb image=\u00bbhttps:\/\/www.iea.com.ar\/wp-content\/uploads\/2017\/10\/iea-aplicaciones-agroindustriales-BLOQUE-OPERACION-SEGURA.png\u00bb _builder_version=\u00bb4.25.2&#8243; _module_preset=\u00bbdefault\u00bb header_font=\u00bb|600|||||||\u00bb header_font_size=\u00bb40px\u00bb header_line_height=\u00bb1.2em\u00bb background_color=\u00bbRGBA(255,255,255,0)\u00bb background_enable_color=\u00bbon\u00bb custom_css_slide_title=\u00bbmargin-left: -70px\u00bb header_text_shadow_style=\u00bbpreset2&#8243; global_colors_info=\u00bb{}\u00bb sticky_transition=\u00bbon\u00bb][\/et_pb_slide][\/et_pb_fullwidth_slider][\/et_pb_section][et_pb_section fb_built=\u00bb1&#8243; disabled_on=\u00bboff|off|on\u00bb _builder_version=\u00bb4.27.0&#8243; _module_preset=\u00bbdefault\u00bb use_background_color_gradient=\u00bbon\u00bb background_color_gradient_stops=\u00bbrgba(51,51,51,0.55) 0%|rgba(51,51,51,0.55) 100%\u00bb background_color_gradient_overlays_image=\u00bbon\u00bb background_image=\u00bbhttps:\/\/www.iea.com.ar\/wp-content\/uploads\/2017\/10\/aplicaciones-agroindustriales-3-planta-silos-iea.jpg\u00bb background_size=\u00bbinitial\u00bb locked=\u00bboff\u00bb global_colors_info=\u00bb{}\u00bb][et_pb_row _builder_version=\u00bb4.27.0&#8243; _module_preset=\u00bbdefault\u00bb custom_padding=\u00bb55px||55px||true|\u00bb global_colors_info=\u00bb{}\u00bb][et_pb_column type=\u00bb4_4&#8243; _builder_version=\u00bb4.27.0&#8243; _module_preset=\u00bbdefault\u00bb global_colors_info=\u00bb{}\u00bb][et_pb_heading title=\u00bbAplicaciones Agroindustriales\u00bb _builder_version=\u00bb4.27.0&#8243; _module_preset=\u00bbdefault\u00bb title_font=\u00bb|600|||||||\u00bb title_text_align=\u00bbcenter\u00bb title_text_color=\u00bb#FFFFFF\u00bb title_font_size=\u00bb36px\u00bb title_line_height=\u00bb1.3em\u00bb global_colors_info=\u00bb{}\u00bb][\/et_pb_heading][\/et_pb_column][\/et_pb_row][\/et_pb_section][et_pb_section fb_built=\u00bb1&#8243; _builder_version=\u00bb4.16&#8243; global_colors_info=\u00bb{}\u00bb][et_pb_row _builder_version=\u00bb4.25.2&#8243; _module_preset=\u00bbdefault\u00bb custom_padding=\u00bb||4px|||\u00bb locked=\u00bboff\u00bb global_colors_info=\u00bb{}\u00bb][et_pb_column type=\u00bb4_4&#8243; _builder_version=\u00bb4.25.2&#8243; _module_preset=\u00bbdefault\u00bb global_colors_info=\u00bb{}\u00bb][et_pb_divider divider_weight=\u00bb3px\u00bb _builder_version=\u00bb4.25.2&#8243; _module_preset=\u00bbdefault\u00bb width=\u00bb4%\u00bb custom_margin=\u00bb0px||-15px||false|false\u00bb custom_padding=\u00bb0px||0px||true|false\u00bb global_colors_info=\u00bb{}\u00bb][\/et_pb_divider][et_pb_text _builder_version=\u00bb4.25.2&#8243; _module_preset=\u00bbdefault\u00bb text_font=\u00bb|||on|||||\u00bb text_text_color=\u00bb#0E6AB0&#8243; text_font_size=\u00bb20px\u00bb custom_margin=\u00bb||10px|||\u00bb global_colors_info=\u00bb{}\u00bb]<\/p>\n<p>SILOS Y CELDAS<\/p>\n<p>[\/et_pb_text][et_pb_text _builder_version=\u00bb4.25.2&#8243; _module_preset=\u00bbdefault\u00bb text_font=\u00bb||||||||\u00bb text_text_color=\u00bb#333333&#8243; text_font_size=\u00bb17px\u00bb custom_margin=\u00bb-7px||10px|||\u00bb global_colors_info=\u00bb{}\u00bb]<\/p>\n<p>SISTEMA INTEGRADO DE MONITOREO DE TEMPERATURA Y CONTROL AUTOM\u00c1TICO DE AIREACI\u00d3N DE GRANOS ALMACENADOS EN SILOS Y CELDAS<\/p>\n<p>[\/et_pb_text][\/et_pb_column][\/et_pb_row][et_pb_row _builder_version=\u00bb4.25.2&#8243; _module_preset=\u00bbdefault\u00bb custom_padding=\u00bb3px|||||\u00bb locked=\u00bboff\u00bb global_colors_info=\u00bb{}\u00bb][et_pb_column type=\u00bb4_4&#8243; _builder_version=\u00bb4.25.2&#8243; _module_preset=\u00bbdefault\u00bb global_colors_info=\u00bb{}\u00bb][et_pb_image src=\u00bbhttps:\/\/www.iea.com.ar\/wp-content\/uploads\/2017\/10\/aplicaciones-agroindustriales-infografia-seguridad-silos-y-celdas-iea.png\u00bb title_text=\u00bbaplicaciones-agroindustriales-infografia-seguridad-silos-y-celdas-iea\u00bb _builder_version=\u00bb4.25.2&#8243; _module_preset=\u00bbdefault\u00bb global_colors_info=\u00bb{}\u00bb][\/et_pb_image][\/et_pb_column][\/et_pb_row][et_pb_row column_structure=\u00bb1_2,1_2&#8243; _builder_version=\u00bb4.25.2&#8243; _module_preset=\u00bbdefault\u00bb custom_padding=\u00bb||0px|||\u00bb locked=\u00bboff\u00bb global_colors_info=\u00bb{}\u00bb][et_pb_column type=\u00bb1_2&#8243; _builder_version=\u00bb4.25.2&#8243; _module_preset=\u00bbdefault\u00bb global_colors_info=\u00bb{}\u00bb][et_pb_text _builder_version=\u00bb4.25.2&#8243; _module_preset=\u00bbdefault\u00bb text_text_color=\u00bb#333333&#8243; text_font_size=\u00bb15px\u00bb custom_padding=\u00bb||0px|||\u00bb global_colors_info=\u00bb{}\u00bb]<\/p>\n<p>Con hasta 256 puntos de medici\u00f3n de temperatura y el control de hasta 32 aireaciones, el sistema optimiza el servicio en el proceso de conservaci\u00f3n de granos almacenados.<\/p>\n<p>Se compone de una unidad de monitoreo de temperatura en silos y celdas SI 61, una central meteorol\u00f3gica dedicada M70HT MB, un m\u00f3dulo de control SVI 532 y una unidad de comando de los motores de aireaci\u00f3n UR 508.<\/p>\n<p>Interactuando concatenadamente en tiempo real (en funci\u00f3n de los datos recogidos que son procesados en una PC industrial mediante el software PC_GrainVision\u00ae y Grain_Air\u00ae), permite la visualizaci\u00f3n, registro, alarmas, gesti\u00f3n y reportes de operaci\u00f3n del sistema de aireaci\u00f3n.<\/p>\n<p>[\/et_pb_text][\/et_pb_column][et_pb_column type=\u00bb1_2&#8243; _builder_version=\u00bb4.25.2&#8243; _module_preset=\u00bbdefault\u00bb global_colors_info=\u00bb{}\u00bb][et_pb_text _builder_version=\u00bb4.25.2&#8243; _module_preset=\u00bbdefault\u00bb text_text_color=\u00bb#333333&#8243; text_font_size=\u00bb15px\u00bb custom_padding=\u00bb||0px|||\u00bb global_colors_info=\u00bb{}\u00bb]<\/p>\n<p>Basado en algoritmos que contemplan tipo de grano, humedad inicial, humedad y temperatura en el exterior del silo o celda, horas de marcha, temperatura actual del grano, condiciones l\u00edmites de operaci\u00f3n, tipo de operaci\u00f3n solicitada y horario habilitado de aireaci\u00f3n, el sistema determina el momento adecuado para la operaci\u00f3n de ventilaci\u00f3n, secado o humidificaci\u00f3n del tipo de grano almacenado.<\/p>\n<p>[\/et_pb_text][\/et_pb_column][\/et_pb_row][et_pb_row _builder_version=\u00bb4.25.2&#8243; _module_preset=\u00bbdefault\u00bb custom_padding=\u00bb3px|||||\u00bb locked=\u00bboff\u00bb global_colors_info=\u00bb{}\u00bb][et_pb_column type=\u00bb4_4&#8243; _builder_version=\u00bb4.25.2&#8243; _module_preset=\u00bbdefault\u00bb global_colors_info=\u00bb{}\u00bb][et_pb_image src=\u00bbhttps:\/\/www.iea.com.ar\/wp-content\/uploads\/2017\/10\/aplicaciones-agroindustriales-silos-y-celdasINFOGRAFIA.jpg\u00bb title_text=\u00bbaplicaciones-agroindustriales-silos-y-celdasINFOGRAFIA\u00bb _builder_version=\u00bb4.25.2&#8243; _module_preset=\u00bbdefault\u00bb global_colors_info=\u00bb{}\u00bb][\/et_pb_image][et_pb_text _builder_version=\u00bb4.25.2&#8243; _module_preset=\u00bbdefault\u00bb text_text_color=\u00bb#0E6AB0&#8243; text_font_size=\u00bb15px\u00bb text_orientation=\u00bbcenter\u00bb custom_padding=\u00bb||0px|||\u00bb global_colors_info=\u00bb{}\u00bb]<\/p>\n<p>Se aplican curvas de secado y humidificaci\u00f3n de granos normalizados por la American Society of Agricultural Engineers.<\/p>\n<p>[\/et_pb_text][\/et_pb_column][\/et_pb_row][\/et_pb_section][et_pb_section fb_built=\u00bb1&#8243; _builder_version=\u00bb4.25.2&#8243; _module_preset=\u00bbdefault\u00bb background_color=\u00bb#00acee\u00bb custom_padding=\u00bb9px||9px||true|\u00bb locked=\u00bboff\u00bb global_colors_info=\u00bb{}\u00bb][et_pb_row column_structure=\u00bb1_2,1_2&#8243; use_custom_gutter=\u00bbon\u00bb gutter_width=\u00bb2&#8243; make_equal=\u00bbon\u00bb _builder_version=\u00bb4.25.2&#8243; _module_preset=\u00bbdefault\u00bb global_colors_info=\u00bb{}\u00bb][et_pb_column type=\u00bb1_2&#8243; _builder_version=\u00bb4.25.2&#8243; _module_preset=\u00bbdefault\u00bb global_colors_info=\u00bb{}\u00bb][et_pb_image src=\u00bbhttps:\/\/www.iea.com.ar\/wp-content\/uploads\/2017\/10\/iea-aplicaciones-agroindustriales-silos-y-celdas-si-61.jpg\u00bb title_text=\u00bbiea-aplicaciones-agroindustriales-silos-y-celdas-si-61&#8243; align=\u00bbcenter\u00bb _builder_version=\u00bb4.25.2&#8243; _module_preset=\u00bbdefault\u00bb global_colors_info=\u00bb{}\u00bb][\/et_pb_image][\/et_pb_column][et_pb_column type=\u00bb1_2&#8243; _builder_version=\u00bb4.25.2&#8243; _module_preset=\u00bbdefault\u00bb global_colors_info=\u00bb{}\u00bb][et_pb_divider color=\u00bb#FFFFFF\u00bb divider_weight=\u00bb3px\u00bb _builder_version=\u00bb4.25.2&#8243; _module_preset=\u00bbdefault\u00bb width=\u00bb8%\u00bb custom_margin=\u00bb35px||-15px||false|false\u00bb custom_padding=\u00bb0px||0px||true|false\u00bb global_colors_info=\u00bb{}\u00bb][\/et_pb_divider][et_pb_text _builder_version=\u00bb4.25.2&#8243; _module_preset=\u00bbdefault\u00bb text_font=\u00bb|||on|||||\u00bb text_text_color=\u00bb#FFFFFF\u00bb text_font_size=\u00bb20px\u00bb custom_margin=\u00bb||10px|||\u00bb global_colors_info=\u00bb{}\u00bb]<\/p>\n<p>COMPONENTES DEL SISTEMA<\/p>\n<p>[\/et_pb_text][et_pb_text _builder_version=\u00bb4.25.2&#8243; _module_preset=\u00bbdefault\u00bb text_text_color=\u00bb#FFFFFF\u00bb text_font_size=\u00bb15px\u00bb custom_padding=\u00bb||0px|||\u00bb global_colors_info=\u00bb{}\u00bb]<\/p>\n<ul>\n<li>SVI 532 \u00b7 Sistema integrado de monitoreo de temperatura y control autom\u00e1tico de aireaci\u00f3n de granos almacenados en silos y celdas.<\/li>\n<li>SI 61 \u00b7 Sistema de medici\u00f3n en silos.<\/li>\n<li>M70HT MB<\/li>\n<li>UR-508<\/li>\n<li>Software PC_GrainVision\u00ae<\/li>\n<li>Software Grain_Air\u00ae<\/li>\n<\/ul>\n<p>[\/et_pb_text][\/et_pb_column][\/et_pb_row][\/et_pb_section][et_pb_section fb_built=\u00bb1&#8243; _builder_version=\u00bb4.25.2&#8243; _module_preset=\u00bbdefault\u00bb background_color=\u00bb#EAEAEA\u00bb top_divider_style=\u00bbmountains2&#8243; top_divider_color=\u00bb#00acee\u00bb top_divider_height=\u00bb60px\u00bb locked=\u00bboff\u00bb global_colors_info=\u00bb{}\u00bb][et_pb_row _builder_version=\u00bb4.25.2&#8243; _module_preset=\u00bbdefault\u00bb custom_padding=\u00bb23px||23px||true|\u00bb global_colors_info=\u00bb{}\u00bb][et_pb_column type=\u00bb4_4&#8243; _builder_version=\u00bb4.25.2&#8243; _module_preset=\u00bbdefault\u00bb global_colors_info=\u00bb{}\u00bb][et_pb_text _builder_version=\u00bb4.27.0&#8243; _module_preset=\u00bbdefault\u00bb text_text_color=\u00bb#333333&#8243; text_font_size=\u00bb17px\u00bb text_line_height=\u00bb1.5em\u00bb text_orientation=\u00bbcenter\u00bb custom_padding=\u00bb|70px||70px||true\u00bb custom_padding_tablet=\u00bb|0px||0px|false|true\u00bb custom_padding_phone=\u00bb|0px||0px|false|true\u00bb custom_padding_last_edited=\u00bbon|tablet\u00bb global_colors_info=\u00bb{}\u00bb]<\/p>\n<p>Innovaci\u00f3n y confiabilidad para la operaci\u00f3n, control y seguridad en sectores cr\u00edticos de plantas industrializadoras, puertos y acopios de granos.<\/p>\n<p>[\/et_pb_text][\/et_pb_column][\/et_pb_row][et_pb_row custom_padding_last_edited=\u00bbon|tablet\u00bb _builder_version=\u00bb4.27.0&#8243; _module_preset=\u00bbdefault\u00bb background_enable_color=\u00bboff\u00bb custom_padding=\u00bb0px|22%|0px|22%|true|true\u00bb custom_padding_tablet=\u00bb|0%||0%|true|true\u00bb custom_padding_phone=\u00bb0px|0%|0px|0%|true|true\u00bb global_colors_info=\u00bb{}\u00bb][et_pb_column type=\u00bb4_4&#8243; _builder_version=\u00bb4.25.2&#8243; _module_preset=\u00bbdefault\u00bb background_color=\u00bb#dddddd\u00bb custom_padding=\u00bb20px|25px|20px|25px|true|true\u00bb border_radii=\u00bbon|10px|10px|10px|10px\u00bb global_colors_info=\u00bb{}\u00bb][et_pb_text _builder_version=\u00bb4.25.2&#8243; _module_preset=\u00bbdefault\u00bb text_text_color=\u00bb#333333&#8243; text_font_size=\u00bb17px\u00bb text_line_height=\u00bb1.5em\u00bb text_orientation=\u00bbcenter\u00bb custom_margin=\u00bb||17px|||\u00bb global_colors_info=\u00bb{}\u00bb]<\/p>\n<p>Para conocer antecedentes o ampliar esta informaci\u00f3n, por favor contacte con nosotros<\/p>\n<p>[\/et_pb_text][et_pb_button button_url=\u00bbhttps:\/\/www.iea.com.ar\/contacto\/\u00bb button_text=\u00bbCont\u00e1ctenos\u00bb button_alignment=\u00bbcenter\u00bb _builder_version=\u00bb4.25.2&#8243; _module_preset=\u00bbdefault\u00bb custom_button=\u00bbon\u00bb button_text_size=\u00bb16px\u00bb button_text_color=\u00bb#FFFFFF\u00bb button_bg_color=\u00bb#0E6AB0&#8243; button_border_color=\u00bb#0E6AB0&#8243; global_colors_info=\u00bb{}\u00bb button_text_color__hover_enabled=\u00bbon|hover\u00bb button_text_color__hover=\u00bb#0E6AB0&#8243; button_bg_color__hover=\u00bb#FFFFFF\u00bb button_bg_color__hover_enabled=\u00bbon|desktop\u00bb button_border_color__hover=\u00bb#0E6AB0&#8243; button_border_color__hover_enabled=\u00bbon|desktop\u00bb button_border_radius=\u00bb5px\u00bb button_bg_enable_color=\u00bbon\u00bb][\/et_pb_button][\/et_pb_column][\/et_pb_row][\/et_pb_section]<\/p>\n","protected":false},"excerpt":{"rendered":"<p>SILOS Y CELDASSISTEMA INTEGRADO DE MONITOREO DE TEMPERATURA Y CONTROL AUTOM\u00c1TICO DE AIREACI\u00d3N DE GRANOS ALMACENADOS EN SILOS Y CELDASCon hasta 256 puntos de medici\u00f3n de temperatura y el control de hasta 32 aireaciones, el sistema optimiza el servicio en el proceso de conservaci\u00f3n de granos almacenados. Se compone de una unidad de monitoreo de [&hellip;]<\/p>\n","protected":false},"author":4,"featured_media":0,"parent":0,"menu_order":0,"comment_status":"closed","ping_status":"closed","template":"","meta":{"_et_pb_use_builder":"on","_et_pb_old_content":"[vc_row wrap_container=\"yes\" css=\".vc_custom_1508376448283{background-color: #ffffff !important;}\"][vc_column css_animation=\"none\" animation_duration=\"2000\" animation_type=\"slideInUp\" css=\".vc_custom_1508426475338{margin-top: 0px !important;padding-top: 0px !important;}\"][vc_row_inner][vc_column_inner width=\"1\/3\" css=\".vc_custom_1506911058522{border-right-width: 0px !important;border-right-color: #333333 !important;border-right-style: solid !important;}\"][vc_column_text]\n<ul class=\"links-lateral\">\n \t<li><a class=\"otros\" href=\"https:\/\/www.iea.com.ar\/web\/aplicaciones-agroindustriales\/\">El concepto de Operaci\u00f3n Segura<\/a><\/li>\n \t<li><a class=\"otros\" href=\"https:\/\/www.iea.com.ar\/web\/aplicaciones-agroindustriales-transportadores-industriales\/\">Transportadores Industriales<\/a><\/li>\n \t<li><a href=\"https:\/\/www.iea.com.ar\/web\/aplicaciones-agroindustriales-silos-y-celdas\/\">Silos y Celdas<\/a><\/li>\n \t<li><a class=\"otros\" href=\"https:\/\/www.iea.com.ar\/web\/aplicaciones-agroindustriales-secadoras-de-granos\/\">Secadoras de Granos<\/a><\/li>\n \t<li><a class=\"otros\" href=\"https:\/\/www.iea.com.ar\/web\/aplicaciones-agroindustriales-software-grainvision\/\">Software GrainVision<\/a><\/li>\n \t<li><a class=\"otros\" href=\"https:\/\/www.iea.com.ar\/aplicaciones-agroindustriales-software-grainvision-web\/\">Software GrainVision WEB<\/a><\/li>\n \t<li><a class=\"otros\" href=\"https:\/\/www.iea.com.ar\/web\/aplicaciones-agroindustriales-aplicaciones-instaladas\/\">Aplicaciones Instaladas<\/a><\/li>\n<\/ul>\n<ul class=\"links-lateral2\">\n \t<li><a href=\"https:\/\/www.iea.com.ar\/web\/hardware-industrial\/\">Hardware Industrial<\/a><\/li>\n \t<li><a href=\"https:\/\/www.iea.com.ar\/web\/ingenieria-aplicada\/\">Ingenier\u00eda Aplicada<\/a><\/li>\n \t<li><a href=\"https:\/\/www.iea.com.ar\/web\/contacto\/\">Contacto<\/a><\/li>\n<\/ul>\n[\/vc_column_text][\/vc_column_inner][vc_column_inner width=\"2\/3\" css=\".vc_custom_1512135762413{border-left-width: 1px !important;padding-left: 30px !important;border-left-color: #555555 !important;border-left-style: solid !important;}\"][vc_column_text css=\".vc_custom_1508411888642{margin-bottom: 5px !important;padding-bottom: 0px !important;}\"]\n<h3 style=\"font-weight: 400;\">SILOS Y CELDAS<\/h3>\n<h4>SISTEMA INTEGRADO DE MONITOREO DE TEMPERATURA Y CONTROL AUTOM\u00c1TICO DE AIREACI\u00d3N DE GRANOS ALMACENADOS EN SILOS Y CELDAS<\/h4>\n[\/vc_column_text][vc_empty_space][vc_single_image image=\"1435\" img_size=\"full\" onclick=\"link_image\"][vc_column_text css=\".vc_custom_1523976158777{margin-bottom: 5px !important;padding-bottom: 0px !important;}\"]Con hasta 256 puntos de medici\u00f3n de temperatura y el control de hasta 32 aireaciones, el sistema optimiza el servicio en el proceso de conservaci\u00f3n de granos almacenados.\n\nSe compone de una unidad de monitoreo de temperatura en silos y celdas SI 61, una central meteorol\u00f3gica dedicada M70HT MB, un m\u00f3dulo de control SVI 532 y una unidad de comando de los motores de aireaci\u00f3n UR 508.\n\nInteractuando concatenadamente en tiempo real (en funci\u00f3n de los datos recogidos que son procesados en una PC industrial mediante el software <a href=\"https:\/\/www.iea.com.ar\/aplicaciones-agroindustriales-software-grainvision\/\">PC_GrainVision\u00ae<\/a> y Grain_Air\u00ae), permite la visualizaci\u00f3n, registro, alarmas, gesti\u00f3n y reportes de operaci\u00f3n del sistema de aireaci\u00f3n.\n\nBasado en algoritmos que contemplan tipo de grano, humedad inicial, humedad y temperatura en el exterior del silo o celda, horas de marcha, temperatura actual del grano, condiciones l\u00edmites de operaci\u00f3n, tipo de operaci\u00f3n solicitada y horario habilitado de aireaci\u00f3n, el sistema determina el momento adecuado para la operaci\u00f3n de ventilaci\u00f3n, secado o humidificaci\u00f3n del tipo de grano almacenado.[\/vc_column_text][vc_single_image image=\"1437\" img_size=\"full\"][vc_column_text]\n<h6>Se aplican curvas de secado y humidificaci\u00f3n de granos normalizados por la American Society of Agricultural Engineers.<\/h6>\n[\/vc_column_text][\/vc_column_inner][\/vc_row_inner][vc_empty_space][\/vc_column][\/vc_row][vc_row wrap_container=\"yes\" css=\".vc_custom_1508376428219{background-color: #00adee !important;background-position: 0 0 !important;background-repeat: no-repeat !important;}\"][vc_column css_animation=\"none\" animation_duration=\"2000\" animation_type=\"flipInX\"][vc_empty_space][vc_row_inner css=\".vc_custom_1513191482852{margin-top: 20px !important;}\"][vc_column_inner width=\"1\/3\"][\/vc_column_inner][vc_column_inner width=\"2\/3\"][vc_column_text css=\".vc_custom_1508379509487{border-bottom-width: 1px !important;border-bottom-color: #ffffff !important;border-bottom-style: solid !important;}\"]\n<h5 style=\"color: #ffffff; font-weight: 400;\">COMPONENTES DEL SISTEMA<\/h5>\n[\/vc_column_text][\/vc_column_inner][\/vc_row_inner][vc_row_inner][vc_column_inner width=\"1\/3\"][\/vc_column_inner][vc_column_inner width=\"1\/3\"][vc_single_image image=\"1440\" img_size=\"full\"][\/vc_column_inner][vc_column_inner width=\"1\/3\"][vc_empty_space][vc_column_text]\n<ul class=\"lista-puntos\" style=\"color: #ffffff;\">\n \t<li>SVI 532 \u00b7 Sistema integrado de monitoreo de temperatura y control autom\u00e1tico de aireaci\u00f3n de granos almacenados en silos y celdas.<\/li>\n \t<li>SI 61 \u00b7 Sistema de medici\u00f3n en silos.<\/li>\n \t<li>M70HT MB<\/li>\n \t<li>UR-508<\/li>\n \t<li>Software PC_GrainVision\u00ae<\/li>\n \t<li>Software Grain_Air\u00ae<\/li>\n<\/ul>\n[\/vc_column_text][\/vc_column_inner][\/vc_row_inner][\/vc_column][\/vc_row][vc_row wrap_container=\"yes\" css=\".vc_custom_1513191442740{margin-right: 0px !important;margin-left: 0px !important;padding-right: 0px !important;padding-left: 0px !important;background-image: url(https:\/\/www.iea.com.ar\/wp-content\/uploads\/2017\/10\/triangulos-web-2.png?id=1445) !important;background-position: 0 0 !important;background-repeat: no-repeat !important;}\" el_id=\"separador1-home\" el_class=\"separador1-home\"][vc_column css=\".vc_custom_1506903646207{margin-bottom: 0px !important;padding-bottom: 0px !important;}\"][vc_empty_space height=\"150px\"][\/vc_column][\/vc_row][vc_row wrap_container=\"yes\" css=\".vc_custom_1512679043356{background: #e7e4e4 url(https:\/\/www.iea.com.ar\/wp-content\/uploads\/2017\/12\/iea-PIPA-AL-40-4.png?id=1874) !important;background-position: center !important;background-repeat: no-repeat !important;background-size: contain !important;}\"][vc_column][vc_empty_space][vc_row_inner][vc_column_inner width=\"1\/2\"][vc_column_text css=\".vc_custom_1508376164188{margin-right: 60px !important;}\"]\n<h5>Innovaci\u00f3n y confiabilidad para la operaci\u00f3n, control y seguridad en sectores cr\u00edticos de plantas industrializadoras, puertos y acopios de granos.<\/h5>\n[\/vc_column_text][\/vc_column_inner][vc_column_inner width=\"1\/2\"][vc_column_text css=\".vc_custom_1513554465704{background-image: url(https:\/\/www.iea.com.ar\/wp-content\/uploads\/2017\/12\/LINEA-TACO.png?id=1952) !important;background-position: center !important;background-repeat: no-repeat !important;background-size: contain !important;}\"]\n<div class=\"tacos-contacto\" style=\"height: 255px; text-align: center !important;\">\n<h5 style=\"padding-top: 80px; margin-bottom: 30px;\">Para conocer antecedentes o ampliar\nesta informaci\u00f3n, por favor\ncontacte con nosotros<\/h5>\n<h5 style=\"background-color: #4f6d73; padding: 10px 25px; display: inline;\"><a style=\"color: #ffffff;\" href=\"https:\/\/www.iea.com.ar\/web\/contacto\">CLIC AQU\u00cd<\/a><\/h5>\n<\/div>\n[\/vc_column_text][\/vc_column_inner][\/vc_row_inner][\/vc_column][\/vc_row][vc_row css=\".vc_custom_1513191560265{background-color: #e7e4e4 !important;}\"][vc_column][vc_empty_space][\/vc_column][\/vc_row]","_et_gb_content_width":"1080","footnotes":""},"class_list":["post-1431","page","type-page","status-publish","hentry"],"_links":{"self":[{"href":"https:\/\/www.iea.com.ar\/en\/wp-json\/wp\/v2\/pages\/1431","targetHints":{"allow":["GET"]}}],"collection":[{"href":"https:\/\/www.iea.com.ar\/en\/wp-json\/wp\/v2\/pages"}],"about":[{"href":"https:\/\/www.iea.com.ar\/en\/wp-json\/wp\/v2\/types\/page"}],"author":[{"embeddable":true,"href":"https:\/\/www.iea.com.ar\/en\/wp-json\/wp\/v2\/users\/4"}],"replies":[{"embeddable":true,"href":"https:\/\/www.iea.com.ar\/en\/wp-json\/wp\/v2\/comments?post=1431"}],"version-history":[{"count":26,"href":"https:\/\/www.iea.com.ar\/en\/wp-json\/wp\/v2\/pages\/1431\/revisions"}],"predecessor-version":[{"id":7452,"href":"https:\/\/www.iea.com.ar\/en\/wp-json\/wp\/v2\/pages\/1431\/revisions\/7452"}],"wp:attachment":[{"href":"https:\/\/www.iea.com.ar\/en\/wp-json\/wp\/v2\/media?parent=1431"}],"curies":[{"name":"wp","href":"https:\/\/api.w.org\/{rel}","templated":true}]}}