{"id":1401,"date":"2017-10-18T21:22:11","date_gmt":"2017-10-19T00:22:11","guid":{"rendered":"https:\/\/www.iea.com.ar\/web\/?page_id=1401"},"modified":"2024-07-25T11:17:17","modified_gmt":"2024-07-25T14:17:17","slug":"aplicaciones-agroindustriales","status":"publish","type":"page","link":"https:\/\/www.iea.com.ar\/en\/aplicaciones-agroindustriales\/","title":{"rendered":"Aplicaciones Agroindustriales"},"content":{"rendered":"<p>[et_pb_section fb_built=\u00bb1&#8243; fullwidth=\u00bbon\u00bb disabled_on=\u00bbon|on|off\u00bb _builder_version=\u00bb4.27.0&#8243; _module_preset=\u00bbdefault\u00bb use_background_color_gradient=\u00bbon\u00bb background_color_gradient_stops=\u00bbrgba(51,51,51,0) 0%|rgba(10,10,10,0.45) 65%\u00bb background_color_gradient_overlays_image=\u00bbon\u00bb background_image=\u00bbhttps:\/\/www.iea.com.ar\/wp-content\/uploads\/2017\/10\/IEA-aplicaciones-agroindustriales-1x.jpg\u00bb background_size=\u00bbinitial\u00bb background_position=\u00bbtop_center\u00bb background_enable_video_mp4=\u00bboff\u00bb background_video_height=\u00bb600&#8243; background_video_pause_outside_viewport=\u00bboff\u00bb locked=\u00bboff\u00bb global_colors_info=\u00bb{}\u00bb][et_pb_fullwidth_slider show_arrows=\u00bboff\u00bb _builder_version=\u00bb4.25.2&#8243; _module_preset=\u00bbdefault\u00bb custom_padding=\u00bb140px||140px||true|\u00bb global_colors_info=\u00bb{}\u00bb][et_pb_slide heading=\u00bbAplicaciones Agroindustriales\u00bb image=\u00bbhttps:\/\/www.iea.com.ar\/wp-content\/uploads\/2017\/10\/iea-aplicaciones-agroindustriales-BLOQUE-OPERACION-SEGURA.png\u00bb _builder_version=\u00bb4.25.2&#8243; _module_preset=\u00bbdefault\u00bb header_font=\u00bb|600|||||||\u00bb header_font_size=\u00bb40px\u00bb header_line_height=\u00bb1.2em\u00bb background_color=\u00bbRGBA(255,255,255,0)\u00bb background_enable_color=\u00bbon\u00bb custom_css_slide_title=\u00bbmargin-left: -70px\u00bb header_text_shadow_style=\u00bbpreset2&#8243; global_colors_info=\u00bb{}\u00bb sticky_transition=\u00bbon\u00bb][\/et_pb_slide][\/et_pb_fullwidth_slider][\/et_pb_section][et_pb_section fb_built=\u00bb1&#8243; disabled_on=\u00bboff|off|on\u00bb _builder_version=\u00bb4.27.0&#8243; _module_preset=\u00bbdefault\u00bb use_background_color_gradient=\u00bbon\u00bb background_color_gradient_stops=\u00bbrgba(51,51,51,0.55) 0%|rgba(51,51,51,0.55) 100%\u00bb background_color_gradient_overlays_image=\u00bbon\u00bb background_image=\u00bbhttps:\/\/www.iea.com.ar\/wp-content\/uploads\/2017\/10\/IEA-aplicaciones-agroindustriales-1x.jpg\u00bb background_size=\u00bbinitial\u00bb global_colors_info=\u00bb{}\u00bb][et_pb_row _builder_version=\u00bb4.27.0&#8243; _module_preset=\u00bbdefault\u00bb custom_padding=\u00bb55px||55px||true|\u00bb global_colors_info=\u00bb{}\u00bb][et_pb_column type=\u00bb4_4&#8243; _builder_version=\u00bb4.27.0&#8243; _module_preset=\u00bbdefault\u00bb global_colors_info=\u00bb{}\u00bb][et_pb_heading title=\u00bbAplicaciones Agroindustriales\u00bb _builder_version=\u00bb4.27.0&#8243; _module_preset=\u00bbdefault\u00bb title_font=\u00bb|600|||||||\u00bb title_text_align=\u00bbcenter\u00bb title_text_color=\u00bb#FFFFFF\u00bb title_font_size=\u00bb36px\u00bb title_line_height=\u00bb1.3em\u00bb global_colors_info=\u00bb{}\u00bb][\/et_pb_heading][\/et_pb_column][\/et_pb_row][\/et_pb_section][et_pb_section fb_built=\u00bb1&#8243; _builder_version=\u00bb4.16&#8243; global_colors_info=\u00bb{}\u00bb][et_pb_row _builder_version=\u00bb4.25.2&#8243; _module_preset=\u00bbdefault\u00bb custom_padding=\u00bb||4px|||\u00bb locked=\u00bboff\u00bb global_colors_info=\u00bb{}\u00bb][et_pb_column type=\u00bb4_4&#8243; _builder_version=\u00bb4.25.2&#8243; _module_preset=\u00bbdefault\u00bb global_colors_info=\u00bb{}\u00bb][et_pb_divider divider_weight=\u00bb3px\u00bb _builder_version=\u00bb4.25.2&#8243; _module_preset=\u00bbdefault\u00bb width=\u00bb4%\u00bb custom_margin=\u00bb0px||-15px||false|false\u00bb custom_padding=\u00bb0px||0px||true|false\u00bb global_colors_info=\u00bb{}\u00bb][\/et_pb_divider][et_pb_text _builder_version=\u00bb4.25.2&#8243; _module_preset=\u00bbdefault\u00bb text_font=\u00bb|||on|||||\u00bb text_text_color=\u00bb#0E6AB0&#8243; text_font_size=\u00bb20px\u00bb custom_margin=\u00bb||10px|||\u00bb global_colors_info=\u00bb{}\u00bb]<\/p>\n<p>DESARROLLOS TECNOL\u00d3GICOS DISE\u00d1ADOS PARA PROTEGER LA VIDA Y LOS ACTIVOS EN EMPRESAS AGROINDUSTRIALES<\/p>\n<p>[\/et_pb_text][et_pb_image src=\u00bbhttps:\/\/www.iea.com.ar\/wp-content\/uploads\/revslider\/agroindustria-operacion-segura1\/agroindustria-iea-banner-operacion-segura-2-e1720206174412.png\u00bb title_text=\u00bbagroindustria-iea-banner-operacion-segura-2.png\u00bb force_fullwidth=\u00bbon\u00bb _builder_version=\u00bb4.25.2&#8243; _module_preset=\u00bbdefault\u00bb custom_margin=\u00bb||-12px||false|false\u00bb global_colors_info=\u00bb{}\u00bb custom_css_main_element_last_edited=\u00bbon|desktop\u00bb][\/et_pb_image][\/et_pb_column][\/et_pb_row][et_pb_row column_structure=\u00bb1_4,1_4,1_4,1_4&#8243; use_custom_gutter=\u00bbon\u00bb gutter_width=\u00bb1&#8243; make_equal=\u00bbon\u00bb _builder_version=\u00bb4.25.2&#8243; _module_preset=\u00bbdefault\u00bb global_colors_info=\u00bb{}\u00bb][et_pb_column type=\u00bb1_4&#8243; _builder_version=\u00bb4.25.2&#8243; _module_preset=\u00bbdefault\u00bb global_colors_info=\u00bb{}\u00bb][et_pb_image src=\u00bbhttps:\/\/www.iea.com.ar\/wp-content\/uploads\/revslider\/agroindustria-operacion-segura1\/BLOQUE-SILOS-Y-CELDAS.png\u00bb title_text=\u00bbBLOQUE-SILOS-Y-CELDAS.png\u00bb url=\u00bbhttps:\/\/www.iea.com.ar\/aplicaciones-agroindustriales-silos-y-celdas\/\u00bb align=\u00bbcenter\u00bb _builder_version=\u00bb4.27.0&#8243; _module_preset=\u00bbdefault\u00bb custom_margin_tablet=\u00bb||20px||false|false\u00bb custom_margin_phone=\u00bb||20px||false|false\u00bb custom_margin_last_edited=\u00bbon|phone\u00bb global_colors_info=\u00bb{}\u00bb][\/et_pb_image][\/et_pb_column][et_pb_column type=\u00bb1_4&#8243; _builder_version=\u00bb4.25.2&#8243; _module_preset=\u00bbdefault\u00bb global_colors_info=\u00bb{}\u00bb][et_pb_image src=\u00bbhttps:\/\/www.iea.com.ar\/wp-content\/uploads\/revslider\/agroindustria-operacion-segura1\/BLOQUE-TRANSP-IND.png\u00bb title_text=\u00bbBLOQUE-TRANSP-IND.png\u00bb url=\u00bbhttps:\/\/www.iea.com.ar\/monitoreo-de-transportadores-industriales\/\u00bb align=\u00bbcenter\u00bb _builder_version=\u00bb4.27.0&#8243; _module_preset=\u00bbdefault\u00bb custom_margin_tablet=\u00bb||20px||false|false\u00bb custom_margin_phone=\u00bb||20px||false|false\u00bb custom_margin_last_edited=\u00bbon|tablet\u00bb global_colors_info=\u00bb{}\u00bb][\/et_pb_image][\/et_pb_column][et_pb_column type=\u00bb1_4&#8243; _builder_version=\u00bb4.25.2&#8243; _module_preset=\u00bbdefault\u00bb global_colors_info=\u00bb{}\u00bb][et_pb_image src=\u00bbhttps:\/\/www.iea.com.ar\/wp-content\/uploads\/revslider\/agroindustria-operacion-segura1\/BLOQUE-SECADORAS.png\u00bb title_text=\u00bbBLOQUE-SECADORAS.png\u00bb url=\u00bbhttps:\/\/www.iea.com.ar\/aplicaciones-agroindustriales-secadoras-de-granos\/\u00bb align=\u00bbcenter\u00bb _builder_version=\u00bb4.27.0&#8243; _module_preset=\u00bbdefault\u00bb custom_margin_tablet=\u00bb||20px||false|false\u00bb custom_margin_phone=\u00bb||20px||false|false\u00bb custom_margin_last_edited=\u00bbon|tablet\u00bb global_colors_info=\u00bb{}\u00bb][\/et_pb_image][\/et_pb_column][et_pb_column type=\u00bb1_4&#8243; _builder_version=\u00bb4.25.2&#8243; _module_preset=\u00bbdefault\u00bb global_colors_info=\u00bb{}\u00bb][et_pb_image src=\u00bbhttps:\/\/www.iea.com.ar\/wp-content\/uploads\/revslider\/agroindustria-operacion-segura1\/BLOQUE-GRAINVISION.png\u00bb title_text=\u00bbBLOQUE-GRAINVISION.png\u00bb url=\u00bbhttps:\/\/www.iea.com.ar\/aplicaciones-agroindustriales-software-grainvision\/\u00bb align=\u00bbcenter\u00bb _builder_version=\u00bb4.27.0&#8243; _module_preset=\u00bbdefault\u00bb global_colors_info=\u00bb{}\u00bb][\/et_pb_image][\/et_pb_column][\/et_pb_row][et_pb_row column_structure=\u00bb1_2,1_2&#8243; _builder_version=\u00bb4.25.2&#8243; _module_preset=\u00bbdefault\u00bb custom_padding=\u00bb3px|||||\u00bb locked=\u00bboff\u00bb global_colors_info=\u00bb{}\u00bb][et_pb_column type=\u00bb1_2&#8243; _builder_version=\u00bb4.25.2&#8243; _module_preset=\u00bbdefault\u00bb global_colors_info=\u00bb{}\u00bb][et_pb_text _builder_version=\u00bb4.25.2&#8243; _module_preset=\u00bbdefault\u00bb text_text_color=\u00bb#333333&#8243; text_font_size=\u00bb15px\u00bb custom_padding=\u00bb||0px|||\u00bb global_colors_info=\u00bb{}\u00bb]<\/p>\n<p>Utilizamos las m\u00e1s innovadoras tecnolog\u00edas para alcanzar una calidad y confiabilidad de medici\u00f3n insuperable en los sistemas de monitoreo y control.<\/p>\n<p>Nuestros sistemas est\u00e1n basados en una arquitectura de adquisidores de datos y controladores distribuidos a lo largo de las celdas, sobre los silos a supervisar y en toda la red de transportes de la planta, abarcando extensas \u00e1reas de monitoreo en tiempo real a muy bajo costo operativo.<\/p>\n<p>Dicha arquitectura garantiza que las se\u00f1ales el\u00e9ctricas d\u00e9biles accedan localmente a las unidades de adquisici\u00f3n y control con el menor recorrido, evitando la degradaci\u00f3n de la informaci\u00f3n anal\u00f3gica, eliminando la necesidad de se\u00f1ales de control y cableado adicional en campo, reduciendo finalmente el costo de implantaci\u00f3n de la soluci\u00f3n y minimizando los puntos potenciales de fallas.<\/p>\n<p>Una simple y eficiente red de comunicaciones consistente en un par trenzado apto para comunicaciones RS 485 permite interconectar en bus a las unidades de campo, mientras que puertos Ethernet de alta performance disponibles en cada CPU o en gateways de comunicaciones, extienden la conectividad al mundo de las redes industriales y la Internet, mediante topolog\u00edas m\u00e1s complejas.<\/p>\n<p>[\/et_pb_text][\/et_pb_column][et_pb_column type=\u00bb1_2&#8243; _builder_version=\u00bb4.25.2&#8243; _module_preset=\u00bbdefault\u00bb global_colors_info=\u00bb{}\u00bb][et_pb_text _builder_version=\u00bb4.25.2&#8243; _module_preset=\u00bbdefault\u00bb text_text_color=\u00bb#333333&#8243; text_font_size=\u00bb15px\u00bb global_colors_info=\u00bb{}\u00bb]<\/p>\n<p>El acceso natural a redes inal\u00e1mbricas industriales flexibilizan su arquitectura, potenciando la conectividad y la seguridad de los datos.<\/p>\n<p>El sistema reporta a la red de control de planta, conformada frecuentemente por PLCs y software SCADA como interface de operaci\u00f3n.<\/p>\n<p>Los SCADAs de \u00faltima generaci\u00f3n soportan m\u00edmicos de alta calidad gr\u00e1fica, tendencias, hist\u00f3ricos, generaci\u00f3n de alarmas absolutas y por crecimiento de la variable, logr\u00e1ndose un ambiente de trabajo amigable con pantallas creadas especialmente para cada aplicaci\u00f3n, reporte de fallas y conectividad global mediante Internet.<\/p>\n<p>Todos nuestros sistemas han sido desarrollados por nuestra propia ingenier\u00eda y est\u00e1n construidos utilizando componentes propios de avanzada tecnolog\u00eda y primera calidad internacional.<\/p>\n<p>[\/et_pb_text][et_pb_text _builder_version=\u00bb4.25.2&#8243; _module_preset=\u00bbdefault\u00bb text_text_color=\u00bb#0E6AB0&#8243; text_font_size=\u00bb15px\u00bb global_colors_info=\u00bb{}\u00bb]<\/p>\n<p>La flexibilidad del sistema, su excelencia metodol\u00f3gica y la simplicidad de diagn\u00f3stico \u2013 en conjunto con baj\u00edsimas tasas de mantenimiento \u2013 configuran las principales ventajas operativas de esta propuesta.<\/p>\n<p>[\/et_pb_text][\/et_pb_column][\/et_pb_row][\/et_pb_section][et_pb_section fb_built=\u00bb1&#8243; _builder_version=\u00bb4.25.2&#8243; _module_preset=\u00bbdefault\u00bb background_color=\u00bb#00acee\u00bb custom_padding=\u00bb9px||9px||true|\u00bb locked=\u00bboff\u00bb global_colors_info=\u00bb{}\u00bb][et_pb_row column_structure=\u00bb1_2,1_2&#8243; use_custom_gutter=\u00bbon\u00bb gutter_width=\u00bb2&#8243; make_equal=\u00bbon\u00bb _builder_version=\u00bb4.25.2&#8243; _module_preset=\u00bbdefault\u00bb global_colors_info=\u00bb{}\u00bb][et_pb_column type=\u00bb1_2&#8243; _builder_version=\u00bb4.25.2&#8243; _module_preset=\u00bbdefault\u00bb global_colors_info=\u00bb{}\u00bb][et_pb_image src=\u00bbhttps:\/\/www.iea.com.ar\/wp-content\/uploads\/2017\/10\/iea-aplicaciones-agroindustriales-nube-internet.png\u00bb title_text=\u00bbiea-aplicaciones-agroindustriales-nube-internet\u00bb align=\u00bbcenter\u00bb _builder_version=\u00bb4.25.2&#8243; _module_preset=\u00bbdefault\u00bb global_colors_info=\u00bb{}\u00bb][\/et_pb_image][\/et_pb_column][et_pb_column type=\u00bb1_2&#8243; _builder_version=\u00bb4.25.2&#8243; _module_preset=\u00bbdefault\u00bb global_colors_info=\u00bb{}\u00bb][et_pb_text _builder_version=\u00bb4.25.2&#8243; _module_preset=\u00bbdefault\u00bb text_text_color=\u00bb#FFFFFF\u00bb text_font_size=\u00bb15px\u00bb custom_margin=\u00bb40px|||||\u00bb custom_padding=\u00bb||0px|||\u00bb global_colors_info=\u00bb{}\u00bb]<\/p>\n<p>Al sumar la tecnolog\u00eda de redes Ethernet MB TCP\/IP y p\u00e1gina web, en conjunto con las confiables redes RS 485, se potencian los alcances y la disponibilidad de la informaci\u00f3n hasta l\u00edmites nunca antes alcanzados.<\/p>\n<p>[\/et_pb_text][\/et_pb_column][\/et_pb_row][\/et_pb_section][et_pb_section fb_built=\u00bb1&#8243; _builder_version=\u00bb4.25.2&#8243; _module_preset=\u00bbdefault\u00bb background_color=\u00bb#EAEAEA\u00bb top_divider_style=\u00bbmountains2&#8243; top_divider_color=\u00bb#00acee\u00bb top_divider_height=\u00bb60px\u00bb locked=\u00bboff\u00bb global_colors_info=\u00bb{}\u00bb][et_pb_row _builder_version=\u00bb4.25.2&#8243; _module_preset=\u00bbdefault\u00bb custom_padding=\u00bb23px||23px||true|\u00bb global_colors_info=\u00bb{}\u00bb][et_pb_column type=\u00bb4_4&#8243; _builder_version=\u00bb4.25.2&#8243; _module_preset=\u00bbdefault\u00bb global_colors_info=\u00bb{}\u00bb][et_pb_text _builder_version=\u00bb4.27.0&#8243; _module_preset=\u00bbdefault\u00bb text_text_color=\u00bb#333333&#8243; text_font_size=\u00bb17px\u00bb text_line_height=\u00bb1.5em\u00bb text_orientation=\u00bbcenter\u00bb custom_padding=\u00bb|70px||70px||true\u00bb custom_padding_tablet=\u00bb|0px||0px|false|true\u00bb custom_padding_phone=\u00bb|0px||0px|false|true\u00bb custom_padding_last_edited=\u00bbon|phone\u00bb global_colors_info=\u00bb{}\u00bb]<\/p>\n<p>Innovaci\u00f3n y confiabilidad para la operaci\u00f3n, control y seguridad en sectores cr\u00edticos de plantas industrializadoras, puertos y acopios de granos.<\/p>\n<p>[\/et_pb_text][\/et_pb_column][\/et_pb_row][et_pb_row custom_padding_last_edited=\u00bbon|tablet\u00bb _builder_version=\u00bb4.27.0&#8243; _module_preset=\u00bbdefault\u00bb background_enable_color=\u00bboff\u00bb custom_padding=\u00bb0px|22%|0px|22%|true|true\u00bb custom_padding_tablet=\u00bb|0%||0%|true|true\u00bb custom_padding_phone=\u00bb0px|0%|0px|0%|true|true\u00bb global_colors_info=\u00bb{}\u00bb][et_pb_column type=\u00bb4_4&#8243; _builder_version=\u00bb4.25.2&#8243; _module_preset=\u00bbdefault\u00bb background_color=\u00bb#dddddd\u00bb custom_padding=\u00bb20px|25px|20px|25px|true|true\u00bb border_radii=\u00bbon|10px|10px|10px|10px\u00bb global_colors_info=\u00bb{}\u00bb][et_pb_text _builder_version=\u00bb4.25.2&#8243; _module_preset=\u00bbdefault\u00bb text_text_color=\u00bb#333333&#8243; text_font_size=\u00bb17px\u00bb text_line_height=\u00bb1.5em\u00bb text_orientation=\u00bbcenter\u00bb custom_margin=\u00bb||17px|||\u00bb global_colors_info=\u00bb{}\u00bb]<\/p>\n<p>Para conocer antecedentes o ampliar esta informaci\u00f3n, por favor contacte con nosotros<\/p>\n<p>[\/et_pb_text][et_pb_button button_url=\u00bbhttps:\/\/www.iea.com.ar\/contacto\/\u00bb button_text=\u00bbCont\u00e1ctenos\u00bb button_alignment=\u00bbcenter\u00bb _builder_version=\u00bb4.25.2&#8243; _module_preset=\u00bbdefault\u00bb custom_button=\u00bbon\u00bb button_text_size=\u00bb16px\u00bb button_text_color=\u00bb#FFFFFF\u00bb button_bg_color=\u00bb#0E6AB0&#8243; button_border_color=\u00bb#0E6AB0&#8243; global_colors_info=\u00bb{}\u00bb button_text_color__hover_enabled=\u00bbon|hover\u00bb button_text_color__hover=\u00bb#0E6AB0&#8243; button_bg_color__hover=\u00bb#FFFFFF\u00bb button_bg_color__hover_enabled=\u00bbon|desktop\u00bb button_border_color__hover=\u00bb#0E6AB0&#8243; button_border_color__hover_enabled=\u00bbon|desktop\u00bb button_border_radius=\u00bb5px\u00bb button_bg_enable_color=\u00bbon\u00bb][\/et_pb_button][\/et_pb_column][\/et_pb_row][\/et_pb_section]<\/p>\n","protected":false},"excerpt":{"rendered":"<p>DESARROLLOS TECNOL\u00d3GICOS DISE\u00d1ADOS PARA PROTEGER LA VIDA Y LOS ACTIVOS EN EMPRESAS AGROINDUSTRIALESUtilizamos las m\u00e1s innovadoras tecnolog\u00edas para alcanzar una calidad y confiabilidad de medici\u00f3n insuperable en los sistemas de monitoreo y control. Nuestros sistemas est\u00e1n basados en una arquitectura de adquisidores de datos y controladores distribuidos a lo largo de las celdas, sobre los [&hellip;]<\/p>\n","protected":false},"author":4,"featured_media":0,"parent":0,"menu_order":0,"comment_status":"closed","ping_status":"closed","template":"","meta":{"_et_pb_use_builder":"on","_et_pb_old_content":"[vc_row wrap_container=\"yes\" css=\".vc_custom_1508376448283{background-color: #ffffff !important;}\"][vc_column css_animation=\"none\" animation_duration=\"2000\" animation_type=\"slideInUp\"][vc_row_inner][vc_column_inner width=\"1\/3\" css=\".vc_custom_1506911058522{border-right-width: 0px !important;border-right-color: #333333 !important;border-right-style: solid !important;}\"][vc_column_text]\n<ul class=\"links-lateral\">\n \t<li><a href=\"https:\/\/www.iea.com.ar\/aplicaciones-agroindustriales\/\">El concepto de Operaci\u00f3n Segura<\/a><\/li>\n \t<li><a class=\"otros\" href=\"https:\/\/www.iea.com.ar\/aplicaciones-agroindustriales-transportadores-industriales\/\">Transportadores Industriales<\/a><\/li>\n \t<li><a class=\"otros\" href=\"https:\/\/www.iea.com.ar\/aplicaciones-agroindustriales-silos-y-celdas\/\">Silos y Celdas<\/a><\/li>\n \t<li><a class=\"otros\" href=\"https:\/\/www.iea.com.ar\/aplicaciones-agroindustriales-secadoras-de-granos\/\">Secadoras de Granos<\/a><\/li>\n \t<li><a class=\"otros\" href=\"https:\/\/www.iea.com.ar\/aplicaciones-agroindustriales-software-grainvision\/\">Software GrainVision<\/a><\/li>\n \t<li><a class=\"otros\" href=\"https:\/\/www.iea.com.ar\/aplicaciones-agroindustriales-software-grainvision-web\/\">Software GrainVision WEB<\/a><\/li>\n \t<li><a class=\"otros\" href=\"https:\/\/www.iea.com.ar\/aplicaciones-agroindustriales-aplicaciones-instaladas\/\">Aplicaciones Instaladas<\/a><\/li>\n<\/ul>\n<ul class=\"links-lateral2\">\n \t<li><a href=\"https:\/\/www.iea.com.ar\/hardware-industrial\/\">Hardware Industrial<\/a><\/li>\n \t<li><a href=\"https:\/\/www.iea.com.ar\/ingenieria-aplicada\/\">Ingenier\u00eda Aplicada<\/a><\/li>\n \t<li><a href=\"https:\/\/www.iea.com.ar\/contacto\/\">Contacto<\/a><\/li>\n<\/ul>\n[\/vc_column_text][\/vc_column_inner][vc_column_inner width=\"2\/3\" css=\".vc_custom_1512135671394{border-left-width: 1px !important;padding-left: 30px !important;border-left-color: #555555 !important;border-left-style: solid !important;}\"][vc_column_text css=\".vc_custom_1537384189649{margin-bottom: 5px !important;padding-bottom: 0px !important;}\"]\n<h1>DESARROLLOS TECNOL\u00d3GICOS DISE\u00d1ADOS PARA PROTEGER LA VIDA Y LOS ACTIVOS EN EMPRESAS AGROINDUSTRIALES<\/h1>\n[\/vc_column_text][vc_empty_space][rev_slider_vc alias=\"agroindustria-operacion-segura\"][vc_column_text css=\".vc_custom_1508376074108{margin-bottom: 5px !important;padding-bottom: 0px !important;}\"]\n\nUtilizamos las m\u00e1s innovadoras tecnolog\u00edas para alcanzar una calidad y confiabilidad de medici\u00f3n insuperable en los sistemas de monitoreo y control.\n\nNuestros sistemas est\u00e1n basados en una arquitectura de adquisidores de datos y controladores distribuidos a lo largo de las celdas, sobre los silos a supervisar y en toda la red de transportes de la planta, abarcando extensas \u00e1reas de monitoreo en tiempo real a muy bajo costo operativo.\n\nDicha arquitectura garantiza que las se\u00f1ales el\u00e9ctricas d\u00e9biles accedan localmente a las unidades de adquisici\u00f3n y control con el menor recorrido, evitando la degradaci\u00f3n de la informaci\u00f3n anal\u00f3gica, eliminando la necesidad de se\u00f1ales de control y cableado adicional en campo, reduciendo finalmente el costo de implantaci\u00f3n de la soluci\u00f3n y minimizando los puntos potenciales de fallas.\n\nUna simple y eficiente red de comunicaciones consistente en un par trenzado apto para comunicaciones RS 485 permite interconectar en bus a las unidades de campo, mientras que puertos Ethernet de alta performance disponibles en cada CPU o en gateways de comunicaciones, extienden la conectividad al mundo de las redes industriales y la Internet, mediante topolog\u00edas m\u00e1s complejas.\n\nEl acceso natural a redes inal\u00e1mbricas industriales flexibilizan su arquitectura, potenciando la conectividad y la seguridad de los datos.\n\nEl sistema reporta a la red de control de planta, conformada frecuentemente por PLCs y software SCADA como interface de operaci\u00f3n.\n\nLos SCADAs de \u00faltima generaci\u00f3n soportan m\u00edmicos de alta calidad gr\u00e1fica, tendencias, hist\u00f3ricos, generaci\u00f3n de alarmas absolutas y por crecimiento de la variable, logr\u00e1ndose un ambiente de trabajo amigable con pantallas creadas especialmente para cada aplicaci\u00f3n, reporte de fallas y conectividad global mediante Internet.\n\nTodos nuestros sistemas han sido desarrollados por nuestra propia ingenier\u00eda y est\u00e1n construidos utilizando componentes propios de avanzada tecnolog\u00eda y primera calidad internacional.\n<h6>La flexibilidad del sistema, su excelencia metodol\u00f3gica y la simplicidad de diagn\u00f3stico \u2013 en conjunto con baj\u00edsimas tasas de mantenimiento \u2013 configuran las principales ventajas operativas de esta propuesta.<\/h6>\n[\/vc_column_text][\/vc_column_inner][\/vc_row_inner][vc_empty_space][\/vc_column][\/vc_row][vc_row wrap_container=\"yes\" css=\".vc_custom_1508376428219{background-color: #00adee !important;background-position: 0 0 !important;background-repeat: no-repeat !important;}\"][vc_column css_animation=\"none\" animation_duration=\"2000\" animation_type=\"flipInX\"][vc_empty_space][vc_row_inner][vc_column_inner width=\"1\/3\"][\/vc_column_inner][vc_column_inner width=\"1\/3\" css=\".vc_custom_1506911455272{border-left-width: 1px !important;border-left-color: #ffffff !important;border-left-style: solid !important;}\"][vc_single_image image=\"1409\" img_size=\"full\"][vc_empty_space][\/vc_column_inner][vc_column_inner width=\"1\/3\"][vc_empty_space height=\"10px\"][vc_column_text]\n<h5 style=\"color: #ffffff;\">Al sumar la tecnolog\u00eda de redes Ethernet MB TCP\/IP y p\u00e1gina web, en conjunto con las confiables redes RS 485, se potencian los alcances y la disponibilidad de la informaci\u00f3n hasta l\u00edmites nunca antes alcanzados.<\/h5>\n[\/vc_column_text][\/vc_column_inner][\/vc_row_inner][\/vc_column][\/vc_row][vc_row wrap_container=\"yes\" css=\".vc_custom_1513190108523{margin-right: 0px !important;margin-left: 0px !important;padding-right: 0px !important;padding-left: 0px !important;background-image: url(https:\/\/www.iea.com.ar\/wp-content\/uploads\/2017\/10\/triangulos-web-2.png?id=1445) !important;background-position: 0 0 !important;background-repeat: no-repeat !important;}\" el_id=\"separador1-home\" el_class=\"separador1-home\"][vc_column css=\".vc_custom_1506903646207{margin-bottom: 0px !important;padding-bottom: 0px !important;}\"][vc_empty_space height=\"150px\"][\/vc_column][\/vc_row][vc_row wrap_container=\"yes\" css=\".vc_custom_1512678747734{background: #e7e4e4 url(https:\/\/www.iea.com.ar\/wp-content\/uploads\/2017\/12\/iea-PIPA-AL-40-4.png?id=1874) !important;background-position: center !important;background-repeat: no-repeat !important;background-size: contain !important;}\"][vc_column][vc_empty_space][vc_row_inner][vc_column_inner width=\"1\/2\"][vc_column_text css=\".vc_custom_1508376164188{margin-right: 60px !important;}\"]\n<h5>Innovaci\u00f3n y confiabilidad para la operaci\u00f3n, control y seguridad en sectores cr\u00edticos de plantas industrializadoras, puertos y acopios de granos.<\/h5>\n[\/vc_column_text][\/vc_column_inner][vc_column_inner width=\"1\/2\"][vc_column_text css=\".vc_custom_1513554238671{background-image: url(https:\/\/www.iea.com.ar\/wp-content\/uploads\/2017\/12\/LINEA-TACO.png?id=1952) !important;background-position: center !important;background-repeat: no-repeat !important;background-size: contain !important;}\"]\n<div class=\"tacos-contacto\" style=\"height: 255px; text-align: center !important;\">\n<h5 style=\"padding-top: 80px; margin-bottom: 30px;\">Para conocer antecedentes o ampliar\nesta informaci\u00f3n, por favor\ncontacte con nosotros<\/h5>\n<h5 style=\"background-color: #4f6d73; padding: 10px 25px; display: inline;\"><a style=\"color: #ffffff;\" href=\"https:\/\/www.iea.com.ar\/web\/contacto\">CLIC AQU\u00cd<\/a><\/h5>\n<\/div>\n[\/vc_column_text][\/vc_column_inner][\/vc_row_inner][\/vc_column][\/vc_row][vc_row css=\".vc_custom_1513190184842{background-color: #e7e4e4 !important;}\"][vc_column][vc_empty_space][\/vc_column][\/vc_row]","_et_gb_content_width":"1080","footnotes":""},"class_list":["post-1401","page","type-page","status-publish","hentry"],"_links":{"self":[{"href":"https:\/\/www.iea.com.ar\/en\/wp-json\/wp\/v2\/pages\/1401","targetHints":{"allow":["GET"]}}],"collection":[{"href":"https:\/\/www.iea.com.ar\/en\/wp-json\/wp\/v2\/pages"}],"about":[{"href":"https:\/\/www.iea.com.ar\/en\/wp-json\/wp\/v2\/types\/page"}],"author":[{"embeddable":true,"href":"https:\/\/www.iea.com.ar\/en\/wp-json\/wp\/v2\/users\/4"}],"replies":[{"embeddable":true,"href":"https:\/\/www.iea.com.ar\/en\/wp-json\/wp\/v2\/comments?post=1401"}],"version-history":[{"count":47,"href":"https:\/\/www.iea.com.ar\/en\/wp-json\/wp\/v2\/pages\/1401\/revisions"}],"predecessor-version":[{"id":7450,"href":"https:\/\/www.iea.com.ar\/en\/wp-json\/wp\/v2\/pages\/1401\/revisions\/7450"}],"wp:attachment":[{"href":"https:\/\/www.iea.com.ar\/en\/wp-json\/wp\/v2\/media?parent=1401"}],"curies":[{"name":"wp","href":"https:\/\/api.w.org\/{rel}","templated":true}]}}