{"id":1280,"date":"2017-10-01T22:48:04","date_gmt":"2017-10-02T01:48:04","guid":{"rendered":"https:\/\/www.iea.com.ar\/web\/?page_id=1280"},"modified":"2024-10-21T14:01:21","modified_gmt":"2024-10-21T17:01:21","slug":"soluciones","status":"publish","type":"page","link":"https:\/\/www.iea.com.ar\/en\/soluciones\/","title":{"rendered":"Soluciones"},"content":{"rendered":"<p>[et_pb_section fb_built=\u00bb1&#8243; fullwidth=\u00bbon\u00bb _builder_version=\u00bb4.25.2&#8243; _module_preset=\u00bbdefault\u00bb background_image=\u00bbhttps:\/\/www.iea.com.ar\/wp-content\/uploads\/2017\/10\/iea-banner-ingenieria-aplicada-la-industria-del-futuro-hoy.jpg\u00bb background_position=\u00bbtop_center\u00bb background_enable_video_mp4=\u00bboff\u00bb background_video_height=\u00bb600&#8243; background_video_pause_outside_viewport=\u00bboff\u00bb locked=\u00bboff\u00bb global_colors_info=\u00bb{}\u00bb][et_pb_fullwidth_slider show_arrows=\u00bboff\u00bb _builder_version=\u00bb4.27.2&#8243; _module_preset=\u00bbdefault\u00bb custom_padding=\u00bb140px||140px||true|\u00bb hover_enabled=\u00bb0&#8243; global_colors_info=\u00bb{}\u00bb sticky_enabled=\u00bb0&#8243;][et_pb_slide heading=\u00bbSoluciones\u00bb _builder_version=\u00bb4.27.2&#8243; _module_preset=\u00bbdefault\u00bb header_font=\u00bb|600|||||||\u00bb header_font_size=\u00bb40px\u00bb header_line_height=\u00bb1.2em\u00bb background_color=\u00bbRGBA(255,255,255,0)\u00bb background_enable_color=\u00bbon\u00bb hover_enabled=\u00bb0&#8243; header_text_shadow_style=\u00bbpreset2&#8243; global_colors_info=\u00bb{}\u00bb sticky_transition=\u00bbon\u00bb sticky_enabled=\u00bb0&#8243;][\/et_pb_slide][\/et_pb_fullwidth_slider][\/et_pb_section][et_pb_section fb_built=\u00bb1&#8243; _builder_version=\u00bb4.16&#8243; custom_padding=\u00bb||3px|||\u00bb global_colors_info=\u00bb{}\u00bb][et_pb_row column_structure=\u00bb1_2,1_2&#8243; _builder_version=\u00bb4.25.2&#8243; _module_preset=\u00bbdefault\u00bb global_colors_info=\u00bb{}\u00bb][et_pb_column type=\u00bb1_2&#8243; _builder_version=\u00bb4.25.2&#8243; _module_preset=\u00bbdefault\u00bb global_colors_info=\u00bb{}\u00bb][et_pb_divider divider_weight=\u00bb3px\u00bb _builder_version=\u00bb4.25.2&#8243; _module_preset=\u00bbdefault\u00bb width=\u00bb8%\u00bb custom_margin=\u00bb0px||-15px||false|false\u00bb custom_padding=\u00bb0px||0px||true|false\u00bb global_colors_info=\u00bb{}\u00bb][\/et_pb_divider][et_pb_text _builder_version=\u00bb4.25.2&#8243; _module_preset=\u00bbdefault\u00bb text_font=\u00bb|||on|||||\u00bb text_text_color=\u00bb#0E6AB0&#8243; text_font_size=\u00bb20px\u00bb custom_margin=\u00bb||10px|||\u00bb global_colors_info=\u00bb{}\u00bb]<\/p>\n<p>INGENIER\u00cdA APLICADA EN AUTOMATIZACI\u00d3N, DIGITALIZACI\u00d3N DE DATOS, CONTROL Y SUPERVISI\u00d3N DE PROCESOS.<\/p>\n<p>[\/et_pb_text][et_pb_text _builder_version=\u00bb4.25.2&#8243; _module_preset=\u00bbdefault\u00bb text_text_color=\u00bb#333333&#8243; text_font_size=\u00bb15px\u00bb global_colors_info=\u00bb{}\u00bb]<\/p>\n<p>La capacidad de innovaci\u00f3n y la competitividad t\u00e9cnica son factores determinantes del \u00e9xito en un entorno cada vez m\u00e1s complejo y din\u00e1mico.<\/p>\n<p>Con nuestros servicios de ingenier\u00eda, proveemos soluciones para producir m\u00e1s r\u00e1pido, con costos m\u00e1s bajos y de manera flexible y eficiente, asegurando al mismo tiempo confiabilidad y calidad homog\u00e9neas bajos est\u00e1ndares internacionales.<\/p>\n<p>Son prioritarios los esfuerzos en lograr procesos productivos con la mayor eficiencia energ\u00e9tica, un razonable impacto ecol\u00f3gico, un cambio en el paradigma de la valorizaci\u00f3n y jerarquizaci\u00f3n de los RR.HH., la seguridad de los activos y de las personas, la sustentabilidad de los recursos productivos y la m\u00e1xima conectividad de la informaci\u00f3n industrial.<\/p>\n<p>La conectividad de la informaci\u00f3n industrial redunda en procesos de decisi\u00f3n m\u00e1s r\u00e1pidos y eficientes y en una gesti\u00f3n optimizada de la planta gracias a un flujo de informaci\u00f3n sin interrupciones y sin p\u00e9rdida de datos durante todo el ciclo.<\/p>\n<p>[\/et_pb_text][\/et_pb_column][et_pb_column type=\u00bb1_2&#8243; _builder_version=\u00bb4.25.2&#8243; _module_preset=\u00bbdefault\u00bb global_colors_info=\u00bb{}\u00bb][et_pb_divider divider_weight=\u00bb3px\u00bb _builder_version=\u00bb4.25.2&#8243; _module_preset=\u00bbdefault\u00bb width=\u00bb8%\u00bb custom_margin=\u00bb0px||-15px||false|false\u00bb custom_padding=\u00bb0px||0px||true|false\u00bb global_colors_info=\u00bb{}\u00bb][\/et_pb_divider][et_pb_text _builder_version=\u00bb4.25.2&#8243; _module_preset=\u00bbdefault\u00bb text_font=\u00bb|||on|||||\u00bb text_text_color=\u00bb#0E6AB0&#8243; text_font_size=\u00bb20px\u00bb custom_margin=\u00bb||10px|||\u00bb global_colors_info=\u00bb{}\u00bb]<\/p>\n<p>EL CAMINO HACIA LA INDUSTRIA 4.0<\/p>\n<p>[\/et_pb_text][et_pb_text _builder_version=\u00bb4.25.2&#8243; _module_preset=\u00bbdefault\u00bb text_font=\u00bb||||||||\u00bb text_text_color=\u00bb#33A8E0&#8243; text_font_size=\u00bb15px\u00bb custom_margin=\u00bb-12px||10px|||\u00bb global_colors_info=\u00bb{}\u00bb]<\/p>\n<p>Cloud Computing \u00b7 Cloud Data \u00b7 Industry 4.0<\/p>\n<p>[\/et_pb_text][et_pb_text _builder_version=\u00bb4.25.2&#8243; _module_preset=\u00bbdefault\u00bb text_text_color=\u00bb#333333&#8243; text_font_size=\u00bb15px\u00bb global_colors_info=\u00bb{}\u00bb]<\/p>\n<p>Nunca ha habido un momento m\u00e1s emocionante en la automatizaci\u00f3n industrial que el presente, con todas las posibilidades que brinda la Internet Industrial de las Cosas (IIOT), los desarrollos en cloud computing \/ cloud data, la realidad aumentada y la fascinante Industry 4.0, los cuales ofrecen posibilidades sin precedentes.<\/p>\n<p>Como una evoluci\u00f3n de la Smart Manufacturing Enterprise, la Internet Industrial de Cosas (IIOT) radica en la capacidad de vincular los sistemas de automatizaci\u00f3n con los sistemas de planificaci\u00f3n empresarial, programaci\u00f3n y ciclo de vida del producto.<\/p>\n<p>El desaf\u00edo es lograr que dicha vinculaci\u00f3n pueda ser implementada en toda la cadena de valor de la empresa para permitir un mayor control empresarial.<\/p>\n<p>[\/et_pb_text][\/et_pb_column][\/et_pb_row][et_pb_row column_structure=\u00bb1_2,1_2&#8243; _builder_version=\u00bb4.25.2&#8243; _module_preset=\u00bbdefault\u00bb background_enable_color=\u00bboff\u00bb global_colors_info=\u00bb{}\u00bb][et_pb_column type=\u00bb1_2&#8243; _builder_version=\u00bb4.25.2&#8243; _module_preset=\u00bbdefault\u00bb custom_padding=\u00bb20px||||false|false\u00bb global_colors_info=\u00bb{}\u00bb][et_pb_divider divider_weight=\u00bb3px\u00bb _builder_version=\u00bb4.25.2&#8243; _module_preset=\u00bbdefault\u00bb width=\u00bb8%\u00bb custom_margin=\u00bb0px||-15px||false|false\u00bb custom_padding=\u00bb0px||0px||true|false\u00bb global_colors_info=\u00bb{}\u00bb][\/et_pb_divider][et_pb_text _builder_version=\u00bb4.25.2&#8243; _module_preset=\u00bbdefault\u00bb text_font=\u00bb|||on|||||\u00bb text_text_color=\u00bb#0E6AB0&#8243; text_font_size=\u00bb20px\u00bb custom_margin=\u00bb||10px|||\u00bb global_colors_info=\u00bb{}\u00bb]<\/p>\n<p>ALCANCE DE LOS SERVICIOS DE <strong>IEA<\/strong><\/p>\n<p>[\/et_pb_text][et_pb_image src=\u00bbhttps:\/\/www.iea.com.ar\/wp-content\/uploads\/2017\/12\/ingenieria-aplicada-infografia-iea.jpg\u00bb title_text=\u00bbingenieria-aplicada-infografia-iea\u00bb _builder_version=\u00bb4.25.2&#8243; _module_preset=\u00bbdefault\u00bb width=\u00bb100%\u00bb min_height=\u00bb85%\u00bb global_colors_info=\u00bb{}\u00bb][\/et_pb_image][\/et_pb_column][et_pb_column type=\u00bb1_2&#8243; _builder_version=\u00bb4.25.2&#8243; _module_preset=\u00bbdefault\u00bb background_color=\u00bb#33A8E0&#8243; custom_padding=\u00bb20px|30px|10px|30px|false|true\u00bb border_radii=\u00bbon|20px|20px|20px|20px\u00bb global_colors_info=\u00bb{}\u00bb][et_pb_divider color=\u00bb#FFFFFF\u00bb divider_weight=\u00bb3px\u00bb _builder_version=\u00bb4.25.2&#8243; _module_preset=\u00bbdefault\u00bb width=\u00bb8%\u00bb custom_margin=\u00bb0px||-15px||false|false\u00bb custom_padding=\u00bb0px||0px||true|false\u00bb global_colors_info=\u00bb{}\u00bb][\/et_pb_divider][et_pb_text _builder_version=\u00bb4.25.2&#8243; _module_preset=\u00bbdefault\u00bb text_font=\u00bb|||on|||||\u00bb text_text_color=\u00bb#FFFFFF\u00bb text_font_size=\u00bb20px\u00bb custom_margin=\u00bb||10px|||\u00bb global_colors_info=\u00bb{}\u00bb]<\/p>\n<p>PRINCIPALES VENTAJAS DE LA AUTOMATIZACI\u00d3N INTEGRADA EN LA EMPRESA DIGITAL<\/p>\n<p>[\/et_pb_text][et_pb_text _builder_version=\u00bb4.25.2&#8243; _module_preset=\u00bbdefault\u00bb text_text_color=\u00bb#FFFFFF\u00bb text_font_size=\u00bb15px\u00bb global_colors_info=\u00bb{}\u00bb]<\/p>\n<ul>\n<li>Tecnolog\u00eda innovadora y respetuosa con el medio ambiente.<\/li>\n<li>Incremento de la productividad, flexibilidad y eficiencia.<\/li>\n<li>Reutilizaci\u00f3n de la informaci\u00f3n para la optimizaci\u00f3n continua de la producci\u00f3n.<\/li>\n<li>Arquitectura de sistema abierto que permite el acceso a datos e informaci\u00f3n actualizados en cualquier momento desde cualquier parte del mundo.<\/li>\n<li>Reducci\u00f3n de tiempo y costos mediante una gesti\u00f3n coherente de los datos.<\/li>\n<li>Procesos de decisi\u00f3n m\u00e1s r\u00e1pidos y eficientes.<\/li>\n<\/ul>\n<p>[\/et_pb_text][\/et_pb_column][\/et_pb_row][\/et_pb_section][et_pb_section fb_built=\u00bb1&#8243; prev_background_color=\u00bb#ffffff\u00bb _builder_version=\u00bb4.25.2&#8243; _module_preset=\u00bbdefault\u00bb background_color=\u00bb#EAEAEA\u00bb top_divider_style=\u00bbmountains2&#8243; top_divider_height=\u00bb60px\u00bb global_colors_info=\u00bb{}\u00bb][et_pb_row _builder_version=\u00bb4.25.2&#8243; _module_preset=\u00bbdefault\u00bb custom_padding=\u00bb23px||23px||true|\u00bb global_colors_info=\u00bb{}\u00bb][et_pb_column type=\u00bb4_4&#8243; _builder_version=\u00bb4.25.2&#8243; _module_preset=\u00bbdefault\u00bb global_colors_info=\u00bb{}\u00bb][et_pb_text _builder_version=\u00bb4.25.2&#8243; _module_preset=\u00bbdefault\u00bb text_text_color=\u00bb#333333&#8243; text_font_size=\u00bb17px\u00bb text_line_height=\u00bb1.5em\u00bb text_orientation=\u00bbcenter\u00bb global_colors_info=\u00bb{}\u00bb]<\/p>\n<p>Nuestros servicios de ingenier\u00eda de automatizaci\u00f3n proveen una respuesta preparada para el futuro, pronta para responder a los requisitos cada vez m\u00e1s exigentes de la planta, de las m\u00e1quinas y de los procesos.<\/p>\n<p>[\/et_pb_text][\/et_pb_column][\/et_pb_row][et_pb_row custom_padding_last_edited=\u00bbon|tablet\u00bb _builder_version=\u00bb4.27.0&#8243; _module_preset=\u00bbdefault\u00bb background_enable_color=\u00bboff\u00bb custom_padding=\u00bb0px|22%|0px|22%|true|true\u00bb custom_padding_tablet=\u00bb|0%||0%|true|true\u00bb custom_padding_phone=\u00bb0px|0%|0px|0%|true|true\u00bb global_colors_info=\u00bb{}\u00bb][et_pb_column type=\u00bb4_4&#8243; _builder_version=\u00bb4.25.2&#8243; _module_preset=\u00bbdefault\u00bb background_color=\u00bb#dddddd\u00bb custom_padding=\u00bb20px|25px|20px|25px|true|true\u00bb border_radii=\u00bbon|10px|10px|10px|10px\u00bb global_colors_info=\u00bb{}\u00bb][et_pb_text _builder_version=\u00bb4.25.2&#8243; _module_preset=\u00bbdefault\u00bb text_text_color=\u00bb#333333&#8243; text_font_size=\u00bb17px\u00bb text_line_height=\u00bb1.5em\u00bb text_orientation=\u00bbcenter\u00bb custom_margin=\u00bb||17px|||\u00bb global_colors_info=\u00bb{}\u00bb]<\/p>\n<p>Para conocer antecedentes o ampliar esta informaci\u00f3n, por favor contacte con nosotros<\/p>\n<p>[\/et_pb_text][et_pb_button button_url=\u00bbhttps:\/\/www.iea.com.ar\/contacto\/\u00bb button_text=\u00bbCont\u00e1ctenos\u00bb button_alignment=\u00bbcenter\u00bb _builder_version=\u00bb4.25.2&#8243; _module_preset=\u00bbdefault\u00bb custom_button=\u00bbon\u00bb button_text_size=\u00bb16px\u00bb button_text_color=\u00bb#FFFFFF\u00bb button_bg_color=\u00bb#0E6AB0&#8243; button_border_color=\u00bb#0E6AB0&#8243; button_border_radius=\u00bb5px\u00bb global_colors_info=\u00bb{}\u00bb button_text_color__hover_enabled=\u00bbon|hover\u00bb button_text_color__hover=\u00bb#0E6AB0&#8243; button_bg_color__hover=\u00bb#FFFFFF\u00bb button_bg_color__hover_enabled=\u00bbon|desktop\u00bb button_border_color__hover=\u00bb#0E6AB0&#8243; button_border_color__hover_enabled=\u00bbon|desktop\u00bb][\/et_pb_button][\/et_pb_column][\/et_pb_row][\/et_pb_section]<\/p>\n","protected":false},"excerpt":{"rendered":"<p>INGENIER\u00cdA APLICADA EN AUTOMATIZACI\u00d3N, DIGITALIZACI\u00d3N DE DATOS, CONTROL Y SUPERVISI\u00d3N DE PROCESOS.La capacidad de innovaci\u00f3n y la competitividad t\u00e9cnica son factores determinantes del \u00e9xito en un entorno cada vez m\u00e1s complejo y din\u00e1mico. Con nuestros servicios de ingenier\u00eda, proveemos soluciones para producir m\u00e1s r\u00e1pido, con costos m\u00e1s bajos y de manera flexible y eficiente, asegurando [&hellip;]<\/p>\n","protected":false},"author":4,"featured_media":0,"parent":0,"menu_order":0,"comment_status":"closed","ping_status":"closed","template":"","meta":{"_et_pb_use_builder":"on","_et_pb_old_content":"[vc_row wrap_container=\"yes\" css=\".vc_custom_1506860614651{background-color: #ffffff !important;}\" el_class=\"home-intro\"][vc_column css_animation=\"none\" animation_duration=\"2000\" animation_type=\"slideInUp\"][vc_empty_space height=\"20px\"][vc_row_inner][vc_column_inner width=\"1\/3\" css=\".vc_custom_1506911058522{border-right-width: 0px !important;border-right-color: #333333 !important;border-right-style: solid !important;}\"][vc_column_text]\n<ul class=\"links-lateral\">\n \t<li><a href=\"https:\/\/www.iea.com.ar\/ingenieria-aplicada\/\">La industria del futuro<\/a><\/li>\n \t<li><a class=\"otros\" href=\"https:\/\/www.iea.com.ar\/ingenieria-aplicada-soluciones-servicios-y-mantenimiento\/\">Soluciones, servicios y mantenimiento<\/a><\/li>\n \t<li><a class=\"otros\" href=\"https:\/\/www.iea.com.ar\/ingenieria-aplicada-partners-y-alianzas\/\">Partners y alianzas<\/a><\/li>\n \t<li><a class=\"otros\" href=\"https:\/\/www.iea.com.ar\/ingenieria-aplicada-sectores\/\">Sectores<\/a><\/li>\n<\/ul>\n<ul class=\"links-lateral2\">\n \t<li><a href=\"https:\/\/www.iea.com.ar\/hardware-industrial\/\">Hardware Industrial<\/a><\/li>\n \t<li><a href=\"https:\/\/www.iea.com.ar\/aplicaciones-agroindustriales\/\">Aplicaciones Agroindustriales<\/a><\/li>\n \t<li><a href=\"https:\/\/www.iea.com.ar\/contacto\/\">Contacto<\/a><\/li>\n<\/ul>\n[\/vc_column_text][\/vc_column_inner][vc_column_inner width=\"2\/3\" css=\".vc_custom_1512135990707{border-left-width: 1px !important;padding-left: 30px !important;border-left-color: #555555 !important;border-left-style: solid !important;}\"][vc_column_text css=\".vc_custom_1508341017445{margin-bottom: 5px !important;padding-bottom: 0px !important;}\"]\n<h3>INGENIER\u00cdA APLICADA EN AUTOMATIZACI\u00d3N, DIGITALIZACI\u00d3N DE DATOS, CONTROL Y SUPERVISI\u00d3N DE PROCESOS.<\/h3>\nLa capacidad de innovaci\u00f3n y la competitividad t\u00e9cnica son factores determinantes del \u00e9xito en un entorno cada vez m\u00e1s complejo y din\u00e1mico.\n\nCon nuestros servicios de ingenier\u00eda, proveemos soluciones para producir m\u00e1s r\u00e1pido, con costos m\u00e1s bajos y de manera flexible y eficiente, asegurando al mismo tiempo confiabilidad y calidad homog\u00e9neas bajos est\u00e1ndares internacionales.\n\nSon prioritarios los esfuerzos en lograr procesos productivos con la mayor eficiencia energ\u00e9tica, un razonable impacto ecol\u00f3gico, un cambio en el paradigma de la valorizaci\u00f3n y jerarquizaci\u00f3n de los RR.HH., la seguridad de los activos y de las personas, la sustentabilidad de los recursos productivos y la m\u00e1xima conectividad de la informaci\u00f3n industrial.\n\nLa conectividad de la informaci\u00f3n industrial redunda en procesos de decisi\u00f3n m\u00e1s r\u00e1pidos y eficientes y en una gesti\u00f3n optimizada de la planta gracias a un flujo de informaci\u00f3n sin interrupciones y sin p\u00e9rdida de datos durante todo el ciclo.\n<h3>EL CAMINO HACIA LA INDUSTRIA 4.0<\/h3>\n<h6>Cloud Computing \u00b7 Cloud Data \u00b7 Industry 4.0<\/h6>\nNunca ha habido un momento m\u00e1s emocionante en la automatizaci\u00f3n industrial que el presente, con todas las posibilidades que brinda la Internet Industrial de las Cosas (IIOT), los desarrollos en cloud computing \/ cloud data, la realidad aumentada y la fascinante Industry 4.0, los cuales ofrecen posibilidades sin precedentes.\n\nComo una evoluci\u00f3n de la Smart Manufacturing Enterprise, la Internet Industrial de Cosas (IIOT) radica en la capacidad de vincular los sistemas de automatizaci\u00f3n con los sistemas de planificaci\u00f3n empresarial, programaci\u00f3n y ciclo de vida del producto.\n\nEl desaf\u00edo es lograr que dicha vinculaci\u00f3n pueda ser implementada en toda la cadena de valor de la empresa para permitir un mayor control empresarial.\n<h3>ALCANCE DE LOS SERVICIOS DE <strong>IEA<\/strong><\/h3>\n[\/vc_column_text][vc_single_image image=\"1785\" img_size=\"full\" onclick=\"link_image\"][\/vc_column_inner][\/vc_row_inner][\/vc_column][\/vc_row][vc_row wrap_container=\"yes\" el_class=\"home-intro\" css=\".vc_custom_1506912017861{background-color: #00adee !important;background-position: 0 0 !important;background-repeat: no-repeat !important;}\"][vc_column css_animation=\"none\" animation_duration=\"2000\" animation_type=\"slideInUp\"][vc_empty_space][vc_row_inner][vc_column_inner width=\"1\/3\"][\/vc_column_inner][vc_column_inner width=\"2\/3\" css=\".vc_custom_1506911455272{border-left-width: 1px !important;border-left-color: #ffffff !important;border-left-style: solid !important;}\"][vc_column_text]\n<div style=\"color: #ffffff;\">\n<h4 style=\"color: #ffffff;\">PRINCIPALES VENTAJAS DE LA AUTOMATIZACI\u00d3N INTEGRADA EN LA EMPRESA DIGITAL<\/h4>\n<ul style=\"margin-left: -24px;\">\n \t<li>Tecnolog\u00eda innovadora y respetuosa con el medio ambiente.<\/li>\n \t<li>Incremento de la productividad, flexibilidad y eficiencia.<\/li>\n \t<li>Reutilizaci\u00f3n de la informaci\u00f3n para la optimizaci\u00f3n continua de la producci\u00f3n.<\/li>\n \t<li>Arquitectura de sistema abierto que permite el acceso a datos e informaci\u00f3n actualizados en cualquier momento desde cualquier parte del mundo.<\/li>\n \t<li>Reducci\u00f3n de tiempo y costos mediante una gesti\u00f3n coherente de los datos.<\/li>\n \t<li>Procesos de decisi\u00f3n m\u00e1s r\u00e1pidos y eficientes.<\/li>\n<\/ul>\n<\/div>\n[\/vc_column_text][\/vc_column_inner][\/vc_row_inner][\/vc_column][\/vc_row][vc_row css=\".vc_custom_1513188575709{margin-right: 0px !important;margin-left: 0px !important;padding-right: 0px !important;padding-left: 0px !important;background-image: url(https:\/\/www.iea.com.ar\/wp-content\/uploads\/2017\/10\/triangulos-web-2.png?id=1445) !important;background-position: 0 0 !important;background-repeat: no-repeat !important;}\" el_id=\"separador1-home\"][vc_column css=\".vc_custom_1506903646207{margin-bottom: 0px !important;padding-bottom: 0px !important;}\"][vc_empty_space height=\"150px\"][\/vc_column][\/vc_row][vc_row wrap_container=\"yes\" css=\".vc_custom_1513188508817{margin-top: 0px !important;padding-top: 0px !important;background: #e7e4e4 url(https:\/\/www.iea.com.ar\/wp-content\/uploads\/2017\/12\/iea-PIPA-AL-40-4.png?id=1874) !important;background-position: center !important;background-repeat: no-repeat !important;background-size: contain !important;}\"][vc_column][vc_empty_space height=\"40px\"][vc_row_inner][vc_column_inner width=\"1\/2\"][vc_column_text css=\".vc_custom_1508344653440{margin-right: 60px !important;}\"]\n<h5>Nuestros servicios de ingenier\u00eda de automatizaci\u00f3n proveen una respuesta preparada para el futuro, pronta para responder a los requisitos cada vez m\u00e1s exigentes de la planta, de las m\u00e1quinas y de los procesos.<\/h5>\n[\/vc_column_text][\/vc_column_inner][vc_column_inner width=\"1\/2\"][vc_column_text css=\".vc_custom_1513521809930{background-image: url(https:\/\/www.iea.com.ar\/wp-content\/uploads\/2017\/12\/LINEA-TACO.png?id=1952) !important;background-position: center !important;background-repeat: no-repeat !important;background-size: contain !important;}\"]\n<div class=\"tacos-contacto\" style=\"height: 255px; text-align: center !important;\">\n<h5 style=\"padding-top: 80px; margin-bottom: 30px;\">Para conocer antecedentes o ampliar\nesta informaci\u00f3n, por favor\ncontacte con nosotros<\/h5>\n<h5 style=\"background-color: #4f6d73; padding: 10px 25px; display: inline;\"><a style=\"color: #ffffff;\" href=\"https:\/\/www.iea.com.ar\/web\/contacto\">CLIC AQU\u00cd<\/a><\/h5>\n<\/div>\n[\/vc_column_text][\/vc_column_inner][\/vc_row_inner][\/vc_column][\/vc_row][vc_row css=\".vc_custom_1513188760553{background-color: #e7e4e4 !important;}\"][vc_column][vc_empty_space][\/vc_column][\/vc_row]","_et_gb_content_width":"1080","footnotes":""},"class_list":["post-1280","page","type-page","status-publish","hentry"],"_links":{"self":[{"href":"https:\/\/www.iea.com.ar\/en\/wp-json\/wp\/v2\/pages\/1280","targetHints":{"allow":["GET"]}}],"collection":[{"href":"https:\/\/www.iea.com.ar\/en\/wp-json\/wp\/v2\/pages"}],"about":[{"href":"https:\/\/www.iea.com.ar\/en\/wp-json\/wp\/v2\/types\/page"}],"author":[{"embeddable":true,"href":"https:\/\/www.iea.com.ar\/en\/wp-json\/wp\/v2\/users\/4"}],"replies":[{"embeddable":true,"href":"https:\/\/www.iea.com.ar\/en\/wp-json\/wp\/v2\/comments?post=1280"}],"version-history":[{"count":38,"href":"https:\/\/www.iea.com.ar\/en\/wp-json\/wp\/v2\/pages\/1280\/revisions"}],"predecessor-version":[{"id":7477,"href":"https:\/\/www.iea.com.ar\/en\/wp-json\/wp\/v2\/pages\/1280\/revisions\/7477"}],"wp:attachment":[{"href":"https:\/\/www.iea.com.ar\/en\/wp-json\/wp\/v2\/media?parent=1280"}],"curies":[{"name":"wp","href":"https:\/\/api.w.org\/{rel}","templated":true}]}}